{"id":125487,"date":"2021-03-16T08:16:22","date_gmt":"2021-03-16T13:16:22","guid":{"rendered":"https:\/\/www.acrartex.com\/products\/ms-2000m2-waterbug\/"},"modified":"2021-03-16T08:16:22","modified_gmt":"2021-03-16T13:16:22","slug":"ms-2000m2-waterbug","status":"publish","type":"product","link":"https:\/\/www.acrartex.com\/it\/products\/ms-2000m2-waterbug\/","title":{"rendered":"MS-2000(M2) Waterbug"},"content":{"rendered":"<p>Come i nostri apprezzati e affidabili SDU-5E e MS-2000(M), l&#8217;MS-2000(M2) \u00e8 progettato per soddisfare o superare le specifiche militari, tra cui MIL-L-38217D e CID A-A-59176, e dispone di molte funzioni salvavita migliorate per soddisfare le molteplici capacit\u00e0 di missione.<\/p>\n<ul>\n<li>La nuova funzione di vibrazione avvisa l&#8217;utente dell&#8217;attivazione e del cambio di modalit\u00e0 in modo nascosto quando si utilizza lo schermo a infrarossi.<\/li>\n<li>I sensori di attivazione dell&#8217;acqua attivano automaticamente la luce quando sono armati<\/li>\n<li>4 modalit\u00e0 di attivazione tra cui scegliere: armato, stroboscopico, SOS o fisso.<\/li>\n<li>Soddisfa i pi\u00f9 recenti requisiti delle forze armate e si adatta praticamente a qualsiasi applicazione<\/li>\n<li>Il nuovo supporto in acciaio intrecciato mantiene il coperchio della batteria attaccato<\/li>\n<li>Il rivestimento conformale in silicone dei componenti elettronici protegge dall&#8217;umidit\u00e0<\/li>\n<li>Il filtro blu direzionale avvisa le forze amiche e distingue il fuoco stroboscopico da quello di terra.<\/li>\n<li>Fino a 56 ore di funzionamento con 2 batterie alcaline AA standard (utilizzare batterie al litio per ambienti estremamente freddi o per la conservazione a lungo termine)<\/li>\n<li>Filtro a infrarossi (IR) per la visione con occhiali per la visione notturna (NVG) con rivestimento in feltro per evitare la dispersione di luce eccessiva.<\/li>\n<li>Tecnologia LED all&#8217;avanguardia<\/li>\n<li>Gli indicatori di polarit\u00e0 in rilievo consentono di posizionare correttamente le batterie<\/li>\n<\/ul>\n","protected":false},"excerpt":{"rendered":"<p>Quando si tratta di salvare vite umane, non si pu\u00f2 fare a meno di scegliere il meglio. Dall&#8217;introduzione dell&#8217;MS-2000 originale, \u00e8 diventata la principale luce per la ricerca e il salvataggio in combattimento (C-SAR) delle forze militari d&#8217;\u00e9lite di tutto il mondo. Questa luce stroboscopica \u00e8 dotata della pi\u00f9 recente tecnologia LED e soddisfa i pi\u00f9 recenti requisiti militari. La sua funzione di vibrazione vi avvisa dei cambi di attivazione e di modalit\u00e0 quando si utilizza lo schermo IR, mentre i suoi sensori di attivazione in acqua accendono automaticamente la luce quando entra in contatto con acqua dolce o salata. Con 4 modalit\u00e0 di attivazione tra cui scegliere: Armed, Strobe, SOS o Steady-On, sarete pronti a far brillare la vostra luce in qualsiasi situazione.    <\/p>\n","protected":false},"featured_media":137453,"template":"","meta":{"_acf_changed":false,"om_disable_all_campaigns":false},"product_brand":[],"product_cat":[2976],"product_tag":[3848,3849,3416,2990,3847,3846,3845,2993],"class_list":{"0":"post-125487","1":"product","2":"type-product","3":"status-publish","4":"has-post-thumbnail","6":"product_cat-militare","7":"product_tag-3991-it","8":"product_tag-3991-2-it","9":"product_tag-cimice-dacqua","10":"product_tag-luce","11":"product_tag-luce-di-mercato","12":"product_tag-luce-stroboscopica-waterbug","13":"product_tag-ms2000-it","14":"product_tag-strobo","16":"first","17":"instock","18":"taxable","19":"shipping-taxable","20":"product-type-simple"},"acf":[],"_links":{"self":[{"href":"https:\/\/www.acrartex.com\/it\/wp-json\/wp\/v2\/product\/125487","targetHints":{"allow":["GET"]}}],"collection":[{"href":"https:\/\/www.acrartex.com\/it\/wp-json\/wp\/v2\/product"}],"about":[{"href":"https:\/\/www.acrartex.com\/it\/wp-json\/wp\/v2\/types\/product"}],"wp:featuredmedia":[{"embeddable":true,"href":"https:\/\/www.acrartex.com\/it\/wp-json\/wp\/v2\/media\/137453"}],"wp:attachment":[{"href":"https:\/\/www.acrartex.com\/it\/wp-json\/wp\/v2\/media?parent=125487"}],"wp:term":[{"taxonomy":"product_brand","embeddable":true,"href":"https:\/\/www.acrartex.com\/it\/wp-json\/wp\/v2\/product_brand?post=125487"},{"taxonomy":"product_cat","embeddable":true,"href":"https:\/\/www.acrartex.com\/it\/wp-json\/wp\/v2\/product_cat?post=125487"},{"taxonomy":"product_tag","embeddable":true,"href":"https:\/\/www.acrartex.com\/it\/wp-json\/wp\/v2\/product_tag?post=125487"}],"curies":[{"name":"wp","href":"https:\/\/api.w.org\/{rel}","templated":true}]}}