{"id":125481,"date":"2021-03-16T08:16:33","date_gmt":"2021-03-16T13:16:33","guid":{"rendered":"https:\/\/www.acrartex.com\/products\/luci-c\/"},"modified":"2025-11-05T10:33:49","modified_gmt":"2025-11-05T15:33:49","slug":"luci-c","status":"publish","type":"product","link":"https:\/\/www.acrartex.com\/it\/products\/luci-c\/","title":{"rendered":"Luci C"},"content":{"rendered":"<p>C-Light si attiva manualmente con una semplice rotazione di accensione\/spegnimento e il modello C-Light H2O prevede due metodi di attivazione: la luce pu\u00f2 essere facilmente attivata con una semplice pressione del pulsante di accensione\/spegnimento o, quando \u00e8 in posizione armata, pu\u00f2 essere attivata automaticamente quando viene immersa nell&#8217;acqua.<\/p>\n<p>&nbsp;<\/p>\n<p>Il design sottile, leggero e versatile pu\u00f2 essere facilmente riposto in tasca o appeso con discrezione a un giubbotto di salvataggio o a uno zaino. Gli anelli di fissaggio flessibili sul lato del prodotto consentono molteplici opzioni di montaggio, tra cui la fettuccia dello zaino o le cinghie del giubbotto di salvataggio. La cinghia in <g id=\"gid_0\">Velcro\u00ae<\/g> pu\u00f2 essere fissata attorno agli occhielli e crea innumerevoli altre possibilit\u00e0 di montaggio. La luce \u00e8 dotata anche di una clip progettata per scorrere comodamente sul tubo di gonfiaggio orale del giubbotto di salvataggio gonfiabile per riporre la luce all&#8217;interno del giubbotto.   <\/p>\n<p>&nbsp;<\/p>\n<p><strong>Caratteristiche:<\/strong><\/p>\n<ul>\n<li>Per l&#8217;assistenza alla localizzazione durante le emergenze in condizioni di scarsa illuminazione<\/li>\n<li>LED bianco estremamente luminoso da 20 lumen<\/li>\n<li>Ampia durata di funzionamento continuo superiore a 30 ore<\/li>\n<li>Impermeabile - Testato per 24 ore a 1 m (3,3 piedi)<\/li>\n<li>Facile attivazione On\/Off a rotazione<\/li>\n<li>Custodia resistente agli urti<\/li>\n<li>Utilizza due batterie &#8220;AA&#8221; da 1,5 V (non incluse)<\/li>\n<li>Approvato USCG\/SOLAS<\/li>\n<li>Ideale per giubbotti di salvataggio, campeggio, bicicletta, auto, ecc.<\/li>\n<li>Cinghia in Velcro\u00ae inclusa (con la versione cardata) utilizzata insieme agli anelli di fissaggio integrati per una maggiore flessibilit\u00e0 di montaggio.<\/li>\n<li>Clip per PFD inclusa (con la versione cardata) per un facile fissaggio al tubo di gonfiaggio orale<\/li>\n<li>Sensori di attivazione dell&#8217;acqua - Attivazione automatica a contatto con l&#8217;acqua (Esclusivo per C-Light H20 - 3962.1)<\/li>\n<\/ul>\n","protected":false},"excerpt":{"rendered":"<p>Le luci compatte, robuste e impermeabili C-Light (non attivate dall&#8217;acqua) e C-Light H2O (attivate dall&#8217;acqua) sono approvate dalla USCG\/SOLAS e dispongono di un LED da 20 lumen che in genere funziona per 30 ore consecutive. Queste luci di soccorso personali ad accensione fissa sono dotate di una custodia resistente agli urti, che le rende affidabili e multiuso quando \u00e8 necessaria un&#8217;illuminazione di soccorso efficiente. <\/p>\n<p>&nbsp;<\/p>\n<p style=\"margin-left: 0in; margin-right: 0in;\"><span style=\"font-size: 11pt;\"><span style=\"font-family: Calibri,sans-serif;\"><a style=\"color: blue; text-decoration: underline;\" href=\"https:\/\/www.dropbox.com\/s\/8343nj28z0d7bxa\/Prop%2065%20-%20BPA.pdf?dl=0\"><span style=\"color: #000000;\">ATTENZIONE: PROP 65<\/span><\/a><\/span><\/span><\/p>\n<p style=\"margin-left: 0in; margin-right: 0in;\">\n","protected":false},"featured_media":137458,"template":"","meta":{"_acf_changed":false,"om_disable_all_campaigns":false},"product_brand":[],"product_cat":[2950,2983,2980,2977,2981,2949,2979,2989,2982,2984,2978],"product_tag":[3832,3836,3834,3831,2990,3840,3237,3818,3838],"class_list":{"0":"post-125481","1":"product","2":"type-product","3":"status-publish","4":"has-post-thumbnail","6":"product_cat-allaperto","7":"product_cat-attrezzatura-da-viaggio","8":"product_cat-commerciale","9":"product_cat-entroterra","10":"product_cat-escursione-arrampicata-campo","11":"product_cat-marina","12":"product_cat-off-shore-it","13":"product_cat-prodotti-di-segnalazione","14":"product_cat-sport-dazione-offroad","15":"product_cat-sport-nautici-pesca","16":"product_cat-vicino-alla-riva","17":"product_tag-acr-c-light-it","18":"product_tag-acr-led-c-light-it","19":"product_tag-c-luce","20":"product_tag-c-light-it","21":"product_tag-luce","22":"product_tag-luce-led-acr","23":"product_tag-luce-led-di-emergenza","24":"product_tag-luce-pfd","25":"product_tag-luci-di-emergenza","26":"pa_activity-arrampicata","27":"pa_activity-campeggio","28":"pa_activity-escursioni","29":"pa_activity-fuoristrada-4x4","30":"pa_activity-la-bicicletta","31":"pa_activity-la-pesca","32":"pa_activity-motoslitta","33":"pa_activity-sci-snowboard","34":"pa_activity-sci-di-fondo","35":"pa_activity-sport-a-pagaia","36":"pa_boat-size-0-20-it","37":"pa_boat-size-21-40-it","38":"pa_boat-size-40-80-it","39":"pa_boat-size-80-it","40":"pa_boat-type-barca-a-vela","41":"pa_boat-type-motoscafo","42":"pa_boat-type-nave-da-carico","43":"pa_boat-type-noleggio-barche","44":"pa_boat-type-pesca-commerciale","45":"pa_boat-type-rimorchiatore","46":"pa_boat-type-sportcraft-it","47":"pa_boat-type-yacht-it","48":"pa_product-accessori-di-sicurezza","49":"pa_product-luci-di-soccorso","50":"pa_product-prodotti-di-segnalazione","51":"pa_terrain-collina-e-montagna","52":"pa_terrain-fiumi-zone-umide-laghi","53":"pa_terrain-foresta-e-giungla","54":"pa_terrain-tundra-it","56":"first","57":"instock","58":"taxable","59":"shipping-taxable","60":"purchasable","61":"product-type-variable"},"acf":[],"_links":{"self":[{"href":"https:\/\/www.acrartex.com\/it\/wp-json\/wp\/v2\/product\/125481","targetHints":{"allow":["GET"]}}],"collection":[{"href":"https:\/\/www.acrartex.com\/it\/wp-json\/wp\/v2\/product"}],"about":[{"href":"https:\/\/www.acrartex.com\/it\/wp-json\/wp\/v2\/types\/product"}],"wp:featuredmedia":[{"embeddable":true,"href":"https:\/\/www.acrartex.com\/it\/wp-json\/wp\/v2\/media\/137458"}],"wp:attachment":[{"href":"https:\/\/www.acrartex.com\/it\/wp-json\/wp\/v2\/media?parent=125481"}],"wp:term":[{"taxonomy":"product_brand","embeddable":true,"href":"https:\/\/www.acrartex.com\/it\/wp-json\/wp\/v2\/product_brand?post=125481"},{"taxonomy":"product_cat","embeddable":true,"href":"https:\/\/www.acrartex.com\/it\/wp-json\/wp\/v2\/product_cat?post=125481"},{"taxonomy":"product_tag","embeddable":true,"href":"https:\/\/www.acrartex.com\/it\/wp-json\/wp\/v2\/product_tag?post=125481"}],"curies":[{"name":"wp","href":"https:\/\/api.w.org\/{rel}","templated":true}]}}