{"id":125476,"date":"2021-03-16T08:16:59","date_gmt":"2021-03-16T13:16:59","guid":{"rendered":"https:\/\/www.acrartex.com\/products\/c-strobi\/"},"modified":"2026-04-06T09:47:13","modified_gmt":"2026-04-06T14:47:13","slug":"c-strobi","status":"publish","type":"product","link":"https:\/\/www.acrartex.com\/it\/products\/c-strobi\/","title":{"rendered":"C-Strobo"},"content":{"rendered":"<p>La C-Strobe si attiva manualmente con una semplice rotazione di accensione\/spegnimento e il modello C-Strobe H2O include due metodi di attivazione: la luce pu\u00f2 essere facilmente attivata con una semplice pressione del pulsante di accensione\/spegnimento o, quando \u00e8 in posizione armata, pu\u00f2 essere attivata automaticamente quando viene immersa in acqua. Il modello C-Strobe H2O, ricco di funzioni, vanta anche 3 modalit\u00e0 di funzionamento: strobo, fisso e SOS. <\/p>\n<p>&nbsp;<\/p>\n<p>Il design sottile, leggero e versatile pu\u00f2 essere facilmente riposto in tasca o appeso con discrezione a un giubbotto di salvataggio o a uno zaino. Gli anelli di fissaggio flessibili sul lato del prodotto consentono molteplici opzioni di montaggio, tra cui la fettuccia dello zaino o le cinghie del giubbotto di salvataggio. La cinghia in <sup>Velcro\u00ae<\/sup> pu\u00f2 essere fissata attorno agli occhielli e crea innumerevoli altre possibilit\u00e0 di montaggio. La luce \u00e8 dotata anche di una clip progettata per scorrere comodamente sul tubo di gonfiaggio orale del giubbotto di salvataggio gonfiabile per riporre la luce all&#8217;interno del giubbotto.   <\/p>\n<p>&nbsp;<\/p>\n<p><strong>Caratteristiche:<\/strong><\/p>\n<ul>\n<li>Per l&#8217;assistenza alla localizzazione durante le emergenze in condizioni di scarsa illuminazione<\/li>\n<li>LED bianco estremamente luminoso da 45 Lumen<\/li>\n<li>L&#8217;ampia durata di funzionamento continuo di oltre 120 ore<\/li>\n<li>Impermeabile - Testato per 24 ore a 1 m (3,3 piedi)<\/li>\n<li>Custodia resistente agli urti<\/li>\n<li>Utilizza due batterie &#8220;AA&#8221; da 1,5 V (non incluse)<\/li>\n<li>Approvato USCG\/SOLAS<\/li>\n<li>Ideale per giubbotti di salvataggio, campeggio, bicicletta, auto, ecc.<\/li>\n<li>Cinghia in Velcro\u00ae inclusa (con la versione cardata) utilizzata insieme agli anelli di fissaggio integrati per una maggiore flessibilit\u00e0 di montaggio.<\/li>\n<li>Clip per PFD in dotazione (con la versione cardata) per un facile fissaggio al tubo di gonfiaggio orale<\/li>\n<li><span style=\"color: black;\">Sensori di attivazione dell&#8217;acqua - Attivazione automatica a contatto con l&#8217;acqua (solo con C-Light H20 (3964.1))<\/span><\/li>\n<\/ul>\n","protected":false},"excerpt":{"rendered":"<p>Le luci compatte, robuste e impermeabili C-Strobe (non attivate dall&#8217;acqua) e C-Strobe H2O (attivate dall&#8217;acqua) sono approvate dalla USCG\/SOLAS e dispongono di un LED da 45 lumen che in genere funziona per 120 ore in modalit\u00e0 strobo. Queste luci stroboscopiche per il soccorso personale sono dotate di una custodia resistente agli urti, che le rende affidabili e multiuso quando \u00e8 necessaria un&#8217;illuminazione efficiente per il soccorso. <\/p>\n<p>&nbsp;<\/p>\n<p><a href=\"https:\/\/www.dropbox.com\/s\/8343nj28z0d7bxa\/Prop%2065%20-%20BPA.pdf?dl=0\">ATTENZIONE: PROP 65<\/a><\/p>\n<p>&nbsp;<\/p>\n<p>&nbsp;<\/p>\n","protected":false},"featured_media":137471,"template":"","meta":{"_acf_changed":false,"om_disable_all_campaigns":false},"product_brand":[],"product_cat":[2950,2983,2980,2977,2981,2949,2979,2989,2982,2984,2978],"product_tag":[3826,3599,3818,3821,2992,2999,3822,3600,3598,3824,2991],"class_list":{"0":"post-125476","1":"product","2":"type-product","3":"status-publish","4":"has-post-thumbnail","6":"product_cat-allaperto","7":"product_cat-attrezzatura-da-viaggio","8":"product_cat-commerciale","9":"product_cat-entroterra","10":"product_cat-escursione-arrampicata-campo","11":"product_cat-marina","12":"product_cat-off-shore-it","13":"product_cat-prodotti-di-segnalazione","14":"product_cat-sport-dazione-offroad","15":"product_cat-sport-nautici-pesca","16":"product_cat-vicino-alla-riva","17":"product_tag-acr-c-strobo","18":"product_tag-acr-strobo","19":"product_tag-luce-pfd","20":"product_tag-luce-stroboscopica-acr","21":"product_tag-luce-stroboscopica-di-emergenza","22":"product_tag-luce-stroboscopica-marina","23":"product_tag-luci-di-sicurezza-stroboscopiche","24":"product_tag-luci-di-soccorso","25":"product_tag-luci-stroboscopiche","26":"product_tag-luci-stroboscopiche-di-sicurezza","27":"product_tag-strobo-di-emergenza","28":"pa_activity-arrampicata","29":"pa_activity-campeggio","30":"pa_activity-escursioni","31":"pa_activity-fuoristrada-4x4","32":"pa_activity-la-bicicletta","33":"pa_activity-la-pesca","34":"pa_activity-motoslitta","35":"pa_activity-sci-snowboard","36":"pa_activity-sci-di-fondo","37":"pa_activity-sport-a-pagaia","38":"pa_boat-size-0-20-it","39":"pa_boat-size-21-40-it","40":"pa_boat-size-40-80-it","41":"pa_boat-size-80-it","42":"pa_boat-type-barca-a-vela","43":"pa_boat-type-motoscafo","44":"pa_boat-type-nave-da-carico","45":"pa_boat-type-noleggio-barche","46":"pa_boat-type-pesca-commerciale","47":"pa_boat-type-rimorchiatore","48":"pa_boat-type-sportcraft-it","49":"pa_boat-type-yacht-it","50":"pa_product-accessori-di-sicurezza","51":"pa_product-luci-di-soccorso","52":"pa_product-prodotti-di-segnalazione","53":"pa_terrain-collina-e-montagna","54":"pa_terrain-fiumi-zone-umide-laghi","55":"pa_terrain-foresta-e-giungla","56":"pa_terrain-tundra-it","58":"first","59":"instock","60":"taxable","61":"shipping-taxable","62":"purchasable","63":"product-type-variable"},"acf":[],"_links":{"self":[{"href":"https:\/\/www.acrartex.com\/it\/wp-json\/wp\/v2\/product\/125476","targetHints":{"allow":["GET"]}}],"collection":[{"href":"https:\/\/www.acrartex.com\/it\/wp-json\/wp\/v2\/product"}],"about":[{"href":"https:\/\/www.acrartex.com\/it\/wp-json\/wp\/v2\/types\/product"}],"wp:featuredmedia":[{"embeddable":true,"href":"https:\/\/www.acrartex.com\/it\/wp-json\/wp\/v2\/media\/137471"}],"wp:attachment":[{"href":"https:\/\/www.acrartex.com\/it\/wp-json\/wp\/v2\/media?parent=125476"}],"wp:term":[{"taxonomy":"product_brand","embeddable":true,"href":"https:\/\/www.acrartex.com\/it\/wp-json\/wp\/v2\/product_brand?post=125476"},{"taxonomy":"product_cat","embeddable":true,"href":"https:\/\/www.acrartex.com\/it\/wp-json\/wp\/v2\/product_cat?post=125476"},{"taxonomy":"product_tag","embeddable":true,"href":"https:\/\/www.acrartex.com\/it\/wp-json\/wp\/v2\/product_tag?post=125476"}],"curies":[{"name":"wp","href":"https:\/\/api.w.org\/{rel}","templated":true}]}}