{"id":125468,"date":"2021-03-16T08:23:22","date_gmt":"2021-03-16T13:23:22","guid":{"rendered":"https:\/\/www.acrartex.com\/products\/tps-8700-set-di-test-e-programmatore\/"},"modified":"2021-03-16T08:23:22","modified_gmt":"2021-03-16T13:23:22","slug":"tps-8700-set-di-test-e-programmatore","status":"publish","type":"product","link":"https:\/\/www.acrartex.com\/it\/products\/tps-8700-set-di-test-e-programmatore\/","title":{"rendered":"TPS 8700 - Set di test e programmatore"},"content":{"rendered":"<p><strong><u>ELT Test e verifica di ELT ID<\/u><\/strong><\/p>\n<p>I trasmettitori di localizzazione di emergenza (ELT) degli aeromobili devono avere un numero di identificazione unico registrato dalle autorit\u00e0 nazionali. Il tester ARTEX fornisce un metodo semplice per verificare e salvare l&#8217;ID dell&#8217;ELT ARTEX dopo l&#8217;installazione, la riprogrammazione o nel caso in cui sia necessario registrare nuovamente il radiofaro dopo un cambio di propriet\u00e0 dell&#8217;aereo. <\/p>\n<p>&nbsp;<\/p>\n<p><strong><u>Dati del test<\/u><\/strong><\/p>\n<p>Il Tester ARTEX registra tutti i dati in un database interno di cui \u00e8 possibile eseguire il backup sul PC. I dati possono essere visualizzati sul computer indipendentemente dal Tester e sono marcati temporalmente come prova della trasmissione e della corretta programmazione. Il Tester pu\u00f2 stampare tramite un&#8217;interfaccia USB con un PC. Per la stampa \u00e8 necessario un programma software scaricabile dal sito ACRARTEX.com.   <\/p>\n<p>&nbsp;<\/p>\n<p><strong><u>Programmazione<\/u><\/strong><\/p>\n<p>Il Programmatore\/Tester ARTEX ha tutte le funzionalit\u00e0 del Tester e pu\u00f2 anche programmare rapidamente e facilmente l&#8217;intera linea di ELT ARTEX. \u00c8 in grado di programmare il protocollo desiderato, la velocit\u00e0 di trasmissione dati NAV e le informazioni richieste come indicato da Cospas-Sarsat attraverso il cavo di programmazione applicabile (incluso). <\/p>\n<p>&nbsp;<\/p>\n<p>*Tutte le funzioni dell&#8217;8700 sono applicabili solo agli ELT ARTEX.<\/p>\n<table style=\"width: 500px;\" border=\"1\" cellspacing=\"1\" cellpadding=\"1\" align=\"left\">\n<tbody>\n<tr>\n<td><span style=\"font-size: 12.0pt;\">Tabella delle funzioni di test e programmazione<\/span><\/td>\n<td><strong><span style=\"font-size: 12.0pt;\">TPS 8700<\/span><\/strong><\/td>\n<td><strong><span style=\"font-size: 12.0pt;\">TS 8701<\/span><\/strong><\/td>\n<td><strong><span style=\"font-size: 12.0pt;\">TPS 8715<\/span><\/strong><\/td>\n<\/tr>\n<tr>\n<td><span style=\"font-size: 12.0pt;\">Verifica dell&#8217;ID ELT e decodifica della trasmissione a 406 MHz<\/span><\/td>\n<td>x<\/td>\n<td>x<\/td>\n<td>x<\/td>\n<\/tr>\n<tr>\n<td><span style=\"font-size: 12.0pt;\">Test sulla presenza di trasmissioni a 121,5 MHz e 243 MHz <\/span><\/td>\n<td>x<\/td>\n<td>x<\/td>\n<td>x<\/td>\n<\/tr>\n<tr>\n<td><span style=\"font-size: 12.0pt;\">Programmazione ARTEX Solo per gli ELT dell&#8217;aviazione generale (fare riferimento a PN 8700 per l&#8217;unit\u00e0 che \u00e8 anche in grado di programmare il livello di trasporto ELT )<\/span><\/td>\n<td><\/td>\n<td><\/td>\n<td>x<\/td>\n<\/tr>\n<tr>\n<td><span style=\"font-size: 12.0pt;\">Programmazione di tutti gli ELT ARTEX <\/span><\/td>\n<td>x<\/td>\n<td><\/td>\n<td><\/td>\n<\/tr>\n<tr>\n<td><span style=\"font-size: 12.0pt;\">Backup dei dati su PC<\/span><\/td>\n<td>x<\/td>\n<td>x<\/td>\n<td>x<\/td>\n<\/tr>\n<tr>\n<td><span style=\"font-size: 12.0pt;\">Capacit\u00e0 di stampa tramite interfaccia USB a un PC<\/span><\/td>\n<td>x<\/td>\n<td>x<\/td>\n<td>x<\/td>\n<\/tr>\n<tr>\n<td><span style=\"font-size: 12.0pt;\">Software incluso nel prodotto<\/span><\/td>\n<td>x<\/td>\n<td>x<\/td>\n<td><\/td>\n<\/tr>\n<tr>\n<td><span style=\"font-size: 12.0pt;\">Software non incluso nel prodotto (software scaricato dopo la ricezione del prodotto da parte del cliente)<\/span><\/td>\n<td><\/td>\n<td><\/td>\n<td>x<\/td>\n<\/tr>\n<\/tbody>\n<\/table>\n<p>&nbsp;<\/p>\n","protected":false},"excerpt":{"rendered":"<p>Il TPS 8700 \u00e8 un sistema robusto, compatto e portatile che consente di programmare, verificare e testare tutti gli ELT ARTEX.<\/p>\n<p><span style=\"color: #ff0000;\"><strong>NOTA: Questo prodotto \u00e8 stato dismesso ed \u00e8 stato sostituito dal <a href=\"https:\/\/www.acrartex.com\/products\/fpt\/\">programmatore FPT serie 8800 ARTEX <\/a>.<\/strong><\/span><\/p>\n<p>&nbsp;<\/p>\n","protected":false},"featured_media":137715,"template":"","meta":{"_acf_changed":false,"om_disable_all_campaigns":false},"product_brand":[],"product_cat":[3247],"product_tag":[],"class_list":{"0":"post-125468","1":"product","2":"type-product","3":"status-publish","4":"has-post-thumbnail","6":"product_cat-aviazione","7":"pa_product-eredita","9":"first","10":"instock","11":"taxable","12":"shipping-taxable","13":"product-type-simple"},"acf":[],"_links":{"self":[{"href":"https:\/\/www.acrartex.com\/it\/wp-json\/wp\/v2\/product\/125468","targetHints":{"allow":["GET"]}}],"collection":[{"href":"https:\/\/www.acrartex.com\/it\/wp-json\/wp\/v2\/product"}],"about":[{"href":"https:\/\/www.acrartex.com\/it\/wp-json\/wp\/v2\/types\/product"}],"wp:featuredmedia":[{"embeddable":true,"href":"https:\/\/www.acrartex.com\/it\/wp-json\/wp\/v2\/media\/137715"}],"wp:attachment":[{"href":"https:\/\/www.acrartex.com\/it\/wp-json\/wp\/v2\/media?parent=125468"}],"wp:term":[{"taxonomy":"product_brand","embeddable":true,"href":"https:\/\/www.acrartex.com\/it\/wp-json\/wp\/v2\/product_brand?post=125468"},{"taxonomy":"product_cat","embeddable":true,"href":"https:\/\/www.acrartex.com\/it\/wp-json\/wp\/v2\/product_cat?post=125468"},{"taxonomy":"product_tag","embeddable":true,"href":"https:\/\/www.acrartex.com\/it\/wp-json\/wp\/v2\/product_tag?post=125468"}],"curies":[{"name":"wp","href":"https:\/\/api.w.org\/{rel}","templated":true}]}}