{"id":125467,"date":"2021-04-09T11:16:10","date_gmt":"2021-04-09T16:16:10","guid":{"rendered":"https:\/\/www.acrartex.com\/products\/sarlink\/"},"modified":"2021-04-09T11:16:10","modified_gmt":"2021-04-09T16:16:10","slug":"sarlink","status":"publish","type":"product","link":"https:\/\/www.acrartex.com\/it\/products\/sarlink\/","title":{"rendered":"SARLink\u2122"},"content":{"rendered":"<p><strong>Informazioni su SARLink<\/strong><\/p>\n<p>SARLink \u00e8 stato sviluppato per soddisfare i requisiti di funzionamento in ambienti difficili. L&#8217;unit\u00e0 \u00e8 impermeabile fino a un metro di profondit\u00e0 e ha una classificazione IP-67. Ulteriori test ambientali comprendono cadute, vibrazioni, urti, corrosione e shock termico. SARLink \u00e8 stato progettato per resistere alle missioni dei lavoratori solitari, delle forze dell&#8217;ordine, dei vigili del fuoco, delle squadre di ricerca e soccorso, dei medici di emergenza e di altri servizi di emergenza.   <\/p>\n<p>SARLink offre un touchscreen LCD a colori ad alta risoluzione in cui le opzioni del menu utente sono visualizzate come icone facilmente riconoscibili. Il touchscreen consente un rapido accesso ai menu dell&#8217;utente e una facile immissione di testo tramite una tastiera QWERTY sullo schermo. SARLink incorpora due batterie dedicate: una ricaricabile agli ioni di litio per la localizzazione Iridium, gli sms e la messaggistica di soccorso e una batteria al litio dedicata per il segnalatore di localizzazione a 406 MHz, in conformit\u00e0 con i severi requisiti del sistema Cospas-Sarsat. Nel caso in cui la batteria Iridium si esaurisca, la batteria dedicata a 406 MHz fornir\u00e0 una trasmissione di soccorso indipendente di 24 ore.   <\/p>\n<p><strong>Messaggi di soccorso<\/strong><\/p>\n<p>SARLink fornisce una notifica di emergenza simultanea e ridondante attraverso le reti satellitari Cospas-Sarsat e Iridium quando viene attivato il pulsante SOS. La tecnologia di condivisione a bordo di GPS consente a entrambi gli avvisi di includere dati geolocalizzati precisi. La capacit\u00e0 di comunicazione bidirezionale, combinata con l&#8217;allarme di soccorso, consente di verificare l&#8217;emergenza e di assistere il salvataggio fornendo informazioni dettagliate sulla natura della situazione.  <\/p>\n<p><strong>Tracciamento<\/strong><\/p>\n<p>SARLink consente di trasmettere dati precisi sulla posizione (PLI) a intervalli selezionabili che vanno da una volta al minuto a una volta al giorno. \u00c8 supportato anche il Check-In attivato manualmente e altre caratteristiche includono la possibilit\u00e0 di creare, salvare e inviare waypoint definiti dall&#8217;utente. SARLink utilizza un protocollo di formato dati aperto e supporta formati da 10 e 30 byte, oltre alla possibilit\u00e0 di essere configurato a distanza via etere.  <\/p>\n<p><strong>Messaggistica bidirezionale<\/strong><\/p>\n<p>SARLink offre la messaggistica satellitare bidirezionale attraverso la rete Iridium, che offre una copertura globale al 100% senza lacune, aree marginali o con segnale debole. SARLink pu\u00f2 comunicare con altri dispositivi mobili, tra cui telefoni cellulari, telefoni satellitari e altre unit\u00e0 SARLink, utilizzando la messaggistica bidirezionale supportata dalla piattaforma back-end del cliente. Le opzioni di messaggistica includono testo libero utilizzando la tastiera QWERTY di bordo, messaggi in scatola e una combinazione di testo libero e messaggi in scatola. Sono supportati anche i codici di brevit\u00e0. Gli elenchi di contatti possono essere predefiniti e i messaggi in scatola possono essere scriptati dall&#8217;amministratore del sistema e caricati su tutti i dispositivi. SARLink supporta anche la messaggistica e-mail.     <\/p>\n<p><strong>Uso di SARLink<\/strong><\/p>\n<p>Per utilizzare tutte le funzionalit\u00e0 di SARLink, il radiofaro di localizzazione a 406 MHz deve essere registrato presso la NOAA<a href=\"https:\/\/beaconregistration.noaa.gov\/RGDB\/registerUsername\">(fare clic qui per registrarsi presso la NOAA<\/a>). Inoltre, gli utenti dovranno acquistare un abbonamento a Iridium Airtime e collaborare con un Backend Service Provider (BES) per ottenere il servizio backend. Senza un abbonamento Iridium Airtime o un BES, gli utenti non potranno utilizzare le funzioni di tracciamento, di comunicazione bidirezionale e di avviso di soccorso Iridium. Si prega di contattare ACR Electronics al 954-981-3333 per domande relative a Iridium Airtime o ai fornitori di servizi backend.   <\/p>\n","protected":false},"excerpt":{"rendered":"<p>Tenete la sicurezza al vostro fianco con il dispositivo di comunicazione di soccorso SARLink\u2122 Dual-Mode. Questo dispositivo portatile \u00e8 dotato di un touchscreen a LED che consente di inviare e ricevere facilmente messaggi e di un sistema di localizzazione globale che permette di rimanere in contatto con la rete, anche quando le vostre avventure vi portano fuori dai sentieri battuti. In caso di emergenza, il pulsante SARLink SOS consente di inviare rapidamente messaggi di soccorso alle reti satellitari.  <\/p>\n<p>&nbsp;<\/p>\n<p><strong>Questo prodotto non \u00e8 disponibile per la vendita commerciale.<\/strong><\/p>\n<p>&nbsp;<\/p>\n","protected":false},"featured_media":137356,"template":"","meta":{"_acf_changed":false,"om_disable_all_campaigns":false},"product_brand":[],"product_cat":[2988,2987,2976,2986,2985],"product_tag":[3045,3056,3114,3041,3371,3370,3372,3781,3373,3374,3780,3779],"class_list":{"0":"post-125467","1":"product","2":"type-product","3":"status-publish","4":"has-post-thumbnail","6":"product_cat-forze-di-terra-speciali","7":"product_cat-forze-navali","8":"product_cat-militare","9":"product_cat-pattuglia-aerea","10":"product_cat-polizia-comune","11":"product_tag-acr-personal-locator-beacon-it","12":"product_tag-cospas-sarsat-it","13":"product_tag-epirb-it","14":"product_tag-radiofaro-di-localizzazione-personale","15":"product_tag-radiofaro-di-localizzazione-personale-sarlink","16":"product_tag-sarlink-it","17":"product_tag-sarlink-406-it","18":"product_tag-sarlink-gps-plb-it","19":"product_tag-sarlink-localizzatore-gps-personale","20":"product_tag-sarsat-it","21":"product_tag-segnalatore-di-posizione-personale","22":"product_tag-segnalatori-di-localizzazione-personale","23":"pa_product-eredita","25":"first","26":"outofstock","27":"taxable","28":"shipping-taxable","29":"product-type-simple"},"acf":[],"_links":{"self":[{"href":"https:\/\/www.acrartex.com\/it\/wp-json\/wp\/v2\/product\/125467","targetHints":{"allow":["GET"]}}],"collection":[{"href":"https:\/\/www.acrartex.com\/it\/wp-json\/wp\/v2\/product"}],"about":[{"href":"https:\/\/www.acrartex.com\/it\/wp-json\/wp\/v2\/types\/product"}],"wp:featuredmedia":[{"embeddable":true,"href":"https:\/\/www.acrartex.com\/it\/wp-json\/wp\/v2\/media\/137356"}],"wp:attachment":[{"href":"https:\/\/www.acrartex.com\/it\/wp-json\/wp\/v2\/media?parent=125467"}],"wp:term":[{"taxonomy":"product_brand","embeddable":true,"href":"https:\/\/www.acrartex.com\/it\/wp-json\/wp\/v2\/product_brand?post=125467"},{"taxonomy":"product_cat","embeddable":true,"href":"https:\/\/www.acrartex.com\/it\/wp-json\/wp\/v2\/product_cat?post=125467"},{"taxonomy":"product_tag","embeddable":true,"href":"https:\/\/www.acrartex.com\/it\/wp-json\/wp\/v2\/product_tag?post=125467"}],"curies":[{"name":"wp","href":"https:\/\/api.w.org\/{rel}","templated":true}]}}