{"id":125464,"date":"2021-03-16T08:17:27","date_gmt":"2021-03-16T13:17:27","guid":{"rendered":"https:\/\/www.acrartex.com\/products\/luci-di-ingombro-sm-2\/"},"modified":"2021-03-16T08:17:27","modified_gmt":"2021-03-16T13:17:27","slug":"luci-di-ingombro-sm-2","status":"publish","type":"product","link":"https:\/\/www.acrartex.com\/it\/products\/luci-di-ingombro-sm-2\/","title":{"rendered":"Luci di ingombro SM-2"},"content":{"rendered":"<p>Si autoregola e si attiva automaticamente quando \u00e8 in acqua e inizia a lampeggiare, funzionando fino a 60 ore con una batteria da 6 volt. Perfetta per le imbarcazioni commerciali, petrolifere, da crociera e per tutte le applicazioni che richiedono una luce COB affidabile. <\/p>\n<ul>\n<li>Luce pi\u00f9 intensa in tutte le direzioni<\/li>\n<li>Custodia aggiornata in policarbonato misto, con una migliore valutazione degli impatti; resistente ai raggi UV, alle temperature e agli agenti chimici<\/li>\n<li>Perfetta per la nautica commerciale, la nautica da diporto, i subacquei, le imbarcazioni da crociera e tutte le applicazioni che richiedono una luce COB affidabile.<\/li>\n<li>Si autodiritto e si attiva automaticamente quando \u00e8 in acqua<\/li>\n<li>La luce stroboscopica allo xeno ad alta intensit\u00e0 offre una visibilit\u00e0 a 360\u00b0 per oltre 3 miglia (4,8 km)<\/li>\n<li>Galleggia in posizione verticale in tutte le condizioni<\/li>\n<li>Minimo 36 ore di funzionamento continuo<\/li>\n<\/ul>\n<p>Una questione di equilibrio<br \/>\nLe luci di segnalazione, per loro stessa natura, devono galleggiare in posizione verticale per ottenere la massima visibilit\u00e0. Le batterie per lanterne da 6 volt forniscono la zavorra per queste luci. Anche se le batterie possono avere le stesse dimensioni, le diverse sostanze chimiche ne fanno variare il peso. \u00c8 assolutamente necessario utilizzare solo i modelli di batterie da 6 volt suggeriti. Se la zavorra \u00e8 troppo esigua, la lampada si rovescia su un fianco e risulta inefficace; se il peso \u00e8 eccessivo, la lampada pu\u00f2 affondare. In caso di dubbi sul peso appropriato della batteria, testare la lampada mettendola in acqua bassa. Se galleggia in posizione verticale, \u00e8 buona; se invece l&#8217;SM-2 affonda, la batteria \u00e8 troppo pesante.      <\/p>\n<p>Tipi di batterie suggeriti, batterie con terminale a vite:<\/p>\n<ul>\n<li>ANSI\/NEDA: 915, 915C, 915D, 915AC<\/li>\n<li>Duracell: M915, PC915<\/li>\n<li>Rayovac\u00ae: 942, 945<\/li>\n<li>Eveready\u00ae: 510S<\/li>\n<\/ul>\n<p>Tipi di batteria suggeriti, batterie con terminale a molla:<\/p>\n<ul>\n<li>ANSI\/NEDA: 908, 908C, 908D, 908AC<\/li>\n<li>Duracell: M908, PC908<\/li>\n<li>Rayovac\u00ae: 941, 944<\/li>\n<li>Eveready\u00ae: 509, 1209<\/li>\n<li>Energizer: EN529 (non 529)<\/li>\n<li>Panasonic: W-4FD<\/li>\n<\/ul>\n","protected":false},"excerpt":{"rendered":"<p>L&#8217;SM-2 \u00e8 stato dismesso e sostituito con il <a href=\"https:\/\/www.acrartex.com\/products\/sm-3-lifebuoy-self-igniting-light\">nuovo segnalatore di boa SM-3 (approvato da USCG\/MED)<\/a>.<\/p>\n<p>L&#8217;SM-2 \u00e8 una luce stroboscopica allo xeno ad alta intensit\u00e0 che offre una visibilit\u00e0 a 360\u00b0 per oltre 3 miglia (4,8 km). Questa luce di segnalazione si attiva automaticamente e inizia a lampeggiare quando \u00e8 in acqua, funzionando fino a 60 ore con una batteria da 6 volt. Perfetta per le imbarcazioni commerciali, le imbarcazioni a benzina, le imbarcazioni da crociera e qualsiasi altra applicazione che necessiti di una luce affidabile per la segnalazione di equipaggio fuori bordo (COB), la SM-2 galleggia in posizione verticale in tutte le condizioni, assicurando che continui a brillare quando ne avete pi\u00f9 bisogno.  <\/p>\n<p>&nbsp;<\/p>\n<p><span style=\"color: #e74c3c;\">CODICE:<strong> SHIPFREE20<\/strong> Spedizione gratuita via terra per ordini superiori a U$30. Sono esclusi HI e AK <\/span><\/p>\n<p>&nbsp;<\/p>\n","protected":false},"featured_media":137484,"template":"","meta":{"_acf_changed":false,"om_disable_all_campaigns":false},"product_brand":[],"product_cat":[2949],"product_tag":[3757,3759,3767,3758,3762,3763,3754,3753,3001,3749,3761,3766,3752,3751,3750,3755,3756,2993,3765,3764,3760],"class_list":{"0":"post-125464","1":"product","2":"type-product","3":"status-publish","4":"has-post-thumbnail","6":"product_cat-marina","7":"product_tag-acquistare-acr","8":"product_tag-acr-electronics-it","9":"product_tag-elettronica-stroboscopica","10":"product_tag-faro-stroboscopico","11":"product_tag-la-luce-stroboscopica","12":"product_tag-luce-di-emergenza-stroboscopica","13":"product_tag-luce-di-segnalazione-sm-2","14":"product_tag-luce-di-segnalazione-sm2","15":"product_tag-luce-di-soccorso-stroboscopica","16":"product_tag-luci-di-ingombro","17":"product_tag-luci-stroboscopiche-marine","18":"product_tag-negozio-di-luci-stroboscopiche","19":"product_tag-sm-2-it-2","20":"product_tag-sm-2-it","21":"product_tag-sm2-it","22":"product_tag-sm2-luce","23":"product_tag-sm2-strobo","24":"product_tag-strobo","25":"product_tag-una-luce-stroboscopica","26":"product_tag-vendita-di-luci-stroboscopiche","27":"product_tag-vita-gonfiabile","28":"pa_product-eredita","30":"first","31":"outofstock","32":"taxable","33":"shipping-taxable","34":"product-type-simple"},"acf":[],"_links":{"self":[{"href":"https:\/\/www.acrartex.com\/it\/wp-json\/wp\/v2\/product\/125464","targetHints":{"allow":["GET"]}}],"collection":[{"href":"https:\/\/www.acrartex.com\/it\/wp-json\/wp\/v2\/product"}],"about":[{"href":"https:\/\/www.acrartex.com\/it\/wp-json\/wp\/v2\/types\/product"}],"wp:featuredmedia":[{"embeddable":true,"href":"https:\/\/www.acrartex.com\/it\/wp-json\/wp\/v2\/media\/137484"}],"wp:attachment":[{"href":"https:\/\/www.acrartex.com\/it\/wp-json\/wp\/v2\/media?parent=125464"}],"wp:term":[{"taxonomy":"product_brand","embeddable":true,"href":"https:\/\/www.acrartex.com\/it\/wp-json\/wp\/v2\/product_brand?post=125464"},{"taxonomy":"product_cat","embeddable":true,"href":"https:\/\/www.acrartex.com\/it\/wp-json\/wp\/v2\/product_cat?post=125464"},{"taxonomy":"product_tag","embeddable":true,"href":"https:\/\/www.acrartex.com\/it\/wp-json\/wp\/v2\/product_tag?post=125464"}],"curies":[{"name":"wp","href":"https:\/\/api.w.org\/{rel}","templated":true}]}}