{"id":125463,"date":"2021-03-16T08:17:57","date_gmt":"2021-03-16T13:17:57","guid":{"rendered":"https:\/\/www.acrartex.com\/products\/tps-8715-set-di-test-e-programmatore\/"},"modified":"2021-03-16T08:17:57","modified_gmt":"2021-03-16T13:17:57","slug":"tps-8715-set-di-test-e-programmatore","status":"publish","type":"product","link":"https:\/\/www.acrartex.com\/it\/products\/tps-8715-set-di-test-e-programmatore\/","title":{"rendered":"TPS 8715 - Set di test e programmatore"},"content":{"rendered":"<p><strong><u>ELT Test e verifica di ELT ID<\/u><\/strong><\/p>\n<p>I trasmettitori di localizzazione di emergenza (ELT) degli aeromobili devono avere un numero di identificazione unico registrato presso le autorit\u00e0 nazionali. Il sistema ARTEX TPS 8715 per l&#8217;aviazione generale fornisce un metodo semplice per verificare e salvare l&#8217;ID dell&#8217;ELT ARTEX dopo l&#8217;installazione, la riprogrammazione o nel caso in cui sia necessario registrare nuovamente il radiofaro dopo un cambio di propriet\u00e0 dell&#8217;aeromobile. Questo sistema programma solo gli ELT per l&#8217;aviazione generale ARTEX *, compresi i modelli ME406, ELT 345 e ELT 1000.  <\/p>\n<p><strong><u>ELT Decodifica<\/u><\/strong><\/p>\n<p>Il TPS 8715 di ARTEX \u00e8 un sistema robusto, compatto e portatile che decodifica la trasmissione di trasmissioni a 406 MHz Cospas-Sarsat. La trasmissione pu\u00f2 essere letta direttamente attraverso il cavo dell&#8217;antenna o attraverso l&#8217;antenna stessa. L&#8217;unit\u00e0 indica anche la presenza di 121,5 MHz. Il TPS 8715 \u00e8 solo un dispositivo di decodifica e non misura la potenza. Per i requisiti di misurazione di ELT per le ispezioni annuali, contattare le autorit\u00e0 locali.    <\/p>\n<p><strong><u>Programma GA Linea di ELT<\/u><\/strong><\/p>\n<p>Il TPS 8715 \u00e8 in grado di programmare rapidamente e facilmente l&#8217;intera linea di ELT per l&#8217;aviazione generale ARTEX con il protocollo desiderato, il NAV Data Baud Rate e le informazioni richieste, come indicato da Cospas-Sarsat attraverso il cavo di programmazione (incluso).<\/p>\n<p><strong><u>Dati del test<\/u><\/strong><\/p>\n<p>Il TPS 8715 registra tutti i dati in un database interno di cui \u00e8 possibile eseguire il backup sul PC. I dati possono essere visualizzati sul computer indipendentemente dal TPS 8715 e sono marcati temporalmente come prova della trasmissione e della corretta programmazione. Il TPS 8715 pu\u00f2 stampare tramite un&#8217;interfaccia USB con un PC. Per la stampa \u00e8 necessario un programma software scaricabile dal sito ACRARTEX.com.   <\/p>\n<p>Il TPS 8715 viene fornito senza software ed \u00e8 necessario registrarsi e seguire un corso di formazione sul sito <a href=\"http:\/\/www.acrartex.com\/\">www.ACRARTEX.com<\/a> per poter scaricare le applicazioni software necessarie. La formazione \u00e8 self-service e gratuita. Ogni unit\u00e0 \u00e8 accompagnata da una guida rapida che illustra la procedura da seguire.  <\/p>\n<p>*Per la programmazione del livello di trasporto ELT, fare riferimento a PN 8700 ELT TPS.<\/p>\n","protected":false},"excerpt":{"rendered":"<p>Il TPS 8715 di ARTEX consente di verificare, testare e programmare la linea di ELT per l&#8217;aviazione generale ARTEX.<\/p>\n<p><span style=\"color: #ff0000;\"><strong>NOTA: questo prodotto \u00e8 stato dismesso ed \u00e8 stato sostituito dal <a href=\"https:\/\/www.acrartex.com\/products\/fpt\/\">programmatore FPT serie 8800 ARTEX <\/a>.<\/strong><\/span><\/p>\n","protected":false},"featured_media":137500,"template":"","meta":{"_acf_changed":false,"om_disable_all_campaigns":false},"product_brand":[],"product_cat":[3247,3248],"product_tag":[3748,3744,3742,3278,3252,3737,3743,3740,3736,3738,3739,3253,3747,3741],"class_list":{"0":"post-125463","1":"product","2":"type-product","3":"status-publish","4":"has-post-thumbnail","6":"product_cat-aviazione","7":"product_cat-aviazione-generale","8":"product_tag-8715-it","9":"product_tag-aviazione-generale","10":"product_tag-decodifica","11":"product_tag-elt-it","12":"product_tag-elt-programmatore","13":"product_tag-elt-programmazione","14":"product_tag-ga-it","15":"product_tag-programmatore","16":"product_tag-programmazione","17":"product_tag-test-it","18":"product_tag-test-it-2","19":"product_tag-tps-it","20":"product_tag-tps-8715-it","21":"product_tag-verifica","22":"pa_product-eredita","24":"first","25":"instock","26":"taxable","27":"shipping-taxable","28":"product-type-simple"},"acf":[],"_links":{"self":[{"href":"https:\/\/www.acrartex.com\/it\/wp-json\/wp\/v2\/product\/125463","targetHints":{"allow":["GET"]}}],"collection":[{"href":"https:\/\/www.acrartex.com\/it\/wp-json\/wp\/v2\/product"}],"about":[{"href":"https:\/\/www.acrartex.com\/it\/wp-json\/wp\/v2\/types\/product"}],"wp:featuredmedia":[{"embeddable":true,"href":"https:\/\/www.acrartex.com\/it\/wp-json\/wp\/v2\/media\/137500"}],"wp:attachment":[{"href":"https:\/\/www.acrartex.com\/it\/wp-json\/wp\/v2\/media?parent=125463"}],"wp:term":[{"taxonomy":"product_brand","embeddable":true,"href":"https:\/\/www.acrartex.com\/it\/wp-json\/wp\/v2\/product_brand?post=125463"},{"taxonomy":"product_cat","embeddable":true,"href":"https:\/\/www.acrartex.com\/it\/wp-json\/wp\/v2\/product_cat?post=125463"},{"taxonomy":"product_tag","embeddable":true,"href":"https:\/\/www.acrartex.com\/it\/wp-json\/wp\/v2\/product_tag?post=125463"}],"curies":[{"name":"wp","href":"https:\/\/api.w.org\/{rel}","templated":true}]}}