{"id":125462,"date":"2021-03-16T08:18:06","date_gmt":"2021-03-16T13:18:06","guid":{"rendered":"https:\/\/www.acrartex.com\/products\/ts-8701-set-di-tester\/"},"modified":"2021-03-16T08:18:06","modified_gmt":"2021-03-16T13:18:06","slug":"ts-8701-set-di-tester","status":"publish","type":"product","link":"https:\/\/www.acrartex.com\/it\/products\/ts-8701-set-di-tester\/","title":{"rendered":"TS 8701 - Set di tester"},"content":{"rendered":"<p><strong>ELT Test e verifica di ELT ID<\/strong><\/p>\n<p>I trasmettitori di localizzazione di emergenza (ELT) degli aeromobili devono avere un numero di identificazione unico registrato dalle autorit\u00e0 nazionali. Il tester ARTEX fornisce un metodo semplice per verificare e salvare l&#8217;ID dell&#8217;ELT ARTEX dopo l&#8217;installazione, la riprogrammazione o nel caso in cui sia necessario registrare nuovamente il radiofaro dopo un cambio di propriet\u00e0 dell&#8217;aereo. <\/p>\n<p><strong>ELT Decodifica<\/strong><\/p>\n<p>Il tester ARTEX decodifica la trasmissione delle trasmissioni a 406 MHz Cospas-Sarsat. La trasmissione pu\u00f2 essere letta direttamente attraverso il cavo dell&#8217;antenna o attraverso l&#8217;antenna stessa. L&#8217;unit\u00e0 indica anche la presenza di 121,5 MHz. Il Tester \u00e8 solo un dispositivo di decodifica e non misura la potenza. Per i requisiti di misurazione di ELT per le ispezioni annuali, contattare le autorit\u00e0 locali.    <\/p>\n<p><strong>Dati del test<\/strong><\/p>\n<p>Il Tester ARTEX registra tutti i dati in un database interno di cui \u00e8 possibile eseguire il backup sul PC. I dati possono essere visualizzati sul computer indipendentemente dal Tester e sono marcati temporalmente come prova della trasmissione e della corretta programmazione. Il Tester pu\u00f2 stampare tramite un&#8217;interfaccia USB con un PC. Per la stampa \u00e8 necessario un programma software scaricabile dal sito ACRARTEX.com.   <\/p>\n<p>&nbsp;<\/p>\n<p>*Tutte le funzioni dell&#8217;8701 sono applicabili solo agli ELT ARTEX.<\/p>\n<table style=\"width: 602px;\" border=\"0\">\n<tbody>\n<tr>\n<td>Tabella delle funzioni di test e programmazione<\/td>\n<td><strong>TPS 8700<\/strong><\/td>\n<td><strong>TS 8701<\/strong><\/td>\n<td><strong>TPS 8715<\/strong><\/td>\n<\/tr>\n<tr>\n<td>Verifica dell&#8217;ID ELT e decodifica della trasmissione a 406 MHz<\/td>\n<td><strong>x<\/strong><\/td>\n<td><strong>x<\/strong><\/td>\n<td><strong>x<\/strong><\/td>\n<\/tr>\n<tr>\n<td>Test sulla presenza di trasmissioni a 121,5 MHz e 243 MHz<\/td>\n<td><strong>x<\/strong><\/td>\n<td><strong>x<\/strong><\/td>\n<td><strong>x<\/strong><\/td>\n<\/tr>\n<tr>\n<td>Programmazione ARTEX Solo per gli ELT dell&#8217;aviazione generale (fare riferimento a PN 8700 per l&#8217;unit\u00e0 che \u00e8 anche in grado di programmare il livello di trasporto ELT )<\/td>\n<td><strong> <\/strong><\/td>\n<td><strong> <\/strong><\/td>\n<td><strong>x<\/strong><\/td>\n<\/tr>\n<tr>\n<td>Programmazione di tutti gli ELT ARTEX <\/td>\n<td><strong>x<\/strong><\/td>\n<td><strong> <\/strong><\/td>\n<td><strong> <\/strong><\/td>\n<\/tr>\n<tr>\n<td>Backup dei dati su PC<\/td>\n<td><strong>x<\/strong><\/td>\n<td><strong>x<\/strong><\/td>\n<td><strong>x<\/strong><\/td>\n<\/tr>\n<tr>\n<td>Capacit\u00e0 di stampa tramite interfaccia USB a un PC<\/td>\n<td><strong>x<\/strong><\/td>\n<td><strong>x<\/strong><\/td>\n<td><strong>x<\/strong><\/td>\n<\/tr>\n<tr>\n<td>Software incluso nel prodotto<\/td>\n<td><strong>x<\/strong><\/td>\n<td><strong>x<\/strong><\/td>\n<td><strong> <\/strong><\/td>\n<\/tr>\n<tr>\n<td>Software non incluso nel prodotto (software scaricato dopo la ricezione del prodotto da parte del cliente)<\/td>\n<td><strong> <\/strong><\/td>\n<td><strong> <\/strong><\/td>\n<td><strong>x<\/strong><\/td>\n<\/tr>\n<tr>\n<td><\/td>\n<td><strong> <\/strong><\/td>\n<td><strong> <\/strong><\/td>\n<td><strong> <\/strong><\/td>\n<\/tr>\n<\/tbody>\n<\/table>\n","protected":false},"excerpt":{"rendered":"<p>Il tester ARTEX 8701 \u00e8 l&#8217;unico sistema necessario per testare e verificare tutti i ARTEX ELT. Il suo design compatto e portatile lo rende comodo da tenere a portata di mano per poter testare facilmente qualsiasi ELT, in qualsiasi momento. <\/p>\n<p><a title=\"sarcalc-desktop-software.zip\" href=\"https:\/\/www.acrartex.com\/media\/1377582\/sarcalc-desktop-software.zip\">Software desktop SARCALC<\/a><\/p>\n<p><strong><span style=\"color: #ff0000;\">NOTA: questo prodotto \u00e8 stato dismesso ed \u00e8 stato sostituito dal<\/span> <a href=\"https:\/\/www.acrartex.com\/products\/fpt\/\">programmatore FPT Serie 8800 ARTEX <\/a>.<\/strong><\/p>\n<p>&nbsp;<\/p>\n","protected":false},"featured_media":137505,"template":"","meta":{"_acf_changed":false,"om_disable_all_campaigns":false},"product_brand":[],"product_cat":[3251,3247,3248,3249],"product_tag":[3746,3744,3742,3278,3252,3737,3743,3740,3736,3738,3739,3253,3745,3741],"class_list":{"0":"post-125462","1":"product","2":"type-product","3":"status-publish","4":"has-post-thumbnail","6":"product_cat-aerei-commerciali","7":"product_cat-aviazione","8":"product_cat-aviazione-generale","9":"product_cat-jet-daffari","10":"product_tag-8701-it","11":"product_tag-aviazione-generale","12":"product_tag-decodifica","13":"product_tag-elt-it","14":"product_tag-elt-programmatore","15":"product_tag-elt-programmazione","16":"product_tag-ga-it","17":"product_tag-programmatore","18":"product_tag-programmazione","19":"product_tag-test-it","20":"product_tag-test-it-2","21":"product_tag-tps-it","22":"product_tag-tps-8701-it","23":"product_tag-verifica","24":"pa_product-eredita","26":"first","27":"instock","28":"taxable","29":"shipping-taxable","30":"product-type-simple"},"acf":[],"_links":{"self":[{"href":"https:\/\/www.acrartex.com\/it\/wp-json\/wp\/v2\/product\/125462","targetHints":{"allow":["GET"]}}],"collection":[{"href":"https:\/\/www.acrartex.com\/it\/wp-json\/wp\/v2\/product"}],"about":[{"href":"https:\/\/www.acrartex.com\/it\/wp-json\/wp\/v2\/types\/product"}],"wp:featuredmedia":[{"embeddable":true,"href":"https:\/\/www.acrartex.com\/it\/wp-json\/wp\/v2\/media\/137505"}],"wp:attachment":[{"href":"https:\/\/www.acrartex.com\/it\/wp-json\/wp\/v2\/media?parent=125462"}],"wp:term":[{"taxonomy":"product_brand","embeddable":true,"href":"https:\/\/www.acrartex.com\/it\/wp-json\/wp\/v2\/product_brand?post=125462"},{"taxonomy":"product_cat","embeddable":true,"href":"https:\/\/www.acrartex.com\/it\/wp-json\/wp\/v2\/product_cat?post=125462"},{"taxonomy":"product_tag","embeddable":true,"href":"https:\/\/www.acrartex.com\/it\/wp-json\/wp\/v2\/product_tag?post=125462"}],"curies":[{"name":"wp","href":"https:\/\/api.w.org\/{rel}","templated":true}]}}