{"id":125458,"date":"2021-03-16T08:18:23","date_gmt":"2021-03-16T13:18:23","guid":{"rendered":"https:\/\/www.acrartex.com\/products\/specchio-di-segnalazione-hot-shot\/"},"modified":"2021-03-16T08:18:23","modified_gmt":"2021-03-16T13:18:23","slug":"specchio-di-segnalazione-hot-shot","status":"publish","type":"product","link":"https:\/\/www.acrartex.com\/it\/products\/specchio-di-segnalazione-hot-shot\/","title":{"rendered":"Specchio di segnalazione Hot Shot"},"content":{"rendered":"<ul>\n<li>Progettato per fornire un &#8220;punto&#8221; di avvistamento ottimale con la finestra olografica per la visualizzazione del punto rosso<\/li>\n<li>Quando l&#8217;immagine del bersaglio, lo specchio e il sole sono allineati correttamente, il punto rosso sul bersaglio assicura che il riflesso dello specchio sia sul bersaglio.<\/li>\n<li>Lo specchio riflettente di seconda superficie, di qualit\u00e0 telescopica, \u00e8 luminoso e fornisce un&#8217;immagine focalizzata<\/li>\n<li>Galleggiante per un facile recupero in caso di caduta in mare<\/li>\n<li>Fischietto brevettato (conforme alle norme USCG) per l&#8217;allarme acustico in condizioni di scarsa visibilit\u00e0<\/li>\n<li>Cordino per il fissaggio alla persona o alla zattera di salvataggio<\/li>\n<li>Pacchetto di segnalazione di sicurezza semplice e totale<\/li>\n<\/ul>\n","protected":false},"excerpt":{"rendered":"<p><span style=\"color: #ff0000;\"><strong>QUESTO \u00c8 UN PRODOTTO FUORI PRODUZIONE CHE NON VIENE PI\u00d9 FABBRICATO O VENDUTO INSIEME<\/strong><\/span><\/p>\n<p>&nbsp;<\/p>\n<p>Completate il vostro kit di emergenza con uno specchio di qualit\u00e0 come Hot Shot\u2122 Signal. Questo dispositivo di segnalazione diurna a prova di errore porta gli avvisi di emergenza a un livello superiore grazie alla sua finestra olografica con &#8220;punto rosso&#8221;, che individua rapidamente il punto di avvistamento ottimale per un segnale luminoso e mirato. Quando l&#8217;immagine del bersaglio, lo specchio e il sole sono allineati correttamente, il punto rosso assicura che il riflesso dello specchio sia sul bersaglio. L&#8217;Hot Shot Signal \u00e8 dotato di un design galleggiante, per cui pu\u00f2 essere facilmente recuperato se cade in mare. E per finire, questo fischietto brevettato \u00e8 conforme agli standard USCG e viene fornito con un cordino per poter essere fissato senza sforzo a una persona o a una zattera di salvataggio.    <\/p>\n<p>&nbsp;<\/p>\n","protected":false},"featured_media":137519,"template":"","meta":{"_acf_changed":false,"om_disable_all_campaigns":false},"product_brand":[],"product_cat":[2950,2949],"product_tag":[3705,3703,3701,3697,3696,3693,3695,3699,3692,3694,3704,3698,3700,3702,3706],"class_list":{"0":"post-125458","1":"product","2":"type-product","3":"status-publish","4":"has-post-thumbnail","6":"product_cat-allaperto","7":"product_cat-marina","8":"product_tag-istruzioni-per-lo-specchio-di-segnalazione","9":"product_tag-segnalazione-di-sicurezza","10":"product_tag-segnalazione-di-sopravvivenza","11":"product_tag-segnale-a-specchio","12":"product_tag-segnali-a-specchio","13":"product_tag-specchi-di-segnalazione","14":"product_tag-specchi-di-segnalazione-it","15":"product_tag-specchietti-di-segnalazione-di-sopravvivenza","16":"product_tag-specchio-di-segnalazione","17":"product_tag-specchio-di-segnalazione-it","18":"product_tag-specchio-di-segnalazione-di-sicurezza","19":"product_tag-specchio-di-segnalazione-di-sopravvivenza","20":"product_tag-specchio-di-segnalazione-in-vetro","21":"product_tag-specchio-di-sopravvivenza","22":"product_tag-utilizzando-uno-specchio-di-segnalazione","23":"pa_product-eredita","25":"first","26":"outofstock","27":"taxable","28":"shipping-taxable","29":"product-type-simple"},"acf":[],"_links":{"self":[{"href":"https:\/\/www.acrartex.com\/it\/wp-json\/wp\/v2\/product\/125458","targetHints":{"allow":["GET"]}}],"collection":[{"href":"https:\/\/www.acrartex.com\/it\/wp-json\/wp\/v2\/product"}],"about":[{"href":"https:\/\/www.acrartex.com\/it\/wp-json\/wp\/v2\/types\/product"}],"wp:featuredmedia":[{"embeddable":true,"href":"https:\/\/www.acrartex.com\/it\/wp-json\/wp\/v2\/media\/137519"}],"wp:attachment":[{"href":"https:\/\/www.acrartex.com\/it\/wp-json\/wp\/v2\/media?parent=125458"}],"wp:term":[{"taxonomy":"product_brand","embeddable":true,"href":"https:\/\/www.acrartex.com\/it\/wp-json\/wp\/v2\/product_brand?post=125458"},{"taxonomy":"product_cat","embeddable":true,"href":"https:\/\/www.acrartex.com\/it\/wp-json\/wp\/v2\/product_cat?post=125458"},{"taxonomy":"product_tag","embeddable":true,"href":"https:\/\/www.acrartex.com\/it\/wp-json\/wp\/v2\/product_tag?post=125458"}],"curies":[{"name":"wp","href":"https:\/\/api.w.org\/{rel}","templated":true}]}}