{"id":125443,"date":"2021-03-16T08:21:51","date_gmt":"2021-03-16T13:21:51","guid":{"rendered":"https:\/\/www.acrartex.com\/products\/globalfix-pro-epirb\/"},"modified":"2021-03-16T08:21:51","modified_gmt":"2021-03-16T13:21:51","slug":"globalfix-pro-epirb","status":"publish","type":"product","link":"https:\/\/www.acrartex.com\/it\/products\/globalfix-pro-epirb\/","title":{"rendered":"GlobalFix\u2122 PRO EPIRB"},"content":{"rendered":"<p><a href=\"https:\/\/www.acrartex.com\/products\/globalfix-v5-ais-epirb\/\"><b><i>View Aggiornamento prodotto disponibile<\/i><\/b><\/a><\/p>\n<p>Il GlobalFix\u2122 PRO trasmette un esclusivo segnale di soccorso registrato che non solo dice ai soccorritori dove vi trovate, ma anche chi siete. Il dispositivo interno GPS si accende automaticamente e acquisisce la vostra posizione al momento dell&#8217;attivazione, quindi utilizza un potente segnale a 406 MHz per trasmettere la vostra richiesta di soccorso ai satelliti in orbita. Quando vengono attivati i servizi di ricerca e soccorso locali, un segnale di homing separato e una luce stroboscopica a LED integrata guidano i soccorritori verso la vostra esatta posizione.  <\/p>\n<p>&nbsp;<\/p>\n<p>GlobalFix\u2122 PRO \u00e8 piccolo e robusto e contiene oltre 53 anni di tecnologia salvavita. L&#8217;esecuzione di un autotest funzionale completo dei circuiti interni di GlobalFix\u2122 PRO, della tensione e dell&#8217;alimentazione della batteria e della trasmissione a 406 MHz vi d\u00e0 la tranquillit\u00e0 di sapere che il vostro EPIRB funzioner\u00e0 nel momento in cui ne avrete pi\u00f9 bisogno. ACR Esclusivo: La modalit\u00e0 di test di acquisizione incorporata di GPS consente di testare il ricevitore interno di GPS per assicurarsi che funzioni correttamente.  <\/p>\n<p>&nbsp;<\/p>\n<p>Sfruttate la stessa tecnologia di salvataggio testata sul campo e utilizzata dall&#8217;esercito americano, dalla Guardia Costiera, dalla NATO, dalle forze speciali e dagli esploratori dell&#8217;Artico.<\/p>\n<p>&nbsp;<\/p>\n<p>GlobalFix\u2122 PRO offre le pi\u00f9 recenti tecnologie elettroniche di salvataggio in mare:<\/p>\n<ul>\n<li>LED stroboscopico altamente visibile - Efficienza energetica<\/li>\n<li>66 canali interni GPS - Avvio rapido a freddo<\/li>\n<li>Alta efficienza - Prestazioni su cui contare<\/li>\n<li>Batterie non pericolose - Nessun problema di spedizione<\/li>\n<li>Design professionale - Progettato, testato e costruito per anni di uso marino intensivo<\/li>\n<li>Design ergonomico e compatto; EPIRB \u00e8 il pi\u00f9 piccolo e ricco di funzioni disponibile sul mercato.<\/li>\n<\/ul>\n<p>&nbsp;<\/p>\n<p>Se lo usate&#8230; ve lo sostituiamo, <a href=\"http:\/\/www.survivorclub.com\/\">gratuitamente<\/a>. Basta inviare la vostra storia, rispedirci il vostro faro usato in modo che possa essere montato sul nostro Wall of Fame e noi vi invieremo un faro nuovo di zecca di valore uguale o superiore. <\/p>\n","protected":false},"excerpt":{"rendered":"<p>#Rimanete al sicuro con il radiofaro di segnalazione della posizione di emergenza GlobalFix\u2122 PRO (EPIRB). Questo radiofaro \u00e8 dotato di un GPS interno che trasmette rapidamente e con precisione la vostra posizione a una rete mondiale di satelliti di ricerca e soccorso, in caso di emergenza in barca. Ogni volta che vi dirigete verso il mare aperto, potete stare tranquilli sapendo che GlobalFix PRO EPIRB elimina la &#8220;ricerca&#8221; dalla &#8220;ricerca e salvataggio&#8221;.  <\/p>\n<p><span style=\"color: #3366ff;\"><strong>Questo prodotto \u00e8 stato aggiornato. <a href=\"https:\/\/www.acrartex.com\/products\/globalfix-v5-ais-epirb\/\">Fare clic qui<\/a> per vedere l&#8217;aggiornamento del prodotto disponibile<\/strong><\/span><\/p>\n<p>&nbsp;<\/p>\n","protected":false},"featured_media":137632,"template":"","meta":{"_acf_changed":false,"om_disable_all_campaigns":false},"product_brand":[],"product_cat":[2949],"product_tag":[3596,3597,3595,3502,3114,3046,3233,3593,3234,3592,3120,3594],"class_list":{"0":"post-125443","1":"product","2":"type-product","3":"status-publish","4":"has-post-thumbnail","6":"product_cat-marina","7":"product_tag-2842-it","8":"product_tag-2844-it","9":"product_tag-acr-globalfix-pro-it","10":"product_tag-correzione-globale","11":"product_tag-epirb-it","12":"product_tag-faro","13":"product_tag-faro-di-emergenza","14":"product_tag-globalfix-pro-it","15":"product_tag-prefisso-globale","16":"product_tag-professionista","17":"product_tag-radiofaro-di-segnalazione-della-posizione-di-emergenza","18":"product_tag-rlb-37-it","19":"pa_product-eredita","21":"first","22":"outofstock","23":"taxable","24":"shipping-taxable","25":"product-type-variable"},"acf":[],"_links":{"self":[{"href":"https:\/\/www.acrartex.com\/it\/wp-json\/wp\/v2\/product\/125443","targetHints":{"allow":["GET"]}}],"collection":[{"href":"https:\/\/www.acrartex.com\/it\/wp-json\/wp\/v2\/product"}],"about":[{"href":"https:\/\/www.acrartex.com\/it\/wp-json\/wp\/v2\/types\/product"}],"wp:featuredmedia":[{"embeddable":true,"href":"https:\/\/www.acrartex.com\/it\/wp-json\/wp\/v2\/media\/137632"}],"wp:attachment":[{"href":"https:\/\/www.acrartex.com\/it\/wp-json\/wp\/v2\/media?parent=125443"}],"wp:term":[{"taxonomy":"product_brand","embeddable":true,"href":"https:\/\/www.acrartex.com\/it\/wp-json\/wp\/v2\/product_brand?post=125443"},{"taxonomy":"product_cat","embeddable":true,"href":"https:\/\/www.acrartex.com\/it\/wp-json\/wp\/v2\/product_cat?post=125443"},{"taxonomy":"product_tag","embeddable":true,"href":"https:\/\/www.acrartex.com\/it\/wp-json\/wp\/v2\/product_tag?post=125443"}],"curies":[{"name":"wp","href":"https:\/\/api.w.org\/{rel}","templated":true}]}}