{"id":125442,"date":"2021-03-16T08:20:16","date_gmt":"2021-03-16T13:20:16","guid":{"rendered":"https:\/\/www.acrartex.com\/products\/pathfinder-pro-sart\/"},"modified":"2026-01-07T14:11:22","modified_gmt":"2026-01-07T19:11:22","slug":"pathfinder-pro-sart","status":"publish","type":"product","link":"https:\/\/www.acrartex.com\/it\/products\/pathfinder-pro-sart\/","title":{"rendered":"Pathfinder\u2122 PRO SART"},"content":{"rendered":"<p>Pathfinder Pro \u00e8 un transponder di ricerca e salvataggio (SART) pienamente approvato e conforme alle norme SOLAS dell&#8217;IMO. Quando viene interrogato dal radar, Pathfinder Pro restituisce 12 intensi blip sullo schermo radar dell&#8217;imbarcazione, migliorando notevolmente le attivit\u00e0 di ricerca e salvataggio. La batteria al litio di qualit\u00e0 superiore garantisce oltre 96 ore di autonomia in modalit\u00e0 standby (in attesa di essere interrogato dal radar) e 12 ore di autonomia attiva (durante l&#8217;interrogazione del radar).  <\/p>\n<p>Pathfinder Pro \u00e8 dotato di un elegante supporto a parete per tenere questo SART compatto fuori dai piedi, ma facilmente accessibile in caso di emergenza. L&#8217;asta telescopica opzionale si collega comodamente alla parte inferiore del SART e garantisce la massima altezza e visibilit\u00e0 da un&#8217;imbarcazione di salvataggio. Il SART pu\u00f2 anche essere sospeso all&#8217;interno dell&#8217;imbarcazione per un utilizzo a mani libere.  <\/p>\n<p>Un transponder di ricerca e salvataggio (SART) \u00e8 obbligatorio per tutte le imbarcazioni commerciali che devono conformarsi al GMDSS e per tutte le imbarcazioni che trasportano pi\u00f9 di una zattera di salvataggio.<\/p>\n<p>&nbsp;<\/p>\n<p><strong><em>Requisiti per il trasporto<\/em><\/strong><\/p>\n<ul>\n<li>Tutte le navi IMO SOLAS che effettuano viaggi internazionali sono tenute a trasportare un SART.<\/li>\n<li>300-500 tonnellate di stazza lorda (TSL) devono avere un minimo di 1 SART<\/li>\n<li>Oltre 500 tonnellate di stazza lorda (TSL) devono avere un minimo di 2 SART.<\/li>\n<li>1 SART ogni quattro zattere di salvataggio su navi passeggeri ro-ro.<\/li>\n<\/ul>\n<p><strong><em>Caratteristiche<\/em><\/strong><\/p>\n<ul>\n<li>Migliora i ritorni radar con 12 blip intensi, il primo dei quali rappresenta la posizione del SART.<\/li>\n<li>L&#8217;unit\u00e0 trasmette attraverso il radar marino nella banda 9,2-9,5 GHz quando viene interrogata dal radar.<\/li>\n<li>Staffa di montaggio per imbarcazioni e palo pieghevole<\/li>\n<li>Unit\u00e0 compatta da 227 mm x 65 mm (8,94 x 2,56 pollici) facilmente trasportabile nella zattera di salvataggio.<\/li>\n<li>Impermeabile fino a 10 metri (33 ft)<\/li>\n<li>La batteria al litio non Hazmat (durata di sostituzione di 5 anni) funziona per oltre 96 ore in modalit\u00e0 standby e per altre 12 ore operative.<\/li>\n<li>Certificazioni a livello mondiale; conforme agli standard IMO, MED, FCC e IEC<\/li>\n<li>Vita operativa - 96 ore in modalit\u00e0 stand-by; oltre 12 ore in modalit\u00e0 operativa.<\/li>\n<li>Applicazione: requisito obbligatorio per tutte le imbarcazioni soggette al GMDSS; qualsiasi yacht o imbarcazione che trasporta pi\u00f9 di una zattera di salvataggio per ospitare equipaggio e passeggeri.<\/li>\n<\/ul>\n","protected":false},"excerpt":{"rendered":"<p>Rimanete al sicuro in mare con il transponder di ricerca e salvataggio (SART) Pathfinder\u2122 PRO. Questo SART \u00e8 conforme alle normative IMO SOLAS ed \u00e8 dotato di una batteria al litio di qualit\u00e0 superiore che garantisce oltre 96 ore di autonomia in modalit\u00e0 standby e 12 ore di autonomia in modalit\u00e0 attiva. Il compatto Pathfinder PRO \u00e8 dotato di un elegante supporto a parete che lo tiene lontano dai piedi, ma facilmente accessibile in caso di emergenza. Il SART \u00e8 obbligatorio per tutte le imbarcazioni commerciali che devono essere conformi alle norme GMDSS e per tutte le imbarcazioni che trasportano pi\u00f9 di una zattera di salvataggio.   <\/p>\n<p>&nbsp;<\/p>\n<p><a href=\"https:\/\/www.dropbox.com\/s\/fk04stqsp2hgk5f\/Prop%2065%20-%20DEHP.pdf?dl=0\">ATTENZIONE: PROP 65<\/a><\/p>\n<p>&nbsp;<\/p>\n","protected":false},"featured_media":142268,"template":"","meta":{"_acf_changed":false,"om_disable_all_campaigns":false},"product_brand":[],"product_cat":[2980,2949,2979],"product_tag":[3459,3479,3457,3463,3591,3472,3465,3470,3475,3469,3590,3478,3453,3477,3461,3471,3474,3473,3455,3467,3476],"class_list":{"0":"post-125442","1":"product","2":"type-product","3":"status-publish","4":"has-post-thumbnail","6":"product_cat-commerciale","7":"product_cat-marina","8":"product_cat-off-shore-it","9":"product_tag-acr-sart-it","10":"product_tag-approvazioni-sart","11":"product_tag-batteria-sart","12":"product_tag-caduta-di-sart","13":"product_tag-epirb-sart-it","14":"product_tag-gmdss-sart-it","15":"product_tag-jotron-sart-it","16":"product_tag-jotron-tron-sart-it","17":"product_tag-marinaio-sart","18":"product_tag-mcmurdo-sart-it","19":"product_tag-migliore-sart","20":"product_tag-requisiti-sart","21":"product_tag-sart-it","22":"product_tag-sart-gmdss-it","23":"product_tag-sart-ivf-it","24":"product_tag-test-sart","25":"product_tag-test-sart-it","26":"product_tag-tester-sart","27":"product_tag-transponder-sart","28":"product_tag-tron-sart-it","29":"product_tag-tron-sart-20-it","30":"pa_boat-size-80-it","31":"pa_boat-type-barca-a-vela","32":"pa_boat-type-nave-da-carico","33":"pa_boat-type-noleggio-barche","34":"pa_boat-type-pesca-commerciale","35":"pa_boat-type-yacht-it","36":"pa_product-accessori-di-sicurezza","37":"pa_product-prodotti-di-segnalazione","38":"pa_product-rescue-beacons-vhf-sart","40":"first","41":"instock","42":"taxable","43":"shipping-taxable","44":"purchasable","45":"product-type-simple"},"acf":[],"_links":{"self":[{"href":"https:\/\/www.acrartex.com\/it\/wp-json\/wp\/v2\/product\/125442","targetHints":{"allow":["GET"]}}],"collection":[{"href":"https:\/\/www.acrartex.com\/it\/wp-json\/wp\/v2\/product"}],"about":[{"href":"https:\/\/www.acrartex.com\/it\/wp-json\/wp\/v2\/types\/product"}],"wp:featuredmedia":[{"embeddable":true,"href":"https:\/\/www.acrartex.com\/it\/wp-json\/wp\/v2\/media\/142268"}],"wp:attachment":[{"href":"https:\/\/www.acrartex.com\/it\/wp-json\/wp\/v2\/media?parent=125442"}],"wp:term":[{"taxonomy":"product_brand","embeddable":true,"href":"https:\/\/www.acrartex.com\/it\/wp-json\/wp\/v2\/product_brand?post=125442"},{"taxonomy":"product_cat","embeddable":true,"href":"https:\/\/www.acrartex.com\/it\/wp-json\/wp\/v2\/product_cat?post=125442"},{"taxonomy":"product_tag","embeddable":true,"href":"https:\/\/www.acrartex.com\/it\/wp-json\/wp\/v2\/product_tag?post=125442"}],"curies":[{"name":"wp","href":"https:\/\/api.w.org\/{rel}","templated":true}]}}