{"id":125440,"date":"2021-03-16T08:20:39","date_gmt":"2021-03-16T08:20:39","guid":{"rendered":"https:\/\/www.acrartex.com\/products\/sr203-radio-portatile-di-sopravvivenza-vhf\/"},"modified":"2026-01-07T14:34:05","modified_gmt":"2026-01-07T19:34:05","slug":"sr203-radio-portatile-di-sopravvivenza-vhf","status":"publish","type":"product","link":"https:\/\/www.acrartex.com\/it\/products\/sr203-radio-portatile-di-sopravvivenza-vhf\/","title":{"rendered":"SR203 Radio portatile di sopravvivenza VHF"},"content":{"rendered":"<p>Il display digitale e i pulsanti di controllo sono retroilluminati per semplificare il funzionamento in ambienti poco illuminati. Una volta attivata, la SR203 si sintonizza automaticamente sul canale 16 e dispone di un pulsante di chiamata al canale 16 per tornare rapidamente al canale di emergenza. La radio VHF portatile SR203 vanta un&#8217;eccezionale durata della batteria di oltre 16 ore (a -4\u00b0F (-20\u00b0C)) grazie al trasmettitore altamente efficiente progettato per massimizzare la durata della batteria. Grazie all&#8217;innovativa linguetta di protezione della batteria, la batteria primaria pu\u00f2 essere fissata in modo permanente alla radio senza temere di perdere la carica. La radio sar\u00e0 sempre disponibile in caso di emergenza senza dover rimuovere le etichette protettive. \u00c8 sufficiente staccare la linguetta rossa di protezione e la radio sar\u00e0 immediatamente pronta ad accendersi sul canale 16. Per l&#8217;uso quotidiano, ACR offre una batteria ricaricabile ai polimeri di litio. Il caricatore rapido a sgancio rapido rappresenta la soluzione ideale per mantenere le batterie completamente cariche.       <\/p>\n<ul>\n<li>  Trasmettitore efficace<\/li>\n<li>  Design robusto<\/li>\n<li>  La batteria primaria al litio supera i requisiti GMDSS<\/li>\n<li>  Linguetta protettiva della batteria<\/li>\n<li>  Batterie non pericolose<\/li>\n<li>  16 ore di durata tipica di funzionamento<\/li>\n<li>  Kit di batterie ricaricabili opzionale<\/li>\n<li>  Pulsanti di controllo incisi al laser<\/li>\n<li>  Display digitale e tastiera retroilluminati ad alto contrasto<\/li>\n<li>  21 canali<\/li>\n<\/ul>\n","protected":false},"excerpt":{"rendered":"<p>La radio portatile di sopravvivenza SR203 VHF \u00e8 un dispositivo approvato dalla FCC e pensato per tutte le applicazioni marine. Il display digitale e i pulsanti di controllo sono retroilluminati e rendono il dispositivo facilmente utilizzabile anche in ambienti bui. Se avete bisogno di assistenza, il VHF SR203 \u00e8 facile da usare. Una volta attivata, questa radio di sopravvivenza si sintonizza automaticamente sul canale di emergenza 16 e dispone di un pulsante di chiamata per inviare rapidamente un messaggio di soccorso. Il VHF SR203 ha un&#8217;autonomia di oltre 16 ore e soddisfa tutti i requisiti dell&#8217;IMO.    <\/p>\n<p>&nbsp;<\/p>\n<p><strong>Questo prodotto non \u00e8 disponibile per la vendita commerciale.<\/strong><\/p>\n<p>&nbsp;<\/p>\n","protected":false},"featured_media":137594,"template":"","meta":{"_acf_changed":false,"om_disable_all_campaigns":false},"product_brand":[],"product_cat":[2980,2949,2979],"product_tag":[3575,3581,3579,3558,3583,3577,3573,3574,3580,3585,3570,3572,3578,3576],"class_list":{"0":"post-125440","1":"product","2":"type-product","3":"status-publish","4":"has-post-thumbnail","6":"product_cat-commerciale","7":"product_cat-marina","8":"product_cat-off-shore-it","9":"product_tag-antenna-radio-vhf-marina","10":"product_tag-radio-di-sopravvivenza-gmdss","11":"product_tag-radio-marina-portatile-vhf","12":"product_tag-radio-marina-vhf","13":"product_tag-radio-omologata-gmdss","14":"product_tag-radio-portatile-vhf","15":"product_tag-radio-vhf","16":"product_tag-radio-vhf-it","17":"product_tag-radio-vhf-gmdss","18":"product_tag-radio-vhf-gmdss-it","19":"product_tag-radio-vhf-marina","20":"product_tag-radio-vhf-marine","21":"product_tag-radio-vhf-marine-in-vendita","22":"product_tag-recensioni-di-radio-vhf-marine","23":"pa_boat-size-80-it","24":"pa_boat-type-barca-a-vela","25":"pa_boat-type-nave-da-carico","26":"pa_boat-type-noleggio-barche","27":"pa_boat-type-pesca-commerciale","28":"pa_boat-type-rimorchiatore","29":"pa_boat-type-yacht-it","30":"pa_product-rescue-beacons-vhf-sart","32":"first","33":"instock","34":"taxable","35":"shipping-taxable","36":"product-type-simple"},"acf":[],"_links":{"self":[{"href":"https:\/\/www.acrartex.com\/it\/wp-json\/wp\/v2\/product\/125440","targetHints":{"allow":["GET"]}}],"collection":[{"href":"https:\/\/www.acrartex.com\/it\/wp-json\/wp\/v2\/product"}],"about":[{"href":"https:\/\/www.acrartex.com\/it\/wp-json\/wp\/v2\/types\/product"}],"wp:featuredmedia":[{"embeddable":true,"href":"https:\/\/www.acrartex.com\/it\/wp-json\/wp\/v2\/media\/137594"}],"wp:attachment":[{"href":"https:\/\/www.acrartex.com\/it\/wp-json\/wp\/v2\/media?parent=125440"}],"wp:term":[{"taxonomy":"product_brand","embeddable":true,"href":"https:\/\/www.acrartex.com\/it\/wp-json\/wp\/v2\/product_brand?post=125440"},{"taxonomy":"product_cat","embeddable":true,"href":"https:\/\/www.acrartex.com\/it\/wp-json\/wp\/v2\/product_cat?post=125440"},{"taxonomy":"product_tag","embeddable":true,"href":"https:\/\/www.acrartex.com\/it\/wp-json\/wp\/v2\/product_tag?post=125440"}],"curies":[{"name":"wp","href":"https:\/\/api.w.org\/{rel}","templated":true}]}}