{"id":125439,"date":"2021-03-16T08:22:06","date_gmt":"2021-03-16T08:22:06","guid":{"rendered":"https:\/\/www.acrartex.com\/products\/c406-1-hm\/"},"modified":"2026-03-06T09:29:42","modified_gmt":"2026-03-06T14:29:42","slug":"c406-1-hm","status":"publish","type":"product","link":"https:\/\/www.acrartex.com\/it\/products\/c406-1-hm\/","title":{"rendered":"C406-1 HM"},"content":{"rendered":"<p>Il C406-1 HM \u00e8 stato testato per soddisfare i rigorosi requisiti del TSO C126, tra cui test di resistenza agli urti da 500 G, allo schiacciamento da 1000 libbre, nonch\u00e9 test di resistenza alla fiamma e alle vibrazioni. Il C406-1 HM \u00e8 disponibile per l&#8217;uso con le economiche antenne a stilo Artex, antenne a stelo o antenne a lama. Il C406-1 HM pu\u00f2 essere interfacciato con l&#8217;interfaccia opzionale Artex ELT\/NAV, consentendo la trasmissione di dati di latitudine e longitudine come parte del messaggio a 406 MHz. Il C406-1 HM utilizza un singolo cavo coassiale per supportare tutte e tre le frequenze. Il C406-1 HM ELT \u00e8 disponibile per applicazioni su velivoli ad ala fissa con un G-Switch monodirezionale e per elicotteri (HM) con un G-Switch multiasse.    <\/p>\n<p>&nbsp;<\/p>\n<p>Risposta immediata di ricerca e soccorso con registrazione completata<\/p>\n<ul>\n<li>Operante sulle frequenze 121,5, 243 e 406 MHz<\/li>\n<li>Copertura mondiale<\/li>\n<li>Compatibile con l&#8217;interfaccia ELT per la navigazione<\/li>\n<li>Durata della batteria di 5 anni (batteria di ricambio n. parte 452-0133)<\/li>\n<li>Se lo utilizzi&#8230;lo sostituiremo <a href=\"http:\/\/www.survivorclub.com\/\">gratuitamente<\/a> . Inviaci semplicemente la tua storia, rispediscici il faro usato in modo che possiamo montarlo sul nostro Wall of Fame e noi ti invieremo un faro nuovo di zecca di valore uguale o superiore.<\/li>\n<\/ul>\n<p>Gli ELT ARTEX sono la scelta di aeromobili ad ala rotante tra cui Sikorsky, Airbus Helicopters, AgustaWestland e Bell.<\/p>\n<p>&nbsp;<\/p>\n<p>Certificazioni<\/p>\n<ul>\n<li>TSO C126<\/li>\n<li>ETSO 2C126<\/li>\n<li>Approvato da Cospas\/Sarsat<\/li>\n<li>Approvato da Transport &amp; Industry Canada<\/li>\n<\/ul>\n<p>&nbsp;<\/p>\n<p>Elenco dei pacchetti ELT<\/p>\n<table style=\"border-collapse: collapse; width: 745pt; border: none;\" width=\"994\">\n<colgroup>\n<col style=\"width: 140pt;\" width=\"187\">\n<col style=\"width: 219pt;\" width=\"292\">\n<col style=\"width: 197pt;\" width=\"263\">\n<col style=\"width: 189pt;\" width=\"252\"> <\/colgroup>\n<tbody>\n<tr style=\"height: 20.0pt;\">\n<td class=\"xl66\" style=\"border: none; height: 20.0pt; width: 140pt; text-align: center; vertical-align: middle; padding-top: 1px; padding-right: 1px; padding-left: 1px;\" width=\"187\" height=\"27\"><\/td>\n<td class=\"xl68\" style=\"border: 0.5pt solid gray; background: #3c404a; width: 219pt; text-align: center; vertical-align: middle; padding-top: 1px; padding-right: 1px; padding-left: 1px;\" width=\"292\"><span style=\"font-size: 11pt;\"><span style=\"color: #b0e40a;\"><span style=\"font-weight: bold;\"><span style=\"font-style: normal;\"><span style=\"text-decoration: none;\"><span style=\"font-family: Calibri,sans-serif;\">Antenna<\/span><\/span><\/span><\/span><\/span><\/span><\/td>\n<td class=\"xl68\" style=\"border: 0.5pt solid gray; background: #3c404a; border-left: none; width: 197pt; text-align: center; vertical-align: middle; padding-top: 1px; padding-right: 1px; padding-left: 1px;\" width=\"263\"><span style=\"font-size: 11pt;\"><span style=\"color: #b0e40a;\"><span style=\"font-weight: bold;\"><span style=\"font-style: normal;\"><span style=\"text-decoration: none;\"><span style=\"font-family: Calibri,sans-serif;\">Interruttore remoto e accessori<\/span><\/span><\/span><\/span><\/span><\/span><\/td>\n<td class=\"xl67\" style=\"border: none; background: #3c404a; border-left: none; width: 189pt; text-align: center; vertical-align: middle; border-width: 0.5pt; border-style: solid; border-color: gray windowtext gray gray; padding-top: 1px; padding-right: 1px; padding-left: 1px;\" width=\"252\"><span style=\"font-size: 11pt;\"><span style=\"color: #b0e40a;\"><span style=\"font-weight: bold;\"><span style=\"font-style: normal;\"><span style=\"text-decoration: none;\"><span style=\"font-family: Calibri,sans-serif;\">Manuali\/Approvazioni\/Download<\/span><\/span><\/span><\/span><\/span><\/span><\/td>\n<\/tr>\n<tr style=\"height: 20.0pt;\">\n<td class=\"xl69\" style=\"border: 0.5pt solid gray; background: #b0e40a; height: 20.0pt; text-align: center; vertical-align: middle; padding-top: 1px; padding-right: 1px; padding-left: 1px;\" height=\"27\"><span style=\"font-size: 11pt;\"><span style=\"font-weight: 400;\"><span style=\"font-style: normal;\"><span style=\"text-decoration: none;\"><span style=\"font-family: Calibri,sans-serif;\">ELT C406-1 HM 455-5016<\/span><\/span><\/span><\/span><\/span><\/td>\n<td class=\"xl66\" style=\"border: none; text-align: center; vertical-align: middle; padding-top: 1px; padding-right: 1px; padding-left: 1px;\"><span style=\"font-size: 11pt;\"><span style=\"font-weight: 400;\"><span style=\"font-style: normal;\"><span style=\"text-decoration: none;\"><span style=\"font-family: Calibri,sans-serif;\">110-338 (bianco) e 110-338-01 (nero)<\/span><\/span><\/span><\/span><\/span><\/td>\n<td class=\"xl66\" style=\"border: none; text-align: center; vertical-align: middle; padding-top: 1px; padding-right: 1px; padding-left: 1px;\"><span style=\"font-size: 11pt;\"><span style=\"font-weight: 400;\"><span style=\"font-style: normal;\"><span style=\"text-decoration: none;\"><span style=\"font-family: Calibri,sans-serif;\">455-6196<\/span><\/span><\/span><\/span><\/span><\/td>\n<td class=\"xl66\" style=\"border: none; text-align: center; vertical-align: middle; padding-top: 1px; padding-right: 1px; padding-left: 1px;\"><a href=\"https:\/\/www.dropbox.com\/s\/oh1krqeug21j321\/455-5016_packlist.pdf?dl=1\"><span style=\"font-size: 11pt;\"><span style=\"font-weight: 400;\"><span style=\"font-style: normal;\"><span style=\"text-decoration: none;\"><span style=\"font-family: Calibri,sans-serif;\">Lista di imballaggio<\/span><\/span><\/span><\/span><\/span><\/a><\/td>\n<\/tr>\n<tr style=\"height: 20.0pt;\">\n<td class=\"xl69\" style=\"border: 0.5pt solid gray; background: #b0e40a; height: 20.0pt; border-top: none; text-align: center; vertical-align: middle; padding-top: 1px; padding-right: 1px; padding-left: 1px;\" height=\"27\"><span style=\"font-size: 11pt;\"><span style=\"font-weight: 400;\"><span style=\"font-style: normal;\"><span style=\"text-decoration: none;\"><span style=\"font-family: Calibri,sans-serif;\">ELT C406-1 HM 455-5017<\/span><\/span><\/span><\/span><\/span><\/td>\n<td class=\"xl66\" style=\"border: none; text-align: center; vertical-align: middle; padding-top: 1px; padding-right: 1px; padding-left: 1px;\"><span style=\"font-size: 11pt;\"><span style=\"font-weight: 400;\"><span style=\"font-style: normal;\"><span style=\"text-decoration: none;\"><span style=\"font-family: Calibri,sans-serif;\">110-340 e 110-340-01 (Bordo protettivo)<\/span><\/span><\/span><\/span><\/span><\/td>\n<td class=\"xl66\" style=\"border: none; text-align: center; vertical-align: middle; padding-top: 1px; padding-right: 1px; padding-left: 1px;\"><span style=\"font-size: 11pt;\"><span style=\"font-weight: 400;\"><span style=\"font-style: normal;\"><span style=\"text-decoration: none;\"><span style=\"font-family: Calibri,sans-serif;\">455-6196<\/span><\/span><\/span><\/span><\/span><\/td>\n<td class=\"xl66\" style=\"border: none; text-align: center; vertical-align: middle; padding-top: 1px; padding-right: 1px; padding-left: 1px;\"><a href=\"https:\/\/www.dropbox.com\/s\/jy5acnvztahv4rr\/455-5017_packlist.pdf?dl=1\"><span style=\"font-size: 11pt;\"><span style=\"font-weight: 400;\"><span style=\"font-style: normal;\"><span style=\"text-decoration: none;\"><span style=\"font-family: Calibri,sans-serif;\">Lista di imballaggio<\/span><\/span><\/span><\/span><\/span><\/a><\/td>\n<\/tr>\n<\/tbody>\n<\/table>\n","protected":false},"excerpt":{"rendered":"<p>L&#8217;Artex C406-1 HM trasmette su tutte e tre le frequenze di emergenza (121,5\/243,0 e 406 MHz). L&#8217;ELT si attiva automaticamente in caso di incidente e trasmette il tono standard a 121,5 e 243,0 MHz. Trasmette inoltre un messaggio digitale codificato a 406 MHz al sistema satellitare Cospas\/Sarsat, consentendo un&#8217;identificazione rapida e riducendo i tempi di intervento delle squadre di ricerca e soccorso.  <\/p>\n","protected":false},"featured_media":137641,"template":"","meta":{"_acf_changed":false,"om_disable_all_campaigns":false},"product_brand":[],"product_cat":[3247],"product_tag":[3042,3571,3568,3566,3565,3569,3567,3564],"class_list":{"0":"post-125439","1":"product","2":"type-product","3":"status-publish","4":"has-post-thumbnail","6":"product_cat-aviazione","7":"product_tag-406-it","8":"product_tag-406-1-it","9":"product_tag-artex-c406-it","10":"product_tag-artex-c406-1-it","11":"product_tag-artex-me-406-it","12":"product_tag-artex-me-406-elt-it","13":"product_tag-artex-me406-it","14":"product_tag-me-406-elt-it","15":"pa_aircraft-type-rotocraft-it","16":"pa_product-elt-soluzioni","17":"pa_product-rescue-beacons-it","18":"pa_product-rescue-beacons-vhf-sart","20":"first","21":"instock","22":"taxable","23":"shipping-taxable","24":"product-type-simple"},"acf":[],"_links":{"self":[{"href":"https:\/\/www.acrartex.com\/it\/wp-json\/wp\/v2\/product\/125439","targetHints":{"allow":["GET"]}}],"collection":[{"href":"https:\/\/www.acrartex.com\/it\/wp-json\/wp\/v2\/product"}],"about":[{"href":"https:\/\/www.acrartex.com\/it\/wp-json\/wp\/v2\/types\/product"}],"wp:featuredmedia":[{"embeddable":true,"href":"https:\/\/www.acrartex.com\/it\/wp-json\/wp\/v2\/media\/137641"}],"wp:attachment":[{"href":"https:\/\/www.acrartex.com\/it\/wp-json\/wp\/v2\/media?parent=125439"}],"wp:term":[{"taxonomy":"product_brand","embeddable":true,"href":"https:\/\/www.acrartex.com\/it\/wp-json\/wp\/v2\/product_brand?post=125439"},{"taxonomy":"product_cat","embeddable":true,"href":"https:\/\/www.acrartex.com\/it\/wp-json\/wp\/v2\/product_cat?post=125439"},{"taxonomy":"product_tag","embeddable":true,"href":"https:\/\/www.acrartex.com\/it\/wp-json\/wp\/v2\/product_tag?post=125439"}],"curies":[{"name":"wp","href":"https:\/\/api.w.org\/{rel}","templated":true}]}}