{"id":125437,"date":"2021-03-16T08:21:05","date_gmt":"2021-03-16T13:21:05","guid":{"rendered":"https:\/\/www.acrartex.com\/products\/aislink-mob\/"},"modified":"2026-05-05T08:02:03","modified_gmt":"2026-05-05T13:02:03","slug":"aislink-mob","status":"publish","type":"product","link":"https:\/\/www.acrartex.com\/it\/products\/aislink-mob\/","title":{"rendered":"AISLink MOB"},"content":{"rendered":"<p>L&#8217;AISLink MOB personal AIS locator beacon o MOB si attiva automaticamente al momento del gonfiaggio del giubbotto di salvataggio, inviando un primo allarme entro 15 secondi a tutti i ricevitori e plotter AIS nelle vicinanze. Vengono trasmessi messaggi di posizionamento e di emergenza MOB che avvisano le imbarcazioni fino a 5 miglia di distanza dalla situazione di emergenza. <\/p>\n<p>Anche con mare moderato, \u00e8 allarmante la rapidit\u00e0 con cui si pu\u00f2 perdere di vista un uomo in mare. L&#8217;AISLink MOB&#8217;integrato GPS individua rapidamente una posizione precisa e la trasmette come parte del messaggio di allarme AIS a tutte le imbarcazioni locali dotate di AIS. L&#8217;AISLink MOB \u00e8 anche in grado di avvisare l&#8217;equipaggio dell&#8217;emergenza attivando l&#8217;allarme DSC sul VHF dell&#8217;imbarcazione. Tutti i ricevitori AIS e i plotter AIS abilitati nel raggio di 5 miglia (a seconda delle condizioni) vengono allertati e una luce stroboscopica integrata ad alta intensit\u00e0 aiuta a posizionarsi con precisione anche in condizioni di scarsa illuminazione. Le potenti batterie al litio metallico garantiscono un&#8217;autonomia di oltre 24 ore e l&#8217;alloggiamento ad alto impatto pu\u00f2 resistere a una caduta in acqua di 20 metri.    <\/p>\n<p>&nbsp;<\/p>\n<h2><strong>Compatibilit\u00e0:  <\/strong><\/h2>\n<p>Si noti che la maggior parte dei moderni plotter AIS e delle unit\u00e0 VHF DSC sono conformi agli standard per la ricezione delle trasmissioni MOB. Tuttavia, si consiglia di verificare la compatibilit\u00e0 con il produttore dell&#8217;apparecchiatura. La funzionalit\u00e0 DSC pu\u00f2 variare - o essere completamente disattivata - in base alle normative dei singoli Paesi.  <\/p>\n<p>&nbsp;<\/p>\n<h2><strong>Caratteristiche e vantaggi:<\/strong><\/h2>\n<ul>\n<li>Doppio allarme tramite AIS e localizzatore personale DSC<\/li>\n<li>A bordo di GPS per un&#8217;eccezionale precisione di localizzazione<\/li>\n<li>Semplice integrazione del giubbotto di salvataggio<\/li>\n<li>Attivazione manuale o automatica<\/li>\n<li>Allerta le imbarcazioni dotate di AIS fino a 5 miglia (4,3 NM) di distanza.<\/li>\n<li>Oltre 24 ore di durata operativa e 7 anni di durata della batteria<\/li>\n<li>Luce stroboscopica a LED ultra-luminosa<\/li>\n<li>Robusto e impermeabile fino a 10 metri<\/li>\n<\/ul>\n","protected":false},"excerpt":{"rendered":"<p>Le situazioni in mare possono essere un po&#8217; meno preoccupanti con il segnalatore di uomo in mare Automatic Identification System (AIS) (MOB). L&#8217;AISLink \u00e8 dotato di tecnologia DSC (Digital Selective Calling) e GPS integrata, in modo da poter raggiungere rapidamente i soccorsi quando ne avete pi\u00f9 bisogno. A differenza dei <a href=\"https:\/\/www.acrartex.com\/it\/products\/resqlink-400-personal-locator-beacon\/\">localizzatori personali<\/a>, che segnalano i satelliti in orbita per la ricerca e il soccorso, l&#8217;AISLink invia un messaggio di allerta in pochi secondi a tutte le imbarcazioni locali dotate di un ricevitore AIS e\/o di un plotter abilitato al sito AIS. Inoltre, l&#8217;allarme DSC della radio VHF dell&#8217;imbarcazione pu\u00f2 essere segnalato per mettere al corrente i primi soccorritori di quanto sta accadendo.   <\/p>\n<p>Controllate regolarmente la nostra scheda di download per gli aggiornamenti del prodotto, comprese le approvazioni e le modifiche manuali.<\/p>\n<p><a href=\"https:\/\/www.acrartex.com\/it\/programmazione-aislink-mob\/\">Configurare AISLink MOB<\/a><\/p>\n<p>&nbsp;<\/p>\n<p>&nbsp;<\/p>\n","protected":false},"featured_media":141780,"template":"","meta":{"_acf_changed":false,"om_disable_all_campaigns":false},"product_brand":[],"product_cat":[2949],"product_tag":[3561,3238,3563,3560,3405,3406,3559,3532,3040,3562,3159,3390,3558,3391,3312,3210],"class_list":{"0":"post-125437","1":"product","2":"type-product","3":"status-publish","4":"has-post-thumbnail","6":"product_cat-marina","7":"product_tag-2886-it","8":"product_tag-ais-it","9":"product_tag-ais-localizzatore-personale","10":"product_tag-ais-mob-it","11":"product_tag-aislink-it","12":"product_tag-aislink-mob-it","13":"product_tag-chiamata-selettiva-digitale","14":"product_tag-dsc-it","15":"product_tag-gps-it","16":"product_tag-localizzatore-personale-dsc","17":"product_tag-mob-it","18":"product_tag-radio-marina","19":"product_tag-radio-marina-vhf","20":"product_tag-traffico-marittimo","21":"product_tag-uomo-a-bordo","22":"product_tag-uomo-in-mare","23":"pa_boat-size-21-40-it","24":"pa_boat-size-40-80-it","25":"pa_boat-size-80-it","26":"pa_boat-type-barca-a-vela","27":"pa_boat-type-motoscafo","28":"pa_boat-type-nave-da-carico","29":"pa_boat-type-noleggio-barche","30":"pa_boat-type-pesca-commerciale","31":"pa_boat-type-rimorchiatore","32":"pa_boat-type-sportcraft-it","33":"pa_boat-type-yacht-it","34":"pa_product-eredita","36":"first","37":"instock","38":"taxable","39":"shipping-taxable","40":"product-type-simple"},"acf":[],"_links":{"self":[{"href":"https:\/\/www.acrartex.com\/it\/wp-json\/wp\/v2\/product\/125437","targetHints":{"allow":["GET"]}}],"collection":[{"href":"https:\/\/www.acrartex.com\/it\/wp-json\/wp\/v2\/product"}],"about":[{"href":"https:\/\/www.acrartex.com\/it\/wp-json\/wp\/v2\/types\/product"}],"wp:featuredmedia":[{"embeddable":true,"href":"https:\/\/www.acrartex.com\/it\/wp-json\/wp\/v2\/media\/141780"}],"wp:attachment":[{"href":"https:\/\/www.acrartex.com\/it\/wp-json\/wp\/v2\/media?parent=125437"}],"wp:term":[{"taxonomy":"product_brand","embeddable":true,"href":"https:\/\/www.acrartex.com\/it\/wp-json\/wp\/v2\/product_brand?post=125437"},{"taxonomy":"product_cat","embeddable":true,"href":"https:\/\/www.acrartex.com\/it\/wp-json\/wp\/v2\/product_cat?post=125437"},{"taxonomy":"product_tag","embeddable":true,"href":"https:\/\/www.acrartex.com\/it\/wp-json\/wp\/v2\/product_tag?post=125437"}],"curies":[{"name":"wp","href":"https:\/\/api.w.org\/{rel}","templated":true}]}}