{"id":125435,"date":"2021-03-16T08:21:28","date_gmt":"2021-03-16T13:21:28","guid":{"rendered":"https:\/\/www.acrartex.com\/products\/aislink-cb1\/"},"modified":"2021-03-16T08:21:28","modified_gmt":"2021-03-16T13:21:28","slug":"aislink-cb1","status":"publish","type":"product","link":"https:\/\/www.acrartex.com\/it\/products\/aislink-cb1\/","title":{"rendered":"AISLink CB1"},"content":{"rendered":"<p><strong>Caratteristiche:<\/strong><\/p>\n<ul>\n<li>Antenna interna GPS <\/li>\n<li>Approvato in tutto il mondo<\/li>\n<li>Basso consumo energetico<\/li>\n<li>Installazione semplice<\/li>\n<li>Modalit\u00e0 silenziosa<\/li>\n<li>Interfacce multiple<\/li>\n<li>Impermeabile (IPx7)<\/li>\n<li>Frequenze predefinite: AIS 1 - 161,975 MHz, AIS 2 - 162,025 MHz<\/li>\n<\/ul>\n<p>ACR AISLink CB1 AIS \u00e8 approvato in tutto il mondo ed \u00e8 un ricetrasmettitore estremamente affidabile che incorpora una serie di comode funzioni per l&#8217;utente. Grazie all&#8217;antenna interna GPS, che rende opzionale un&#8217;antenna esterna, gli utenti possono risparmiare tempo nell&#8217;installazione e risparmiare spazio. Altre caratteristiche di design che offrono ulteriore comodit\u00e0 sono un design piccolo, robusto e impermeabile (certificato IPx7) con un basso consumo energetico.  <\/p>\n<p>L&#8217;AISLink CB1 dispone anche di un&#8217;uscita dati NMEA0183 e NMEA2000 che consente un&#8217;interazione perfetta con i sistemi di navigazione. La possibilit\u00e0 di mettere il ricetrasmettitore in modalit\u00e0 silenziosa garantisce inoltre privacy e sicurezza, in quanto consente agli utenti di disattivare la trasmissione di informazioni identificative pur continuando a vedere le trasmissioni di altre imbarcazioni con AIS. <\/p>\n<p>&nbsp;<\/p>\n<p><a href=\"https:\/\/www.youtube.com\/watch?v=Q9f4lPY1wCg&amp;feature=youtu.be\" target=\"_blank\" rel=\"noopener\">Fare clic qui per guardare il video di installazione rapida di ACR AISLink CB1<\/a><\/p>\n","protected":false},"excerpt":{"rendered":"<p>Questo prodotto \u00e8 stato interrotto e non \u00e8 pi\u00f9 disponibile per la vendita. <a href=\"https:\/\/www.acrartex.com\/products\/automatic-identification-system-aislink-cb2\/\">\u00c8 ora disponibile il nuovo AISLink CB2 Classe B+, per saperne di pi\u00f9<\/a>. <\/p>\n<p>I documenti di supporto per l&#8217;AISLink CB1 sono disponibili nella scheda Download.<\/p>\n<p><span style=\"color: #3366ff;\"><strong>Questo prodotto \u00e8 stato interrotto.<\/strong><\/span><\/p>\n<p>&nbsp;<\/p>\n<p>&nbsp;<\/p>\n","protected":false},"featured_media":137607,"template":"","meta":{"_acf_changed":false,"om_disable_all_campaigns":false},"product_brand":[],"product_cat":[2949,2924],"product_tag":[3238,3554,3405,3555,3552],"class_list":{"0":"post-125435","1":"product","2":"type-product","3":"status-publish","4":"has-post-thumbnail","6":"product_cat-marina","7":"product_cat-senza-categoria","8":"product_tag-ais-it","9":"product_tag-ais-classe-b","10":"product_tag-aislink-it","11":"product_tag-aislink-classe-b","12":"product_tag-classe-b","13":"pa_product-eredita","15":"first","16":"outofstock","17":"product-type-simple"},"acf":[],"_links":{"self":[{"href":"https:\/\/www.acrartex.com\/it\/wp-json\/wp\/v2\/product\/125435","targetHints":{"allow":["GET"]}}],"collection":[{"href":"https:\/\/www.acrartex.com\/it\/wp-json\/wp\/v2\/product"}],"about":[{"href":"https:\/\/www.acrartex.com\/it\/wp-json\/wp\/v2\/types\/product"}],"wp:featuredmedia":[{"embeddable":true,"href":"https:\/\/www.acrartex.com\/it\/wp-json\/wp\/v2\/media\/137607"}],"wp:attachment":[{"href":"https:\/\/www.acrartex.com\/it\/wp-json\/wp\/v2\/media?parent=125435"}],"wp:term":[{"taxonomy":"product_brand","embeddable":true,"href":"https:\/\/www.acrartex.com\/it\/wp-json\/wp\/v2\/product_brand?post=125435"},{"taxonomy":"product_cat","embeddable":true,"href":"https:\/\/www.acrartex.com\/it\/wp-json\/wp\/v2\/product_cat?post=125435"},{"taxonomy":"product_tag","embeddable":true,"href":"https:\/\/www.acrartex.com\/it\/wp-json\/wp\/v2\/product_tag?post=125435"}],"curies":[{"name":"wp","href":"https:\/\/api.w.org\/{rel}","templated":true}]}}