{"id":125419,"date":"2021-08-04T18:10:30","date_gmt":"2021-08-04T23:10:30","guid":{"rendered":"https:\/\/www.acrartex.com\/products\/pathfinder3-sart\/"},"modified":"2021-08-04T18:10:30","modified_gmt":"2021-08-04T23:10:30","slug":"pathfinder3-sart","status":"publish","type":"product","link":"https:\/\/www.acrartex.com\/it\/products\/pathfinder3-sart\/","title":{"rendered":"Pathfinder3 SART"},"content":{"rendered":"<p><a href=\"https:\/\/www.acrartex.com\/products\/pathfinder-pro-sart\/\"><b>Questo prodotto \u00e8 stato aggiornato.<\/b><\/a><\/p>\n<ul>\n<li>Unit\u00e0 compatta che si ripone facilmente nella zattera di salvataggio<\/li>\n<li>Staffa di montaggio a sgancio rapido inclusa<\/li>\n<li>Durata operativa: 96 ore in modalit\u00e0 stand-by; pi\u00f9 di 8 ore in modalit\u00e0 operativa<\/li>\n<li>Custodia in polistirene ad alto impatto progettata per resistere in ambienti difficili<\/li>\n<li>Include un cordino di sicurezza da 10 m e un&#8217;asta pieghevole, entrambi riposti all&#8217;interno del SART.<\/li>\n<li>Impermeabile fino a 10 m (33 piedi)<\/li>\n<li>Batteria al litio a lunga durata sicura per il trasporto (durata di sostituzione di 5 anni) (solo 2714NH)<\/li>\n<li>Certificazione mondiale; conforme agli standard GMDSS, IEC, IMO\/SOLAS 88, ETSI 300 151 e RTCM, approvato FCC, MED<\/li>\n<\/ul>\n","protected":false},"excerpt":{"rendered":"<p><strong>Questo prodotto \u00e8 stato aggiornato. <a href=\"https:\/\/www.acrartex.com\/products\/pathfinder-pro-sart\/\">Fare clic qui<\/a> per l&#8217;aggiornamento del prodotto disponibile.<\/strong><\/p>\n<p>Quando viene interrogata dal radar, questa unit\u00e0 trasmette 12 intensi blip sullo schermo radar, migliorando notevolmente le operazioni di ricerca e salvataggio. Infatti, un transponder di ricerca e salvataggio \u00e8 obbligatorio per tutte le imbarcazioni commerciali che devono conformarsi al GMDSS e per tutte le imbarcazioni che trasportano pi\u00f9 di una zattera di salvataggio. L&#8217;esclusiva modalit\u00e0 di test ACR fornisce un feedback visivo\/acustico che conferma lo stato operativo.  <\/p>\n<p>&nbsp;<\/p>\n<p><a href=\"https:\/\/www.acrartex.com\/products\/pathfinder-pro-sart\/\"><strong>Questo prodotto NON \u00e8 disponibile per le vendite in ecommerce.  <\/strong><\/a><\/p>\n<p>&nbsp;<\/p>\n","protected":false},"featured_media":140004,"template":"","meta":{"_acf_changed":false,"om_disable_all_campaigns":false},"product_brand":[],"product_cat":[2980,2949,2979],"product_tag":[3485,3487,3459,3479,3457,3463,3472,3465,3470,3475,3469,3481,3482,3478,3453,3477,3461,3471,3474,3473,3455,3467,3476],"class_list":{"0":"post-125419","1":"product","2":"type-product","3":"status-publish","4":"has-post-thumbnail","6":"product_cat-commerciale","7":"product_cat-marina","8":"product_cat-off-shore-it","9":"product_tag-2714-it","10":"product_tag-2714nh-it","11":"product_tag-acr-sart-it","12":"product_tag-approvazioni-sart","13":"product_tag-batteria-sart","14":"product_tag-caduta-di-sart","15":"product_tag-gmdss-sart-it","16":"product_tag-jotron-sart-it","17":"product_tag-jotron-tron-sart-it","18":"product_tag-marinaio-sart","19":"product_tag-mcmurdo-sart-it","20":"product_tag-pathfinder2-it","21":"product_tag-pathfinder3-it","22":"product_tag-requisiti-sart","23":"product_tag-sart-it","24":"product_tag-sart-gmdss-it","25":"product_tag-sart-ivf-it","26":"product_tag-test-sart","27":"product_tag-test-sart-it","28":"product_tag-tester-sart","29":"product_tag-transponder-sart","30":"product_tag-tron-sart-it","31":"product_tag-tron-sart-20-it","32":"pa_product-eredita","34":"first","35":"outofstock","36":"taxable","37":"shipping-taxable","38":"product-type-simple"},"acf":[],"_links":{"self":[{"href":"https:\/\/www.acrartex.com\/it\/wp-json\/wp\/v2\/product\/125419","targetHints":{"allow":["GET"]}}],"collection":[{"href":"https:\/\/www.acrartex.com\/it\/wp-json\/wp\/v2\/product"}],"about":[{"href":"https:\/\/www.acrartex.com\/it\/wp-json\/wp\/v2\/types\/product"}],"wp:featuredmedia":[{"embeddable":true,"href":"https:\/\/www.acrartex.com\/it\/wp-json\/wp\/v2\/media\/140004"}],"wp:attachment":[{"href":"https:\/\/www.acrartex.com\/it\/wp-json\/wp\/v2\/media?parent=125419"}],"wp:term":[{"taxonomy":"product_brand","embeddable":true,"href":"https:\/\/www.acrartex.com\/it\/wp-json\/wp\/v2\/product_brand?post=125419"},{"taxonomy":"product_cat","embeddable":true,"href":"https:\/\/www.acrartex.com\/it\/wp-json\/wp\/v2\/product_cat?post=125419"},{"taxonomy":"product_tag","embeddable":true,"href":"https:\/\/www.acrartex.com\/it\/wp-json\/wp\/v2\/product_tag?post=125419"}],"curies":[{"name":"wp","href":"https:\/\/api.w.org\/{rel}","templated":true}]}}