{"id":125411,"date":"2021-04-09T11:17:01","date_gmt":"2021-04-09T16:17:01","guid":{"rendered":"https:\/\/www.acrartex.com\/products\/servizio-di-autocontrollo-dei-radiofari-406link\/"},"modified":"2021-04-09T11:17:01","modified_gmt":"2021-04-09T16:17:01","slug":"servizio-di-autocontrollo-dei-radiofari-406link","status":"publish","type":"product","link":"https:\/\/www.acrartex.com\/it\/products\/servizio-di-autocontrollo-dei-radiofari-406link\/","title":{"rendered":"Servizio di autocontrollo dei radiofari 406Link"},"content":{"rendered":"<p>Ora voi e 5 contatti potete ricevere messaggi di conferma satellitare preconfigurati quando testate il vostro EPIRB o Personal Locator Beacon da ACR, ARTEX e Ocean Signal.<\/p>\n<p>406Link \u00e8 il primo e unico sistema di test satellitare avanzato in grado di ricevere notifiche di autotest dal vostro Personal Locator Beacon (PLB) e dal radiofaro di segnalazione di posizione di emergenza (EPIRB). Questo servizio opzionale in abbonamento \u00e8 stato progettato per migliorare la funzionalit\u00e0 del radiofaro e per fornire a voi e ai vostri cari la conferma del corretto funzionamento del radiofaro tramite i satelliti. <\/p>\n<p>Nota: L&#8217;abbonamento a 406Link \u00e8 indipendente dall&#8217;applicazione ACR Product App utilizzata insieme agli EPIRB GlobalFix V5 e V6 e ai sistemi di rilevamento e controllo del traffico. ResQLink AIS PLB.<\/p>\n<p>406Link funziona inviando un segnale di prova appositamente codificato ai satelliti stazionari GEO, a 22.000 miglia di altezza, a una rete di satelliti di ricerca e soccorso. Una volta che i satelliti ricevono il segnale, questo viene captato dalle stazioni di terra ACR in Nord America. In meno di un minuto, il nostro software brevettato elabora i dati dell&#8217;autotest e invia un messaggio di conferma e un&#8217;immagine della posizione effettiva a voi e ai vostri contatti specificati tramite e-mail e SMS.  <\/p>\n<p>Quando si esegue un autotest GPS, le coordinate di GPS vengono tracciate su una mappa e 406Link include un link nell&#8217;e-mail e\/o nel messaggio di testo SMS che mostra chiaramente la posizione entro 100 metri.<\/p>\n<p>https:\/\/www.youtube.com\/watch?v=dU_zXBAfX00<\/p>\n<p><strong>Con 406Link \u00e8 possibile:  <\/strong><\/p>\n<ul>\n<li>Testate il vostro segnalatore con lo stesso sistema satellitare utilizzato nelle vere operazioni di ricerca e salvataggio<\/li>\n<li>Inviare messaggi di conferma personalizzati via e-mail e SMS a un massimo di 5 contatti\n<ul>\n<li>Inviare la posizione GPS (non disponibile su tutti i modelli di radiofaro)<\/li>\n<\/ul>\n<\/li>\n<li>Migliora la funzionalit\u00e0 del tuo segnalatore ACR, Ocean Signal, o Artex 406 MHz<\/li>\n<li>Creare tranquillit\u00e0 per voi e per i vostri cari<\/li>\n<li>406Link non \u00e8 un servizio di &#8220;check-in&#8221; o di &#8220;sto bene&#8221;, ma un test di conferma unidirezionale che il messaggio di autotest del radiofaro \u00e8 stato ricevuto dagli stessi satelliti di ricerca e soccorso utilizzati in caso di emergenza.<\/li>\n<\/ul>\n<p><strong>Attualmente disponibile solo negli Stati Uniti.<\/strong><\/p>\n","protected":false},"excerpt":{"rendered":"<p>La vendita di nuovi abbonamenti 406Link \u00e8 stata interrotta a partire dal 1\u00b0 settembre 2023. Gli abbonamenti esistenti saranno supportati e continueranno a funzionare normalmente per l&#8217;intero periodo di abbonamento annuale. Il servizio 406Link non sar\u00e0 pi\u00f9 supportato a partire dal 1\u00b0 settembre 2024.  <\/p>\n<p>Mentre il servizio 406Link non sar\u00e0 pi\u00f9 disponibile per l&#8217;acquisto, vi invitiamo a dare un&#8217;occhiata al <a href=\"https:\/\/acrelectronics.lt.acemlnc.com\/Prod\/link-tracker?redirectUrl=aHR0cHMlM0ElMkYlMkZiaXZ5c3RpY2suY29tJTJG&amp;a=%7C%7C798920491%7C%7C&amp;account=acrelectronics.activehosted.com&amp;email=y47OuVGNLVmypvt5SysuK4mcDWscx9eGrUGJW43GCh5nUjWjzE%2B2Wl9%2F%3AXZsLcuuUP%2Fd5fWs60R8xl%2Bdi4p087Lif&amp;s=8c317dd875871e7647efafcf8d0907b8&amp;i=455A691A0A5674&amp;sig=5YcfKU4g3N9zX2LkQhUUFTb1aniVKGLWUYxdT5yGmpaa&amp;iat=1692974463\" data-ac-default-color=\"1\"><span style=\"font-weight: inherit;\">ACR Bivy Stick Comunicatore satellitare<\/span><\/a> <span style=\"font-weight: inherit;\">che non solo consente di inviare messaggi di conferma simili al servizio 406Link, ma permette anche di inviare messaggi a due vie, oltre a numerosi altri vantaggi.<\/span><\/p>\n<p>Si noti che l&#8217;abbonamento a 406Link \u00e8 un servizio opzionale e non \u00e8 necessario affinch\u00e9 il segnalatore funzioni come previsto. Indipendentemente dal fatto che un abbonamento sia collegato al segnalatore, quest&#8217;ultimo trasmetter\u00e0 comunque il messaggio di soccorso e le squadre di ricerca e soccorso saranno in grado di identificare la vostra posizione. <\/p>\n","protected":false},"featured_media":137668,"template":"","meta":{"_acf_changed":false,"om_disable_all_campaigns":false},"product_brand":[],"product_cat":[2950,2949],"product_tag":[],"class_list":{"0":"post-125411","1":"product","2":"type-product","3":"status-publish","4":"has-post-thumbnail","6":"product_cat-allaperto","7":"product_cat-marina","8":"pa_product-eredita","10":"first","11":"instock","12":"virtual","13":"taxable","14":"product-type-subscription"},"acf":[],"_links":{"self":[{"href":"https:\/\/www.acrartex.com\/it\/wp-json\/wp\/v2\/product\/125411","targetHints":{"allow":["GET"]}}],"collection":[{"href":"https:\/\/www.acrartex.com\/it\/wp-json\/wp\/v2\/product"}],"about":[{"href":"https:\/\/www.acrartex.com\/it\/wp-json\/wp\/v2\/types\/product"}],"wp:featuredmedia":[{"embeddable":true,"href":"https:\/\/www.acrartex.com\/it\/wp-json\/wp\/v2\/media\/137668"}],"wp:attachment":[{"href":"https:\/\/www.acrartex.com\/it\/wp-json\/wp\/v2\/media?parent=125411"}],"wp:term":[{"taxonomy":"product_brand","embeddable":true,"href":"https:\/\/www.acrartex.com\/it\/wp-json\/wp\/v2\/product_brand?post=125411"},{"taxonomy":"product_cat","embeddable":true,"href":"https:\/\/www.acrartex.com\/it\/wp-json\/wp\/v2\/product_cat?post=125411"},{"taxonomy":"product_tag","embeddable":true,"href":"https:\/\/www.acrartex.com\/it\/wp-json\/wp\/v2\/product_tag?post=125411"}],"curies":[{"name":"wp","href":"https:\/\/api.w.org\/{rel}","templated":true}]}}