{"id":125408,"date":"2021-04-09T11:17:38","date_gmt":"2021-04-09T16:17:38","guid":{"rendered":"https:\/\/www.acrartex.com\/products\/modulo-di-controllo-remoto-wi-fi\/"},"modified":"2021-04-09T11:17:38","modified_gmt":"2021-04-09T16:17:38","slug":"modulo-di-controllo-remoto-wi-fi","status":"publish","type":"product","link":"https:\/\/www.acrartex.com\/it\/products\/modulo-di-controllo-remoto-wi-fi\/","title":{"rendered":"Modulo di controllo remoto Wi-Fi"},"content":{"rendered":"<p>Per controllare e far funzionare il modulo Wi-Fi \u00e8 necessario:<\/p>\n<ul>\n<li>Smartphone o tablet iOS o Android adatti<\/li>\n<li>GPS se si desidera visualizzare i dati della posizione su un iPad o un altro dispositivo mobile solo Wi-Fi privo di memoria interna. GPS<\/li>\n<\/ul>\n<p>Il modulo Wi-Fi \u00e8 dotato di un cavo di alimentazione\/dati integrato con quattro fili. La funzione di ciascun filo \u00e8 indicata sull&#8217;etichetta del prodotto. Il modulo Wi-Fi dispone di un ingresso NMEA0183 che consente a un GPS esterno di fornire informazioni sulla posizione da visualizzare nell&#8217;app ACR Searchlight. Ci\u00f2 \u00e8 particolarmente utile se il dispositivo mobile non dispone di un GPS interno, come ad esempio un iPad solo Wi-Fi. Se non \u00e8 collegato un GPS esterno, l&#8217;App utilizzer\u00e0 automaticamente il GPS interno del dispositivo mobile e se questo non \u00e8 disponibile, l&#8217;App ACR Searchlight non visualizzer\u00e0 alcuna posizione.    <\/p>\n<p>&nbsp;<\/p>\n<h3>Istruzioni per l&#8217;installazione dell&#8217;applicazione mobile:<\/h3>\n<p><em><strong>iOS - Visitare l&#8217;App Store di Apple, cercare &#8220;ACR Searchlight&#8221; e scaricare l&#8217;applicazione gratuita.<\/strong><\/em><\/p>\n<p><em><strong>Android - Come mostrato nell&#8217;immagine sottostante, accedere alla schermata delle impostazioni &#8220;Schermata di blocco e sicurezza&#8221; del dispositivo mobile che si desidera utilizzare per controllare il searchlight, selezionare l&#8217;opzione per consentire l&#8217;installazione di applicazioni da &#8220;Origini sconosciute&#8221; e fare clic su &#8220;OK&#8221;. Dopo aver completato questi passaggi, <a href=\"https:\/\/www.dropbox.com\/scl\/fi\/7vf72mbbatofnee3bw3mx\/ACR_searchlight_release.apk?rlkey=codcu1zvl5yhy7bryqn29e8pv&amp;dl=1\">fare clic qui<\/a> per installare l&#8217;applicazione mobile ACR Searchlight sul proprio dispositivo. <\/strong><\/em><\/p>\n<p><a href=\"https:\/\/www.acrartex.com\/wp-content\/uploads\/2021\/03\/Android-Searchlight-App_Download-Instructions.png\"><img loading=\"lazy\" decoding=\"async\" class=\" wp-image-83080 aligncenter\" src=\"https:\/\/www.acrartex.com\/wp-content\/uploads\/2021\/03\/Android-Searchlight-App_Download-Instructions-300x265.png\" alt=\"\" width=\"317\" height=\"280\" srcset=\"https:\/\/www.acrartex.com\/wp-content\/uploads\/2021\/03\/Android-Searchlight-App_Download-Instructions-300x265.png 300w, https:\/\/www.acrartex.com\/wp-content\/uploads\/2021\/03\/Android-Searchlight-App_Download-Instructions.png 446w\" sizes=\"auto, (max-width: 317px) 100vw, 317px\" \/><\/a><\/p>\n<p>&nbsp;<\/p>\n<p>&nbsp;<\/p>\n","protected":false},"excerpt":{"rendered":"<p>Questo modulo di controllo remoto Wifi vi dar\u00e0 la possibilit\u00e0 di controllare i vostri RCL-100LED e RCL-100D direttamente dal vostro telefono cellulare.<\/p>\n<p><strong>Nota: l&#8217;applicazione ACR Searchlight \u00e8 disponibile per iOS e Android. Per istruzioni sull&#8217;installazione dell&#8217;applicazione sul proprio dispositivo mobile, consultare la scheda &#8220;Descrizione&#8221; riportata di seguito. <\/strong><\/p>\n<p>&nbsp;<\/p>\n<p><a href=\"https:\/\/www.dropbox.com\/s\/ezakylsa2478sav\/Prop%2065%20-%20DINP%20and%20BPA.pdf?dl=0\">ATTENZIONE: PROP 65<\/a><\/p>\n<p>&nbsp;<\/p>\n<p><span style=\"color: #e74c3c;\">CODICE:<strong> SHIPFREE20<\/strong> Spedizione gratuita via terra per ordini superiori a U$30. Sono esclusi HI e AK <\/span><\/p>\n<p>&nbsp;<\/p>\n","protected":false},"featured_media":137774,"template":"","meta":{"_acf_changed":false,"om_disable_all_campaigns":false},"product_brand":[],"product_cat":[2977,3063,2949,2979,2978],"product_tag":[3403,3404,3401,3129,3123,3068,3400,3399,3402,3119],"class_list":{"0":"post-125408","1":"product","2":"type-product","3":"status-publish","4":"has-post-thumbnail","6":"product_cat-entroterra","7":"product_cat-luci-di-ricerca","8":"product_cat-marina","9":"product_cat-off-shore-it","10":"product_cat-vicino-alla-riva","11":"product_tag-9602-it","12":"product_tag-acr-100-d-it","13":"product_tag-acr-luce-di-mare","14":"product_tag-acr-rcl-100-led-it","15":"product_tag-azienda-di-riflettori","16":"product_tag-faro-da-barca","17":"product_tag-faro-marino-it","18":"product_tag-militare","19":"product_tag-modulo-di-controllo-wifi","20":"product_tag-riflettore","21":"pa_boat-size-21-40-it","22":"pa_boat-size-40-80-it","23":"pa_product-eredita","25":"first","26":"instock","27":"taxable","28":"shipping-taxable","29":"product-type-simple"},"acf":[],"_links":{"self":[{"href":"https:\/\/www.acrartex.com\/it\/wp-json\/wp\/v2\/product\/125408","targetHints":{"allow":["GET"]}}],"collection":[{"href":"https:\/\/www.acrartex.com\/it\/wp-json\/wp\/v2\/product"}],"about":[{"href":"https:\/\/www.acrartex.com\/it\/wp-json\/wp\/v2\/types\/product"}],"wp:featuredmedia":[{"embeddable":true,"href":"https:\/\/www.acrartex.com\/it\/wp-json\/wp\/v2\/media\/137774"}],"wp:attachment":[{"href":"https:\/\/www.acrartex.com\/it\/wp-json\/wp\/v2\/media?parent=125408"}],"wp:term":[{"taxonomy":"product_brand","embeddable":true,"href":"https:\/\/www.acrartex.com\/it\/wp-json\/wp\/v2\/product_brand?post=125408"},{"taxonomy":"product_cat","embeddable":true,"href":"https:\/\/www.acrartex.com\/it\/wp-json\/wp\/v2\/product_cat?post=125408"},{"taxonomy":"product_tag","embeddable":true,"href":"https:\/\/www.acrartex.com\/it\/wp-json\/wp\/v2\/product_tag?post=125408"}],"curies":[{"name":"wp","href":"https:\/\/api.w.org\/{rel}","templated":true}]}}