{"id":125404,"date":"2021-07-28T17:05:51","date_gmt":"2021-07-28T22:05:51","guid":{"rendered":"https:\/\/www.acrartex.com\/products\/sarlink-plb-350b-personal-locator-beacon\/"},"modified":"2021-07-28T17:05:51","modified_gmt":"2021-07-28T22:05:51","slug":"sarlink-plb-350b-personal-locator-beacon","status":"publish","type":"product","link":"https:\/\/www.acrartex.com\/it\/products\/sarlink-plb-350b-personal-locator-beacon\/","title":{"rendered":"SARLink\u2122 PLB-350B Personal Locator Beacon"},"content":{"rendered":"<p><span style=\"color: #3366ff;\"><strong>Questo prodotto \u00e8 stato interrotto.<\/strong><\/span><\/p>\n<p>Uscite in tutta tranquillit\u00e0. Con tre livelli di tecnologia di segnale integrata - posizionamento su GPS, un potente segnale a 406 MHz e capacit\u00e0 di homing a 121,5 MHz - il SARLink\u2122 trasmette in modo rapido e preciso la vostra posizione a una rete mondiale di satelliti di ricerca e soccorso, riducendo i tempi di ricerca e aumentando le vostre possibilit\u00e0 di sopravvivenza. \u00c8 una tecnologia di segnalazione affidabile che ha salvato pi\u00f9 di 50.000 vite<br \/>\ndal 1982.  <\/p>\n<p>Il SARLink\u2122 trasmette un esclusivo segnale di soccorso registrato che non solo dice ai soccorritori dove vi trovate, ma anche chi siete. Il dispositivo di bordo GPS \u00e8 in grado di fissare la vostra posizione entro 100 metri e utilizza un potente segnale a 406 MHz per trasmettere la vostra richiesta di soccorso ai satelliti SAR in orbita. Quando vengono attivati i servizi di ricerca e soccorso locali, un segnale di homing separato e una luce stroboscopica a LED integrata guidano i soccorritori verso la vostra posizione.  <\/p>\n<p>Il SARLink\u2122 \u00e8 leggero e abbastanza piccolo da poter essere facilmente trasportato in uno zaino o in una tasca da sciatori, escursionisti, cacciatori, kayakisti, scalatori, piloti, motoslitte o qualsiasi altro appassionato di outdoor. ACR Esclusivo: La modalit\u00e0 di test di acquisizione incorporata GPS consente di testare la funzionalit\u00e0 di GPS fino a 60 volte nell&#8217;arco della vita<br \/>\ndella batteria. Sfrutta la stessa tecnologia di soccorso testata sul campo utilizzata dall&#8217;esercito americano, dalla Guardia Costiera degli Stati Uniti, dalle forze speciali della NATO e dagli esploratori dell&#8217;Artico.  <\/p>\n","protected":false},"excerpt":{"rendered":"<p>Andate in giro sicuri con il SARLink\u2122 Personal Locator Beacon (PLB). Questo segnalatore di emergenza \u00e8 abbastanza potente da trasmettere un segnale di soccorso unico che non solo dice ai soccorritori dove vi trovate, ma anche chi siete. Questo PLB utilizza un potente segnale a 406 MHz per trasmettere la richiesta di soccorso ai satelliti SAR in orbita, mentre il GPS di bordo fissa la vostra posizione entro 100 metri. Quando vengono attivati i servizi di ricerca e soccorso locali, un segnale di homing separato e una luce stroboscopica a LED integrata collaborano per guidare i primi soccorritori verso la vostra posizione.   <\/p>\n<p><span style=\"color: #3366ff;\"><strong>Questo prodotto \u00e8 stato interrotto.<\/strong><\/span><\/p>\n","protected":false},"featured_media":139929,"template":"","meta":{"_acf_changed":false,"om_disable_all_campaigns":false},"product_brand":[],"product_cat":[2950],"product_tag":[3375,3056,3117,3377,3379,3371,3378,3370,3372,3373,3380,3374,3376],"class_list":{"0":"post-125404","1":"product","2":"type-product","3":"status-publish","4":"has-post-thumbnail","6":"product_cat-allaperto","7":"product_tag-cospas-it","8":"product_tag-cospas-sarsat-it","9":"product_tag-epirbe","10":"product_tag-plb-350-it","11":"product_tag-plb-350b-it","12":"product_tag-radiofaro-di-localizzazione-personale-sarlink","13":"product_tag-sar-it","14":"product_tag-sarlink-it","15":"product_tag-sarlink-406-it","16":"product_tag-sarlink-localizzatore-gps-personale","17":"product_tag-sarlink-plb-350b-it","18":"product_tag-sarsat-it","19":"product_tag-sarsat-cospas-it","20":"pa_product-eredita","22":"first","23":"outofstock","24":"taxable","25":"shipping-taxable","26":"product-type-simple"},"acf":[],"_links":{"self":[{"href":"https:\/\/www.acrartex.com\/it\/wp-json\/wp\/v2\/product\/125404","targetHints":{"allow":["GET"]}}],"collection":[{"href":"https:\/\/www.acrartex.com\/it\/wp-json\/wp\/v2\/product"}],"about":[{"href":"https:\/\/www.acrartex.com\/it\/wp-json\/wp\/v2\/types\/product"}],"wp:featuredmedia":[{"embeddable":true,"href":"https:\/\/www.acrartex.com\/it\/wp-json\/wp\/v2\/media\/139929"}],"wp:attachment":[{"href":"https:\/\/www.acrartex.com\/it\/wp-json\/wp\/v2\/media?parent=125404"}],"wp:term":[{"taxonomy":"product_brand","embeddable":true,"href":"https:\/\/www.acrartex.com\/it\/wp-json\/wp\/v2\/product_brand?post=125404"},{"taxonomy":"product_cat","embeddable":true,"href":"https:\/\/www.acrartex.com\/it\/wp-json\/wp\/v2\/product_cat?post=125404"},{"taxonomy":"product_tag","embeddable":true,"href":"https:\/\/www.acrartex.com\/it\/wp-json\/wp\/v2\/product_tag?post=125404"}],"curies":[{"name":"wp","href":"https:\/\/api.w.org\/{rel}","templated":true}]}}