{"id":125398,"date":"2022-02-07T16:20:41","date_gmt":"2022-02-07T21:20:41","guid":{"rendered":"https:\/\/www.acrartex.com\/products\/elt-4000s\/"},"modified":"2025-04-30T11:24:19","modified_gmt":"2025-04-30T16:24:19","slug":"elt-4000s","status":"publish","type":"product","link":"https:\/\/www.acrartex.com\/it\/products\/elt-4000s\/","title":{"rendered":"ELT 4000S"},"content":{"rendered":"<p><strong>Panoramica del prodotto<\/strong><\/p>\n<p>Il trasmettitore ARTEX <a href=\"https:\/\/www.acrartex.com\/it\/news\/il-sito-di-sopravvivenza-non-al-litio-di-nuova-generazione-emergency-locator-transmitter-e-lanciato-da-artex\/\">ELT 4000S \u00e8 un trasmettitore portatile Survival(S) ELT<\/a> che trasmette su 121,5 e 406 MHz ed \u00e8 esente dai requisiti TSO C142 e DO-227 grazie all&#8217;innovativo sistema a batterie alcaline. Il trasmettitore ELT si basa sul sistema ARTEX ELT 4000 e rappresenta la pi\u00f9 recente tecnologia dei trasmettitori ELT con una batteria priva di litio in un radiofaro di sopravvivenza che consente agli operatori di risparmiare sulle spese di spedizione per il trasporto di merci pericolose. Il ARTEX ELT 4000S \u00e8 galleggiante e si attiva automaticamente quando viene dispiegato in acqua. \u00c8 incluso anche un interruttore di attivazione manuale per l&#8217;uso a terra. Un sistema interno GPS (GNSS) acquisisce i dati di posizione da inserire nella trasmissione a 406 MHz, mentre un cordino consente di agganciarlo a una zattera di salvataggio.    <\/p>\n<p><iframe loading=\"lazy\" title=\"ARTEX ELT 4000S Portable Emergency Locator Transmitter\" width=\"500\" height=\"281\" src=\"https:\/\/www.youtube.com\/embed\/KBgLQOc3Xag?feature=oembed\" frameborder=\"0\" allow=\"accelerometer; autoplay; clipboard-write; encrypted-media; gyroscope; picture-in-picture; web-share\" referrerpolicy=\"strict-origin-when-cross-origin\" allowfullscreen><\/iframe><\/p>\n<p>ARTEX ELT 4000S \u00e8 dotato di un sistema di test di facile lettura che utilizza due indicatori LED. Un LED verde indica l&#8217;esito positivo dell&#8217;autotest. Il cordino da 15 piedi \u00e8 ben riposto nell&#8217;alloggiamento superiore e l&#8217;antenna pieghevole \u00e8 fissata e pu\u00f2 essere dispiegata con una sola mano.   <\/p>\n<p>Il sistema di montaggio approvato TSO offre uno sgancio multiasse per una maggiore flessibilit\u00e0 di installazione. Il sistema di batterie sostituibili dall&#8217;utente offre la possibilit\u00e0 di manutenzione in volo, riducendo i costi di propriet\u00e0. <\/p>\n<p><strong>Caratteristiche del prodotto<\/strong><\/p>\n<ul>\n<li>Approvato dalla FAA e dall&#8217;EASA<\/li>\n<li>Design robusto con galleggiamento incorporato (senza collare galleggiante)<\/li>\n<li>Integrato GPS<\/li>\n<li>Batteria alcalina (esente dai requisiti TSO C142 e DO-227)<\/li>\n<li>Sistema di batterie alcaline sostituibili dall&#8217;utente per cinque anni (sull&#8217;ala)<\/li>\n<li>Esente da condizioni speciali, nessuna spedizione Hazmat<\/li>\n<li>Staffa semplice per un facile utilizzo con una sola mano<\/li>\n<li>Compatibile con i programmatori portatili ARTEX esistenti<\/li>\n<li>Sono disponibili configurazioni di staffe per destrimani e mancini<\/li>\n<\/ul>\n<p>Interessati a conoscere il sito <a href=\"http:\/\/www.gadss.com\">GADSS.com<\/a><\/p>\n","protected":false},"excerpt":{"rendered":"<p>ARTEX ELT 4000S \u00e8 un trasmettitore di sopravvivenza (S) portatile FAA ed EASA ELT che trasmette su 121,5 e 406 MHz. Il trasmettitore ELT si basa sul sistema ARTEX ELT 4000 e rappresenta l&#8217;ultima tecnologia di ELT trasmettitore con batteria senza litio in un radiofaro di sopravvivenza, esente da approvazione TSO C142 e DO-227. Il sistema ARTEX ELT 4000S \u00e8 galleggiante e si attiva automaticamente quando viene dispiegato in acqua. \u00c8 incluso anche un interruttore di attivazione manuale per l&#8217;uso a terra. Un GPS (GNSS) interno acquisisce i dati di posizione da inserire nella trasmissione a 406 MHz, mentre un cordino consente di agganciarlo a una zattera di salvataggio.    <\/p>\n<p>&nbsp;<\/p>\n","protected":false},"featured_media":140551,"template":"","meta":{"_acf_changed":false,"om_disable_all_campaigns":false},"product_brand":[],"product_cat":[3251,3247,3249],"product_tag":[3360,3359,3357,3358],"class_list":{"0":"post-125398","1":"product","2":"type-product","3":"status-publish","4":"has-post-thumbnail","6":"product_cat-aerei-commerciali","7":"product_cat-aviazione","8":"product_cat-jet-daffari","9":"product_tag-do-227a-it","10":"product_tag-elt-4000s-it","11":"product_tag-elt-portatile","12":"product_tag-sopravvivenza-elt","13":"pa_aircraft-type-getti-grandi","14":"pa_aircraft-type-jet-di-medie-dimensioni","15":"pa_aircraft-type-multi-motore","16":"pa_aircraft-type-velivoli-di-linea","18":"first","19":"instock","20":"taxable","21":"shipping-taxable","22":"product-type-simple"},"acf":[],"_links":{"self":[{"href":"https:\/\/www.acrartex.com\/it\/wp-json\/wp\/v2\/product\/125398","targetHints":{"allow":["GET"]}}],"collection":[{"href":"https:\/\/www.acrartex.com\/it\/wp-json\/wp\/v2\/product"}],"about":[{"href":"https:\/\/www.acrartex.com\/it\/wp-json\/wp\/v2\/types\/product"}],"wp:featuredmedia":[{"embeddable":true,"href":"https:\/\/www.acrartex.com\/it\/wp-json\/wp\/v2\/media\/140551"}],"wp:attachment":[{"href":"https:\/\/www.acrartex.com\/it\/wp-json\/wp\/v2\/media?parent=125398"}],"wp:term":[{"taxonomy":"product_brand","embeddable":true,"href":"https:\/\/www.acrartex.com\/it\/wp-json\/wp\/v2\/product_brand?post=125398"},{"taxonomy":"product_cat","embeddable":true,"href":"https:\/\/www.acrartex.com\/it\/wp-json\/wp\/v2\/product_cat?post=125398"},{"taxonomy":"product_tag","embeddable":true,"href":"https:\/\/www.acrartex.com\/it\/wp-json\/wp\/v2\/product_tag?post=125398"}],"curies":[{"name":"wp","href":"https:\/\/api.w.org\/{rel}","templated":true}]}}