{"id":125391,"date":"2023-01-10T13:30:30","date_gmt":"2023-01-10T18:30:30","guid":{"rendered":"https:\/\/www.acrartex.com\/products\/offerta-esclusiva-boatus-gennaio-2023\/"},"modified":"2023-01-10T13:30:30","modified_gmt":"2023-01-10T18:30:30","slug":"offerta-esclusiva-boatus-gennaio-2023","status":"publish","type":"product","link":"https:\/\/www.acrartex.com\/it\/products\/offerta-esclusiva-boatus-gennaio-2023\/","title":{"rendered":"Offerta esclusiva BoatUS - Gennaio 2023"},"content":{"rendered":"<p>Offerta a tempo limitato<\/p>\n","protected":false},"excerpt":{"rendered":"<p>Siamo lieti di offrire un valore eccezionale ai membri di BoatUS che acquistano un kit di sopravvivenza ResQLink View e il kit di accessori Pouch e Carabiner con velcro. <strong>Aggiungete questi due articoli al vostro carrello qui sotto, visualizzate il vostro carrello, quindi inserite il codice coupon BUSKit2023<\/strong> <strong>e cliccate su &#8220;Apply Coupon&#8221;<\/strong> per ricevere il vostro ResQLink View PLB <a href=\"https:\/\/www.acrartex.com\/products\/resqlink-view\">(Per saperne di pi\u00f9<\/a>) e ricevere anche i seguenti articoli gratuitamente:<\/p>\n<ul>\n<li>Luce di soccorso C-Strobe\u2122 H2O - <a href=\"https:\/\/www.acrartex.com\/products\/c-strobe-h20\">Per saperne di pi\u00f9<\/a><\/li>\n<li>Fischietto Res-Q\u2122 - <a href=\"https:\/\/www.acrartex.com\/products\/ww-3-res-q-whistle\">Per saperne di pi\u00f9<\/a><\/li>\n<li>Astuccio e moschettone con cinturino in velcro - <a href=\"https:\/\/www.acrartex.com\/products\/pouch-and-carabiner-with-velcro-strap\/\">Per saperne di pi\u00f9<\/a><\/li>\n<li>RapidDitch Borsa a secco<\/li>\n<li>Specchio di segnalazione<\/li>\n<\/ul>\n<p><strong>Nota: Il ResQLink View PLB acquistato da solo ha un prezzo di 399,95 dollari, ma i membri di BoatUS che utilizzano il codice coupon BUSKit2023 riceveranno tutti gli articoli di cui sopra a 399,95 dollari acquistando almeno un kit di sopravvivenza ResQLink View e un kit di accessori Pouch e Carabiner con velcro.<\/strong><\/p>\n<p>Ovunque vi porti la vostra avventura, che si tratti di un viaggio verso le vette pi\u00f9 alte, i terreni pi\u00f9 sconosciuti o gli oceani pi\u00f9 vasti, potete essere certi della vostra sicurezza quando mettete in valigia il vostro kit di sopravvivenza ResQLink View . \u00c8 sufficiente attivare ResQLink View l&#8217;antenna, premere il pulsante di accensione e il segnalatore far\u00e0 il resto per voi, guidando senza sforzo i soccorritori fino a un raggio di 100 metri o meno dalla vostra posizione e fornendo lo stato del segnalatore e le coordinate GPS in tempo reale sul display digitale integrato. <\/p>\n<p>Quando le squadre di ricerca e soccorso arrivano sul posto, la luce stroboscopica a LED C-Strobe H2O attira l&#8217;attenzione dei soccorritori di notte o, nelle ore diurne, utilizza lo specchio di segnalazione per attirare la loro attenzione. Riponete tutto l&#8217;equipaggiamento di emergenza all&#8217;interno della Dry Bag di RapidDitch per avere sempre a portata di mano il vostro kit di sopravvivenza. <\/p>\n<p>Inoltre, il kit di accessori ACR Pouch and Carabiner with Velcro offre numerose opzioni di indossabilit\u00e0 per il vostro ResQLink View PLB . Questo kit, che si rivolge a una variet\u00e0 di applicazioni, \u00e8 un importante complemento per l&#8217;equipaggiamento di sicurezza, in quanto aiuta a garantire che il dispositivo ResQLink View sia sempre a portata di mano, in modo da poterlo avere a portata di mano quando se ne ha pi\u00f9 bisogno. <\/p>\n<p>&nbsp;<\/p>\n<p><a href=\"https:\/\/www.dropbox.com\/s\/fk04stqsp2hgk5f\/Prop%2065%20-%20DEHP.pdf?dl=0\">ATTENZIONE: PROP 65<\/a><\/p>\n<p>&nbsp;<\/p>\n","protected":false},"featured_media":141514,"template":"","meta":{"_acf_changed":false,"om_disable_all_campaigns":false},"product_brand":[],"product_cat":[2924],"product_tag":[],"class_list":{"0":"post-125391","1":"product","2":"type-product","3":"status-publish","4":"has-post-thumbnail","6":"product_cat-senza-categoria","8":"first","9":"instock","10":"taxable","11":"shipping-taxable","12":"product-type-grouped"},"acf":[],"_links":{"self":[{"href":"https:\/\/www.acrartex.com\/it\/wp-json\/wp\/v2\/product\/125391","targetHints":{"allow":["GET"]}}],"collection":[{"href":"https:\/\/www.acrartex.com\/it\/wp-json\/wp\/v2\/product"}],"about":[{"href":"https:\/\/www.acrartex.com\/it\/wp-json\/wp\/v2\/types\/product"}],"wp:featuredmedia":[{"embeddable":true,"href":"https:\/\/www.acrartex.com\/it\/wp-json\/wp\/v2\/media\/141514"}],"wp:attachment":[{"href":"https:\/\/www.acrartex.com\/it\/wp-json\/wp\/v2\/media?parent=125391"}],"wp:term":[{"taxonomy":"product_brand","embeddable":true,"href":"https:\/\/www.acrartex.com\/it\/wp-json\/wp\/v2\/product_brand?post=125391"},{"taxonomy":"product_cat","embeddable":true,"href":"https:\/\/www.acrartex.com\/it\/wp-json\/wp\/v2\/product_cat?post=125391"},{"taxonomy":"product_tag","embeddable":true,"href":"https:\/\/www.acrartex.com\/it\/wp-json\/wp\/v2\/product_tag?post=125391"}],"curies":[{"name":"wp","href":"https:\/\/api.w.org\/{rel}","templated":true}]}}