{"id":125390,"date":"2023-11-20T14:34:40","date_gmt":"2023-11-20T19:34:40","guid":{"rendered":"https:\/\/www.acrartex.com\/products\/globalfix-v5-v6-cat-ii-rilascio-manuale-epirb-staffa\/"},"modified":"2025-07-29T14:54:43","modified_gmt":"2025-07-29T19:54:43","slug":"globalfix-v5-v6-cat-ii-rilascio-manuale-epirb-staffa","status":"publish","type":"product","link":"https:\/\/www.acrartex.com\/it\/products\/globalfix-v5-v6-cat-ii-rilascio-manuale-epirb-staffa\/","title":{"rendered":"GlobalFix V5\/V6 Cat II Rilascio manuale EPIRB staffa"},"content":{"rendered":"<ul>\n<li>Meccanismo di sgancio manuale semplicissimo e &#8220;grab-and-go&#8221;.<\/li>\n<li>Il montaggio unidirezionale elimina la possibilit\u00e0 di installare EPIRB al contrario.<\/li>\n<li>Il magnete di disattivazione integrato impedisce a EPIRB di trasmettere fino a quando non viene rimosso.<\/li>\n<\/ul>\n","protected":false},"excerpt":{"rendered":"<p>Le condizioni avverse non hanno alcuna possibilit\u00e0 di successo contro la staffa Cat II a sgancio manuale EPIRB. Questa staffa EPIRB \u00e8 costruita per durare, per affrontare anche le avventure pi\u00f9 selvagge. Se la vostra imbarcazione inizia a imbarcare acqua, la staffa EPIRB a sgancio manuale \u00e8 dotata di un semplice meccanismo di sgancio &#8220;grab-and-go&#8221; con un design di montaggio unidirezionale che ne facilita la rimozione e l&#8217;attivazione. Questa staffa \u00e8 adatta solo agli EPIRB GlobalFix\u2122 V5 e GlobalFix\u2122 V6.   <\/p>\n","protected":false},"featured_media":142829,"template":"","meta":{"_acf_changed":false,"om_disable_all_campaigns":false},"product_brand":[],"product_cat":[2980,2977,2987,2949,2979,2978],"product_tag":[3043,3337,3339,3338,3340,3336,3330,3114,3331,3333,3334,3344,3341,3342,3347,3343,3335,3346,3332,3345],"class_list":{"0":"post-125390","1":"product","2":"type-product","3":"status-publish","4":"has-post-thumbnail","6":"product_cat-commerciale","7":"product_cat-entroterra","8":"product_cat-forze-navali","9":"product_cat-marina","10":"product_cat-off-shore-it","11":"product_cat-vicino-alla-riva","12":"product_tag-acr-it","13":"product_tag-cat-2-it","14":"product_tag-cat-2-epirb-staffa","15":"product_tag-cat-ii-it","16":"product_tag-cat-ii-epirb-staffa","17":"product_tag-categoria-2","18":"product_tag-categoria-ii","19":"product_tag-epirb-it","20":"product_tag-il-sea-shelter","21":"product_tag-mare","22":"product_tag-rifugio-marino","23":"product_tag-rifugio-marino-4","24":"product_tag-rlb-43-it","25":"product_tag-rlb-44-it","26":"product_tag-sblocco-manuale","27":"product_tag-sea-shelter-4-it","28":"product_tag-staffa","29":"product_tag-staffa-di-sblocco-manuale","30":"product_tag-staffa-epirb","31":"product_tag-staffa-manuale","32":"pa_boat-size-0-20-it","33":"pa_boat-size-21-40-it","34":"pa_boat-size-40-80-it","35":"pa_boat-size-80-it","36":"pa_boat-type-barca-a-vela","37":"pa_boat-type-motoscafo","38":"pa_boat-type-nave-da-carico","39":"pa_boat-type-noleggio-barche","40":"pa_boat-type-pesca-commerciale","41":"pa_boat-type-rimorchiatore","42":"pa_boat-type-sportcraft-it","43":"pa_boat-type-yacht-it","44":"pa_product-accessori-di-sicurezza","45":"pa_product-rescue-beacons-it","46":"pa_product-rescue-beacons-vhf-sart","48":"first","49":"instock","50":"taxable","51":"shipping-taxable","52":"purchasable","53":"product-type-simple"},"acf":[],"_links":{"self":[{"href":"https:\/\/www.acrartex.com\/it\/wp-json\/wp\/v2\/product\/125390","targetHints":{"allow":["GET"]}}],"collection":[{"href":"https:\/\/www.acrartex.com\/it\/wp-json\/wp\/v2\/product"}],"about":[{"href":"https:\/\/www.acrartex.com\/it\/wp-json\/wp\/v2\/types\/product"}],"wp:featuredmedia":[{"embeddable":true,"href":"https:\/\/www.acrartex.com\/it\/wp-json\/wp\/v2\/media\/142829"}],"wp:attachment":[{"href":"https:\/\/www.acrartex.com\/it\/wp-json\/wp\/v2\/media?parent=125390"}],"wp:term":[{"taxonomy":"product_brand","embeddable":true,"href":"https:\/\/www.acrartex.com\/it\/wp-json\/wp\/v2\/product_brand?post=125390"},{"taxonomy":"product_cat","embeddable":true,"href":"https:\/\/www.acrartex.com\/it\/wp-json\/wp\/v2\/product_cat?post=125390"},{"taxonomy":"product_tag","embeddable":true,"href":"https:\/\/www.acrartex.com\/it\/wp-json\/wp\/v2\/product_tag?post=125390"}],"curies":[{"name":"wp","href":"https:\/\/api.w.org\/{rel}","templated":true}]}}