{"id":125387,"date":"2024-08-16T14:02:09","date_gmt":"2024-08-16T19:02:09","guid":{"rendered":"https:\/\/www.acrartex.com\/products\/exposure-olas-n2k-allarme-di-emergenza-uomo-in-mare-interruttore-di-arresto-motore-senza-fili\/"},"modified":"2026-03-06T08:41:59","modified_gmt":"2026-03-06T13:41:59","slug":"exposure-olas-n2k-allarme-di-emergenza-uomo-in-mare-interruttore-di-arresto-motore-senza-fili","status":"publish","type":"product","link":"https:\/\/www.acrartex.com\/it\/products\/exposure-olas-n2k-allarme-di-emergenza-uomo-in-mare-interruttore-di-arresto-motore-senza-fili\/","title":{"rendered":"EXPOSURE OLAS N2K - Allarme di emergenza uomo in mare, interruttore di arresto motore senza fili"},"content":{"rendered":"<h3>Tracciare pi\u00f9 trasmettitori o singoli tag con facilit\u00e0<\/h3>\n<p>Il dispositivo OLAS N2K opera su larga scala ed \u00e8 in grado di tracciare fino a 25 trasmettitori OLAS intorno a imbarcazioni fino a 100 piedi di lunghezza. Sia che abbiate un&#8217;imbarcazione a motore di grandi dimensioni o una barca a vela, questo dispositivo vi copre. In alternativa, pu\u00f2 essere utilizzato per tracciare un singolo tag su un&#8217;imbarcazione a motore, assicurando che il motore si spenga immediatamente se il timoniere cade in mare.  <\/p>\n<h3><\/h3>\n<h3>Fornito con trasmettitore ricaricabile OLAS T2.<\/h3>\n<p>OLAS T2 \u00e8 un trasmettitore OLAS impermeabile, compatto e ricaricabile. La vibrazione e l&#8217;indicazione luminosa integrate assicurano all&#8217;utente una facile consapevolezza dello stato dell&#8217;etichetta. <\/p>\n<ul>\n<li>Fornito con cinturino da polso e cordino da collo<\/li>\n<li>Avviso di batteria scarica a vibrazione.<\/li>\n<li>Oltre 7 giorni di autonomia con una sola carica.<\/li>\n<li>Tempo di ricarica di 2 ore.<\/li>\n<li>Controllo intelligente del blocco motore.<\/li>\n<\/ul>\n<h3><\/h3>\n<h3>Non perdere mai un evento di Man Overboard<\/h3>\n<p>Con OLAS N2K \u00e8 possibile reagire rapidamente a una situazione di uomo in mare, poich\u00e9 salva automaticamente la posizione del punto di perdita MOB sul plotter. Non \u00e8 pi\u00f9 necessario affidarsi alla memoria umana o rischiare di dimenticarsene. Quando un&#8217;etichetta OLAS viene &#8220;persa&#8221; e si presume che sia finita in mare, vengono emessi pi\u00f9 avvisi contemporaneamente, garantendo la massima sicurezza e consapevolezza.  <\/p>\n<p>&nbsp;<\/p>\n<p>MOB pgn - il segnale di uomo a mare (PGN 127233) viene emesso nella rete NMEA 2000. Qualsiasi dispositivo MOB collegato, programmato per reagire al pgn MOB, verr\u00e0 attivato. <\/p>\n<p>&nbsp;<\/p>\n<p>AIS Safety Broadcast (PGN 129802) - questo avviso emula il messaggio che verrebbe ricevuto da un dispositivo EPIRB o SART con supporto VHF AIS. Il messaggio \u00e8 solo interno e non viene trasmesso dall&#8217;imbarcazione. Il messaggio include la posizione GPS dell&#8217;imbarcazione nel momento in cui \u00e8 stato attivato l&#8217;allarme. Il GPS cartografico pu\u00f2 quindi impostare la marcatura MOB.   <\/p>\n<p>&nbsp;<\/p>\n<h3>Interruttore di sicurezza senza fili per una sicurezza senza pari<\/h3>\n<p>Un interruttore di emergenza senza fili \u00e8 una caratteristica di sicurezza vitale su qualsiasi imbarcazione a motore e il OLAS N2K offre una funzionalit\u00e0 eccezionale a questo proposito. Ecco perch\u00e9 un interruttore di emergenza senza fili \u00e8 cos\u00ec utile: <\/p>\n<ul>\n<li>Sicurezza dell&#8217;operatore: Se l&#8217;operatore cade in mare o viene sbalzato inaspettatamente dall&#8217;imbarcazione, OLAS N2K spegne automaticamente il motore, evitando incidenti e facilitando le operazioni di salvataggio.<\/li>\n<li>Arresto di emergenza: in situazioni pericolose come le collisioni, l&#8217;interruttore di spegnimento wireless consente di spegnere immediatamente il motore, evitando ulteriori danni o lesioni.<\/li>\n<li>Protezione dell&#8217;equipaggio: Estendete i vantaggi della sicurezza ai passeggeri e ai membri dell&#8217;equipaggio dotandoli di targhette separate che possono anche arrestare il motore, se necessario.<\/li>\n<li>Conformit\u00e0 alle normative: Molte autorit\u00e0 nautiche richiedono l&#8217;uso di interruttori di sicurezza in situazioni specifiche. L&#8217;N2K di OLAS garantisce la conformit\u00e0 a queste normative, evitando multe o sanzioni. <\/li>\n<\/ul>\n<p>&nbsp;<\/p>\n<h3>Facile installazione e integrazione per gli avvisi di MOB <\/h3>\n<p>L&#8217;installazione di OLAS N2K \u00e8 un gioco da ragazzi, grazie alla connessione NMEA 2000. Si integra perfettamente nella rete NMEA 2000 esistente dell&#8217;imbarcazione, garantendo un processo di installazione senza problemi. Compatibile con un&#8217;ampia gamma di chart plotter e display multifunzione, OLAS N2K garantisce una facile visualizzazione e risposta agli avvisi.  <\/p>\n<p>&nbsp;<\/p>\n<h3>Modalit\u00e0 di tag personalizzabili per una maggiore flessibilit\u00e0<\/h3>\n<p>OLAS N2K offre tre modalit\u00e0 di tag selezionabili dall&#8217;utente, che consentono di adattare il dispositivo alle proprie esigenze specifiche. \u00c8 possibile passare da una modalit\u00e0 all&#8217;altra senza alcuno sforzo utilizzando l&#8217;applicazione mobile OLAS. Ecco una panoramica delle modalit\u00e0 di etichettatura:  <\/p>\n<ul>\n<li>Modalit\u00e0 predefinita: Ideale per le grandi imbarcazioni a motore e a vela, questa modalit\u00e0 attiva gli allarmi per l&#8217;equipaggio rimanente, spegnendo contemporaneamente il motore. In questo modo si garantisce che tutti siano informati e che l&#8217;imbarcazione sia sotto controllo. <\/li>\n<li>Modalit\u00e0 Crew Tag: Consigliata per l&#8217;equipaggio e i passeggeri di imbarcazioni a motore e a vela, questa modalit\u00e0 avvisa l&#8217;equipaggio rimanente senza spegnere il motore. Consente di effettuare operazioni di soccorso immediate. <\/li>\n<li>Modalit\u00e0 Helm Tag: Specificamente progettata per le imbarcazioni a motore di lunghezza inferiore a 35 piedi, questa modalit\u00e0 agisce come una corda di morte, arrestando l&#8217;imbarcazione quando l&#8217;etichetta supera una distanza personalizzabile dall&#8217;hub. Questa modalit\u00e0 consente all&#8217;utente di allontanarsi e tornare all&#8217;imbarcazione senza far scattare l&#8217;allarme. Non attiva gli allarmi MOB e non deve essere utilizzata come sistema di allarme MOB.  <\/li>\n<\/ul>\n<h3><\/h3>\n<h3>Potenti funzioni dell&#8217;app OLAS per una maggiore sicurezza<\/h3>\n<p>L&#8217;applicazione mobile OLAS offre ulteriori funzioni che migliorano ulteriormente la vostra sicurezza in acqua:<\/p>\n<ul>\n<li>Modalit\u00e0 Solo: Per i diportisti che operano in zone costiere o su imbarcazioni con connettivit\u00e0 offshore, la modalit\u00e0 Solo consente l&#8217;invio automatico di messaggi SOS. In caso di evento MOB, viene inviato un SMS di soccorso al numero di emergenza preimpostato, contenente informazioni essenziali sull&#8217;imbarcazione. <\/li>\n<li>Rintracciabilit\u00e0 e posizione dell&#8217;ultimo avvistamento: L&#8217;app OLAS genera una freccia di direzione e un record di distanza facili da seguire per aiutare i soccorritori a tornare alla posizione MOB. Vengono inoltre visualizzate la latitudine e la longitudine dell&#8217;allarme MOB, per consentire un coordinamento efficace con i servizi di soccorso o le imbarcazioni vicine. <\/li>\n<li>Informazioni Mayday VHF automatiche: L&#8217;applicazione genera automaticamente uno script VHF che include le informazioni sull&#8217;imbarcazione e i dati relativi alla posizione dell&#8217;ultimo avvistamento. In questo modo \u00e8 possibile emettere una chiamata Mayday accurata via VHF, massimizzando le possibilit\u00e0 di un rapido salvataggio. <\/li>\n<\/ul>\n<p>&nbsp;<\/p>\n<p><strong>Nella confezione:<\/strong> OLAS N2K, cavo di collegamento NMEA 2000 (1 m), interruttore di controllo in acciaio inox (0,5 m), cavo di collegamento al motore (0,5 m) + 3 connettori marini, OLAS T2 Tag + caricabatterie USB + cinghia in silicone + cordino da collo, Guida all&#8217;uso.<\/p>\n","protected":false},"excerpt":{"rendered":"<p>Migliorate la vostra esperienza di navigazione e garantite la sicurezza vostra e del vostro equipaggio con OLAS N2K. Questo straordinario dispositivo funge da allarme MOB, da interruttore di spegnimento del motore senza fili o da entrambi e si integra con la rete NMEA 2000 per fornire una soluzione di sicurezza completa, garantendo che gli avvisi di MOB vengano comunicati in modo rapido ed efficace attraverso i sistemi dell&#8217;imbarcazione, migliorando la sicurezza generale e le capacit\u00e0 di risposta dell&#8217;equipaggio. <\/p>\n<p>&nbsp;<\/p>\n<h4 class=\"Title\">Compatibilit\u00e0 del prodotto:<\/h4>\n<div class=\"Content\" data-height-match-group=\"\"><span class=\"FeatureName\">OLAS T2,<\/span> <span class=\"FeatureName\">OLAS Tag, OLAS FloatOn e OLAS Extender<\/span><\/div>\n<div data-height-match-group=\"\"><\/div>\n<div data-height-match-group=\"\"><a href=\"https:\/\/www.dropbox.com\/s\/fk04stqsp2hgk5f\/Prop%2065%20-%20DEHP.pdf?dl=0\">ATTENZIONE: PROP 65<\/a><\/div>\n<p>&nbsp;<\/p>\n","protected":false},"featured_media":163622,"template":"","meta":{"_acf_changed":false,"om_disable_all_campaigns":false},"product_brand":[],"product_cat":[2980,2977,2949,2979,2978],"product_tag":[3325,3322,3321,3320,3214,3189,3319,3324,3313,3159,3316,3317,3318,3187,3193,3326,3327,3328,3329,3315,3323,3312,3314],"class_list":{"0":"post-125387","1":"product","2":"type-product","3":"status-publish","4":"has-post-thumbnail","6":"product_cat-commerciale","7":"product_cat-entroterra","8":"product_cat-marina","9":"product_cat-off-shore-it","10":"product_cat-vicino-alla-riva","11":"product_tag-allarme-barca-di-emergenza","12":"product_tag-allarme-nmea-mob","13":"product_tag-allarme-uomo-a-mare","14":"product_tag-allarme-uomo-in-mare","15":"product_tag-bluetooth-it","16":"product_tag-exposure-it","17":"product_tag-interruttore-di-spegnimento","18":"product_tag-interruttore-di-spegnimento-del-motore-it","19":"product_tag-interruttore-di-spegnimento-del-motore","20":"product_tag-mob-it","21":"product_tag-n2k-it","22":"product_tag-nmea-2000-it","23":"product_tag-nmea2000-it","24":"product_tag-olas-it","25":"product_tag-olas-bluetooth-it","26":"product_tag-plotter-cartografico","27":"product_tag-plotter-cartografico-marino","28":"product_tag-plotter-cartografico-per-imbarcazioni","29":"product_tag-plotter-cartografico-per-yacht","30":"product_tag-spegnimento-del-motore","31":"product_tag-spegnimento-del-motore-senza-fili","32":"product_tag-uomo-a-bordo","33":"product_tag-uscg-it","35":"first","36":"instock","37":"taxable","38":"shipping-taxable","39":"purchasable","40":"product-type-simple"},"acf":[],"_links":{"self":[{"href":"https:\/\/www.acrartex.com\/it\/wp-json\/wp\/v2\/product\/125387","targetHints":{"allow":["GET"]}}],"collection":[{"href":"https:\/\/www.acrartex.com\/it\/wp-json\/wp\/v2\/product"}],"about":[{"href":"https:\/\/www.acrartex.com\/it\/wp-json\/wp\/v2\/types\/product"}],"wp:featuredmedia":[{"embeddable":true,"href":"https:\/\/www.acrartex.com\/it\/wp-json\/wp\/v2\/media\/163622"}],"wp:attachment":[{"href":"https:\/\/www.acrartex.com\/it\/wp-json\/wp\/v2\/media?parent=125387"}],"wp:term":[{"taxonomy":"product_brand","embeddable":true,"href":"https:\/\/www.acrartex.com\/it\/wp-json\/wp\/v2\/product_brand?post=125387"},{"taxonomy":"product_cat","embeddable":true,"href":"https:\/\/www.acrartex.com\/it\/wp-json\/wp\/v2\/product_cat?post=125387"},{"taxonomy":"product_tag","embeddable":true,"href":"https:\/\/www.acrartex.com\/it\/wp-json\/wp\/v2\/product_tag?post=125387"}],"curies":[{"name":"wp","href":"https:\/\/api.w.org\/{rel}","templated":true}]}}