{"id":125378,"date":"2023-04-10T16:25:24","date_gmt":"2023-04-10T21:25:24","guid":{"rendered":"https:\/\/www.acrartex.com\/products\/elt-4000m-hm\/"},"modified":"2025-05-01T08:44:24","modified_gmt":"2025-05-01T13:44:24","slug":"elt-4000m-hm","status":"publish","type":"product","link":"https:\/\/www.acrartex.com\/it\/products\/elt-4000m-hm\/","title":{"rendered":"ELT 4000M HM"},"content":{"rendered":"<p>Il nuovissimo ARTEX ELT 4000M HM \u00e8 un Emergency Locator Transmitter (ELT) a 3 frequenze per il mercato degli aeromobili che utilizza batterie alcaline. Questa innovativa fonte di alimentazione fa s\u00ec che il ELT 4000M HM sia completamente esente dai requisiti FAA sulle condizioni speciali. ARTEX ELT I vantaggi del 4000M HM in termini di costi di gestione includono una spesa inferiore per ciclo di batterie, nessuna spedizione di materiale pericoloso e facilit\u00e0 di smaltimento. L&#8217;interfaccia NAV integrata (ARINC429) non richiede l&#8217;installazione di un&#8217;unit\u00e0 di interfaccia NAV separata.   <\/p>\n<p>&nbsp;<\/p>\n<p><strong>Come funziona ARTEX ELT 4000M HM<\/strong><\/p>\n<p>Il ARTEX ELT 4000M HM pu\u00f2 essere attivato manualmente (tramite l&#8217;interruttore remoto della cabina di pilotaggio) o automaticamente (il G-Switch rileva un impatto di 2,3G o superiore) e avvisa l&#8217;agenzia di ricerca e soccorso pi\u00f9 vicina di un&#8217;emergenza. Il segnale a 406 MHz, contenente le coordinate del velivolo GPS, viene trasmesso ai satelliti Cospas-Sarsat e rilanciato al Centro di controllo della missione, dove viene immediatamente indirizzato all&#8217;agenzia di ricerca e soccorso pi\u00f9 vicina. Il radiofaro fornisce ai primi soccorritori la posizione esatta entro 100 metri. Infine, i segnali di homing a 121,5 e 243,0 MHz aiutano le forze di ricerca e soccorso a terra a trovare la posizione dell&#8217;emergenza.   <\/p>\n<p>&nbsp;<\/p>\n<p><strong>Facilit\u00e0 di installazione e retrofit<\/strong><\/p>\n<p>ARTEX ELT 4000M HM offre un&#8217;opportunit\u00e0 di retrofit semplice e veloce con opzioni di installazione flessibili, come l&#8217;interruttore remoto a due fili che non richiede l&#8217;alimentazione dell&#8217;aereo. ELT Il 4000M HM \u00e8 approvato TSO con i sistemi di interruttori e antenne Legacy per facilitare il retrofit. Trattandosi di un&#8217;uscita singola ELT, ARTEX ELT 4000M HM utilizza la stessa uscita RF e un solo cavo coassiale per trasmettere segnali a 406 MHz, 121,5 MHz e 243,0 MHz. L&#8217;interfaccia di navigazione integrata riduce la necessit\u00e0 di montare un&#8217;interfaccia esterna secondaria, riducendo notevolmente i costi di installazione. Il gruppo del vassoio di montaggio si adatta all&#8217;installazione dei sistemi ARTEX C e B della serie ELT, riducendo ulteriormente i costi di progettazione.    <\/p>\n<p>&nbsp;<\/p>\n<p><strong>Caratteristiche del prodotto<\/strong><\/p>\n<ul>\n<li>Automatico Fisso Emergency Locator Transmitter<\/li>\n<li>Segnale di soccorso a 3 frequenze, digitale 406 MHz e analogico 121,5 MHz e 243,0 MHz.<\/li>\n<li>Antenna a doppia banda con connettore singolo e cavo per il trasmettitore<\/li>\n<li>Compatibile con le antenne tradizionali<\/li>\n<li>Facile manutenzione e installazione<\/li>\n<li>Sono disponibili numerose opzioni di interruttori remoti per il pozzetto<\/li>\n<li>Pu\u00f2 essere collegato al sito GPS tramite l&#8217;interfaccia ARINC429 integrata.<\/li>\n<li>GPS I dati sono incorporati nella trasmissione digitale, riducendo il raggio di ricerca fino a 100 metriCospas-Sarsat Type Approved<\/li>\n<li>Compatibile con il sistema di test di conferma satellitare ARTEX 406Test.com<\/li>\n<li>Durata della batteria di 5 anni (sostituibile). Spedizione non pericolosa. <\/li>\n<\/ul>\n<p><strong>Elenchi di confezioni<\/strong><\/p>\n<p><a href=\"https:\/\/www.dropbox.com\/scl\/fi\/66srmtbef84du2j1inktb\/8268A.pdf?rlkey=f3pwnc4za6m0728rq3sp4rwi4&amp;dl=1\">8268<\/a><br \/>\n<a href=\"https:\/\/www.dropbox.com\/scl\/fi\/7c8k7n0o89y7puw1u6yti\/8269A.pdf?rlkey=e0pa0un3tqsga4501s4tet0ao&amp;dl=1\">8269<\/a><\/p>\n","protected":false},"excerpt":{"rendered":"<p>L&#8217;ambiente normativo per le batterie al litio \u00e8 cambiato e ELT 4000M HM \u00e8 qui per questo. ACR fornisce progetti di sistemi di batterie innovativi che assicurano un percorso di certificazione senza problemi. Artex ELT 4000M HM \u00e8 un sistema a 3 frequenze ELT che \u00e8 completamente esente da qualsiasi problema di conformit\u00e0 delle batterie al litio della FAA e che viene spedito senza problemi.  <\/p>\n<p>&nbsp;<\/p>\n<p><a href=\"https:\/\/www.acrartex.com\/products\/406test-elt-self-testing-service\/\"><img loading=\"lazy\" decoding=\"async\" class=\"alignnone\" style=\"width: 300px; height: 41px;\" src=\"\/\/dk2ztu5ooimmu.cloudfront.net\/ckeditor_assets\/pictures\/146\/406Test_with_desc_-_Tag.gif\" alt=\"\" width=\"641\" height=\"88\"><\/a><\/p>\n<p><a href=\"mailto:ArtexSales@acrartex.com?subject=ELT%204000% 20Sales%20Question\"><img decoding=\"async\" style=\"width: 200px; height: 168px;\" src=\"\/\/dk2ztu5ooimmu.cloudfront.net\/ckeditor_assets\/pictures\/147\/ARTEX_-_ELT_4000_Ad_Bubble.gif\" alt=\"\"><\/a><\/p>\n","protected":false},"featured_media":137643,"template":"","meta":{"_acf_changed":false,"om_disable_all_campaigns":false},"product_brand":[],"product_cat":[3251,3247,3250],"product_tag":[3284,3295,3296,3306,3298,3281,3302,3288,3294,3300,3301,3282,3292,3293,3287,3278,3280,3305,3299,3303,3304,3285,3286,3290,3291,3289,3279,3283,3297],"class_list":{"0":"post-125378","1":"product","2":"type-product","3":"status-publish","4":"has-post-thumbnail","6":"product_cat-aerei-commerciali","7":"product_cat-aviazione","8":"product_cat-rotocraft-it","9":"product_tag-1215-elt-aggiornamento","10":"product_tag-243-mhz-it","11":"product_tag-2430-mhz","12":"product_tag-2430-mhz-elt","13":"product_tag-3-frequenza","14":"product_tag-4000-it","15":"product_tag-4000-mhm-it","16":"product_tag-4000hm-it","17":"product_tag-4000m-it","18":"product_tag-4000m-hm-it","19":"product_tag-4000mhm-it","20":"product_tag-406-mhz-elt-it","21":"product_tag-alcalino","22":"product_tag-condizioni-speciali","23":"product_tag-condizioni-speciali-del-litio","24":"product_tag-elt-it","25":"product_tag-elt-4000-it","26":"product_tag-elt-4000-mhm-it","27":"product_tag-elt-4000m-it","28":"product_tag-elt-4000m-hm-it","29":"product_tag-elt-4000mhm-it","30":"product_tag-elt-aggiornamento","31":"product_tag-elt4000-it","32":"product_tag-no-litio","33":"product_tag-non-pericolosi","34":"product_tag-senza-litio","35":"product_tag-trasmettitore-di-localizzazione-di-emergenza","36":"product_tag-trasmettitore-di-posizione-di-emergenza","37":"product_tag-tri-frequenza","38":"pa_aircraft-type-velivoli-di-linea","39":"pa_product-elt-soluzioni","41":"first","42":"instock","43":"taxable","44":"shipping-taxable","45":"product-type-simple"},"acf":[],"_links":{"self":[{"href":"https:\/\/www.acrartex.com\/it\/wp-json\/wp\/v2\/product\/125378","targetHints":{"allow":["GET"]}}],"collection":[{"href":"https:\/\/www.acrartex.com\/it\/wp-json\/wp\/v2\/product"}],"about":[{"href":"https:\/\/www.acrartex.com\/it\/wp-json\/wp\/v2\/types\/product"}],"wp:featuredmedia":[{"embeddable":true,"href":"https:\/\/www.acrartex.com\/it\/wp-json\/wp\/v2\/media\/137643"}],"wp:attachment":[{"href":"https:\/\/www.acrartex.com\/it\/wp-json\/wp\/v2\/media?parent=125378"}],"wp:term":[{"taxonomy":"product_brand","embeddable":true,"href":"https:\/\/www.acrartex.com\/it\/wp-json\/wp\/v2\/product_brand?post=125378"},{"taxonomy":"product_cat","embeddable":true,"href":"https:\/\/www.acrartex.com\/it\/wp-json\/wp\/v2\/product_cat?post=125378"},{"taxonomy":"product_tag","embeddable":true,"href":"https:\/\/www.acrartex.com\/it\/wp-json\/wp\/v2\/product_tag?post=125378"}],"curies":[{"name":"wp","href":"https:\/\/api.w.org\/{rel}","templated":true}]}}