{"id":125377,"date":"2024-01-30T08:50:30","date_gmt":"2024-01-30T13:50:30","guid":{"rendered":"https:\/\/www.acrartex.com\/products\/bivy-stick-mesh-comunicatore-satellitare\/"},"modified":"2026-03-06T09:35:41","modified_gmt":"2026-03-06T14:35:41","slug":"bivy-stick-mesh-comunicatore-satellitare","status":"publish","type":"product","link":"https:\/\/www.acrartex.com\/it\/products\/bivy-stick-mesh-comunicatore-satellitare\/","title":{"rendered":"Bivy Stick MESH - Comunicatore satellitare"},"content":{"rendered":"<p><span style=\"font-weight: 400;\">Bivy<\/span> <b>Bivy MESH<\/b> <span style=\"font-weight: 400;\">non \u00e8 solo un dispositivo: \u00e8 un progresso rivoluzionario nella<\/span> <b>comunicazione aziendale per le operazioni da remoto<\/b><span style=\"font-weight: 400;\">. Progettato per mantenere i team connessi anche negli ambienti pi\u00f9 difficili, offre  <\/span><b>Connettivit\u00e0 dual-mode senza interruzioni<\/b> <span style=\"font-weight: 400;\">, che commuta in modo intelligente tra <strong>la<\/strong><\/span> <b>rete satellitare Global Iridium\u00ae<\/b> <span style=\"font-weight: 400;\">e<\/span> la <b>rete mesh abilitata per LoRa\u00ae,<\/b> <span style=\"font-weight: 400;\">per un&#8217;affidabilit\u00e0 e una copertura senza pari.<\/span><\/p>\n<p>&nbsp;<\/p>\n<p>Potenziare la comunicazione a distanza:<\/p>\n<ul>\n<li><strong>Copertura satellitare globale Iridium:<\/strong> Operate con fiducia ovunque sulla Terra, sfruttando l&#8217;impareggiabile costellazione di satelliti Iridium per comunicazioni costanti.<\/li>\n<li><strong>Rete mesh abilitata LoRa\u00ae:<\/strong> Reti mesh autoformanti che consentono la messaggistica in tempo reale e l&#8217;aggiornamento della posizione su GPS per un migliore coordinamento del team.<\/li>\n<\/ul>\n<p><strong> <\/strong><\/p>\n<p><span style=\"font-weight: 400;\">ACR Bivy ha costantemente guidato il settore, introducendo per primo la comunicazione di gruppo e il tracciamento satellitare per un massimo di 12 Bivy Stick. Ora, con l&#8217;integrazione MESH con LoRa\u00ae, Bivy alza ulteriormente l&#8217;asticella, consolidando la sua posizione di soluzione di comunicazione leader per i team che operano in luoghi isolati. <\/span><\/p>\n<h2>Bivy Stick MESH Caratteristiche:<\/h2>\n<ul>\n<li><strong>Doppia modalit\u00e0 di comunicazione<\/strong>: Combina in modo unico la rete mesh abilitata LoRa\u00ae con la robusta comunicazione satellitare globale, offrendo una connettivit\u00e0 senza precedenti in ambienti diversi, stabilendo un nuovo standard nella tecnologia di comunicazione per esterni.\n<ul>\n<li><strong>Comunicazione satellitare globale<\/strong>:<br \/>\nAffidatevi alla rete Iridium per una connettivit\u00e0 globale e costante anche nelle localit\u00e0 pi\u00f9 isolate.<\/li>\n<li><strong>Reti mesh abilitate LoRa\u00ae:<br \/>\n<\/strong> Migliora il coordinamento del team con la rete mesh per connessioni dirette da dispositivo a dispositivo fino a un miglio di distanza, supportando fino a 12 dispositivi.<\/li>\n<\/ul>\n<\/li>\n<li><strong>Messaggistica abilitata LoRa\u00ae:<\/strong> trasmissione di messaggi da dispositivo a dispositivo in pochi secondi, notevolmente pi\u00f9 veloce rispetto alle tradizionali comunicazioni satellitari che possono richiedere minuti tra dispositivi.<\/li>\n<\/ul>\n<ul>\n<li><strong>Adatto ad ambienti difficili: <span style=\"font-weight: 400;\">progettato per funzionare senza problemi in luoghi estremi, da fitti boschi con chiome spesse ad aree ricche di strutture in cemento, affermandosi come una risorsa essenziale per le squadre e i primi soccorritori in zone con segnale compromesso.<\/span><\/strong><\/li>\n<li><strong>Messaggistica di gruppo:<\/strong> Gli utenti possono facilmente creare e partecipare a chat di gruppo all&#8217;interno della rete mesh, consentendo un coordinamento e una comunicazione efficienti tra team o gruppi di persone.<\/li>\n<li style=\"font-weight: 400;\" aria-level=\"1\"><b>Condivisione della posizione in tempo reale:<\/b> <span style=\"font-weight: 400;\">i dispositivi consentono agli utenti di condividere la propria posizione in tempo reale con altri utenti della rete mesh, migliorando la sicurezza e consentendo un coordinamento efficiente durante le attivit\u00e0 all&#8217;aperto e le emergenze.<\/span><\/li>\n<li><strong>Intelligenza di rete MESH: <\/strong>Monitora la potenza del segnale cellulare e satellitare di ogni dispositivo all&#8217;interno della rete, instradando in modo intelligente i messaggi verso i dispositivi con connessioni migliori per ottimizzare l&#8217;efficienza della comunicazione.<\/li>\n<li><strong>Trasmissione intelligente dei messaggi<\/strong>: Il bastone MESH di Bivy pu\u00f2 fungere da nodo di comunicazione per ritrasmettere i messaggi senza soluzione di continuit\u00e0, da dispositivo a dispositivo o via satellite, massimizzando l&#8217;efficienza della comunicazione.<\/li>\n<li><strong>Batteria di riserva SOS:<\/strong> Dotata di una batteria di riserva SOS dedicata di 24 ore, che garantisce il mantenimento del segnale SOS in caso di emergenza.<\/li>\n<li><strong>Robusto e impermeabile:<\/strong><\/li>\n<li style=\"font-weight: 400;\" aria-level=\"1\"><span style=\"font-weight: 400;\">Progettato per ambienti difficili, il Bivy Stick MESH presenta una struttura resistente che soddisfa gli standard di impermeabilit\u00e0 IP67. Progettato per funzionare in qualsiasi condizione atmosferica, garantisce un funzionamento affidabile ovunque la tua missione ti porti. <\/span><\/li>\n<li><strong>Pronti per l&#8217;integrazione:<\/strong> Progettato per la compatibilit\u00e0 con i flussi di lavoro aziendali esistenti per una perfetta integrazione.<\/li>\n<\/ul>\n<p>SOS di emergenza Attivato nell&#8217;app o sul pulsante del dispositivo. Fornito da GlobalRescue <\/p>\n","protected":false},"excerpt":{"rendered":"<p><span style=\"font-weight: 400;\">Con Bivy Stick MESH, goditi un affidabile<\/span> <b>comunicatore satellitare bidirezionale<\/b> <span style=\"font-weight: 400;\">,<\/span> <b>messaggistica di gruppo<\/b> <span style=\"font-weight: 400;\">,<\/span> <b>supporto SOS 24 ore su 24, 7 giorni su<\/b> <span style=\"font-weight: 400;\">7<\/span> <b>, tracciamento GPS<\/b> <span style=\"font-weight: 400;\">e<\/span> <b>condivisione della posizione<\/b> <span style=\"font-weight: 400;\">, tutto in un unico<\/span> dispositivo <b>compatto<\/b> <span style=\"font-weight: 400;\">e<\/span> <b>leggero<\/b><span style=\"font-weight: 400;\">  dispositivo. Ti d\u00e0 la   <\/span><b>Libert\u00e0 di comunicare fuori dalla rete<\/b> <span style=\"font-weight: 400;\">al<\/span> <b>prezzo pi\u00f9 conveniente sul mercato<\/b> <span style=\"font-weight: 400;\">.<\/span> Rimani connesso, anche oltre la copertura cellulare.<\/p>\n<h4><\/h4>\n<h4><span style=\"color: #ff0000;\"><strong>Orgogliosamente prodotto negli Stati Uniti!<\/strong><\/span><\/h4>\n<p><a href=\"https:\/\/bivystick.com\/bivy-go-plan\/\"><strong>Scopri il piano Bivy Go<\/strong><\/a><\/p>\n<p><a href=\"https:\/\/www.dropbox.com\/s\/0ezw0kexbm120vv\/Prop%2065%20-%20Lead%20and%20Lead%20Compounds.pdf?dl=0\">ATTENZIONE: PROP 65<\/a><\/p>\n<p>&nbsp;<\/p>\n<p>&nbsp;<\/p>\n","protected":false},"featured_media":142499,"template":"","meta":{"_acf_changed":false,"om_disable_all_campaigns":false},"product_brand":[],"product_cat":[2950,16206,2949],"product_tag":[3275,3269,3263,3270,3264,3265,3274,16197,3214,3268,3272,3266,3271,3229,3267,3273],"class_list":{"0":"post-125377","1":"product","2":"type-product","3":"status-publish","4":"has-post-thumbnail","6":"product_cat-allaperto","7":"product_cat-bivy-mesh-popup","8":"product_cat-marina","9":"product_tag-4601-it","10":"product_tag-acr-bivy-it","11":"product_tag-bivy-it","12":"product_tag-bivy-app-it","13":"product_tag-bivy-bastone","14":"product_tag-bivy-bastone-blu","15":"product_tag-bivy-vs-plb-it","16":"product_tag-bivy-mesh-popup","17":"product_tag-bluetooth-it","18":"product_tag-comunicazione-a-2-vie","19":"product_tag-il-piu-piccolo-comunicatore-satellitare","20":"product_tag-iridium-it","21":"product_tag-mini-it","22":"product_tag-salvataggio-globale","23":"product_tag-tracciamento","24":"product_tag-tracciamento-satellitare-gps","25":"pa_activity-arrampicata","26":"pa_activity-campeggio","27":"pa_activity-escursioni","28":"pa_activity-fuoristrada-4x4","29":"pa_activity-la-bicicletta","30":"pa_activity-la-pesca","31":"pa_activity-motoslitta","32":"pa_activity-sci-snowboard","33":"pa_activity-sci-di-fondo","34":"pa_activity-sport-a-pagaia","35":"pa_boat-type-barca-a-vela","36":"pa_boat-type-motoscafo","37":"pa_boat-type-nave-da-carico","38":"pa_boat-type-noleggio-barche","39":"pa_boat-type-pesca-commerciale","40":"pa_boat-type-rimorchiatore","41":"pa_boat-type-sportcraft-it","42":"pa_boat-type-yacht-it","43":"pa_terrain-collina-e-montagna","44":"pa_terrain-fiumi-zone-umide-laghi","45":"pa_terrain-foresta-e-giungla","46":"pa_terrain-tundra-it","48":"first","49":"instock","50":"taxable","51":"shipping-taxable","52":"purchasable","53":"product-type-simple"},"acf":[],"_links":{"self":[{"href":"https:\/\/www.acrartex.com\/it\/wp-json\/wp\/v2\/product\/125377","targetHints":{"allow":["GET"]}}],"collection":[{"href":"https:\/\/www.acrartex.com\/it\/wp-json\/wp\/v2\/product"}],"about":[{"href":"https:\/\/www.acrartex.com\/it\/wp-json\/wp\/v2\/types\/product"}],"wp:featuredmedia":[{"embeddable":true,"href":"https:\/\/www.acrartex.com\/it\/wp-json\/wp\/v2\/media\/142499"}],"wp:attachment":[{"href":"https:\/\/www.acrartex.com\/it\/wp-json\/wp\/v2\/media?parent=125377"}],"wp:term":[{"taxonomy":"product_brand","embeddable":true,"href":"https:\/\/www.acrartex.com\/it\/wp-json\/wp\/v2\/product_brand?post=125377"},{"taxonomy":"product_cat","embeddable":true,"href":"https:\/\/www.acrartex.com\/it\/wp-json\/wp\/v2\/product_cat?post=125377"},{"taxonomy":"product_tag","embeddable":true,"href":"https:\/\/www.acrartex.com\/it\/wp-json\/wp\/v2\/product_tag?post=125377"}],"curies":[{"name":"wp","href":"https:\/\/api.w.org\/{rel}","templated":true}]}}