{"id":125363,"date":"2024-04-16T10:16:43","date_gmt":"2024-04-16T15:16:43","guid":{"rendered":"https:\/\/www.acrartex.com\/products\/globalfix-v5-kit-di-sicurezza-per-la-nautica\/"},"modified":"2025-05-01T09:28:51","modified_gmt":"2025-05-01T14:28:51","slug":"globalfix-v5-kit-di-sicurezza-per-la-nautica","status":"publish","type":"product","link":"https:\/\/www.acrartex.com\/it\/products\/globalfix-v5-kit-di-sicurezza-per-la-nautica\/","title":{"rendered":"GlobalFix V5 Kit di sicurezza per la nautica"},"content":{"rendered":"<p>Vi presentiamo i NUOVI ACR GlobalFix V5 AIS RLS EPIRB Kit di sopravvivenza per imbarcazioni: un insieme completo e affidabile di risorse vitali, che garantiscono la sicurezza e la sopravvivenza in caso di emergenza in acqua. Pensati per marinai esperti, pescatori accaniti e crocieristi temerari, questi kit sono un&#8217;aggiunta indispensabile al vostro equipaggiamento di bordo. <\/p>\n<p>Il kit <strong>base<\/strong> comprende i seguenti prodotti essenziali per la sopravvivenza<strong>(2337.1<\/strong>):<\/p>\n<ul>\n<li>GlobalFIX V5 AIS CAT. 2 EPIRB <a href=\"https:\/\/www.acrartex.com\/it\/products\/globalfix-v5-ais-epirb-con-return-link-service-e-app-mobile\/\">Per saperne di pi\u00f9<\/a> <\/li>\n<li>RapidDitch Borsa Express <a href=\"https:\/\/www.acrartex.com\/it\/products\/rapidditch-borsa-express\/\">Per saperne di pi\u00f9<\/a><\/li>\n<\/ul>\n<p>Il kit <strong>Plus<\/strong> contiene i seguenti prodotti essenziali per la sopravvivenza<strong>(2338.1<\/strong>):<\/p>\n<ul>\n<li>GlobalFIX V5 AIS CAT. 2 EPIRB <a href=\"https:\/\/www.acrartex.com\/it\/products\/globalfix-v5-ais-epirb-con-return-link-service-e-app-mobile\/\">Per saperne di pi\u00f9<\/a> <\/li>\n<li>RapidDitch Borsa Express <a href=\"https:\/\/www.acrartex.com\/it\/products\/rapidditch-borsa-express\/\">Per saperne di pi\u00f9<\/a><\/li>\n<li>HemiLight\u21223 <a href=\"https:\/\/www.acrartex.com\/it\/products\/hemilight3-luce-per-giubbotto-di-salvataggio-med-e-solas\/\">Per saperne di pi\u00f9<\/a><\/li>\n<li>C-Strobe H2O Luce stroboscopica SOLAS <a href=\"https:\/\/www.acrartex.com\/products\/c-strobe-h20\/\">Per saperne di pi\u00f9<\/a><\/li>\n<li>Specchio di segnalazione<\/li>\n<li>WW-3 Res-Q\u2122 Fischietto <a href=\"https:\/\/www.acrartex.com\/it\/products\/ww-3-resq-fischietto\/\">Per saperne di pi\u00f9<\/a><\/li>\n<\/ul>\n<p>Il kit <strong>Premium<\/strong> comprende i seguenti prodotti essenziali per la sopravvivenza<strong>(2341.1<\/strong>):<\/p>\n<ul>\n<li>GlobalFIX V5 AIS Cat. 2 EPIRB con Return Link Service e NFC Mobile App <a href=\"https:\/\/www.acrartex.com\/it\/products\/globalfix-v5-ais-epirb-con-return-link-service-e-app-mobile\/\">Per saperne di pi\u00f9<\/a> <\/li>\n<li>ResQlink View RLS PLB 435 <a href=\"https:\/\/www.acrartex.com\/it\/products\/resqlink-view-rls-personal-locator-beacon\/\">Per saperne di pi\u00f9<\/a><\/li>\n<li>ResQflare, il lampeggiante elettronico di soccorso (certificato USCG) <a href=\"https:\/\/www.acrartex.com\/it\/products\/resqflare-faro-di-emergenza-elettronico-a-led-per-imbarcazioni\/\">Per saperne di pi\u00f9<\/a><\/li>\n<li>FireFly PRO Waterbug - Luce stroboscopica omologata SOLAS con attivazione in acqua incorporata <a href=\"https:\/\/www.acrartex.com\/products\/firefly-pro-waterbug\/\">Per saperne di pi\u00f9<\/a><\/li>\n<li>RapidDitch Borsa Express <a href=\"https:\/\/www.acrartex.com\/it\/products\/rapidditch-borsa-express\/\">Per saperne di pi\u00f9<\/a><\/li>\n<li>HemiLight\u21223 <a href=\"https:\/\/www.acrartex.com\/it\/products\/hemilight3-luce-per-giubbotto-di-salvataggio-med-e-solas\/\">Per saperne di pi\u00f9<\/a><\/li>\n<li>Specchio di segnalazione<\/li>\n<li>WW-3 Res-Q\u2122 Fischietto <a href=\"https:\/\/www.acrartex.com\/it\/products\/ww-3-resq-fischietto\/\">Per saperne di pi\u00f9<\/a><\/li>\n<\/ul>\n<p>Vi presentiamo il pi\u00f9 avanzato EPIRB <a href=\"https:\/\/www.acrartex.com\/it\/news\/che-cose-un-radiofaro-di-segnalazione-di-posizione-di-emergenza-o-epirb\/\">(Emergency Position Indicating Radio Beacon<\/a>) disponibile. Il nuovo ACR GlobalFix V5 EPIRB combina la connettivit\u00e0 satellitare a 406 MHz con la funzionalit\u00e0 Automatic Identification System (AIS). Ci\u00f2 significa che quando EPIRB viene attivato, non solo trasmette il vostro segnale di emergenza al sistema di soccorso satellitare globale <a href=\"https:\/\/www.cospas-sarsat.int\/en\/\">Cospas Sarsat<\/a>, ma trasmette anche un messaggio di sicurezza AIS sulle frequenze VHF che pu\u00f2 essere visto immediatamente da qualsiasi imbarcazione dotata di AIS nelle vicinanze. Tra le altre caratteristiche di rilievo vi \u00e8 la tecnologia Return Link Service (RLS) che fornisce all&#8217;utente una conferma visiva della ricezione del messaggio di soccorso, un segnale di homing a 121,5 MHz e luci stroboscopiche visibili e a infrarossi per una facile identificazione del bersaglio di notte o in condizioni di scarsa visibilit\u00e0. Un&#8217;altra novit\u00e0 \u00e8 Near Field Communication (NFC) che consente agli utenti di monitorare il proprio EPIRB utilizzando un&#8217;applicazione per smartphone. ACR \u00e8 il leader mondiale nella tecnologia per la sicurezza e il salvataggio in mare e il nuovo GlobalFix V5 GPS EPIRB con AIS combina la durata e l&#8217;affidabilit\u00e0 per cui \u00e8 noto con una tecnologia avanzata progettata per accelerare i tempi di risposta ai soccorsi.     <\/p>\n<h3><strong>Pi\u00f9 veloce AIS EPIRB Soccorsi grazie all&#8217;accoppiamento di soccorso globale e locale<\/strong><\/h3>\n<p>ACR GlobalFix V5 EPIRB ricava accuratamente la sua posizione in qualsiasi parte del mondo utilizzando le reti di posizionamento GNSS (GPS, Galileo, Glonass). All&#8217;attivazione, le trasmissioni di soccorso a 406 MHz trasmettono la posizione GPS EPIRB (GPIRB), precisa entro 100 metri, alla rete satellitare mondiale di ricerca e soccorso Cospas Sarsat. EPIRB Gli identificatori e le informazioni sulla posizione vengono trasmessi alle stazioni di terra attraverso il sistema satellitare, dando inizio alle operazioni di soccorso. Grazie all&#8217;avanzata tecnologia AIS ora incorporata in EPIRB, una volta attivato viene trasmesso un segnale AIS in modo che le imbarcazioni vicine dotate di un transponder AIS vengano immediatamente informate della posizione del radiofaro. Le imbarcazioni dotate di AIS che si trovano nel raggio d&#8217;azione VHF del radiofaro vedranno sui loro schermi un messaggio di sicurezza che include l&#8217;identificazione dell&#8217;imbarcazione MMSI. Le imbarcazioni che si trovano nell&#8217;area in cui \u00e8 stato attivato EPIRB possono iniziare immediatamente le operazioni di salvataggio e recupero senza dover attendere l&#8217;intervento dell&#8217;autorit\u00e0 SAR competente. AIS consente inoltre ai soccorritori locali di individuare facilmente la posizione dell&#8217;imbarcazione EPIRBche viene presentata come un AIS bersaglio sul display di bordo. Le imbarcazioni vicine con AIS a bordo possono navigare direttamente verso EPIRB selezionando il target AIS.        Questo incredibile progresso tecnologico accelerer\u00e0 i tempi di recupero, salvando sicuramente delle vite.<\/p>\n<h3><strong>Connettivit\u00e0 smartphone tramite Near Field Communication (NFC)<\/strong><\/h3>\n<p><a href=\"https:\/\/www.youtube.com\/watch?v=WqE0ag4yqG4\">NFC (Near Field Communication<\/a> ) consente agli utenti di accedere alla diagnostica EPIRB utilizzando i propri smartphone. Quando uno smartphone viene posizionato in prossimit\u00e0 del radiofaro di segnalazione del posizionamento di emergenza GlobalFix V5, l&#8217;applicazione del prodotto ACR si apre automaticamente consentendo l&#8217;accesso ai dati del radiofaro. Le informazioni sullo stato del radiofaro contenute nell&#8217;app comprendono la durata attuale della batteria, il numero di autotest completati, il numero di test GNSS completati e il tempo di attivazione del EPIRB.   Sono inoltre disponibili informazioni dettagliate su ogni autotest e test GNSS eseguito dal dispositivo. I test GNSS mostrano una mappa che indica il punto in cui \u00e8 stato eseguito il test precedente, la data e l&#8217;ora del test, il tempo impiegato da EPIRB per ottenere un fix sulle coordinate GNSS, il numero di satelliti utilizzati per ottenere il fix e la precisione del fix. La facile connettivit\u00e0 dell&#8217;App con NFC consente agli utenti di controllare facilmente lo stato di tutte le funzioni di EPIRB per assicurarsi che funzioni correttamente. <\/p>\n<h3><strong>Return Link Service (RLS)<\/strong><\/h3>\n<p>Return Link Service comunica a chi attiva il sito EPIRB che il messaggio di soccorso \u00e8 stato consegnato. Un segnale RLS inviato attraverso la rete satellitare Galileo conferma che il messaggio di soccorso, insieme alla posizione precisa del radiofaro e ai suoi identificatori, \u00e8 stato rilevato. Una luce blu lampeggiante, facile da vedere, indica che EPIRBha ricevuto con successo il messaggio di ritorno dalla rete satellitare Galileo.   La comodit\u00e0 di sapere che i soccorritori sanno che \u00e8 stato attivato un EPIRB e che ne conoscono la posizione aiuta a ridurre lo stress associato alle situazioni di mayday.<\/p>\n<p>ACR \u00e8 specializzata in dispositivi elettronici di salvataggio e altri prodotti salvavita progettati sia per i navigatori professionisti che per quelli amatoriali. Con l&#8217;aggiunta di AIS, il nuovo e innovativo ACR GlobalFix V5 EPIRB offre il percorso pi\u00f9 semplice e veloce per il salvataggio. Return Link Service offre un gradito senso di sicurezza sapendo che il vostro messaggio di soccorso \u00e8 stato ricevuto e Near Field Communication fornisce l&#8217;accesso a dati e funzionalit\u00e0 del prodotto che non sono mai stati disponibili prima d&#8217;ora per nessun cliente di EPIRB. Il nuovo e avanzato set di funzioni di GlobalFix V5 EPIRB lo rende perfetto per i naviganti, sia che si tratti di crociere costiere, sia che si tratti di lavorare in mare aperto o di attraversare gli oceani.   <\/p>\n","protected":false},"excerpt":{"rendered":"<h4><span style=\"color: #000000;\"><strong>Orgogliosamente prodotto negli Stati Uniti!<\/strong><\/span><\/h4>\n<p><a href=\"https:\/\/www.dropbox.com\/s\/fk04stqsp2hgk5f\/Prop%2065%20-%20DEHP.pdf?dl=0\">ATTENZIONE: PROP 65<\/a><\/p>\n","protected":false},"featured_media":142557,"template":"","meta":{"_acf_changed":false,"om_disable_all_campaigns":false},"product_brand":[],"product_cat":[2980,2977,3219,2949,2979,2978,2924],"product_tag":[3221,3222,3115,3045,3231,3228,3227,3225,3223,3220,3230,3224,3226,3151,3229,3166,3232],"class_list":{"0":"post-125363","1":"product","2":"type-product","3":"status-publish","4":"has-post-thumbnail","6":"product_cat-commerciale","7":"product_cat-entroterra","8":"product_cat-kit-di-sicurezza-marina","9":"product_cat-marina","10":"product_cat-off-shore-it","11":"product_cat-vicino-alla-riva","12":"product_cat-senza-categoria","13":"product_tag-406-epirb-it","14":"product_tag-acr-406-epirb-it","15":"product_tag-acr-globalfix-it","16":"product_tag-acr-personal-locator-beacon-it","17":"product_tag-ais-epirb-it","18":"product_tag-ais-faro","19":"product_tag-ais-kit-di-sicurezza","20":"product_tag-borsa-di-sicurezza-per-la-nautica","21":"product_tag-emiluce","22":"product_tag-faro-406-mhz","23":"product_tag-kit-di-sicurezza-per-la-nautica","24":"product_tag-kit-di-sopravvivenza-per-la-nautica","25":"product_tag-nautica","26":"product_tag-razzi-di-segnalazione","27":"product_tag-salvataggio-globale","28":"product_tag-sicurezza-in-barca","29":"product_tag-stobe-it","31":"first","32":"instock","33":"taxable","34":"shipping-taxable","35":"purchasable","36":"product-type-variable"},"acf":[],"_links":{"self":[{"href":"https:\/\/www.acrartex.com\/it\/wp-json\/wp\/v2\/product\/125363","targetHints":{"allow":["GET"]}}],"collection":[{"href":"https:\/\/www.acrartex.com\/it\/wp-json\/wp\/v2\/product"}],"about":[{"href":"https:\/\/www.acrartex.com\/it\/wp-json\/wp\/v2\/types\/product"}],"wp:featuredmedia":[{"embeddable":true,"href":"https:\/\/www.acrartex.com\/it\/wp-json\/wp\/v2\/media\/142557"}],"wp:attachment":[{"href":"https:\/\/www.acrartex.com\/it\/wp-json\/wp\/v2\/media?parent=125363"}],"wp:term":[{"taxonomy":"product_brand","embeddable":true,"href":"https:\/\/www.acrartex.com\/it\/wp-json\/wp\/v2\/product_brand?post=125363"},{"taxonomy":"product_cat","embeddable":true,"href":"https:\/\/www.acrartex.com\/it\/wp-json\/wp\/v2\/product_cat?post=125363"},{"taxonomy":"product_tag","embeddable":true,"href":"https:\/\/www.acrartex.com\/it\/wp-json\/wp\/v2\/product_tag?post=125363"}],"curies":[{"name":"wp","href":"https:\/\/api.w.org\/{rel}","templated":true}]}}