{"id":125361,"date":"2024-06-11T10:23:22","date_gmt":"2024-06-11T15:23:22","guid":{"rendered":"https:\/\/www.acrartex.com\/products\/exposure-olas-connettore-multimotore\/"},"modified":"2024-06-11T10:23:22","modified_gmt":"2024-06-11T15:23:22","slug":"exposure-olas-connettore-multimotore","status":"publish","type":"product","link":"https:\/\/www.acrartex.com\/it\/products\/exposure-olas-connettore-multimotore\/","title":{"rendered":"EXPOSURE OLAS Connettore multimotore"},"content":{"rendered":"","protected":false},"excerpt":{"rendered":"<p>Il connettore multimotore OLAS \u00e8 progettato per funzionare con pi\u00f9 motori fuoribordo, fino a 3 in totale. \u00c8 stato progettato per funzionare con il sistema OLAS N2K NMEA 2000 Wireless Engine Kill Switch e Man Overboard Alarm System o con il sistema OLAS Guardian Wireless Engine kill Switch e Man Overboard Alarm System. Questo accessorio, comunemente richiesto sulle imbarcazioni Yamaha a due o tre motori, consente di collegare i vari motori a un unico sistema di spegnimento.  <\/p>\n<p>Per le istruzioni di cablaggio, consultare lo schema di cablaggio del connettore multimotore incluso tra le immagini del prodotto in questa pagina.<\/p>\n<p class=\"x\" style=\"margin: 0in; text-align: start; margin-right: 0in; margin-left: 0in;\"><span style=\"font-size: 12pt;\"><span style=\"background: white;\"> <\/span><\/span><\/p>\n<p class=\"x\" style=\"margin: 0in; text-align: start; margin-right: 0in; margin-left: 0in;\"><a href=\"https:\/\/www.dropbox.com\/s\/fk04stqsp2hgk5f\/Prop%2065%20-%20DEHP.pdf?dl=0\">ATTENZIONE: PROP 65<\/a><\/p>\n","protected":false},"featured_media":137962,"template":"","meta":{"_acf_changed":false,"om_disable_all_campaigns":false},"product_brand":[],"product_cat":[2980,2977,2949,2979,2978],"product_tag":[3194,3192,3200,3202,3196,3204,3206,3198],"class_list":{"0":"post-125361","1":"product","2":"type-product","3":"status-publish","4":"has-post-thumbnail","6":"product_cat-commerciale","7":"product_cat-entroterra","8":"product_cat-marina","9":"product_cat-off-shore-it","10":"product_cat-vicino-alla-riva","11":"product_tag-cablaggio-multimotore","12":"product_tag-connettore-multimotore","13":"product_tag-olas-cablaggio-multimotore-guardian","14":"product_tag-olas-cablaggio-multimotore-n2k","15":"product_tag-olas-connettore-multimotore","16":"product_tag-olas-connettore-multimotore-guardian","17":"product_tag-olas-connettore-multimotore-n2k","18":"product_tag-olas-mec-it","20":"first","21":"instock","22":"taxable","23":"shipping-taxable","24":"purchasable","25":"product-type-simple"},"acf":[],"_links":{"self":[{"href":"https:\/\/www.acrartex.com\/it\/wp-json\/wp\/v2\/product\/125361","targetHints":{"allow":["GET"]}}],"collection":[{"href":"https:\/\/www.acrartex.com\/it\/wp-json\/wp\/v2\/product"}],"about":[{"href":"https:\/\/www.acrartex.com\/it\/wp-json\/wp\/v2\/types\/product"}],"wp:featuredmedia":[{"embeddable":true,"href":"https:\/\/www.acrartex.com\/it\/wp-json\/wp\/v2\/media\/137962"}],"wp:attachment":[{"href":"https:\/\/www.acrartex.com\/it\/wp-json\/wp\/v2\/media?parent=125361"}],"wp:term":[{"taxonomy":"product_brand","embeddable":true,"href":"https:\/\/www.acrartex.com\/it\/wp-json\/wp\/v2\/product_brand?post=125361"},{"taxonomy":"product_cat","embeddable":true,"href":"https:\/\/www.acrartex.com\/it\/wp-json\/wp\/v2\/product_cat?post=125361"},{"taxonomy":"product_tag","embeddable":true,"href":"https:\/\/www.acrartex.com\/it\/wp-json\/wp\/v2\/product_tag?post=125361"}],"curies":[{"name":"wp","href":"https:\/\/api.w.org\/{rel}","templated":true}]}}