{"id":125355,"date":"2021-04-09T11:18:50","date_gmt":"2021-04-09T16:18:50","guid":{"rendered":"https:\/\/www.acrartex.com\/products\/resqflare-faro-di-emergenza-elettronico-a-led-per-imbarcazioni\/"},"modified":"2025-11-26T03:36:23","modified_gmt":"2025-11-26T08:36:23","slug":"resqflare-faro-di-emergenza-elettronico-a-led-per-imbarcazioni","status":"publish","type":"product","link":"https:\/\/www.acrartex.com\/it\/products\/resqflare-faro-di-emergenza-elettronico-a-led-per-imbarcazioni\/","title":{"rendered":"ResQFlare - Faro di emergenza elettronico a LED per imbarcazioni"},"content":{"rendered":"<p><span style=\"font-size: 10pt;\"><span style=\"font-size: 11.0pt;\"><span style=\"background: white;\"><span style=\"color: black;\">ResQFlare \u00e8 un kit di segnalazione elettronica per imbarcazioni approvato dalla USCG che facilita i soccorsi emettendo il lampo caratteristico del Codice Morse Internazionale S-O-S. L&#8217;elettronica ad alta efficienza di ResQFlareconsente di mantenere l&#8217;intensit\u00e0 fissa equivalente a 75 cd di picco richiesta dall&#8217;USCG per oltre 20 ore (oltre 3 volte pi\u00f9 a lungo di quanto richiesto dall&#8217;USCG per mantenere questo livello di intensit\u00e0 luminosa). Grazie all&#8217;alimentazione a batteria sostituibile dall&#8217;utente (2 batterie C), ResQFlare garantisce anni di servizio. Di conseguenza, le imbarcazioni sono pi\u00f9 sicure grazie all&#8217;eliminazione degli inconvenienti comuni dei razzi pirotecnici per imbarcazioni, tra cui le date di scadenza e i severi requisiti di smaltimento obbligatorio.   <\/span><\/span><\/span><\/span><\/p>\n<h2 style=\"margin: 0in 0in 0.0001pt;\"><span style=\"font-size: 10pt;\"><b><span style=\"font-size: 12.0pt;\">ResQFlare Vantaggi rispetto ai tradizionali razzi pirotecnici per imbarcazioni:<\/span><\/b><\/span><\/h2>\n<ul>\n<li style=\"margin: 0in 0in 0.0001pt;\"><span style=\"font-size: 10pt;\"><span style=\"font-size: 11.0pt;\">Nessuna data di scadenza<\/span><\/span><\/li>\n<li style=\"margin: 0in 0in 0.0001pt;\"><span style=\"font-size: 10pt;\"><span style=\"font-size: 11.0pt;\">Sicuro per la famiglia (senza fiamma viva)  <\/span><\/span><\/li>\n<li style=\"margin: 0in 0in 0.0001pt;\"><span style=\"font-size: 10pt;\"><span style=\"font-size: 11.0pt;\">Facile da usare (in modo che anche i bambini e chi \u00e8 alle prime armi con la barca possano utilizzarlo in caso di emergenza)  <\/span><\/span><\/li>\n<li style=\"margin: 0in 0in 0.0001pt;\"><span style=\"font-size: 10pt;\"><span style=\"font-size: 11.0pt;\">Nessun problema con gli attuali requisiti obbligatori di smaltimento dei razzi pirotecnici (considerati legalmente come materiali pericolosi).<\/span><\/span><\/li>\n<li style=\"margin: 0in 0in 0.0001pt;\"><span style=\"font-size: 10pt;\"><span style=\"font-size: 11.0pt;\">Impermeabile e galleggiante  <\/span><\/span><\/li>\n<li style=\"margin: 0in 0in 0.0001pt;\"><span style=\"font-size: 10pt;\"><span style=\"font-size: 11.0pt;\">Acquisto una tantum (meno costi nel corso della vita del prodotto)<\/span><\/span><\/li>\n<\/ul>\n<p style=\"margin: 0in 0in 0.0001pt;\"><span style=\"font-size: 10pt;\"><span style=\"font-size: 11.0pt;\"><span style=\"background: white;\"><span style=\"color: black;\">Conformemente ai requisiti USCG (46 CFR 161.013), ResQFlare \u00e8 classificato come segnale di soccorso visivo notturno approvato. Poich\u00e9 nella confezione di ogni ResQFlare \u00e8 inclusa una bandiera di soccorso conforme ai requisiti del 46 CFR 160.072, gli utenti hanno a disposizione anche un segnale di soccorso visivo diurno approvato (i requisiti per il trasporto di segnali di soccorso visivi diurni e notturni approvati si trovano nella parte 175 del 33 CFR). <\/span><\/span><\/span><\/span><\/p>\n<p>&nbsp;<\/p>\n<p style=\"margin: 0in 0in 0.0001pt;\"><span style=\"font-size: 10pt;\"><span style=\"font-size: 11.0pt;\">La bandiera di soccorso in dotazione offre numerose opzioni di segnalazione diurna. La bandiera pu\u00f2 essere issata all&#8217;albero o semplicemente issata nel punto pi\u00f9 alto possibile. Pu\u00f2 anche essere esposta a mano, legata e poi sventolata su oggetti come un gancio da barca, una pagaia o una canna da pesca, oppure pu\u00f2 essere stesa sul ponte per attirare gli aerei. La bandiera deve essere usata solo come segnale diurno e, se esposta correttamente, il quadrato nero deve trovarsi sopra il cerchio nero.   <\/span><\/span><\/p>\n<p>&nbsp;<\/p>\n<p style=\"margin: 0in 0in 0.0001pt;\"><span style=\"font-size: 10pt;\"><span style=\"font-size: 11.0pt;\"><span style=\"background: white;\"><span style=\"color: black;\">Il kit ResQFlare e la bandiera di soccorso consentono ai diportisti di rinunciare all&#8217;uso dei tradizionali razzi pirotecnici quando si trovano su imbarcazioni di lunghezza fino a 65 piedi, sui Grandi Laghi, entro 12 miglia dalle acque degli Stati Uniti o su qualsiasi specchio d&#8217;acqua con un passaggio verso il mare largo almeno due miglia. Le imbarcazioni di lunghezza inferiore a 16 piedi non sono tenute a portare un segnale di soccorso visivo diurno, ma devono comunque portare un segnale di soccorso visivo notturno. Questo rende il ResQFlare un&#8217;alternativa pi\u00f9 che valida ai razzi pirotecnici anche per le imbarcazioni di queste dimensioni.  <\/span><\/span><\/span><\/span><\/p>\n<p>&nbsp;<\/p>\n<p style=\"margin: 0in 0in 0.0001pt;\"><span style=\"font-size: 10pt;\"><span style=\"font-size: 11.0pt;\"><span style=\"background: white;\"><span style=\"color: black;\">L&#8217;aggiunta di ResQFlare alla linea di dispositivi di sicurezza per la nautica di ACRoffre ai diportisti statunitensi una soluzione completa per la segnalazione di pericolo. Se abbinato a un <a href=\"https:\/\/www.acrartex.com\/products\/resqkit\/\">ACR EPIRB<\/a> o <a href=\"https:\/\/www.acrartex.com\/products\/resqkit-pro-2357\/\">Personal Locator Beacon<\/a>il personale di soccorso dell&#8217;USCG non solo sa dove ci si trova in pochi minuti, ma dispone anche di una luce di riferimento visiva che pu\u00f2 essere accesa fino a 6 miglia di distanza. <\/span><\/span><\/span><\/span><\/p>\n<h2><span style=\"font-size: 10pt;\"><b><span style=\"font-size: 12.0pt;\">Caratteristiche e vantaggi del prodotto:<\/span><\/b><\/span><\/h2>\n<ul>\n<li style=\"margin: 0in 0in 0.0001pt;\"><span style=\"font-size: 10pt;\"><span style=\"font-size: 11.0pt;\">ResQFlare e la bandiera di soccorso inclusa, se trasportate insieme, sostituiscono il trasporto dei razzi pirotecnici per imbarcazioni e delle pistole lanciarazzi per imbarcazioni della USCG (solo negli Stati Uniti).<\/span><\/span><\/li>\n<li style=\"margin-right: 13.5pt; margin: 0in 0in 0.0001pt;\"><span style=\"font-size: 10pt;\"><span style=\"background: white;\"><span style=\"color: black;\"><span style=\"font-size: 11.0pt;\">Luce intensa in tutte le direzioni (visibilit\u00e0 a 360\u00b0)<\/span><\/span><\/span><\/span><\/li>\n<li style=\"margin-right: 13.5pt; margin: 0in 0in 0.0001pt;\"><span style=\"font-size: 10pt;\"><span style=\"background: white;\"><span style=\"color: black;\"><span style=\"font-size: 11.0pt;\">Leggero e compatto<\/span><\/span><\/span><\/span><\/li>\n<li style=\"margin-right: 13.5pt; margin: 0in 0in 0.0001pt;\"><span style=\"font-size: 10pt;\"><span style=\"background: white;\"><span style=\"color: black;\"><span style=\"font-size: 11.0pt;\">Si raddrizza automaticamente e galleggia quando \u00e8 in acqua <\/span><span style=\"font-size: 11.0pt;\">(non \u00e8 necessario l&#8217;anello di galleggiamento)<\/span><\/span><\/span><\/span><\/li>\n<li style=\"margin: 0in 0in 0.0001pt;\"><span style=\"font-size: 10pt;\"><span style=\"font-size: 11.0pt;\">Visibile per oltre 6 miglia<\/span><\/span><\/li>\n<li style=\"margin: 0in 0in 0.0001pt;\"><span style=\"font-size: 10pt;\"><span style=\"font-size: 11.0pt;\"><span style=\"color: black;\">Batterie alcaline C-Cell sostituibili dall&#8217;utente (non incluse)<\/span><\/span><\/span><\/li>\n<li style=\"margin: 0in 0in 0.0001pt;\"><span style=\"font-size: 10pt;\"><span style=\"font-size: 11.0pt;\">Il LED stroboscopico ad alta intensit\u00e0 mantiene un&#8217;intensit\u00e0 minima <span style=\"background: white;\"><span style=\"color: black;\">intensit\u00e0 fissa equivalente di picco<\/span><\/span> di 75 cd per 20 ore o pi\u00f9 (temperatura ambiente)<\/span><\/span><\/li>\n<li style=\"margin: 0in 0in 0.0001pt;\"><span style=\"font-size: 10pt;\"><span style=\"font-size: 11.0pt;\">La durata operativa di 20 ore \u00e8 pi\u00f9 di 3 volte superiore al requisito USCG per il mantenimento dell&#8217;intensit\u00e0 fissa equivalente di picco. <span style=\"background: white;\"><span style=\"color: black;\">intensit\u00e0 fissa equivalente di picco <\/span><\/span>di 75 cd<\/span><\/span><\/li>\n<li style=\"margin: 0in 0in 0.0001pt;\"><span style=\"font-size: 10pt;\"><span style=\"font-size: 11.0pt;\">Design durevole: Resistente al fuoco, all&#8217;olio, ai funghi e alla corrosione<\/span><\/span><\/li>\n<li style=\"margin: 0in 0in 0.0001pt;\"><span style=\"font-size: 10pt;\"><span style=\"font-size: 11.0pt;\">Impermeabile (IP67)<\/span><\/span><\/li>\n<li style=\"margin: 0in 0in 0.0001pt;\"><span style=\"font-size: 10pt;\"><span style=\"font-size: 11.0pt;\">Certificato secondo la norma USCG 161.013 come segnale di soccorso visivo notturno.<\/span><\/span><\/li>\n<li style=\"margin: 0in 0in 0.0001pt;\"><span style=\"font-size: 10pt;\"><span style=\"font-size: 11.0pt;\">Include la bandiera di soccorso (certificata ai sensi della norma USCG 160.072 come segnale di soccorso visivo diurno).  <\/span><\/span><\/li>\n<\/ul>\n<h3 style=\"margin: 0in 0in 0.0001pt;\"><strong>ResQFlare nelle Notizie:<\/strong><\/h3>\n<p><a href=\"https:\/\/www.sailingworld.com\/story\/gear\/safe-distress-flare-alternative\/\">Sailing World - Un&#8217;alternativa sicura per i segnali di soccorso<\/a><\/p>\n<p><a href=\"https:\/\/www.greatlakesscuttlebutt.com\/news\/featured-news\/this-year-s-boating-finds\/\">Scuttlebutt dei Grandi Laghi - Le scoperte nautiche di quest&#8217;anno<\/a><\/p>\n<p><a href=\"https:\/\/lakelandboating.com\/acr-electronics-introduces-new-alternative-to-pyrotechnic-flares\/\">Lakeland Boating -ACR Electronics Presenta una nuova alternativa ai razzi pirotecnici<\/a><\/p>\n","protected":false},"excerpt":{"rendered":"<p><span style=\"font-size: 11.0pt;\"><span style=\"background: white;\"><span style=\"color: black;\">ACR ResQFlare \u00e8 un kit di segnalatori elettronici di soccorso per imbarcazioni a LED ad alta intensit\u00e0. Insieme alla bandiera di soccorso inclusa, il ResQFlare e la bandiera sono certificati per soddisfare i requisiti della Guardia Costiera degli Stati Uniti e possono essere utilizzati al posto dei tradizionali razzi pirotecnici per imbarcazioni da diporto. Come comoda alternativa ai razzi pirotecnici da barca o alle pistole lanciarazzi da barca, ResQFlare offre una visibilit\u00e0 a 360\u00b0 per oltre 6 miglia e il suo design efficiente consente una notevole durata operativa (+20 ore di combustione), aumentando drasticamente le possibilit\u00e0 di sopravvivenza e di salvataggio.  <\/span><\/span><\/span><\/p>\n<p>https:\/\/www.youtube.com\/watch?v=AVNmWXIpSro&amp;lc=UgwVlLiY8UH7ddCAyoZ4AaABAg<\/p>\n<p><a href=\"https:\/\/www.dropbox.com\/s\/0ezw0kexbm120vv\/Prop%2065%20-%20Lead%20and%20Lead%20Compounds.pdf?dl=0\">ATTENZIONE: PROP 65<\/a><\/p>\n<p>&nbsp;<\/p>\n<p><strong>NOTA: Il modello ResQFlare (modello: LNK-ERS1) \u00e8 elencato sul sito web della Guardia Costiera statunitense come ACR ResQFlare (modello LNK-ERS1). <a href=\"https:\/\/www.dropbox.com\/scl\/fi\/y2nf76hvxhmy9t4bxljnf\/USCG-Approved-Equipment-Details-Page_ResQFlare.pdf?rlkey=ash5nle98cfnrpnmr8jcizp8a&amp;st=i6dizypz&amp;dl=1\">Fare clic su questo link<\/a> per visualizzare l&#8217;elenco ACR ResQFlare sulla U.S. Coast Guard Approved Equipment List.<\/strong><\/p>\n","protected":false},"featured_media":137937,"template":"","meta":{"_acf_changed":false,"om_disable_all_campaigns":false},"product_brand":[],"product_cat":[2950,2977,2949,2979,2984,2978],"product_tag":[3144,3156,3142,3154,3157,3143,3158,3147,3153,3145,3149,3150,3151,3148,3155,3146,3152],"class_list":{"0":"post-125355","1":"product","2":"type-product","3":"status-publish","4":"has-post-thumbnail","6":"product_cat-allaperto","7":"product_cat-entroterra","8":"product_cat-marina","9":"product_cat-off-shore-it","10":"product_cat-sport-nautici-pesca","11":"product_cat-vicino-alla-riva","12":"product_tag-bagliore","13":"product_tag-bagliore-rosso","14":"product_tag-bagliori-elettronici","15":"product_tag-bengala-a-led","16":"product_tag-bengala-di-fumo","17":"product_tag-e-flare-it","18":"product_tag-lanciarazzi","19":"product_tag-led-distress-flare-it","20":"product_tag-orion-flare-it","21":"product_tag-razzi","22":"product_tag-razzi-da-barca","23":"product_tag-razzi-di-emergenza","24":"product_tag-razzi-di-segnalazione","25":"product_tag-razzo-della-barca","26":"product_tag-razzo-di-segnalazione-portatile","27":"product_tag-razzo-di-soccorso","28":"product_tag-razzo-marino","29":"pa_activity-la-pesca","30":"pa_activity-sport-a-pagaia","31":"pa_boat-size-0-20-it","32":"pa_boat-size-21-40-it","33":"pa_boat-size-40-80-it","34":"pa_boat-type-barca-a-vela","35":"pa_boat-type-motoscafo","36":"pa_boat-type-noleggio-barche","37":"pa_boat-type-pesca-commerciale","38":"pa_boat-type-rimorchiatore","39":"pa_boat-type-sportcraft-it","40":"pa_boat-type-yacht-it","41":"pa_terrain-fiumi-zone-umide-laghi","43":"first","44":"instock","45":"taxable","46":"shipping-taxable","47":"purchasable","48":"product-type-simple"},"acf":[],"_links":{"self":[{"href":"https:\/\/www.acrartex.com\/it\/wp-json\/wp\/v2\/product\/125355","targetHints":{"allow":["GET"]}}],"collection":[{"href":"https:\/\/www.acrartex.com\/it\/wp-json\/wp\/v2\/product"}],"about":[{"href":"https:\/\/www.acrartex.com\/it\/wp-json\/wp\/v2\/types\/product"}],"wp:featuredmedia":[{"embeddable":true,"href":"https:\/\/www.acrartex.com\/it\/wp-json\/wp\/v2\/media\/137937"}],"wp:attachment":[{"href":"https:\/\/www.acrartex.com\/it\/wp-json\/wp\/v2\/media?parent=125355"}],"wp:term":[{"taxonomy":"product_brand","embeddable":true,"href":"https:\/\/www.acrartex.com\/it\/wp-json\/wp\/v2\/product_brand?post=125355"},{"taxonomy":"product_cat","embeddable":true,"href":"https:\/\/www.acrartex.com\/it\/wp-json\/wp\/v2\/product_cat?post=125355"},{"taxonomy":"product_tag","embeddable":true,"href":"https:\/\/www.acrartex.com\/it\/wp-json\/wp\/v2\/product_tag?post=125355"}],"curies":[{"name":"wp","href":"https:\/\/api.w.org\/{rel}","templated":true}]}}