{"id":125334,"date":"2021-03-16T08:15:18","date_gmt":"2021-03-16T13:15:18","guid":{"rendered":"https:\/\/www.acrartex.com\/products\/rcl-faro-di-ricerca-a-100-led\/"},"modified":"2026-03-06T08:33:26","modified_gmt":"2026-03-06T13:33:26","slug":"rcl-faro-di-ricerca-a-100-led","status":"publish","type":"product","link":"https:\/\/www.acrartex.com\/it\/products\/rcl-faro-di-ricerca-a-100-led\/","title":{"rendered":"RCL-Faro di ricerca a 100 LED"},"content":{"rendered":"<p>Il faro di ricerca a LED RCL-100 continua a utilizzare lo stesso design robusto dell&#8217;originale RCL-100D, ma incorpora un nuovo efficiente array di 9 LED che produce oltre 220.000 candele di luce. Il robusto e leggero alloggiamento in alluminio e la lente in vetro sono sigillati dalle intemperie per garantire anni di funzionamento senza problemi. Altre caratteristiche includono un telecomando a filo che consente una rotazione continua di 360 gradi a velocit\u00e0 veloce o lenta, senza il fastidio di un arresto forzato. Con un angolo di emissione di 7 gradi, la luce offre anche angoli di elevazione di 9 gradi verso l&#8217;alto e di 17 gradi verso il basso per illuminare facilmente ponti, boe e banchine.   <\/p>\n<p>Non tutti i proiettori sono creati allo stesso modo e il corpo del proiettore \u00e8 stato sottoposto a una tripla verniciatura e a uno stabilizzatore UV per sopravvivere per anni nel difficile ambiente marino. L&#8217;interno del faro a LED RCL-100 \u00e8 completamente chiuso e garantisce un controllo preciso del fascio di luce, pur rimanendo protetto. L&#8217;array di LED progettato in modo efficiente garantisce oltre 40.000 ore. Il faro include anche la nostra esclusiva funzione XRCiZ\u2122, che ruota in modo indipendente ogni 30 giorni dall&#8217;attivazione per garantire che tutte le superfici di supporto siano prive di corrosione e che tutti i contatti elettrici siano funzionanti. Il LED RCL-100 \u00e8 resistente alle intemperie e funziona con alimentazione a 12 o 24 CC.    <\/p>\n<p>La nuova lampada a LED ACR RCL -100 \u00e8 venduta in un comodo kit configurato come segue.<\/p>\n<ul>\n<li>Kit cablato: RCL-Faro di ricerca a 100 LED con controllore principale e controllore a pad punti cablato (P\/N 1951 o 1951.B)<\/li>\n<\/ul>\n<p>&nbsp;<\/p>\n<h3>Caratteristiche principali del nuovo RCL-100 LED:<\/h3>\n<ul>\n<li>L&#8217;array di 9 LED ultra-luminoso genera oltre 220.000 candele di picco<\/li>\n<li>LED efficienti e di lunga durata - 40.000 ore di funzionamento<\/li>\n<li>Riduzione del consumo di energia fino al 50% sulle imbarcazioni a 12 V<\/li>\n<li>Il controller \u00e8 dotato di un&#8217;elettronica all&#8217;avanguardia che protegge la luce dalla maggior parte degli sbalzi di tensione.<\/li>\n<li>Meccanismo di elevazione interno per un controllo preciso dell&#8217;inclinazione del fascio; protegge il meccanismo di elevazione dalle intemperie<\/li>\n<li>Robusto alloggiamento in alluminio marino a tripla verniciatura e sigillato<\/li>\n<li>Include un Point Pad per il controllo a distanza con la punta delle dita; sul sistema possono essere installate fino a tre unit\u00e0 Point Pad remote; sono incluse opzioni di montaggio a parete o a incasso.<\/li>\n<li>L&#8217;esclusiva funzione XRCiZ\u2122 ruota e sposta il gruppo ottico ogni 30 giorni dall&#8217;attivazione per mantenere tutte le superfici dei cuscinetti prive di corrosione e tutti i contatti elettrici funzionanti.<\/li>\n<li>Il cablaggio di 4,57 m (15 piedi)<\/li>\n<li>Motore a due velocit\u00e0<\/li>\n<\/ul>\n<p>&nbsp;<\/p>\n<h3>Configurazioni disponibili:<\/h3>\n<p>Il LED RCL-100 \u00e8 disponibile in diverse comode configurazioni, come elencato di seguito.<\/p>\n<p>&nbsp;<\/p>\n<p><em><strong>Numeri di parte per i kit di proiettori che utilizzano il Point Pad URP-102 e il Master Controller URC-103:<\/strong><\/em><\/p>\n<table>\n<tbody>\n<tr>\n<td width=\"103\"><strong>NUMERO DI PARTE<\/strong><\/td>\n<td width=\"619\"><strong>DESCRIZIONE<\/strong><\/td>\n<\/tr>\n<tr>\n<td width=\"103\">1951<\/td>\n<td width=\"619\">LED RCL-100, bianco, con controller master URC-103 e puntatore URP-102<\/td>\n<\/tr>\n<tr>\n<td width=\"103\">1951.B<\/td>\n<td width=\"619\">LED RCL-100, nero, con controller master URC-103 e puntatore URP-102<\/td>\n<\/tr>\n<\/tbody>\n<\/table>\n<p>&nbsp;<\/p>\n<p><em><strong>Numeri di parte per i kit di proiettori che utilizzano il Point Pad URP-103 aggiornato e il Master Controller URC-104:<\/strong><\/em><\/p>\n<table>\n<tbody>\n<tr>\n<td width=\"103\"><strong>NUMERO DI PARTE<\/strong><\/td>\n<td width=\"619\"><strong>DESCRIZIONE<\/strong><\/td>\n<\/tr>\n<tr>\n<td width=\"103\">1976<\/td>\n<td width=\"619\">LED RCL-100, bianco, con nuovo controller master URC-104, Point Pad URP-103 e telecomando wireless portatile URH-103<\/td>\n<\/tr>\n<tr>\n<td width=\"103\">1977<\/td>\n<td width=\"619\">LED RCL-100, nero, con nuovo controller master URC-104, Point Pad URP-103 e telecomando wireless portatile URH-103<\/td>\n<\/tr>\n<tr>\n<td width=\"103\">1978<\/td>\n<td width=\"619\">LED RCL-100, bianco, con nuovo controller master URC-104 e puntatore URP-103<\/td>\n<\/tr>\n<tr>\n<td width=\"103\">1979<\/td>\n<td width=\"619\">LED RCL-100, nero, con nuovo controller master URC-104 e puntatore URP-103<\/td>\n<\/tr>\n<\/tbody>\n<\/table>\n<h3><\/h3>\n<p>&nbsp;<\/p>\n<p>&nbsp;<\/p>\n<h3>Istruzioni per l&#8217;installazione dell&#8217;applicazione mobile:<\/h3>\n<p>&nbsp;<\/p>\n<p><strong>NOTA: il modulo WiFi del proiettore, necessario per utilizzare le app iOS o Android, non \u00e8 pi\u00f9 disponibile. Le informazioni fornite di seguito sono destinate ai clienti che possiedono gi\u00e0 il modulo WiFi e che potrebbero quindi aver bisogno di accedere all&#8217;app. <\/strong><\/p>\n<p>&nbsp;<\/p>\n<p><em><strong>iOS - Visitare l&#8217;App Store di Apple, cercare &#8220;ACR Searchlight&#8221; e scaricare l&#8217;applicazione gratuita.<\/strong><\/em><\/p>\n<p><em><strong>Android - Come mostrato nell&#8217;immagine sottostante, accedere alla schermata delle impostazioni &#8220;Schermata di blocco e sicurezza&#8221; del dispositivo mobile che si desidera utilizzare per controllare il searchlight, selezionare l&#8217;opzione per consentire l&#8217;installazione di applicazioni da &#8220;Origini sconosciute&#8221; e fare clic su &#8220;OK&#8221;. Dopo aver completato questi passaggi, <a href=\"https:\/\/www.dropbox.com\/scl\/fi\/7vf72mbbatofnee3bw3mx\/ACR_searchlight_release.apk?rlkey=codcu1zvl5yhy7bryqn29e8pv&amp;dl=1\">fare clic qui<\/a> per installare l&#8217;applicazione mobile ACR Searchlight sul proprio dispositivo. <\/strong><\/em><\/p>\n<p><a href=\"https:\/\/www.acrartex.com\/wp-content\/uploads\/2021\/03\/Android-Searchlight-App_Download-Instructions.png\"><img loading=\"lazy\" decoding=\"async\" class=\" wp-image-83080 aligncenter\" src=\"https:\/\/www.acrartex.com\/wp-content\/uploads\/2021\/03\/Android-Searchlight-App_Download-Instructions-300x265.png\" alt=\"\" width=\"317\" height=\"280\" srcset=\"https:\/\/www.acrartex.com\/wp-content\/uploads\/2021\/03\/Android-Searchlight-App_Download-Instructions-300x265.png 300w, https:\/\/www.acrartex.com\/wp-content\/uploads\/2021\/03\/Android-Searchlight-App_Download-Instructions.png 446w\" sizes=\"auto, (max-width: 317px) 100vw, 317px\" \/><\/a><\/p>\n","protected":false},"excerpt":{"rendered":"<p>La versione a LED del nostro pi\u00f9 popolare faro di ricerca RCL-100D offre prestazioni a LED ad alta intensit\u00e0 che penetrano nelle notti e in condizioni di scarsa illuminazione con una potenza di 220.000 candele. Il design elegante e tradizionale del RCL-100 LED lo rende una scelta attraente ed economica per yacht sportivi, mega-yacht, pescatori sportivi e imbarcazioni commerciali leggere. Grazie ai LED pi\u00f9 efficienti, RCL-100 LED ha ridotto il consumo di energia fino al 50% sulle imbarcazioni a 12 V.  <\/p>\n<p>I proprietari del proiettore a LED RCL-100 e del vecchio proiettore alogeno RCL-100D hanno la possibilit\u00e0 di acquistare il <a href=\"https:\/\/www.acrartex.com\/it\/products\/modulo-di-controllo-remoto-wi-fi\/\">modulo di controllo remoto Wifi<\/a> che offre la flessibilit\u00e0 di controllare i proiettori RCL-100 LED e RCL-100D utilizzando l&#8217;App gratuita ACR Searchlight. L <a href=\"https:\/\/www.dropbox.com\/s\/68k95jlvicbgmgy\/Privacy%20Policy_ACR%20Searchlight%20App.pdf?dl=1\">&#8216;informativa sulla privacy dell&#8217;app ACR Searchlight \u00e8 disponibile a questo link<\/a>.<\/p>\n<p>&nbsp;<\/p>\n<p style=\"margin-left: 0in; margin-right: 0in;\"><span style=\"font-size: 11pt;\"><span style=\"font-family: Calibri,sans-serif;\"><a style=\"color: blue; text-decoration: underline;\" href=\"https:\/\/www.dropbox.com\/s\/ezakylsa2478sav\/Prop%2065%20-%20DINP%20and%20BPA.pdf?dl=0\"><span style=\"color: #000000;\">ATTENZIONE: PROP 65<\/span><\/a><\/span><\/span><\/p>\n","protected":false},"featured_media":141784,"template":"","meta":{"_acf_changed":false,"om_disable_all_campaigns":false},"product_brand":[],"product_cat":[2980,2977,3063,2949,2979,2978],"product_tag":[3140,3141,3129,3123,3125,3065,3121,3077,3068,3083,3137,3087,3073,3138,3139,3131,3127,3135,3133,3119],"class_list":{"0":"post-125334","1":"product","2":"type-product","3":"status-publish","4":"has-post-thumbnail","6":"product_cat-commerciale","7":"product_cat-entroterra","8":"product_cat-luci-di-ricerca","9":"product_cat-marina","10":"product_cat-off-shore-it","11":"product_cat-vicino-alla-riva","12":"product_tag-1951-it","13":"product_tag-1951-b-it","14":"product_tag-acr-rcl-100-led-it","15":"product_tag-azienda-di-riflettori","16":"product_tag-fari-da-barca-a-led","17":"product_tag-fari-in-vendita","18":"product_tag-fari-marini","19":"product_tag-faro-acr","20":"product_tag-faro-da-barca","21":"product_tag-faro-di-ricerca-a-led","22":"product_tag-faro-di-ricerca-led-per-barca","23":"product_tag-faro-di-ricerca-marino-a-led","24":"product_tag-faro-marino","25":"product_tag-numero-di-parte-1951","26":"product_tag-p-n-1951-it","27":"product_tag-proiettori-a-led","28":"product_tag-proiettori-marini-a-led","29":"product_tag-rcl-100-led-it","30":"product_tag-rcl-100-led-faro-di-ricerca","31":"product_tag-riflettore","32":"pa_product-luci-di-ricerca","34":"first","35":"instock","36":"taxable","37":"shipping-taxable","38":"purchasable","39":"product-type-variable"},"acf":[],"_links":{"self":[{"href":"https:\/\/www.acrartex.com\/it\/wp-json\/wp\/v2\/product\/125334","targetHints":{"allow":["GET"]}}],"collection":[{"href":"https:\/\/www.acrartex.com\/it\/wp-json\/wp\/v2\/product"}],"about":[{"href":"https:\/\/www.acrartex.com\/it\/wp-json\/wp\/v2\/types\/product"}],"wp:featuredmedia":[{"embeddable":true,"href":"https:\/\/www.acrartex.com\/it\/wp-json\/wp\/v2\/media\/141784"}],"wp:attachment":[{"href":"https:\/\/www.acrartex.com\/it\/wp-json\/wp\/v2\/media?parent=125334"}],"wp:term":[{"taxonomy":"product_brand","embeddable":true,"href":"https:\/\/www.acrartex.com\/it\/wp-json\/wp\/v2\/product_brand?post=125334"},{"taxonomy":"product_cat","embeddable":true,"href":"https:\/\/www.acrartex.com\/it\/wp-json\/wp\/v2\/product_cat?post=125334"},{"taxonomy":"product_tag","embeddable":true,"href":"https:\/\/www.acrartex.com\/it\/wp-json\/wp\/v2\/product_tag?post=125334"}],"curies":[{"name":"wp","href":"https:\/\/api.w.org\/{rel}","templated":true}]}}