{"id":125299,"date":"2021-03-16T08:25:07","date_gmt":"2021-03-16T13:25:07","guid":{"rendered":"https:\/\/www.acrartex.com\/products\/rcl-faro-di-ricerca-a-95-led\/"},"modified":"2026-02-03T14:14:14","modified_gmt":"2026-02-03T19:14:14","slug":"rcl-faro-di-ricerca-a-95-led","status":"publish","type":"product","link":"https:\/\/www.acrartex.com\/it\/products\/rcl-faro-di-ricerca-a-95-led\/","title":{"rendered":"RCL-Faro di ricerca a 95 LED"},"content":{"rendered":"<p style=\"margin: 0in 0in 0.0001pt;\"><span style=\"font-size: 10pt;\"><span style=\"line-height: 150%;\">Utilizzare il faro di ricerca a LED RCL-95 con l&#8217;apparecchio di ricerca a LED<b> <\/b>Il comando a joystick cablato per il montaggio sul cruscotto o il telecomando portatile senza fili consentono di ruotare la luce di 360 gradi in modo continuo, a velocit\u00e0 veloce o lenta, senza il fastidio di un arresto forzato. Con un angolo di emissione di 8 gradi, la luce pu\u00f2 inclinarsi di ben 135 gradi per illuminare ponti, boe e banchine. La funzione di auto-home riporta il faro nella posizione di partenza desiderata ogni volta che lo si spegne. <strong><span style=\"font-weight: normal;\">RCL-95 \u00e8 il faro da barca a led pi\u00f9 luminoso e resistente alle intemperie, con l&#8217;elettronica collocata nella struttura impermeabile IP68. <\/span><\/strong>elettronica situata nella testa del faro, resistente all&#8217;acqua IP68, anzich\u00e9 nella base, per una maggiore protezione. L&#8217;alloggiamento e l&#8217;obiettivo ASA sono sigillati contro gli elementi atmosferici per anni di funzionamento senza problemi.     <\/span><\/span><\/p>\n<p style=\"margin: 0in 0in 0.0001pt;\"><b>Caratteristiche principali:<\/b><\/p>\n<ul>\n<li style=\"text-align: justify; margin: 0in 0in 0.0001pt;\"><span style=\"font-size: 10pt;\"><span style=\"line-height: 150%;\">10 LED ad alto flusso (OSRAM)  <\/span><\/span><\/li>\n<li style=\"text-align: justify; margin: 0in 0in 0.0001pt;\"><span style=\"font-size: 10pt;\"><span style=\"line-height: 150%;\">460.000 Candela, distanza massima del fascio di luce 4.501 piedi (1.372 m) uno dei pi\u00f9 luminosi proiettori a led per imbarcazioni<\/span><\/span><\/li>\n<li style=\"text-align: justify; margin: 0in 0in 0.0001pt;\"><span style=\"font-size: 10pt;\"><span style=\"line-height: 150%;\">Telecomando portatile senza fili e joystick cablato per il montaggio sul cruscotto (entrambi inclusi)<\/span><\/span><\/li>\n<li style=\"text-align: justify; margin: 0in 0in 0.0001pt;\"><span style=\"font-size: 10pt;\"><span style=\"line-height: 150%;\">Rotazione continua di <sup>360<\/sup> gradi e inclinazione di 135 <sup>gradi<\/sup> <\/span><\/span><\/li>\n<li style=\"text-align: justify; margin: 0in 0in 0.0001pt;\"><span style=\"font-size: 10pt;\"><span style=\"line-height: 150%;\">Ritorno a casa automatico quando \u00e8 spento<\/span><\/span><\/li>\n<li style=\"text-align: justify; margin: 0in 0in 0.0001pt;\"><span style=\"font-size: 10pt;\"><span style=\"line-height: 150%;\">Da 4 Ampere (12V) a 2 Ampere (24V)<\/span><\/span><\/li>\n<li style=\"text-align: justify; margin: 0in 0in 0.0001pt;\"><span style=\"font-size: 10pt;\"><span style=\"line-height: 150%;\">LED efficienti e di lunga durata - 50.000 ore di funzionamento<\/span><\/span><\/li>\n<li style=\"text-align: justify; margin: 0in 0in 0.0001pt;\"><span style=\"font-size: 10pt;\"><span style=\"line-height: 150%;\">Resistente ai raggi UV e agli agenti atmosferici<\/span><\/span><\/li>\n<li style=\"text-align: justify; margin: 0in 0in 0.0001pt;\"><span style=\"font-size: 10pt;\"><span style=\"line-height: 150%;\">Installazione semplice (collegamento di alimentazione a 12-24 V e cavo di controllo joystick cablato da 5 m)<\/span><\/span><\/li>\n<li>Perfetto per camion da lavoro, furgoni, barche e imbarcazioni da lavoro<\/li>\n<\/ul>\n<p><b>Accessori opzionali:<\/b><b><\/b><\/p>\n<ul>\n<li><b><\/b><span style=\"font-size: 10pt;\"><span style=\"line-height: 150%;\">Telecomando senza fili per il montaggio sul cruscotto (n. 9635)<\/span><\/span><\/li>\n<li><span style=\"font-size: 10pt;\"><span style=\"line-height: 150%;\">RCL-95 Piastra di montaggio sostitutiva per GOLIGHT\u00ae (p\/n 9639)*<\/span><\/span><\/li>\n<li><span style=\"font-size: 10pt;\"><span style=\"line-height: 150%;\">RCL-Cavo di prolunga da 16,4&#8242; (5 m) (p\/n 9638)<\/span><\/span><\/li>\n<li><span style=\"font-size: 10pt;\"><span style=\"line-height: 150%;\">Cablaggio per joystick RCL-95 (p\/n 9640)<\/span><\/span><\/li>\n<\/ul>\n<p><span style=\"font-size: 10pt;\"><span style=\"line-height: 150%;\">*Questo kit di retrofit pu\u00f2 essere utilizzato quando si sostituiscono i proiettori GOLIGHT\u00ae Stryker o RadioRay con il proiettore RCL-95. Nota: questo kit non funziona per la versione portatile di RadioRay (GOLIGHT \u00e8 un marchio registrato di GOLIGHT Inc.). <\/span><\/span><\/p>\n","protected":false},"excerpt":{"rendered":"<p style=\"margin: 0in 0in 0.0001pt;\"><span style=\"font-size: 10pt;\"><span style=\"line-height: 150%;\">Il nuovissimo faro a LED RCL-95 \u00e8 stato progettato per garantire prestazioni e semplicit\u00e0 e per essere uno dei pi\u00f9 luminosi fari a LED per imbarcazioni. Con un&#8217;intensit\u00e0 di 460.000 candele, pari al massimo del settore, grazie all&#8217;utilizzo di 10 LED ad alto flusso (50W), la visibilit\u00e0 \u00e8 di oltre \u00be di miglio nautico per illuminare la strada verso la vostra destinazione.   <\/span><\/span><span style=\"font-size: 10.0pt;\">Il design elegante di RCL-95 LED lo rende una scelta attraente ed economica per le imbarcazioni da diporto di piccole e medie dimensioni e per le imbarcazioni commerciali leggere.<\/span><\/p>\n<p>&nbsp;<\/p>\n<p style=\"margin: 0in 0in 0.0001pt;\"><a href=\"https:\/\/www.dropbox.com\/s\/0ezw0kexbm120vv\/Prop%2065%20-%20Lead%20and%20Lead%20Compounds.pdf?dl=0\">ATTENZIONE: PROP 65<\/a><\/p>\n","protected":false},"featured_media":141774,"template":"","meta":{"_acf_changed":false,"om_disable_all_campaigns":false},"product_brand":[],"product_cat":[2977,3063,2949,2979,2978],"product_tag":[3099,3103,3094,3090,3077,3068,3082,3087,3073],"class_list":{"0":"post-125299","1":"product","2":"type-product","3":"status-publish","4":"has-post-thumbnail","6":"product_cat-entroterra","7":"product_cat-luci-di-ricerca","8":"product_cat-marina","9":"product_cat-off-shore-it","10":"product_cat-vicino-alla-riva","11":"product_tag-1958-it","12":"product_tag-1959-it","13":"product_tag-acr-rcl-95-it","14":"product_tag-fari-per-le-vendite","15":"product_tag-faro-acr","16":"product_tag-faro-da-barca","17":"product_tag-faro-da-barca-a-led","18":"product_tag-faro-di-ricerca-marino-a-led","19":"product_tag-faro-marino","20":"pa_product-luci-di-ricerca","22":"first","23":"instock","24":"taxable","25":"shipping-taxable","26":"purchasable","27":"product-type-variable"},"acf":[],"_links":{"self":[{"href":"https:\/\/www.acrartex.com\/it\/wp-json\/wp\/v2\/product\/125299","targetHints":{"allow":["GET"]}}],"collection":[{"href":"https:\/\/www.acrartex.com\/it\/wp-json\/wp\/v2\/product"}],"about":[{"href":"https:\/\/www.acrartex.com\/it\/wp-json\/wp\/v2\/types\/product"}],"wp:featuredmedia":[{"embeddable":true,"href":"https:\/\/www.acrartex.com\/it\/wp-json\/wp\/v2\/media\/141774"}],"wp:attachment":[{"href":"https:\/\/www.acrartex.com\/it\/wp-json\/wp\/v2\/media?parent=125299"}],"wp:term":[{"taxonomy":"product_brand","embeddable":true,"href":"https:\/\/www.acrartex.com\/it\/wp-json\/wp\/v2\/product_brand?post=125299"},{"taxonomy":"product_cat","embeddable":true,"href":"https:\/\/www.acrartex.com\/it\/wp-json\/wp\/v2\/product_cat?post=125299"},{"taxonomy":"product_tag","embeddable":true,"href":"https:\/\/www.acrartex.com\/it\/wp-json\/wp\/v2\/product_tag?post=125299"}],"curies":[{"name":"wp","href":"https:\/\/api.w.org\/{rel}","templated":true}]}}