{"id":125297,"date":"2021-09-23T20:05:44","date_gmt":"2021-09-24T01:05:44","guid":{"rendered":"https:\/\/www.acrartex.com\/products\/resqlink-view-rls-personal-locator-beacon\/"},"modified":"2026-03-06T09:51:45","modified_gmt":"2026-03-06T14:51:45","slug":"resqlink-view-rls-personal-locator-beacon","status":"publish","type":"product","link":"https:\/\/www.acrartex.com\/it\/products\/resqlink-view-rls-personal-locator-beacon\/","title":{"rendered":"ResQLink\u2122 View RLS Localizzatore personale Beacon"},"content":{"rendered":"<p>Piccolo ma resistente, il ResQLink View RLS \u00e8 stato progettato e testato professionalmente per garantire la resistenza anche alle condizioni pi\u00f9 avverse. Questo localizzatore personale galleggiante non richiede alcun abbonamento, vanta un display digitale che fornisce informazioni in tempo reale sullo stato e sulle coordinate GPS e include la nuova funzione Return Link Service (RLS).    <span lang=\"EN-GB\">Fornire conferma all&#8217;utente che il messaggio di soccorso di emergenza del suo radiofaro \u00e8 stato ricevuto e che la sua posizione \u00e8 stata rilevata. Il sistema RLS funziona inviando un segnale attraverso la rete satellitare Cospas Sarsat per confermare all&#8217;utente del radiofaro che il messaggio di soccorso \u00e8 stato ricevuto e che la sua posizione \u00e8 stata rilevata. La conferma dell&#8217;utente \u00e8 chiaramente indicata da una luce blu lampeggiante e da un messaggio di conferma corrispondente sul display digitale.  <\/span><\/p>\n<p><a href=\"https:\/\/www.acrartex.com\/it\/news\/acr-electronics-vince-il-premio-dame-per-return-link-service-resqlink-view-personal-locator-beacon\/\" rel=\"attachment wp-att-26076\"><img loading=\"lazy\" decoding=\"async\" class=\"size-medium wp-image-26076 alignright\" src=\"https:\/\/www.acrartex.com\/wp-content\/uploads\/2021\/11\/dame-design-award-logo-vector-300x167.png\" alt=\"ResQLink View RLS ha vinto il Dame Award 2021\" width=\"300\" height=\"167\" srcset=\"https:\/\/www.acrartex.com\/wp-content\/uploads\/2021\/11\/dame-design-award-logo-vector-300x167.png 300w, https:\/\/www.acrartex.com\/wp-content\/uploads\/2021\/11\/dame-design-award-logo-vector-768x427.png 768w, https:\/\/www.acrartex.com\/wp-content\/uploads\/2021\/11\/dame-design-award-logo-vector-600x333.png 600w, https:\/\/www.acrartex.com\/wp-content\/uploads\/2021\/11\/dame-design-award-logo-vector.png 900w\" sizes=\"auto, (max-width: 300px) 100vw, 300px\" \/><\/a><\/p>\n<p>Con tre livelli di tecnologia di segnale integrata \u2013 posizionamento GPS, un potente segnale a 406 MHz e capacit\u00e0 di homing a 121,5 MHz \u2013 ResQLink View RLS trasmette in modo rapido e preciso la tua posizione a una rete mondiale di satelliti di ricerca e soccorso. Inoltre, uno stroboscopio integrato e uno stroboscopio a infrarossi facilitano i soccorsi notturni o in condizioni di scarsa visibilit\u00e0. Che tu sia a terra, in mare o in aria, affidati alla precisione satellitare e alla robustezza militare di ResQLink, che mettono il soccorso nel palmo delle tue mani.  <\/p>\n<p>&nbsp;<\/p>\n<p>Ovunque ti porti la tua avventura, che si tratti di un viaggio sulle vette pi\u00f9 alte, di un territorio inesplorato o degli oceani pi\u00f9 vasti, puoi stare certo che ResQLink View RLS si attiva sempre facilmente. Basta dispiegare l&#8217;antenna, premere il pulsante di accensione e il radiofaro ti invier\u00e0 conferma della ricezione del tuo messaggio di soccorso e del rilevamento della tua posizione, guidando senza sforzo i soccorritori entro un raggio di 100 metri o meno dalla tua posizione. Goditi una maggiore tranquillit\u00e0 utilizzando il display digitale integrato per visualizzare in tempo reale lo stato del radiofaro e le coordinate GPS durante l&#8217;intera procedura di soccorso.  <\/p>\n<p>&nbsp;<\/p>\n<p>Grazie agli innovativi elementi di design, le clip multifunzione possono essere utilizzate insieme al faro, offrendo numerose opzioni di indossabilit\u00e0 adatte a una variet\u00e0 di applicazioni. La maggiore facilit\u00e0 di integrazione di ResQLink View con la propria persona o con la propria attrezzatura ha reso tutte le vostre avventure non solo pi\u00f9 sicure, ma anche pi\u00f9 comode. <\/p>\n<p>&nbsp;<\/p>\n<p>Pur mantenendo la stessa affidabilit\u00e0 e robustezza dei suoi predecessori, ResQLink View RLS \u00e8 progettato anche per il comfort. Godetevi la tranquillit\u00e0 di sapere che il vostro messaggio di soccorso \u00e8 stato ricevuto e la vostra posizione \u00e8 stata rilevata. In qualit\u00e0 di leader nei prodotti salvavita per uso professionale e ricreativo, ACR offre sicurezza e tranquillit\u00e0 senza pari con il localizzatore personale ResQLink View RLS.  <\/p>\n<p>&nbsp;<\/p>\n<p><b>Caratteristiche e vantaggi:<\/b><\/p>\n<ul>\n<li>Nessun abbonamento richiesto<\/li>\n<li>Display digitale<\/li>\n<li>Funzionalit\u00e0 del servizio di collegamento di ritorno (RLS)<\/li>\n<li><a name=\"_Hlk2671037\" data-cke-saved-name=\"_Hlk2671037\"><\/a>GPS | Galileo GNSS<\/li>\n<li>Galleggiabilit\u00e0 integrata<\/li>\n<li>Strobo e Strobo a Infrarossi<\/li>\n<li>Copertura globale<\/li>\n<li>Compatibile con MEOSAR<\/li>\n<li>Piccolo e leggero<\/li>\n<li>Durata della batteria di 5 anni<\/li>\n<li>28 ore di vita operativa**<\/li>\n<li>Sistema di clip multifunzione incluso<\/li>\n<li>Skin ACR esclusive incluse nell&#8217;acquisto (personalizza il tuo faro e adattalo al tuo stile di vita e alle tue attivit\u00e0 preferite)<\/li>\n<\/ul>\n<p>**Basato sul rapporto di prova del laboratorio accreditato<\/p>\n<p>&nbsp;<\/p>\n<p>L&#8217;elenco completo dei paesi che hanno approvato la vendita e l&#8217;uso di RLS nel loro territorio \u00e8 disponibile su questo link <span lang=\"PT-BR\">:<\/span> <a href=\"https:\/\/cospas-sarsat.int\/en\/beacon-ownership\/rls-enabled-beacon-purchase\"><span lang=\"PT-BR\">https:\/\/cospas-sarsat.int\/en\/beacon-ownership\/rls-enabled-beacon-purchase<\/span><\/a><\/p>\n<p class=\"Paragraph1\" align=\"left\"><span lang=\"PT-BR\">Potrebbe esserci un ritardo nell&#8217;informazione di Cospas-Sarsat da parte dei paesi, quindi molti paesi non presenti nell&#8217;elenco sopra potrebbero anche consentire i beacon abilitati RLS<\/span><span lang=\"PT-BR\">. Cospas-Sarsat consiglia di verificare direttamente con le autorit\u00e0 nazionali\/territoriali le informazioni pi\u00f9 recenti su ci\u00f2 che \u00e8 consentito.<\/span><\/p>\n<p class=\"Paragraph1\" align=\"left\"><i><span lang=\"PT-BR\">* \u00c8 possibile contattare la Guardia Costiera degli Stati Uniti qui<\/span><\/i> <a href=\"https:\/\/www.dco.uscg.mil\/Our-Organization\/Assistant-Commandant-for-Response-Policy-CG-5R\/Office-of-Incident-Management-Preparedness-CG-5RI\/US-Coast-Guard-Office-of-Search-and-Rescue-CG-SAR\/NSARC\/\"><i>https:\/\/www.dco.uscg.mil\/Our-Organization\/Assistant-Commandant-for-Response-Policy-CG-5R\/Office-of-Incident-Management-Preparedness-CG-5RI\/US-Coast-Guard-Office-of-Search-and-Rescue-CG-SAR\/NSARC\/<\/i><\/a><\/p>\n<p class=\"Paragraph1\" align=\"left\"><i><span lang=\"PT-BR\">** \u00c8 <strong>possibile<\/strong> contattare la NOAA qui<\/span><\/i> <a href=\"https:\/\/www.sarsat.noaa.gov\/\"><i>https:\/\/www.sarsat.noaa.gov\/<\/i><\/a><\/p>\n<p><strong>2332: Kit di sicurezza ResQlink VIEW RLS PLB<\/strong> | Questo kit \u00e8 dotato dei seguenti elementi:<\/p>\n<ul>\n<li>ResQLink VIEW RLS\u2122 Localizzatore personale (programmato solo negli USA)<\/li>\n<li>Luce di soccorso C-Strobe\u2122 H2O - <a href=\"https:\/\/www.acrartex.com\/products\/c-strobe-h20\">Scopri di pi\u00f9<\/a><\/li>\n<li>Fischietto Res-Q\u2122 - <a href=\"https:\/\/www.acrartex.com\/it\/products\/ww-3-resq-fischietto\/\">Scopri di pi\u00f9<\/a><\/li>\n<li>Sacca stagna RapidDitch<\/li>\n<li>Specchio di segnalazione<\/li>\n<\/ul>\n<p>&nbsp;<\/p>\n<p><strong>2333: ResQLink VIEW RLS PLB + Kit di sicurezza ResQFlare<\/strong> | Questo kit comprende i seguenti prodotti essenziali per la sopravvivenza:<\/p>\n<ul>\n<li>ResQLink View RLS Personal Locator Beacon (programmato solo negli USA)<\/li>\n<li>Segnalatore di soccorso elettronico ResQFlare<\/li>\n<li>Luce di soccorso C-Strobe H2O<\/li>\n<li>Specchio di segnalazione<\/li>\n<li>Fischietto Res-Q\u2122<\/li>\n<li>RapidDitch Borsa a secco<\/li>\n<\/ul>\n","protected":false},"excerpt":{"rendered":"<p>Piccolo ma resistente, il ResQLink View RLS \u00e8 stato progettato e testato professionalmente per garantire la resistenza anche alle condizioni pi\u00f9 avverse. Questo localizzatore personale galleggiante non richiede alcun abbonamento, vanta un display digitale che fornisce aggiornamenti di stato in tempo reale e, grazie all&#8217;inclusione della nuova funzione Return Link Service (RLS), questo localizzatore ACR ti offre la tranquillit\u00e0 di sapere che il tuo messaggio di soccorso \u00e8 stato ricevuto e la tua posizione \u00e8 stata rilevata. <\/p>\n<p>&nbsp;<\/p>\n<p><b>Caratteristiche e vantaggi:<\/b><\/p>\n<ul>\n<li>Nessun abbonamento richiesto<\/li>\n<li>Display digitale<\/li>\n<li>Funzionalit\u00e0 del servizio di collegamento di ritorno (RLS)<\/li>\n<li><a name=\"_Hlk2671037\" data-cke-saved-name=\"_Hlk2671037\"><\/a>GPS | Galileo GNSS<\/li>\n<li>Galleggiabilit\u00e0 integrata<\/li>\n<li>Strobo e Strobo a Infrarossi<\/li>\n<li>Copertura globale<\/li>\n<li>Compatibile con MEOSAR<\/li>\n<li>Piccolo e leggero<\/li>\n<li>Durata della batteria di 5 anni<\/li>\n<li>28 ore di vita operativa**<\/li>\n<li>Sistema di clip multifunzione incluso<\/li>\n<li>Skin ACR esclusive incluse nell&#8217;acquisto (personalizza il tuo faro e adattalo al tuo stile di vita e alle tue attivit\u00e0 preferite)<\/li>\n<\/ul>\n<p>**Basato sul rapporto di prova del laboratorio accreditato<\/p>\n<p>&nbsp;<\/p>\n<p><a href=\"https:\/\/www.dropbox.com\/s\/8343nj28z0d7bxa\/Prop%2065%20-%20BPA.pdf?dl=0\" data-cke-saved-href=\"https:\/\/www.dropbox.com\/s\/8343nj28z0d7bxa\/Prop%2065%20-%20BPA.pdf?dl=0\">ATTENZIONE: PROP 65<\/a><\/p>\n","protected":false},"featured_media":142529,"template":"","meta":{"_acf_changed":false,"om_disable_all_campaigns":false},"product_brand":[],"product_cat":[2950,2980,2977,2981,2949,2979,3034,2982,2984,2978],"product_tag":[3042,3044,3043,3045,3056,3046,3040,3036,3041,3038,3081,3076,3072],"class_list":{"0":"post-125297","1":"product","2":"type-product","3":"status-publish","4":"has-post-thumbnail","6":"product_cat-allaperto","7":"product_cat-commerciale","8":"product_cat-entroterra","9":"product_cat-escursione-arrampicata-campo","10":"product_cat-marina","11":"product_cat-off-shore-it","12":"product_cat-personal-locator-beacon-it","13":"product_cat-sport-dazione-offroad","14":"product_cat-sport-nautici-pesca","15":"product_cat-vicino-alla-riva","16":"product_tag-406-it","17":"product_tag-406-mhz-it","18":"product_tag-acr-it","19":"product_tag-acr-personal-locator-beacon-it","20":"product_tag-cospas-sarsat-it","21":"product_tag-faro","22":"product_tag-gps-it","23":"product_tag-plb-it","24":"product_tag-radiofaro-di-localizzazione-personale","25":"product_tag-resqlink-it","26":"product_tag-resqlink-view-rls-it","27":"product_tag-return-link-service-it","28":"product_tag-rls-it","29":"pa_activity-arrampicata","30":"pa_activity-campeggio","31":"pa_activity-escursioni","32":"pa_activity-fuoristrada-4x4","33":"pa_activity-la-bicicletta","34":"pa_activity-la-pesca","35":"pa_activity-motoslitta","36":"pa_activity-sci-snowboard","37":"pa_activity-sci-di-fondo","38":"pa_activity-sport-a-pagaia","39":"pa_aircraft-type-getti-di-luce","40":"pa_aircraft-type-getti-grandi","41":"pa_aircraft-type-jet-di-medie-dimensioni","42":"pa_aircraft-type-jet-passeggeri","43":"pa_aircraft-type-motore-singolo","44":"pa_aircraft-type-multi-motore","45":"pa_aircraft-type-rotocraft-it","46":"pa_aircraft-type-sperimentale","47":"pa_aircraft-type-turboprop-it","48":"pa_boat-size-0-20-it","49":"pa_boat-size-21-40-it","50":"pa_boat-size-40-80-it","51":"pa_boat-size-80-it","52":"pa_boat-type-barca-a-vela","53":"pa_boat-type-motoscafo","54":"pa_boat-type-nave-da-carico","55":"pa_boat-type-noleggio-barche","56":"pa_boat-type-pesca-commerciale","57":"pa_boat-type-rimorchiatore","58":"pa_boat-type-sportcraft-it","59":"pa_boat-type-yacht-it","60":"pa_product-rescue-beacons-it","61":"pa_terrain-collina-e-montagna","62":"pa_terrain-fiumi-zone-umide-laghi","63":"pa_terrain-foresta-e-giungla","64":"pa_terrain-tundra-it","66":"first","67":"instock","68":"taxable","69":"shipping-taxable","70":"purchasable","71":"product-type-variable"},"acf":[],"_links":{"self":[{"href":"https:\/\/www.acrartex.com\/it\/wp-json\/wp\/v2\/product\/125297","targetHints":{"allow":["GET"]}}],"collection":[{"href":"https:\/\/www.acrartex.com\/it\/wp-json\/wp\/v2\/product"}],"about":[{"href":"https:\/\/www.acrartex.com\/it\/wp-json\/wp\/v2\/types\/product"}],"wp:featuredmedia":[{"embeddable":true,"href":"https:\/\/www.acrartex.com\/it\/wp-json\/wp\/v2\/media\/142529"}],"wp:attachment":[{"href":"https:\/\/www.acrartex.com\/it\/wp-json\/wp\/v2\/media?parent=125297"}],"wp:term":[{"taxonomy":"product_brand","embeddable":true,"href":"https:\/\/www.acrartex.com\/it\/wp-json\/wp\/v2\/product_brand?post=125297"},{"taxonomy":"product_cat","embeddable":true,"href":"https:\/\/www.acrartex.com\/it\/wp-json\/wp\/v2\/product_cat?post=125297"},{"taxonomy":"product_tag","embeddable":true,"href":"https:\/\/www.acrartex.com\/it\/wp-json\/wp\/v2\/product_tag?post=125297"}],"curies":[{"name":"wp","href":"https:\/\/api.w.org\/{rel}","templated":true}]}}