{"id":125296,"date":"2021-03-16T08:21:43","date_gmt":"2021-03-16T13:21:43","guid":{"rendered":"https:\/\/www.acrartex.com\/products\/hydrofix-hru\/"},"modified":"2025-11-26T03:33:48","modified_gmt":"2025-11-26T08:33:48","slug":"hydrofix-hru","status":"publish","type":"product","link":"https:\/\/www.acrartex.com\/it\/products\/hydrofix-hru\/","title":{"rendered":"HydroFix\u2122 HRU"},"content":{"rendered":"<p>Il sistema ad asta brevettato non si basa su una batteria, una lama o un dispositivo pirotecnico per rilasciare il segnalatore. Questo vantaggio consente un rilascio rapido, continuo e affidabile in caso di emergenza. <\/p>\n<p>Si noti che questo prodotto \u00e8 datato e deve essere sostituito ogni 2 anni dalla data di installazione o 4 anni dalla data di produzione.<\/p>\n<ul>\n<li>Facilmente sostituibile<\/li>\n<li>100% testato in fabbrica<\/li>\n<li>Numero di brevetto: 7.435.148<\/li>\n<\/ul>\n","protected":false},"excerpt":{"rendered":"<p>L&#8217;unit\u00e0 di sgancio idrostatico (HRU) HydroFix\u2122 \u00e8 un sistema di aste brevettato che consente di sganciare rapidamente e in modo affidabile un segnalatore da una staffa di categoria I quando \u00e8 immerso in acqua tra 1,5 e 4 metri (4,9-13,1 piedi). Questa unit\u00e0 \u00e8 progettata per funzionare con le staffe per radiofari Sea Shelter\u2122, Sea Shelter\u21222, Sea Shelter\u21223 e Sea Shelter\u21224. <\/p>\n<p>&nbsp;<\/p>\n<h4><span style=\"color: #ff0000;\"><strong>Orgogliosamente prodotto negli Stati Uniti!<\/strong><\/span><\/h4>\n","protected":false},"featured_media":137624,"template":"","meta":{"_acf_changed":false,"om_disable_all_campaigns":false},"product_brand":[],"product_cat":[2951,2980,2977,2949,2979,2978],"product_tag":[3096,3056,3100,3071,3079,3075,3064,3052,3059,3067,3085,3089,3054,3092],"class_list":{"0":"post-125296","1":"product","2":"type-product","3":"status-publish","4":"has-post-thumbnail","6":"product_cat-accessori-di-sicurezza","7":"product_cat-commerciale","8":"product_cat-entroterra","9":"product_cat-marina","10":"product_cat-off-shore-it","11":"product_cat-vicino-alla-riva","12":"product_tag-cateogoria-1-epirb","13":"product_tag-cospas-sarsat-it","14":"product_tag-distribuzione-automatica-epirb","15":"product_tag-epirb-rilascio-idrostatico","16":"product_tag-hammar-h20-it","17":"product_tag-hammar-h20-rilascio-idrostatico","18":"product_tag-idrofugo","19":"product_tag-montaggio-a-paratia-epirb","20":"product_tag-rilascio-idrostatico","21":"product_tag-rilascio-idrostatico-hammar","22":"product_tag-rilascio-idrostatico-per-epirb","23":"product_tag-rilascio-idrostatico-per-gli-epiratori","24":"product_tag-staffa-a-basso-profilo-per-epirb","25":"product_tag-unita-di-rilascio-idrostatico","26":"pa_boat-size-0-20-it","27":"pa_boat-size-21-40-it","28":"pa_boat-size-40-80-it","29":"pa_boat-size-80-it","30":"pa_boat-type-barca-a-vela","31":"pa_boat-type-motoscafo","32":"pa_boat-type-nave-da-carico","33":"pa_boat-type-noleggio-barche","34":"pa_boat-type-pesca-commerciale","35":"pa_boat-type-rimorchiatore","36":"pa_boat-type-sportcraft-it","37":"pa_boat-type-yacht-it","38":"pa_product-accessori-di-sicurezza","39":"pa_product-rescue-beacons-it","40":"pa_product-rescue-beacons-vhf-sart","42":"first","43":"instock","44":"taxable","45":"shipping-taxable","46":"purchasable","47":"product-type-simple"},"acf":[],"_links":{"self":[{"href":"https:\/\/www.acrartex.com\/it\/wp-json\/wp\/v2\/product\/125296","targetHints":{"allow":["GET"]}}],"collection":[{"href":"https:\/\/www.acrartex.com\/it\/wp-json\/wp\/v2\/product"}],"about":[{"href":"https:\/\/www.acrartex.com\/it\/wp-json\/wp\/v2\/types\/product"}],"wp:featuredmedia":[{"embeddable":true,"href":"https:\/\/www.acrartex.com\/it\/wp-json\/wp\/v2\/media\/137624"}],"wp:attachment":[{"href":"https:\/\/www.acrartex.com\/it\/wp-json\/wp\/v2\/media?parent=125296"}],"wp:term":[{"taxonomy":"product_brand","embeddable":true,"href":"https:\/\/www.acrartex.com\/it\/wp-json\/wp\/v2\/product_brand?post=125296"},{"taxonomy":"product_cat","embeddable":true,"href":"https:\/\/www.acrartex.com\/it\/wp-json\/wp\/v2\/product_cat?post=125296"},{"taxonomy":"product_tag","embeddable":true,"href":"https:\/\/www.acrartex.com\/it\/wp-json\/wp\/v2\/product_tag?post=125296"}],"curies":[{"name":"wp","href":"https:\/\/api.w.org\/{rel}","templated":true}]}}