{"id":125295,"date":"2021-03-16T08:24:25","date_gmt":"2021-03-16T13:24:25","guid":{"rendered":"https:\/\/www.acrartex.com\/products\/resqlink-400-personal-locator-beacon\/"},"modified":"2026-03-06T10:09:23","modified_gmt":"2026-03-06T15:09:23","slug":"resqlink-400-personal-locator-beacon","status":"publish","type":"product","link":"https:\/\/www.acrartex.com\/it\/products\/resqlink-400-personal-locator-beacon\/","title":{"rendered":"ResQLink\u2122 400 Personal Locator Beacon"},"content":{"rendered":"<p style=\"margin-left: 0in; margin-right: 0in;\">Con tre livelli di tecnologia di segnale integrata - posizionamento su GPS, potente segnale a 406 MHz e capacit\u00e0 di homing a 121,5 MHz - ResQLink 400 trasmette rapidamente e con precisione la vostra posizione a una rete mondiale di satelliti di ricerca e soccorso. Inoltre, una strobo incorporata e una strobo a infrarossi facilitano i soccorsi notturni o in condizioni di scarsa visibilit\u00e0. <\/p>\n<p style=\"margin-left: 0in; margin-right: 0in;\">Ovunque vi porti la vostra avventura, che si tratti di un viaggio verso le vette pi\u00f9 alte, i terreni pi\u00f9 inesplorati o gli oceani pi\u00f9 vasti, state certi che ResQLink 400 si attiva sempre con facilit\u00e0. \u00c8 sufficiente dispiegare l&#8217;antenna, premere il pulsante ON e il segnalatore far\u00e0 il resto per voi, guidando senza sforzo i soccorritori fino a 100 metri o meno dalla vostra posizione. <\/p>\n<p style=\"margin-left: 0in; margin-right: 0in;\">Grazie a elementi di design innovativi, \u00e8 possibile utilizzare clip multifunzione in combinazione con il segnalatore, fornendo numerose opzioni di indossabilit\u00e0 che rispondono a una variet\u00e0 di applicazioni utili. La maggiore facilit\u00e0 di indossare ResQLink 400 sulla propria persona o con la propria attrezzatura ha reso tutte le avventure non solo pi\u00f9 sicure, ma anche pi\u00f9 convenienti. <\/p>\n<p style=\"margin-left: 0in; margin-right: 0in;\">Leader nella produzione di prodotti salvavita per uso professionale e ricreativo, ACR offre una sicurezza e una tranquillit\u00e0 senza pari con ResQLink 400 Personal Locator Beacon.<\/p>\n<p><strong>2346: Kit di sicurezza ResQlink 400 Base PLB <\/strong> Questo kit contiene i seguenti articoli:<\/p>\n<p>+ ResQLink 400\u2122 Personal Locator Beacon (solo programmato per gli USA)<br \/>\n+ C-Strobe\u2122 H2O Rescue Light<br \/>\n+ Fischietto Res-Q\u2122<br \/>\n+ RapidDitch Drybag<br \/>\n+ Specchio di segnalazione<\/p>\n","protected":false},"excerpt":{"rendered":"<p style=\"margin-left: 0in; margin-right: 0in;\"><span style=\"font-size: 14px;\">Piccolo ma resistente, ResQLink 400 \u00e8 stato progettato e testato professionalmente per garantire che possa resistere anche agli elementi pi\u00f9 difficili. Questo Personal Locator Beacon galleggiante non richiede alcuna sottoscrizione per l&#8217;uso e pu\u00f2 essere utilizzato per migliorare la vostra sicurezza in un&#8217;ampia variet\u00e0 di ambienti. Che si tratti di terra, mare o aria, fidatevi della precisione satellitare e della durata militare di ResQLink, che mette il soccorso nel palmo delle vostre mani.  <\/span><\/p>\n<p style=\"margin-left: 0in; margin-right: 0in;\"><span style=\"font-size: 14px;\"><strong>Caratteristiche e vantaggi:<\/strong><\/span><\/p>\n<ul>\n<li><span style=\"font-size: 14px;\">Nessun abbonamento richiesto<\/span><\/li>\n<li><span style=\"font-size: 14px;\">GPS e Galileo GNSS<\/span><\/li>\n<li><span style=\"font-size: 14px;\">Galleggiabilit\u00e0 integrata<\/span><\/li>\n<li><span style=\"font-size: 14px;\">Strobo e Strobo a Infrarossi<\/span><\/li>\n<li><span style=\"font-size: 14px;\">Copertura globale<\/span><\/li>\n<li><span style=\"font-size: 14px;\">Compatibile con MEOSAR<\/span><\/li>\n<li><span style=\"font-size: 14px;\">Piccolo e leggero<\/span><\/li>\n<li><span style=\"font-size: 14px;\">Durata della batteria di 5 anni<\/span><\/li>\n<li><span style=\"font-size: 14px;\">Vita operativa di oltre 24 ore**<\/span><\/li>\n<li><span style=\"font-size: 14px;\">Sistema di clip multifunzione incluso<\/span><\/li>\n<\/ul>\n<p><span style=\"font-size: 14px;\">**Sulla base del rapporto di prova di un laboratorio accreditato | <a href=\"https:\/\/www.dropbox.com\/s\/8343nj28z0d7bxa\/Prop%2065%20-%20BPA.pdf?dl=0\">AVVERTENZA: PROP 65<\/a> <\/span><\/p>\n","protected":false},"featured_media":125312,"template":"","meta":{"_acf_changed":false,"om_disable_all_campaigns":false},"product_brand":[],"product_cat":[2950,2983,2980,2977,2981,2949,3034,2982,2984,2978],"product_tag":[3112,3042,3044,3057,3043,3045,3037,3058,3061,3070,3062,3097,3051,3078,3046,3086,3055,3047,3048,3049,3040,3084,3050,3066,3053,3036,3080,3041,3039,3106,3110,3074,3111,3108],"class_list":{"0":"post-125295","1":"product","2":"type-product","3":"status-publish","4":"has-post-thumbnail","6":"product_cat-allaperto","7":"product_cat-attrezzatura-da-viaggio","8":"product_cat-commerciale","9":"product_cat-entroterra","10":"product_cat-escursione-arrampicata-campo","11":"product_cat-marina","12":"product_cat-personal-locator-beacon-it","13":"product_cat-sport-dazione-offroad","14":"product_cat-sport-nautici-pesca","15":"product_cat-vicino-alla-riva","16":"product_tag-2921-it","17":"product_tag-406-it","18":"product_tag-406-mhz-it","19":"product_tag-66-canale","20":"product_tag-acr-it","21":"product_tag-acr-personal-locator-beacon-it","22":"product_tag-allaperto","23":"product_tag-arrampicata","24":"product_tag-attivazione-semplice","25":"product_tag-attrezzature-di-salvataggio","26":"product_tag-caccia","27":"product_tag-costiera","28":"product_tag-epirb-personale","29":"product_tag-escursioni","30":"product_tag-faro","31":"product_tag-faro-di-sopravvivenza","32":"product_tag-faro-escursionistico","33":"product_tag-galleggiante","34":"product_tag-galleggiante-plb","35":"product_tag-galleggianti","36":"product_tag-gps-it","37":"product_tag-kayak-it","38":"product_tag-localizzatore-gps","39":"product_tag-pesca","40":"product_tag-piccolo-faro","41":"product_tag-plb-it","42":"product_tag-primi-soccorritori","43":"product_tag-radiofaro-di-localizzazione-personale","44":"product_tag-resq-it","45":"product_tag-resqlink-400-it","46":"product_tag-segnalatore-gps","47":"product_tag-terra","48":"product_tag-tracciatore-gps","49":"product_tag-ultimo-modello","50":"pa_activity-arrampicata","51":"pa_activity-campeggio","52":"pa_activity-escursioni","53":"pa_activity-fuoristrada-4x4","54":"pa_activity-la-bicicletta","55":"pa_activity-la-pesca","56":"pa_activity-motoslitta","57":"pa_activity-sci-snowboard","58":"pa_activity-sci-di-fondo","59":"pa_activity-sport-a-pagaia","60":"pa_boat-type-barca-a-vela","61":"pa_boat-type-motoscafo","62":"pa_boat-type-noleggio-barche","63":"pa_boat-type-pesca-commerciale","64":"pa_boat-type-rimorchiatore","65":"pa_boat-type-sportcraft-it","66":"pa_boat-type-yacht-it","67":"pa_product-rescue-beacons-it","68":"pa_terrain-collina-e-montagna","69":"pa_terrain-fiumi-zone-umide-laghi","70":"pa_terrain-foresta-e-giungla","71":"pa_terrain-tundra-it","73":"first","74":"instock","75":"taxable","76":"shipping-taxable","77":"purchasable","78":"product-type-variable","79":"has-default-attributes"},"acf":[],"_links":{"self":[{"href":"https:\/\/www.acrartex.com\/it\/wp-json\/wp\/v2\/product\/125295","targetHints":{"allow":["GET"]}}],"collection":[{"href":"https:\/\/www.acrartex.com\/it\/wp-json\/wp\/v2\/product"}],"about":[{"href":"https:\/\/www.acrartex.com\/it\/wp-json\/wp\/v2\/types\/product"}],"wp:featuredmedia":[{"embeddable":true,"href":"https:\/\/www.acrartex.com\/it\/wp-json\/wp\/v2\/media\/125312"}],"wp:attachment":[{"href":"https:\/\/www.acrartex.com\/it\/wp-json\/wp\/v2\/media?parent=125295"}],"wp:term":[{"taxonomy":"product_brand","embeddable":true,"href":"https:\/\/www.acrartex.com\/it\/wp-json\/wp\/v2\/product_brand?post=125295"},{"taxonomy":"product_cat","embeddable":true,"href":"https:\/\/www.acrartex.com\/it\/wp-json\/wp\/v2\/product_cat?post=125295"},{"taxonomy":"product_tag","embeddable":true,"href":"https:\/\/www.acrartex.com\/it\/wp-json\/wp\/v2\/product_tag?post=125295"}],"curies":[{"name":"wp","href":"https:\/\/api.w.org\/{rel}","templated":true}]}}