{"id":125294,"date":"2021-03-16T08:24:50","date_gmt":"2021-03-16T13:24:50","guid":{"rendered":"https:\/\/www.acrartex.com\/products\/resqlink-view-personal-locator-beacon\/"},"modified":"2026-03-06T10:19:37","modified_gmt":"2026-03-06T15:19:37","slug":"resqlink-view-personal-locator-beacon","status":"publish","type":"product","link":"https:\/\/www.acrartex.com\/it\/products\/resqlink-view-personal-locator-beacon\/","title":{"rendered":"ResQLink\u2122 View Personal Locator Beacon"},"content":{"rendered":"<p style=\"margin-left: 0in; margin-right: 0in;\">Con tre livelli di tecnologia di segnale integrata - posizionamento su GPS, potente segnale a 406 MHz e capacit\u00e0 di homing a 121,5 MHz - ResQLink View trasmette rapidamente e con precisione la vostra posizione a una rete mondiale di satelliti di ricerca e soccorso. Inoltre, una strobo incorporata e una strobo a infrarossi facilitano i soccorsi notturni o in condizioni di scarsa visibilit\u00e0. <\/p>\n<p style=\"margin-left: 0in; margin-right: 0in;\">Ovunque vi porti la vostra avventura, che si tratti di un viaggio verso le vette pi\u00f9 alte, i terreni pi\u00f9 sconosciuti o gli oceani pi\u00f9 vasti, state certi che ResQLink View si attiva sempre con facilit\u00e0. \u00c8 sufficiente dispiegare l&#8217;antenna, premere il pulsante di accensione e il segnalatore far\u00e0 il resto per voi. Guider\u00e0 senza sforzo i soccorritori fino a un raggio di 100 metri o meno dalla vostra posizione. Il display digitale integrato consente di visualizzare in tempo reale lo stato del radiofaro e le coordinate GPS durante l&#8217;intero processo di soccorso.   <\/p>\n<p style=\"margin-left: 0in; margin-right: 0in;\">Grazie a elementi di design innovativi, le clip multifunzione possono essere utilizzate insieme al segnalatore, fornendo numerose opzioni di indossabilit\u00e0 che rispondono a una variet\u00e0 di applicazioni utili. La maggiore facilit\u00e0 di incorporare ResQLink View sulla vostra persona o con la vostra attrezzatura ha reso le vostre avventure non solo pi\u00f9 sicure, ma anche pi\u00f9 convenienti. <\/p>\n<p style=\"margin-left: 0in; margin-right: 0in;\">Leader nella produzione di prodotti salvavita per uso professionale e ricreativo, ACR offre una sicurezza e una tranquillit\u00e0 senza pari con ResQLink View Personal Locator Beacon .<\/p>\n<p style=\"margin-left: 0in; margin-right: 0in;\"><strong>Caratteristiche e vantaggi:<\/strong><\/p>\n<ul>\n<li>Nessun abbonamento richiesto<\/li>\n<li>GPS e Galileo GNSS<\/li>\n<li>Galleggiabilit\u00e0 integrata<\/li>\n<li>Strobo e Strobo a Infrarossi<\/li>\n<li>Copertura globale<\/li>\n<li>Compatibile con MEOSAR<\/li>\n<li>Piccolo e leggero<\/li>\n<li>Durata della batteria di 5 anni<\/li>\n<li>28 ore di vita operativa**<\/li>\n<li>Sistema di clip multifunzione incluso<\/li>\n<li><span style=\"font-family: Tahoma, sans-serif;\">Esclusivo ACR Skins incluso nell&#8217;acquisto (per personalizzare il vostro segnalatore e adattarlo al vostro stile di vita e alle vostre attivit\u00e0 preferite)<\/span><\/li>\n<\/ul>\n<p>&nbsp;<\/p>\n<p><strong>2347: ResQlink View PLB Kit di sicurezza<\/strong> | Questo kit contiene i seguenti articoli:<\/p>\n<ul>\n<li>ResQLink View\u2122 Personal Locator Beacon (solo programmazione USA)<\/li>\n<li>Luce di soccorso C-Strobe\u2122 H2O - <a href=\"https:\/\/www.acrartex.com\/products\/c-strobe-h20\">Scopri di pi\u00f9<\/a><\/li>\n<li>Fischietto Res-Q\u2122 - <a href=\"https:\/\/www.acrartex.com\/it\/products\/ww-3-resq-fischietto\/\">Scopri di pi\u00f9<\/a><\/li>\n<li>Sacca stagna RapidDitch<\/li>\n<li>Specchio di segnalazione<\/li>\n<\/ul>\n<p>&nbsp;<\/p>\n<p><strong>2361: ResQLink VIEW PLB + ResQFlare Safety Kit<\/strong> | Questo kit contiene i seguenti prodotti essenziali per la sopravvivenza:<\/p>\n<ul>\n<li>ResQLink View Personal Locator Beacon (Solo con programmazione USA)<\/li>\n<li>Segnalatore di soccorso elettronico ResQFlare<\/li>\n<li>Luce di soccorso C-Strobe H2O<\/li>\n<li>Specchio di segnalazione<\/li>\n<li>Fischietto Res-Q\u2122<\/li>\n<li>RapidDitch Borsa a secco<\/li>\n<\/ul>\n","protected":false},"excerpt":{"rendered":"<p style=\"margin-left: 0in; margin-right: 0in;\">Piccolo ma resistente, ResQLink View \u00e8 stato progettato e testato professionalmente per garantire che possa resistere anche agli elementi pi\u00f9 difficili. Questo Personal Locator Beacon galleggiante non richiede alcun abbonamento e include un display digitale che fornisce lo stato in tempo reale e le coordinate GPS. Che si tratti di terra, mare o aria, la precisione satellitare e la resistenza militare di ResQLinkmettono il soccorso nel palmo delle vostre mani.  <\/p>\n<p>**Sulla base del rapporto di prova di un laboratorio accreditato<\/p>\n<p>&nbsp;<\/p>\n<p><a href=\"https:\/\/www.dropbox.com\/s\/8343nj28z0d7bxa\/Prop%2065%20-%20BPA.pdf?dl=0\">ATTENZIONE: PROP 65<\/a><\/p>\n<p>&nbsp;<\/p>\n","protected":false},"featured_media":142545,"template":"","meta":{"_acf_changed":false,"om_disable_all_campaigns":false},"product_brand":[],"product_cat":[2950,2983,2980,2977,2981,2949,3034,2982,2984,2978],"product_tag":[3042,3044,3043,3045,3101,3058,3070,3062,3051,3078,3046,3055,3047,3048,3049,3040,3084,3095,3050,3035,3104,3066,3053,3036,3091,3039,3038,3074,3088],"class_list":{"0":"post-125294","1":"product","2":"type-product","3":"status-publish","4":"has-post-thumbnail","6":"product_cat-allaperto","7":"product_cat-attrezzatura-da-viaggio","8":"product_cat-commerciale","9":"product_cat-entroterra","10":"product_cat-escursione-arrampicata-campo","11":"product_cat-marina","12":"product_cat-personal-locator-beacon-it","13":"product_cat-sport-dazione-offroad","14":"product_cat-sport-nautici-pesca","15":"product_cat-vicino-alla-riva","16":"product_tag-406-it","17":"product_tag-406-mhz-it","18":"product_tag-acr-it","19":"product_tag-acr-personal-locator-beacon-it","20":"product_tag-affidabile","21":"product_tag-arrampicata","22":"product_tag-attrezzature-di-salvataggio","23":"product_tag-caccia","24":"product_tag-epirb-personale","25":"product_tag-escursioni","26":"product_tag-faro","27":"product_tag-faro-escursionistico","28":"product_tag-galleggiante","29":"product_tag-galleggiante-plb","30":"product_tag-galleggianti","31":"product_tag-gps-it","32":"product_tag-kayak-it","33":"product_tag-lcd-it","34":"product_tag-localizzatore-gps","35":"product_tag-marina","36":"product_tag-nessun-abbonamento","37":"product_tag-pesca","38":"product_tag-piccolo-faro","39":"product_tag-plb-it","40":"product_tag-plb-425-it","41":"product_tag-resq-it","42":"product_tag-resqlink-it","43":"product_tag-terra","44":"product_tag-vista-resqlink","45":"pa_activity-arrampicata","46":"pa_activity-campeggio","47":"pa_activity-escursioni","48":"pa_activity-fuoristrada-4x4","49":"pa_activity-la-bicicletta","50":"pa_activity-la-pesca","51":"pa_activity-motoslitta","52":"pa_activity-sci-snowboard","53":"pa_activity-sci-di-fondo","54":"pa_activity-sport-a-pagaia","55":"pa_boat-type-barca-a-vela","56":"pa_boat-type-motoscafo","57":"pa_boat-type-noleggio-barche","58":"pa_boat-type-pesca-commerciale","59":"pa_boat-type-sportcraft-it","60":"pa_boat-type-yacht-it","61":"pa_product-rescue-beacons-it","62":"pa_terrain-collina-e-montagna","63":"pa_terrain-fiumi-zone-umide-laghi","64":"pa_terrain-foresta-e-giungla","65":"pa_terrain-tundra-it","67":"first","68":"instock","69":"taxable","70":"shipping-taxable","71":"purchasable","72":"product-type-variable","73":"has-default-attributes"},"acf":[],"_links":{"self":[{"href":"https:\/\/www.acrartex.com\/it\/wp-json\/wp\/v2\/product\/125294","targetHints":{"allow":["GET"]}}],"collection":[{"href":"https:\/\/www.acrartex.com\/it\/wp-json\/wp\/v2\/product"}],"about":[{"href":"https:\/\/www.acrartex.com\/it\/wp-json\/wp\/v2\/types\/product"}],"wp:featuredmedia":[{"embeddable":true,"href":"https:\/\/www.acrartex.com\/it\/wp-json\/wp\/v2\/media\/142545"}],"wp:attachment":[{"href":"https:\/\/www.acrartex.com\/it\/wp-json\/wp\/v2\/media?parent=125294"}],"wp:term":[{"taxonomy":"product_brand","embeddable":true,"href":"https:\/\/www.acrartex.com\/it\/wp-json\/wp\/v2\/product_brand?post=125294"},{"taxonomy":"product_cat","embeddable":true,"href":"https:\/\/www.acrartex.com\/it\/wp-json\/wp\/v2\/product_cat?post=125294"},{"taxonomy":"product_tag","embeddable":true,"href":"https:\/\/www.acrartex.com\/it\/wp-json\/wp\/v2\/product_tag?post=125294"}],"curies":[{"name":"wp","href":"https:\/\/api.w.org\/{rel}","templated":true}]}}