{"id":125291,"date":"2021-03-16T08:25:51","date_gmt":"2021-03-16T13:25:51","guid":{"rendered":"https:\/\/www.acrartex.com\/products\/segnale-luminoso-per-boa-di-salvataggio-sm-3-solas\/"},"modified":"2026-03-06T10:51:50","modified_gmt":"2026-03-06T15:51:50","slug":"segnale-luminoso-per-boa-di-salvataggio-sm-3-solas","status":"publish","type":"product","link":"https:\/\/www.acrartex.com\/it\/products\/segnale-luminoso-per-boa-di-salvataggio-sm-3-solas\/","title":{"rendered":"Segnale luminoso per boa di salvataggio SM-3 SOLAS"},"content":{"rendered":"<p style=\"margin: 0in 0in 0.0001pt;\"><span style=\"font-size: 10pt;\"><span style=\"font-size: 11.0pt;\">Con un&#8217;intensit\u00e0 luminosa minima di 3 candele per tutta la sua durata di funzionamento, la luce stroboscopica a LED ad alta intensit\u00e0 SM-3 SOLAS segnala il luogo in cui si trova l&#8217;equipaggio in mare con ogni lampo brillante. Si regola automaticamente e si attiva quando \u00e8 in acqua, assicurando che l&#8217;attivazione non sia mai un problema di cui debba preoccuparsi un membro dell&#8217;equipaggio in difficolt\u00e0. L&#8217;SM-3 funziona con 2 batterie al litio AA e le batterie sono sostituibili dall&#8217;utente, consentendo una durata del prodotto maggiore rispetto alle molte luci salvagente usa e getta presenti sul mercato.  <\/span><\/span><\/p>\n<p>&nbsp;<\/p>\n<p style=\"margin: 0in 0in 0.0001pt;\"><span style=\"font-size: 10pt;\"><span style=\"font-size: 11.0pt;\">La staffa di montaggio in dotazione tiene l&#8217;SM-3 al sicuro anche nelle condizioni pi\u00f9 difficili, ma \u00e8 comunque facilmente accessibile quando serve in caso di emergenza. Inoltre, sebbene l&#8217;SM-3 e la sua staffa siano significativamente pi\u00f9 piccoli delle controparti SM-2, la staffa SM-3 mantiene lo stesso schema di fori di montaggio dell&#8217;SM-2, consentendo un facile retrofit senza la necessit\u00e0 di una piastra di adattamento aggiuntiva. <\/span><\/span><\/p>\n<p style=\"margin: 0in 0in 0.0001pt;\"><span style=\"font-size: 10pt;\"><span style=\"font-size: 11.0pt;\">L&#8217;SM-3 \u00e8 omologato USCG\/MED\/SOLAS per l&#8217;uso in tutto il mondo e questa resistente luce di segnalazione a LED rappresenta quindi un&#8217;eccellente opzione per le imbarcazioni che devono soddisfare i requisiti USCG e SOLAS per il trasporto di luci di salvataggio ad accensione automatica. In base ai requisiti USCG e SOLAS per le navi passeggeri e cargo, almeno la met\u00e0 del numero totale di salvagenti a bordo dell&#8217;imbarcazione deve essere dotata di una luce ad accensione automatica.  I requisiti minimi di trasporto dipendono dalla lunghezza dell&#8217;imbarcazione e possono variare da un minimo di quattro a un minimo di quindici salvagenti con luci autoaccendenti per imbarcazione.  <\/span><\/span><\/p>\n<p>&nbsp;<\/p>\n<p style=\"margin: 0in 0in 0.0001pt;\"><span style=\"font-size: 10pt;\"><span style=\"font-size: 11.0pt;\">Il design robusto consente una maggiore flessibilit\u00e0 d&#8217;uso. Mentre l&#8217;approvazione SOLAS prevede solo un test di caduta da 30 metri, l&#8217;SM-3 \u00e8 stato testato fino a 76 metri. Ci\u00f2 rende l&#8217;SM-3 un&#8217;opzione versatile per l&#8217;uso su una serie di piattaforme o imbarcazioni di diverse dimensioni.  <\/span><\/span><\/p>\n<p style=\"margin: 0in 0in 0.0001pt;\"><span style=\"font-size: 10pt;\"><span style=\"font-size: 11.0pt;\">Grazie all&#8217;alimentazione a batterie AA al litio facilmente sostituibili, l&#8217;SM-3 garantir\u00e0 anni di servizio e sar\u00e0 pronto quando verr\u00e0 richiesto.<\/span><\/span><\/p>\n<p>&nbsp;<\/p>\n<p><iframe loading=\"lazy\" title=\"The New ACR SM-3 Buoy Marker Light is USCG, MED, SOLAS Approved\" width=\"500\" height=\"281\" src=\"https:\/\/www.youtube.com\/embed\/hHbvfrkWlic?feature=oembed\" frameborder=\"0\" allow=\"accelerometer; autoplay; clipboard-write; encrypted-media; gyroscope; picture-in-picture; web-share\" referrerpolicy=\"strict-origin-when-cross-origin\" allowfullscreen><\/iframe><\/p>\n<h2 style=\"margin: 0in 0in 0.0001pt;\"><span style=\"font-size: 10pt;\"><b><span style=\"font-size: 12.0pt;\">Caratteristiche e vantaggi:<\/span><\/b><\/span><\/h2>\n<ul>\n<li style=\"margin-right: 13.5pt; margin: 0in 0in 0.0001pt;\"><span style=\"font-size: 10pt;\"><span style=\"background: white;\"><span style=\"color: black;\"><span style=\"font-size: 11.0pt;\">Approvato SOLAS \/ MED  <\/span><\/span><\/span><\/span><\/li>\n<li style=\"margin-right: 13.5pt; margin: 0in 0in 0.0001pt;\"><span style=\"font-size: 10pt;\"><span style=\"background: white;\"><span style=\"color: black;\"><span style=\"font-size: 11.0pt;\">Luce intensa in tutte le direzioni (visibilit\u00e0 a 360\u00b0)<\/span><\/span><\/span><\/span><\/li>\n<li style=\"margin-right: 13.5pt; margin: 0in 0in 0.0001pt;\"><span style=\"font-size: 10pt;\"><span style=\"background: white;\"><span style=\"font-size: 11.0pt;\"><span style=\"color: black;\">Custodia in policarbonato resistente ai raggi UV<\/span><\/span><\/span><\/span><\/li>\n<li style=\"margin-right: 13.5pt; margin: 0in 0in 0.0001pt;\"><span style=\"font-size: 10pt;\"><span style=\"background: white;\"><span style=\"color: black;\"><span style=\"font-size: 11.0pt;\">Leggero e compatto<\/span><\/span><\/span><\/span><\/li>\n<li style=\"margin-right: 13.5pt; margin: 0in 0in 0.0001pt;\"><span style=\"font-size: 10pt;\"><span style=\"background: white;\"><span style=\"color: black;\"><span style=\"font-size: 11.0pt;\">Facile installazione della staffa<\/span><\/span><\/span><\/span><\/li>\n<li style=\"margin-right: 13.5pt; margin: 0in 0in 0.0001pt;\"><span style=\"font-size: 10pt;\"><span style=\"background: white;\"><span style=\"color: black;\"><span style=\"font-size: 11.0pt;\">La staffa \u00e8 inclusa e mantiene lo stesso schema di fori dell&#8217;SM-2 per un facile retrofit.<\/span><\/span><\/span><\/span><\/li>\n<li style=\"margin-right: 13.5pt; margin: 0in 0in 0.0001pt;\"><span style=\"font-size: 10pt;\"><span style=\"background: white;\"><span style=\"color: black;\"><span style=\"font-size: 11.0pt;\">Si autodiritto e si attiva automaticamente quando \u00e8 in acqua<\/span><\/span><\/span><\/span><\/li>\n<li style=\"margin-right: 13.5pt; margin: 0in 0in 0.0001pt;\"><span style=\"font-size: 10pt;\"><span style=\"background: white;\"><span style=\"color: black;\"><span style=\"font-size: 11.0pt;\">LED stroboscopico ad alta intensit\u00e0<\/span><\/span><\/span><\/span><\/li>\n<li style=\"margin-right: 13.5pt; margin: 0in 0in 0.0001pt;\"><span style=\"font-size: 10pt;\"><span style=\"background: white;\"><span style=\"color: black;\"><span style=\"font-size: 11.0pt;\">Galleggia in posizione verticale in tutte le condizioni<\/span><\/span><\/span><\/span><\/li>\n<li style=\"margin-right: 13.5pt; margin: 0in 0in 0.0001pt;\"><span style=\"font-size: 10pt;\"><span style=\"background: white;\"><span style=\"color: black;\"><span style=\"font-size: 11.0pt;\">Durata minima di 40 ore di funzionamento continuo a  <\/span><span style=\"font-size: 11.0pt;\"><span style=\"background: white;\"><sup>30oC<\/sup>(<sup>86oF<\/sup>) o oltre 24 ore a <sup>-1oC<\/sup>(<sup>30oF<\/sup>)<\/span><\/span><\/span><\/span><\/span><\/li>\n<li style=\"margin-right: 13.5pt; margin: 0in 0in 0.0001pt;\"><span style=\"font-size: 11.0pt;\"><span style=\"color: black;\">Batterie al litio AA Energizer L91 sostituibili dall&#8217;utente (non incluse)<\/span><\/span><\/li>\n<\/ul>\n","protected":false},"excerpt":{"rendered":"<p><span style=\"font-size: 11.0pt;\"><span style=\"background: white;\"><span style=\"color: black;\">Il segnalatore luminoso per salvagente SM-3 approvato dalla SOLAS \u00e8 una luce stroboscopica a LED ad alta intensit\u00e0 che offre una visibilit\u00e0 a 360\u00b0 per circa 2 miglia. Questa luce compatta ma resistente facilita i soccorsi attivandosi automaticamente e iniziando a lampeggiare quando \u00e8 in acqua, funzionando per oltre 40 ore a <sup>30oC<\/sup>(<sup>86oF<\/sup>) o per oltre 24 ore a <sup>-1oC<\/sup>(<sup>30oF<\/sup>). Perfetta per le imbarcazioni commerciali, petrolifere, da crociera e per qualsiasi altra applicazione che necessiti di una luce COB (Crew Overboard Marker) affidabile, la SM-3 galleggia in posizione verticale in tutte le condizioni, assicurando che continui a brillare quando ne avete pi\u00f9 bisogno.  <\/span><\/span><\/span><\/p>\n<p><a href=\"https:\/\/www.dropbox.com\/s\/0ezw0kexbm120vv\/Prop%2065%20-%20Lead%20and%20Lead%20Compounds.pdf?dl=0\">ATTENZIONE: PROP 65<\/a><\/p>\n<p>&nbsp;<\/p>\n","protected":false},"featured_media":137864,"template":"","meta":{"_acf_changed":false,"om_disable_all_campaigns":false},"product_brand":[],"product_cat":[2949,2989],"product_tag":[3028,3026,3025,3027,3017,3024,3022,3007,3015,3009,3001,3018,3023,3021,2999,3019,3005,3013,3003,3011,3020],"class_list":{"0":"post-125291","1":"product","2":"type-product","3":"status-publish","4":"has-post-thumbnail","6":"product_cat-marina","7":"product_cat-prodotti-di-segnalazione","8":"product_tag-3947-it","9":"product_tag-acr-sm-2-it","10":"product_tag-acr-sm2-it","11":"product_tag-approvazione-solas","12":"product_tag-boa-di-salvataggio-auto-accendentesi","13":"product_tag-boa-luminosa-ad-anello","14":"product_tag-gmdss-it","15":"product_tag-luce-dingombro-sm3","16":"product_tag-luce-del-salvagente","17":"product_tag-luce-di-segnalazione-sm-3","18":"product_tag-luce-di-soccorso-stroboscopica","19":"product_tag-luce-fuori-bordo-per-lequipaggio","20":"product_tag-luce-gmdss","21":"product_tag-luce-solas","22":"product_tag-luce-stroboscopica-marina","23":"product_tag-luce-stroboscopica-per-equipaggio-in-mare","24":"product_tag-sm-3-it","25":"product_tag-sm-3-strobo","26":"product_tag-sm3-it","27":"product_tag-sm3-luce","28":"product_tag-solas-it","29":"pa_boat-size-0-20-it","30":"pa_boat-size-21-40-it","31":"pa_boat-size-40-80-it","32":"pa_boat-size-80-it","33":"pa_boat-type-barca-a-vela","34":"pa_boat-type-nave-da-carico","35":"pa_boat-type-noleggio-barche","36":"pa_boat-type-pesca-commerciale","37":"pa_boat-type-rimorchiatore","38":"pa_boat-type-yacht-it","39":"pa_product-luci-di-soccorso","40":"pa_product-prodotti-di-segnalazione","41":"pa_product-rescue-beacons-vhf-sart","43":"first","44":"instock","45":"taxable","46":"shipping-taxable","47":"purchasable","48":"product-type-simple"},"acf":[],"_links":{"self":[{"href":"https:\/\/www.acrartex.com\/it\/wp-json\/wp\/v2\/product\/125291","targetHints":{"allow":["GET"]}}],"collection":[{"href":"https:\/\/www.acrartex.com\/it\/wp-json\/wp\/v2\/product"}],"about":[{"href":"https:\/\/www.acrartex.com\/it\/wp-json\/wp\/v2\/types\/product"}],"wp:featuredmedia":[{"embeddable":true,"href":"https:\/\/www.acrartex.com\/it\/wp-json\/wp\/v2\/media\/137864"}],"wp:attachment":[{"href":"https:\/\/www.acrartex.com\/it\/wp-json\/wp\/v2\/media?parent=125291"}],"wp:term":[{"taxonomy":"product_brand","embeddable":true,"href":"https:\/\/www.acrartex.com\/it\/wp-json\/wp\/v2\/product_brand?post=125291"},{"taxonomy":"product_cat","embeddable":true,"href":"https:\/\/www.acrartex.com\/it\/wp-json\/wp\/v2\/product_cat?post=125291"},{"taxonomy":"product_tag","embeddable":true,"href":"https:\/\/www.acrartex.com\/it\/wp-json\/wp\/v2\/product_tag?post=125291"}],"curies":[{"name":"wp","href":"https:\/\/api.w.org\/{rel}","templated":true}]}}