{"id":125289,"date":"2021-03-16T08:17:46","date_gmt":"2021-03-16T13:17:46","guid":{"rendered":"https:\/\/www.acrartex.com\/products\/firefly-pro-luci-stroboscopiche-di-emergenza\/"},"modified":"2025-12-01T05:43:17","modified_gmt":"2025-12-01T10:43:17","slug":"firefly-pro-luci-stroboscopiche-di-emergenza","status":"publish","type":"product","link":"https:\/\/www.acrartex.com\/it\/products\/firefly-pro-luci-stroboscopiche-di-emergenza\/","title":{"rendered":"Firefly\u00ae PRO Luci stroboscopiche di emergenza"},"content":{"rendered":"<p>Quando si tratta di salvare vite umane, non si pu\u00f2 fare a meno di scegliere il meglio. Le luci stroboscopiche di soccorso Firefly PRO sono tra le luci stroboscopiche pi\u00f9 luminose e ricche di funzioni presenti oggi sul mercato. Con tre funzioni di attivazione, \u00e8 possibile passare dalla luce stroboscopica ultra-luminosa a quella SOS per avvisare visivamente le squadre di ricerca e soccorso della propria posizione, per poi passare alla funzione Steady-On per le operazioni di recupero a distanza ravvicinata. Scegliete tra le versioni Firefly PRO SOLAS (non attivata dall&#8217;acqua) o Firefly PRO Waterbug (attivata dall&#8217;acqua).   <\/p>\n<p>I nostri innovativi LED ad ampia emissione luminosa producono un fascio di luce di 360\u00b0 (41 candele) che consente una visibilit\u00e0 di oltre 3 miglia. La nostra luce bianca fredda non ha una colorazione gialla, il che consente di ottenere un fascio di luce pi\u00f9 visibile a distanze maggiori. Grazie al microprocessore ad alta efficienza energetica e all&#8217;elettronica riprogettata, Firefly PRO vanta la massima durata di funzionamento nelle condizioni pi\u00f9 difficili. Con un solo set di batterie al litio AA, Firefly PRO \u00e8 in grado di illuminare in modo stroboscopico per oltre 56 ore o di utilizzare la funzione Steady-On per 28 ore. Si tratta di una durata doppia rispetto ai nostri concorrenti e supera di oltre 48 ore i requisiti USCG e SOLAS.    <\/p>\n<p>Le dimensioni compatte si adattano facilmente a un giubbotto di salvataggio gonfiabile o a una tasca per essere indossate comodamente. L&#8217;involucro con specifiche militari \u00e8 sufficientemente robusto per resistere ad anni di abusi e agli ambienti pi\u00f9 difficili. I due passanti e la cinghia in velcro inclusa rendono estremamente facile il montaggio di Firefly PRO al giubbotto di salvataggio, alla cintura o allo zaino, in modo che la luce stroboscopica sia prontamente accessibile nel momento in cui ne avete bisogno.  <\/p>\n","protected":false},"excerpt":{"rendered":"<p>Le luci stroboscopiche di soccorso Firefly PRO sono tra le luci stroboscopiche pi\u00f9 luminose e ricche di funzioni presenti oggi sul mercato. Con tre funzioni di attivazione, \u00e8 possibile passare dalla luce stroboscopica ultra-luminosa a quella SOS per avvisare visivamente le squadre di ricerca e soccorso della propria posizione, per poi passare alla funzione Steady-On per le operazioni di recupero a distanza ravvicinata. Scegliete tra le versioni Firefly PRO SOLAS (non attivata dall&#8217;acqua) o Firefly PRO Waterbug (attivata dall&#8217;acqua).  <\/p>\n<p>Queste luci stroboscopiche di emergenza vantano un innovativo sistema di gestione della potenza di emissione luminosa che produce oltre 41 candele di luce per strobo per un massimo di 56 ore di utilizzo (con batterie al litio AA). Grazie all&#8217;utilizzo di LED ad ampia emissione di luce, \u00e8 in grado di superare anche le condizioni pi\u00f9 difficili, creando un lampo super-luminoso visibile per oltre 3 miglia. <\/p>\n","protected":false},"featured_media":141790,"template":"","meta":{"_acf_changed":false,"om_disable_all_campaigns":false},"product_brand":[],"product_cat":[2950,2983,2980,2977,2981,2988,2987,2949,2976,2979,2986,2985,2989,2982,2984,2978],"product_tag":[3010,3012,2998,2994,2995,3002,2990,3006,3008,3000,2992,3014,3004,2996,2993,2991,3016],"class_list":{"0":"post-125289","1":"product","2":"type-product","3":"status-publish","4":"has-post-thumbnail","6":"product_cat-allaperto","7":"product_cat-attrezzatura-da-viaggio","8":"product_cat-commerciale","9":"product_cat-entroterra","10":"product_cat-escursione-arrampicata-campo","11":"product_cat-forze-di-terra-speciali","12":"product_cat-forze-navali","13":"product_cat-marina","14":"product_cat-militare","15":"product_cat-off-shore-it","16":"product_cat-pattuglia-aerea","17":"product_cat-polizia-comune","18":"product_cat-prodotti-di-segnalazione","19":"product_cat-sport-dazione-offroad","20":"product_cat-sport-nautici-pesca","21":"product_cat-vicino-alla-riva","22":"product_tag-3970-3-it","23":"product_tag-3970-4-it","24":"product_tag-3971-3-it","25":"product_tag-firefly-it","26":"product_tag-firefly-pro-it","27":"product_tag-firefly-pro-solas-it","28":"product_tag-luce","29":"product_tag-luce-pdf-approvata-da-solas","30":"product_tag-luce-per-giubbotto-di-salvataggio-solas","31":"product_tag-luce-stroboscopica","32":"product_tag-luce-stroboscopica-di-emergenza","33":"product_tag-luce-stroboscopica-di-soccorso","34":"product_tag-luce-stroboscopica-solas","35":"product_tag-luce-stroboscopica-uscg","36":"product_tag-strobo","37":"product_tag-strobo-di-emergenza","38":"product_tag-strobo-di-soccorso","39":"pa_activity-arrampicata","40":"pa_activity-campeggio","41":"pa_activity-escursioni","42":"pa_activity-fuoristrada-4x4","43":"pa_activity-la-bicicletta","44":"pa_activity-la-pesca","45":"pa_activity-motoslitta","46":"pa_activity-sci-snowboard","47":"pa_activity-sci-di-fondo","48":"pa_activity-sport-a-pagaia","49":"pa_aircraft-type-getti-di-luce","50":"pa_aircraft-type-getti-grandi","51":"pa_aircraft-type-jet-di-medie-dimensioni","52":"pa_aircraft-type-motore-singolo","53":"pa_aircraft-type-multi-motore","54":"pa_aircraft-type-rotocraft-it","55":"pa_aircraft-type-sperimentale","56":"pa_aircraft-type-turboprop-it","57":"pa_boat-size-0-20-it","58":"pa_boat-size-21-40-it","59":"pa_boat-size-40-80-it","60":"pa_boat-size-80-it","61":"pa_boat-type-barca-a-vela","62":"pa_boat-type-motoscafo","63":"pa_boat-type-nave-da-carico","64":"pa_boat-type-noleggio-barche","65":"pa_boat-type-pesca-commerciale","66":"pa_boat-type-rimorchiatore","67":"pa_boat-type-sportcraft-it","68":"pa_boat-type-yacht-it","69":"pa_product-accessori-di-sicurezza","70":"pa_product-luci-di-soccorso","71":"pa_product-prodotti-di-segnalazione","73":"first","74":"instock","75":"taxable","76":"shipping-taxable","77":"purchasable","78":"product-type-variable"},"acf":[],"_links":{"self":[{"href":"https:\/\/www.acrartex.com\/it\/wp-json\/wp\/v2\/product\/125289","targetHints":{"allow":["GET"]}}],"collection":[{"href":"https:\/\/www.acrartex.com\/it\/wp-json\/wp\/v2\/product"}],"about":[{"href":"https:\/\/www.acrartex.com\/it\/wp-json\/wp\/v2\/types\/product"}],"wp:featuredmedia":[{"embeddable":true,"href":"https:\/\/www.acrartex.com\/it\/wp-json\/wp\/v2\/media\/141790"}],"wp:attachment":[{"href":"https:\/\/www.acrartex.com\/it\/wp-json\/wp\/v2\/media?parent=125289"}],"wp:term":[{"taxonomy":"product_brand","embeddable":true,"href":"https:\/\/www.acrartex.com\/it\/wp-json\/wp\/v2\/product_brand?post=125289"},{"taxonomy":"product_cat","embeddable":true,"href":"https:\/\/www.acrartex.com\/it\/wp-json\/wp\/v2\/product_cat?post=125289"},{"taxonomy":"product_tag","embeddable":true,"href":"https:\/\/www.acrartex.com\/it\/wp-json\/wp\/v2\/product_tag?post=125289"}],"curies":[{"name":"wp","href":"https:\/\/api.w.org\/{rel}","templated":true}]}}