{"id":125288,"date":"2022-07-06T11:31:11","date_gmt":"2022-07-06T16:31:11","guid":{"rendered":"https:\/\/www.acrartex.com\/products\/plb-bivy-astuccio-e-moschettone-con-cinturino-in-velcro\/"},"modified":"2022-07-06T11:31:11","modified_gmt":"2022-07-06T16:31:11","slug":"plb-bivy-astuccio-e-moschettone-con-cinturino-in-velcro","status":"publish","type":"product","link":"https:\/\/www.acrartex.com\/it\/products\/plb-bivy-astuccio-e-moschettone-con-cinturino-in-velcro\/","title":{"rendered":"PLB + Bivy Astuccio e moschettone con cinturino in velcro"},"content":{"rendered":"<p>Compatibile con i modelli  -400 e  -425 e  -435. ACR Bivy Stick e ACR PLB -400, PLB-410, PLB-425 e PLB-435, questo kit \u00e8 un importante complemento per l&#8217;equipaggiamento di sicurezza, in quanto consente di tenere i prodotti salvavita di ACRin modo sicuro sulla propria persona, per poterli avere a disposizione quando se ne ha pi\u00f9 bisogno.<\/p>\n<p>Il moschettone con velcro pu\u00f2 essere utilizzato per attaccare PLB o Bivy Stick a uno zaino, a un giubbotto di salvataggio o semplicemente all&#8217;abbigliamento esterno associato a un&#8217;ampia gamma di attivit\u00e0 all&#8217;aperto. Allo stesso modo, la custodia protettiva \u00e8 dotata di un attacco per cintura che consente di agganciarla a cinture di diverse larghezze, oltre che alle cinghie di uno zaino o di un giubbotto di salvataggio. <\/p>\n<p>Ovunque vi porti la vostra avventura, che si tratti di un viaggio verso le vette pi\u00f9 alte, i terreni pi\u00f9 sconosciuti o gli oceani pi\u00f9 vasti, godetevi la maggiore facilit\u00e0 di incorporare il vostro PLB o Bivy Stick sulla vostra persona o con la vostra attrezzatura, rendendo tutte le vostre avventure non solo pi\u00f9 sicure, ma anche pi\u00f9 convenienti.<\/p>\n","protected":false},"excerpt":{"rendered":"<p>Il kit di accessori ACR Pouch and Carabiner with Velcro offre numerose opzioni di indossabilit\u00e0, per una variet\u00e0 di applicazioni, per diversi prodotti ACR.<\/p>\n<p>Compatibile con le serie ACR Bivy Stick e con le serie ACR ResQLink Personal Locator Beacon (tra cui PLB-375, PLB-400, PLB-410, PLB-425 e PLB-435), questo kit \u00e8 un importante complemento per l&#8217;equipaggiamento di sicurezza, in quanto aiuta a garantire che possiate tenere i prodotti salvavita di ACRin modo sicuro sulla vostra persona, in modo da averli a disposizione quando ne avete pi\u00f9 bisogno.<\/p>\n<p>&nbsp;<\/p>\n<p>Questo astuccio NON \u00e8 compatibile con il nuovo modello ResQLink AIS PLB-450<\/p>\n<p>&nbsp;<\/p>\n<p>&nbsp;<\/p>\n<p><a href=\"https:\/\/www.dropbox.com\/s\/fk04stqsp2hgk5f\/Prop%2065%20-%20DEHP.pdf?dl=0\">ATTENZIONE: PROP 65<\/a><\/p>\n","protected":false},"featured_media":140531,"template":"","meta":{"_acf_changed":false,"om_disable_all_campaigns":false},"product_brand":[],"product_cat":[2951,2950,2949],"product_tag":[],"class_list":{"0":"post-125288","1":"product","2":"type-product","3":"status-publish","4":"has-post-thumbnail","6":"product_cat-accessori-di-sicurezza","7":"product_cat-allaperto","8":"product_cat-marina","9":"pa_activity-arrampicata","10":"pa_activity-campeggio","11":"pa_activity-escursioni","12":"pa_activity-fuoristrada-4x4","13":"pa_activity-la-bicicletta","14":"pa_activity-la-pesca","15":"pa_activity-motoslitta","16":"pa_activity-sci-snowboard","17":"pa_activity-sci-di-fondo","18":"pa_activity-sport-a-pagaia","19":"pa_product-accessori-di-sicurezza","21":"first","22":"instock","23":"taxable","24":"shipping-taxable","25":"purchasable","26":"product-type-simple"},"acf":[],"_links":{"self":[{"href":"https:\/\/www.acrartex.com\/it\/wp-json\/wp\/v2\/product\/125288","targetHints":{"allow":["GET"]}}],"collection":[{"href":"https:\/\/www.acrartex.com\/it\/wp-json\/wp\/v2\/product"}],"about":[{"href":"https:\/\/www.acrartex.com\/it\/wp-json\/wp\/v2\/types\/product"}],"wp:featuredmedia":[{"embeddable":true,"href":"https:\/\/www.acrartex.com\/it\/wp-json\/wp\/v2\/media\/140531"}],"wp:attachment":[{"href":"https:\/\/www.acrartex.com\/it\/wp-json\/wp\/v2\/media?parent=125288"}],"wp:term":[{"taxonomy":"product_brand","embeddable":true,"href":"https:\/\/www.acrartex.com\/it\/wp-json\/wp\/v2\/product_brand?post=125288"},{"taxonomy":"product_cat","embeddable":true,"href":"https:\/\/www.acrartex.com\/it\/wp-json\/wp\/v2\/product_cat?post=125288"},{"taxonomy":"product_tag","embeddable":true,"href":"https:\/\/www.acrartex.com\/it\/wp-json\/wp\/v2\/product_tag?post=125288"}],"curies":[{"name":"wp","href":"https:\/\/api.w.org\/{rel}","templated":true}]}}