{"id":125924,"date":"2025-04-30T14:37:08","date_gmt":"2025-04-30T19:37:08","guid":{"rendered":"https:\/\/www.acrartex.com\/acr-cruscotto-restituzioni-a-credito\/"},"modified":"2025-04-30T14:37:14","modified_gmt":"2025-04-30T19:37:14","slug":"acr-cruscotto-restituzioni-a-credito","status":"publish","type":"page","link":"https:\/\/www.acrartex.com\/it\/acr-cruscotto-restituzioni-a-credito\/","title":{"rendered":"ACR Cruscotto - Restituzioni a credito"},"content":{"rendered":"\n<ul class=\"wp-block-list\">\n<li>L&#8217;invio di una richiesta di reso non autorizza automaticamente la restituzione dell&#8217;articolo. Una volta inoltrata la richiesta, l&#8217;agente del Servizio Clienti dedicato esaminer\u00e0 le informazioni e chieder\u00e0 la pre-autorizzazione per avviare il processo di restituzione. \u00c8 possibile restituire l&#8217;articolo solo dopo aver ricevuto la documentazione e le istruzioni ufficiali per la restituzione.  <\/li>\n<\/ul>\n\n<ul class=\"wp-block-list\">\n<li>Per assicurarsi che il pacco sia indirizzato al reparto corretto, scrivere chiaramente il numero RMA seguito da <strong>&#8220;- Credito&#8221;<\/strong> all&#8217;esterno della scatola. I pacchi ricevuti senza numero RMA possono essere messi in quarantena e soggetti a una tassa di gestione. <\/li>\n<\/ul>\n\n<ul class=\"wp-block-list\">\n<li>Tutte le restituzioni per il credito sono soggette a ispezione da parte di ACR. In base al motivo della restituzione e all&#8217;esito dell&#8217;ispezione, potrebbe essere applicata una tassa di rifornimento fino al 20%. <\/li>\n<\/ul>\n\n<ul class=\"wp-block-list\">\n<li>Per le istruzioni passo-passo sull&#8217;invio di una richiesta di reso dall&#8217;ordine all&#8217;interno del dashboard, consultare il materiale di formazione fornito.<\/li>\n<\/ul>\n\n<ul class=\"wp-block-list\">\n<li>Se avete bisogno di assistenza, contattateci all&#8217;indirizzo cs.dashboard@acrarex.com e includete tutti i dettagli rilevanti per garantire un&#8217;assistenza tempestiva.<\/li>\n<\/ul>\n","protected":false},"excerpt":{"rendered":"","protected":false},"author":23,"featured_media":0,"parent":0,"menu_order":0,"comment_status":"closed","ping_status":"closed","template":"","meta":{"_acf_changed":false,"om_disable_all_campaigns":false,"footnotes":""},"class_list":["post-125924","page","type-page","status-publish","hentry"],"acf":[],"_links":{"self":[{"href":"https:\/\/www.acrartex.com\/it\/wp-json\/wp\/v2\/pages\/125924","targetHints":{"allow":["GET"]}}],"collection":[{"href":"https:\/\/www.acrartex.com\/it\/wp-json\/wp\/v2\/pages"}],"about":[{"href":"https:\/\/www.acrartex.com\/it\/wp-json\/wp\/v2\/types\/page"}],"author":[{"embeddable":true,"href":"https:\/\/www.acrartex.com\/it\/wp-json\/wp\/v2\/users\/23"}],"replies":[{"embeddable":true,"href":"https:\/\/www.acrartex.com\/it\/wp-json\/wp\/v2\/comments?post=125924"}],"version-history":[{"count":1,"href":"https:\/\/www.acrartex.com\/it\/wp-json\/wp\/v2\/pages\/125924\/revisions"}],"predecessor-version":[{"id":125925,"href":"https:\/\/www.acrartex.com\/it\/wp-json\/wp\/v2\/pages\/125924\/revisions\/125925"}],"wp:attachment":[{"href":"https:\/\/www.acrartex.com\/it\/wp-json\/wp\/v2\/media?parent=125924"}],"curies":[{"name":"wp","href":"https:\/\/api.w.org\/{rel}","templated":true}]}}