{"id":125704,"date":"2022-02-23T14:22:43","date_gmt":"2022-02-23T19:22:43","guid":{"rendered":"https:\/\/www.acrartex.com\/come-funziona-un-salvataggio-epirb-plb-o-elt\/"},"modified":"2025-04-28T11:29:04","modified_gmt":"2025-04-28T16:29:04","slug":"come-funziona-un-salvataggio-epirb-plb-o-elt","status":"publish","type":"page","link":"https:\/\/www.acrartex.com\/it\/come-funziona-un-salvataggio-epirb-plb-o-elt\/","title":{"rendered":"Come funziona un salvataggio EPIRB, PLB o ELT"},"content":{"rendered":"\n<p>Esistono tre tipi di segnalatori che funzionano direttamente con il sistema satellitare internazionale di ricerca e soccorso noto come <a href=\"https:\/\/www.cospas-sarsat.int\/en\/\">Cospas-Sarsat<\/a>ognuno dei quali \u00e8 stato progettato in modo specifico per il tipo di applicazione: I trasmettitori di localizzazione di emergenza<a href=\"https:\/\/www.acrartex.com\/it\/categoria-prodotto\/aviazione\/\">(ELT<\/a>) utilizzati dalla comunit\u00e0 aeronautica, i radiofari di segnalazione di posizione di emergenza<a href=\"https:\/\/www.acrartex.com\/it\/products\/globalfix-v4-epirb\/\">(EPIRB<\/a>) utilizzati in ambiente marittimo e i Personal Locator Beacon<a href=\"https:\/\/www.acrartex.com\/it\/products\/resqlink-400-personal-locator-beacon\/\">(PLB<\/a>) utilizzati da persone che praticano diverse attivit\u00e0 all&#8217;aperto.<\/p>\n\n<p>Quando vengono attivati, gli ELT, gli EPIRB e i PLB inviano un segnale di soccorso unico sulla frequenza di 406 MHz ai satelliti di ricerca e soccorso. Ogni segnalatore \u00e8 programmato e invia un codice digitale unico chiamato HEX ID o Unique ID. L&#8217;ID HEX identifica il tipo di radiofaro e le squadre di ricerca e soccorso utilizzano l&#8217;ID HEX per identificare le informazioni di registrazione del radiofaro fornite dal proprietario. Queste informazioni possono includere: l&#8217;identit\u00e0 del proprietario del radiofaro, il tipo di aeromobile o imbarcazione a cui \u00e8 associato il radiofaro (per gli ELT e gli EPIRB), i punti di contatto per le emergenze, i piani di volo, i piani di galleggiamento e i piani di viaggio e molto altro ancora.     <\/p>\n\n<p>Dopo aver ricevuto il segnale di un radiofaro, il satellite lo trasmette alle stazioni di terra, denominate terminali utente locali (LUT). Il LUT elabora i dati, calcola la posizione del segnale di soccorso e trasmette un messaggio di allerta decodificato al Centro di Controllo Missione (MCC) nazionale associato. Questo avviene quasi istantaneamente dopo la ricezione del segnale iniziale del radiofaro.  <\/p>\n\n<p>Il Centro di Controllo Missoni esegue quindi automaticamente la corrispondenza e la fusione dei messaggi di allerta con altri messaggi ricevuti, ordina geograficamente i dati e trasmette un messaggio di soccorso all&#8217;autorit\u00e0 SAR appropriata pi\u00f9 vicina, come un Centro di Coordinamento del Soccorso (RCC) nazionale, un Punto di Contatto SAR (SPOC) estero e un altro MCC se il radiofaro \u00e8 ad esempio registrato in un altro Paese. L&#8217;RCC esamina la segnalazione del radiofaro e lancia i mezzi di soccorso per trovare le persone in difficolt\u00e0 se la richiesta di soccorso \u00e8 ritenuta autentica. Questo pu\u00f2 avvenire molto pi\u00f9 rapidamente se il radiofaro \u00e8 registrato correttamente.  <\/p>\n\n<figure class=\"wp-block-video aligncenter\"><video height=\"1080\" style=\"aspect-ratio: 1920 \/ 1080;\" width=\"1920\" autoplay=\"\" loop=\"\" muted=\"\" src=\"https:\/\/www.acrartex.com\/wp-content\/uploads\/2022\/02\/ACR-How-Does-it-Work-15-sec.mp4\" playsinline=\"\"><\/video><\/figure>\n\n<h2 class=\"wp-block-heading\" id=\"h-rescue-overview\">Panoramica del salvataggio<\/h2>\n\n<ol class=\"wp-block-list\"><li>La chiamata di soccorso a 406 MHz \u00e8 attivata<\/li><li>I satelliti per la ricerca e il salvataggio (SAR) inoltrano il segnale di soccorso fino alle stazioni di terra, chiamate terminali utente locali (LUT).<\/li><li>Le stazioni di terra inoltrano la richiesta di soccorso ai centri di controllo della missione (MCC).<\/li><li>L&#8217;MCC allerta i centri di coordinamento dei soccorsi (RCC) pi\u00f9 vicini.<\/li><li>L&#8217;RCC chiama i contatti di emergenza e invia le squadre SAR pi\u00f9 vicine.<\/li><li>Le squadre SAR arrivano sul posto e recuperano i sopravvissuti<\/li><\/ol>\n\n<h2 class=\"wp-block-heading\" id=\"h-lives-saved-since-1982\">Vite salvate dal 1982<\/h2>\n\n<ul class=\"wp-block-list\"><li>In tutto il mondo - <strong>Oltre 48.000<\/strong> persone soccorse<\/li><li>Stati Uniti - <strong>9.753<\/strong> persone soccorse<\/li><\/ul>\n\n<figure class=\"wp-block-embed is-type-video is-provider-youtube wp-block-embed-youtube wp-embed-aspect-16-9 wp-has-aspect-ratio\"><div class=\"wp-block-embed__wrapper\">\n<iframe loading=\"lazy\" title=\"Cospas-Sarsat - How it Works\" width=\"500\" height=\"281\" src=\"https:\/\/www.youtube.com\/embed\/8jHOvWZTNjI?start=3&#038;feature=oembed\" frameborder=\"0\" allow=\"accelerometer; autoplay; clipboard-write; encrypted-media; gyroscope; picture-in-picture; web-share\" referrerpolicy=\"strict-origin-when-cross-origin\" allowfullscreen><\/iframe>\n<\/div><\/figure>\n\n<p><\/p>\n","protected":false},"excerpt":{"rendered":"<p>Esistono tre tipi di segnalatori che funzionano direttamente con il sistema satellitare internazionale di ricerca e soccorso noto come Cospas-Sarsatognuno dei quali \u00e8 stato progettato in modo specifico per il tipo di applicazione: I trasmettitori di localizzazione di emergenza(ELT) utilizzati dalla comunit\u00e0 aeronautica, i radiofari di segnalazione di posizione di emergenza(EPIRB) utilizzati in ambiente marittimo [&hellip;]<\/p>\n","protected":false},"author":5,"featured_media":0,"parent":0,"menu_order":0,"comment_status":"closed","ping_status":"closed","template":"","meta":{"_acf_changed":false,"om_disable_all_campaigns":false,"footnotes":""},"class_list":["post-125704","page","type-page","status-publish","hentry"],"acf":[],"_links":{"self":[{"href":"https:\/\/www.acrartex.com\/it\/wp-json\/wp\/v2\/pages\/125704","targetHints":{"allow":["GET"]}}],"collection":[{"href":"https:\/\/www.acrartex.com\/it\/wp-json\/wp\/v2\/pages"}],"about":[{"href":"https:\/\/www.acrartex.com\/it\/wp-json\/wp\/v2\/types\/page"}],"author":[{"embeddable":true,"href":"https:\/\/www.acrartex.com\/it\/wp-json\/wp\/v2\/users\/5"}],"replies":[{"embeddable":true,"href":"https:\/\/www.acrartex.com\/it\/wp-json\/wp\/v2\/comments?post=125704"}],"version-history":[{"count":1,"href":"https:\/\/www.acrartex.com\/it\/wp-json\/wp\/v2\/pages\/125704\/revisions"}],"predecessor-version":[{"id":125707,"href":"https:\/\/www.acrartex.com\/it\/wp-json\/wp\/v2\/pages\/125704\/revisions\/125707"}],"wp:attachment":[{"href":"https:\/\/www.acrartex.com\/it\/wp-json\/wp\/v2\/media?parent=125704"}],"curies":[{"name":"wp","href":"https:\/\/api.w.org\/{rel}","templated":true}]}}