{"id":125343,"date":"2020-12-03T12:41:26","date_gmt":"2020-12-03T17:41:26","guid":{"rendered":"https:\/\/www.acrartex.com\/supporto\/restituzione-cambi-e-promozioni\/"},"modified":"2025-07-08T10:41:17","modified_gmt":"2025-07-08T15:41:17","slug":"restituzione-cambi-e-promozioni","status":"publish","type":"page","link":"https:\/\/www.acrartex.com\/it\/supporto\/restituzione-cambi-e-promozioni\/","title":{"rendered":"Restituzione, cambi e promozioni"},"content":{"rendered":"\n<h2 class=\"wp-block-heading\" id=\"h-return-policy\">Politica di restituzione  <\/h2>\n\n<h4 class=\"wp-block-heading\" id=\"h-purchases-made-online-at-www-acrartex-com\">Acquisti effettuati online su www.ACRARTEX.com<\/h4>\n\n<p>Ci impegniamo a sostenere i nostri prodotti. Se il vostro acquisto su www.ACRARTEX.com non soddisfa le vostre aspettative, potete restituirlo per un rimborso (escluse le spese di spedizione e un&#8217;eventuale tassa di rifornimento del 20%) entro 30 giorni dalla data di acquisto, ad eccezione di quanto indicato di seguito. Si prega di scaricare una copia della ricevuta d&#8217;acquisto e di allegarla all&#8217;articolo restituito utilizzando il nostro modulo di autorizzazione alla restituzione del materiale E-commerce RMA.  <\/p>\n\n<p>Gli EPIRB (Emergency Position-Indicating Radio Beacons), i PLB (Personal Locator Beacons) e gli ELT (Emergency Locator<br\/>Transmitters) possono essere restituiti per un rimborso completo entro 30 giorni dalla data di acquisto solo se il sigillo non \u00e8 stato<br\/>rotto sulla scatola. Inoltre, non devono essere stati registrati presso l&#8217;Autorit\u00e0 Nazionale di Registrazione. Qualsiasi prodotto<br\/>idoneo per un&#8217;offerta promozionale (sconti in denaro o merci gratuite) che \u00e8 stato riscattato non \u00e8 idoneo.  <\/p>\n\n<p>Istruzioni per la restituzione:<\/p>\n\n<p>Dopo aver ottenuto un numero di autorizzazione al reso Ecommerce RMA, imballare nuovamente l&#8217;articolo nella sua confezione originale e rispedirlo con il numero RMA scritto chiaramente sulla confezione esterna all&#8217;indirizzo fornito sul modulo RMA. Gli articoli contenenti materiale pericoloso possono essere restituiti a ACR solo tramite spedizioni via terra e devono essere contrassegnati con la corretta documentazione di spedizione Hazmat (visitare la pagina del prodotto per verificare se il prodotto \u00e8 idoneo). <\/p>\n\n<p>Tranne nei casi in cui la restituzione sia il risultato di un errore da parte di ACR o l&#8217;articolo arrivi danneggiato o difettoso, le spese di spedizione originali non sono rimborsabili e il cliente \u00e8 responsabile di tutte le spese di spedizione per la restituzione. ACR non sar\u00e0 responsabile per le restituzioni perse durante il trasporto o restituite all&#8217;indirizzo errato; si prega di conservare le informazioni sulla tracciabilit\u00e0 della restituzione. <\/p>\n\n<p><\/p>\n\n<p class=\"has-vivid-cyan-blue-color has-text-color\"><strong><a href=\"https:\/\/www.dropbox.com\/s\/lpd25ezounpckok\/2023%20RMA%20Policy.pdf?dl=1\">View la nostra politica completa di autorizzazione alla restituzione del materiale qui<\/a><\/strong><\/p>\n\n<h4 class=\"wp-block-heading\" id=\"h-purchases-not-made-acrartex-com\">Acquisti non effettuati ACRARTEX.com<\/h4>\n\n<p>Gli acquisti non effettuati su questo sito web (www.acrartex.com) possono essere restituiti solo al rivenditore presso il quale<br\/>avete acquistato il prodotto e non a ACR.  <\/p>\n\n<p>Se il prodotto deve essere restituito per la riparazione in garanzia, utilizzare il link sottostante per scaricare il modulo di richiesta RMA. I moduli compilati devono essere inviati a <a href=\"mailto:returns@acrartex.com\">returns@acrartex.com<\/a>   <br\/><\/p>\n\n<p>Non compilare il modulo RMA per un servizio di sostituzione della batteria ACR (EPIRB e PLB) - <a href=\"https:\/\/www.acrartex.com\/it\/supporto\/localizzatore-di-rivenditori\/\">Trova un centro di assistenza locale qui<\/a>.  <\/p>\n\n<p><br\/><strong><a href=\"https:\/\/www.dropbox.com\/s\/rrz1jhjz55p1bjz\/RMA%20Form%202020.pdf?dl=1\"><span class=\"has-inline-color has-vivid-cyan-blue-color\">Modulo di richiesta di autorizzazione alla restituzione del materiale<\/span><\/a><\/strong> <\/p>\n\n<p><strong>Per completare la richiesta di RMA, sono necessarie le seguenti informazioni:<\/strong><br\/>1. Numero di modello del prodotto<br\/>2. Numero di parte <strong>del p<\/strong>rodotto 3. Numero di parte del prodotto  Numero di parte del prodotto<br\/>3. Numero di serie del prodotto<br\/>4. Data di produzione<\/p>\n\n<p>Restituendo o inviando i prodotti a ACR Electronics, Inc. si procede in conformit\u00e0 con la nostra politica di autorizzazione alla restituzione del materiale.<\/p>\n\n<p><strong>Per assistenza con la tua richiesta RMA,<\/strong> contattaci al numero 954-981-3333 Opzione 4 o inviaci un&#8217;e-mail all&#8217;indirizzo <a href=\"mailto:returns@acrartex.com\" target=\"_blank\" rel=\"noreferrer noopener\">returns@acrartex.com<\/a><\/p>\n\n<p><\/p>\n\n<h2 class=\"wp-block-heading\" id=\"h-refund-methods\">Metodi di rimborso<\/h2>\n\n<p>I resi effettuati entro 30 giorni dall&#8217;acquisto saranno rimborsati con il tipo di pagamento utilizzato nella vendita originale. Si prega di attendere fino a 14 giorni lavorativi per l&#8217;accredito del rimborso sul conto della carta di credito a partire dalla data di elaborazione del rimborso. <\/p>\n\n<h2 class=\"wp-block-heading\" id=\"h-order-status\">Stato dell&#8217;ordine<\/h2>\n\n<p>Sar\u00e0 possibile confermare l&#8217;ordine prima di inviarlo. Dopo aver inviato l&#8217;ordine, riceverete un&#8217;e-mail di conferma. Se uno degli articoli non pu\u00f2 essere spedito, il nostro Servizio Clienti vi informer\u00e0 su come procedere. Per verificare lo stato dell&#8217;ordine, accedere al proprio account sul sito, andare alla sezione Cronologia ordini e fare clic sull&#8217;ordine specifico.   <\/p>\n\n<h2 class=\"wp-block-heading\" id=\"h-chargeback-policy\">Politica di chargeback<\/h2>\n\n<p>ACR Electronics far\u00e0 ogni tentativo per riconciliare qualsiasi acquisto potenzialmente fraudolento con i nostri stimati clienti. Qualsiasi acquisto Beacon contestato con un chargeback che non venga: (1) risolto comunicando alla propria banca la chiusura del chargeback; o (2) la merce venga restituita a ACR in conformit\u00e0 con la nostra politica di restituzione, ACR segnaler\u00e0 i prodotti contestati come rubati al database di registrazione dell&#8217;Autorit\u00e0 Nazionale fino a quando il chargeback non verr\u00e0 risolto Elenco di registrazione. <\/p>\n\n<h2 class=\"wp-block-heading\" id=\"h-\"><\/h2>\n\n<p><\/p>\n\n<h2 class=\"wp-block-heading\" id=\"h-\"><\/h2>\n","protected":false},"excerpt":{"rendered":"<p>Politica di restituzione Acquisti effettuati online su www.ACRARTEX.com Ci impegniamo a sostenere i nostri prodotti. Se il vostro acquisto su www.ACRARTEX.com non soddisfa le vostre aspettative, potete restituirlo per un rimborso (escluse le spese di spedizione e un&#8217;eventuale tassa di rifornimento del 20%) entro 30 giorni dalla data di acquisto, ad eccezione di quanto indicato [&hellip;]<\/p>\n","protected":false},"author":1,"featured_media":0,"parent":124826,"menu_order":0,"comment_status":"closed","ping_status":"closed","template":"","meta":{"_acf_changed":false,"om_disable_all_campaigns":false,"footnotes":""},"class_list":["post-125343","page","type-page","status-publish","hentry"],"acf":[],"_links":{"self":[{"href":"https:\/\/www.acrartex.com\/it\/wp-json\/wp\/v2\/pages\/125343","targetHints":{"allow":["GET"]}}],"collection":[{"href":"https:\/\/www.acrartex.com\/it\/wp-json\/wp\/v2\/pages"}],"about":[{"href":"https:\/\/www.acrartex.com\/it\/wp-json\/wp\/v2\/types\/page"}],"author":[{"embeddable":true,"href":"https:\/\/www.acrartex.com\/it\/wp-json\/wp\/v2\/users\/1"}],"replies":[{"embeddable":true,"href":"https:\/\/www.acrartex.com\/it\/wp-json\/wp\/v2\/comments?post=125343"}],"version-history":[{"count":3,"href":"https:\/\/www.acrartex.com\/it\/wp-json\/wp\/v2\/pages\/125343\/revisions"}],"predecessor-version":[{"id":160913,"href":"https:\/\/www.acrartex.com\/it\/wp-json\/wp\/v2\/pages\/125343\/revisions\/160913"}],"up":[{"embeddable":true,"href":"https:\/\/www.acrartex.com\/it\/wp-json\/wp\/v2\/pages\/124826"}],"wp:attachment":[{"href":"https:\/\/www.acrartex.com\/it\/wp-json\/wp\/v2\/media?parent=125343"}],"curies":[{"name":"wp","href":"https:\/\/api.w.org\/{rel}","templated":true}]}}