{"id":125277,"date":"2024-03-23T12:33:11","date_gmt":"2024-03-23T17:33:11","guid":{"rendered":"https:\/\/www.acrartex.com\/sostituzione-della-batteria-per-il-vostro-epirb-personal-locator-beacon-o-elt\/"},"modified":"2025-04-28T10:53:00","modified_gmt":"2025-04-28T15:53:00","slug":"sostituzione-della-batteria-per-il-vostro-epirb-personal-locator-beacon-o-elt","status":"publish","type":"page","link":"https:\/\/www.acrartex.com\/it\/sostituzione-della-batteria-per-il-vostro-epirb-personal-locator-beacon-o-elt\/","title":{"rendered":"Sostituzione della batteria per il vostro EPIRB, Personal Locator Beacon, o ELT"},"content":{"rendered":"\n<p>Il sito EPIRB o Personal Locator Beacon \u00e8 un importante dispositivo di sicurezza utilizzato per trasmettere segnali di soccorso alle autorit\u00e0 di ricerca e salvataggio in caso di emergenza. \u00c8 importante notare che le batterie dei segnalatori hanno una durata limitata di circa 5-10 anni e devono essere sostituite a intervalli regolari per garantire il corretto funzionamento del dispositivo quando necessario. L&#8217;intervallo di sostituzione pu\u00f2 variare a seconda del tipo e del modello di segnalatore e delle raccomandazioni del produttore.<\/p>\n\n<figure class=\"wp-block-embed is-type-video is-provider-youtube wp-block-embed-youtube wp-embed-aspect-16-9 wp-has-aspect-ratio\"><div class=\"wp-block-embed__wrapper\">\n<iframe loading=\"lazy\" title=\"Battery Replacement | ACR ARTEX\" width=\"500\" height=\"281\" src=\"https:\/\/www.youtube.com\/embed\/fcXReqeFNSo?feature=oembed\" frameborder=\"0\" allow=\"accelerometer; autoplay; clipboard-write; encrypted-media; gyroscope; picture-in-picture; web-share\" referrerpolicy=\"strict-origin-when-cross-origin\" allowfullscreen><\/iframe>\n<\/div><\/figure>\n\n<p>La sostituzione di una batteria EPIRB o PLB deve essere effettuata solo da un tecnico certificato o da un centro di assistenza autorizzato, per garantire che il dispositivo venga sottoposto a manutenzione e test adeguati dopo la sostituzione della batteria. La sostituzione della batteria non \u00e8 come la sostituzione delle batterie del telecomando del televisore: questo prodotto ha un solo scopo, quello di salvarvi la vita. Per questo motivo disponiamo di una rete di centri di sostituzione della batteria in tutto il mondo che hanno seguito tutti i corsi di formazione ACR e sono completamente assicurati per assistervi nella sostituzione della batteria.<\/p>\n\n<p>Verranno controllati la custodia e l&#8217;antenna del segnalatore per verificare che non vi siano crepe o usura. Non solo sostituiranno il pacco batteria con una nuova batteria fresca costruita da ACR, ma riassembleranno il segnalatore con tutti gli O-ring, le guarnizioni e l&#8217;hardware nuovi e sottoporranno il segnalatore a una serie di test per assicurarsi che trasmetta correttamente, sia impermeabile e pronto all&#8217;uso prima di restituirvelo.<\/p>\n\n<p>Che cosa dovete fare?<\/p>\n\n<p>Andate sul nostro sito web e <a href=\"https:\/\/www.acrartex.com\/it\/supporto\/localizzatore-di-rivenditori\/\">fate clic sul link per la localizzazione dei rivenditori<\/a>. Utilizzate il filtro Sostituzione batteria e inserite il vostro codice postale per trovare il Centro di sostituzione batteria autorizzato pi\u00f9 vicino.  <\/p>\n\n<div class=\"wp-block-buttons is-horizontal is-content-justification-center is-layout-flex wp-container-core-buttons-is-layout-499968f5 wp-block-buttons-is-layout-flex\">\n<div class=\"wp-block-button is-style-outline is-style-outline--1\"><a class=\"wp-block-button__link wp-element-button\" href=\"https:\/\/www.acrartex.com\/it\/supporto\/localizzatore-di-rivenditori\/\">Trova il tuo centro di sostituzione batterie locale<\/a><\/div>\n<\/div>\n\n<p>Se ne avete uno in zona, dovreste essere in grado di consegnare il vostro EPIRB e farvi fare il lavoro di assistenza nel giro di pochi giorni.<\/p>\n\n<p>Purtroppo per alcuni di voi, potrebbe essere necessario spedire il vostro segnalatore a loro per completare il servizio, ma prima iniziate a chiamarli e a farvi fare un preventivo. La nostra rete di sostituzione delle batterie vi assister\u00e0 su come spedire il segnalatore a loro.  <\/p>\n\n<p>A causa dell&#8217;elevata richiesta di nuovi prodotti, ACR Electronics La sede di Fort Lauderdale non offre attualmente il servizio di sostituzione della batteria. Tutte le sostituzioni di batterie devono essere programmate ed eseguite da uno dei nostri partner altamente qualificati.  <\/p>\n\n<div class=\"wp-block-buttons is-horizontal is-content-justification-center is-layout-flex wp-container-core-buttons-is-layout-499968f5 wp-block-buttons-is-layout-flex\">\n<div class=\"wp-block-button is-style-outline is-style-outline--2\"><a class=\"wp-block-button__link wp-element-button\" href=\"https:\/\/www.acrartex.com\/it\/supporto\/localizzatore-di-rivenditori\/\">Trova il tuo centro di sostituzione batterie locale<\/a><\/div>\n<\/div>\n","protected":false},"excerpt":{"rendered":"<p>Il sito EPIRB o Personal Locator Beacon \u00e8 un importante dispositivo di sicurezza utilizzato per trasmettere segnali di soccorso alle autorit\u00e0 di ricerca e salvataggio in caso di emergenza. \u00c8 importante notare che le batterie dei segnalatori hanno una durata limitata di circa 5-10 anni e devono essere sostituite a intervalli regolari per garantire il [&hellip;]<\/p>\n","protected":false},"author":5,"featured_media":142283,"parent":0,"menu_order":0,"comment_status":"closed","ping_status":"closed","template":"","meta":{"_acf_changed":false,"om_disable_all_campaigns":false,"footnotes":""},"class_list":["post-125277","page","type-page","status-publish","has-post-thumbnail","hentry"],"acf":[],"_links":{"self":[{"href":"https:\/\/www.acrartex.com\/it\/wp-json\/wp\/v2\/pages\/125277","targetHints":{"allow":["GET"]}}],"collection":[{"href":"https:\/\/www.acrartex.com\/it\/wp-json\/wp\/v2\/pages"}],"about":[{"href":"https:\/\/www.acrartex.com\/it\/wp-json\/wp\/v2\/types\/page"}],"author":[{"embeddable":true,"href":"https:\/\/www.acrartex.com\/it\/wp-json\/wp\/v2\/users\/5"}],"replies":[{"embeddable":true,"href":"https:\/\/www.acrartex.com\/it\/wp-json\/wp\/v2\/comments?post=125277"}],"version-history":[{"count":1,"href":"https:\/\/www.acrartex.com\/it\/wp-json\/wp\/v2\/pages\/125277\/revisions"}],"predecessor-version":[{"id":125279,"href":"https:\/\/www.acrartex.com\/it\/wp-json\/wp\/v2\/pages\/125277\/revisions\/125279"}],"wp:featuredmedia":[{"embeddable":true,"href":"https:\/\/www.acrartex.com\/it\/wp-json\/wp\/v2\/media\/142283"}],"wp:attachment":[{"href":"https:\/\/www.acrartex.com\/it\/wp-json\/wp\/v2\/media?parent=125277"}],"curies":[{"name":"wp","href":"https:\/\/api.w.org\/{rel}","templated":true}]}}