{"id":125242,"date":"2021-11-11T11:07:00","date_gmt":"2021-11-11T16:07:00","guid":{"rendered":"https:\/\/www.acrartex.com\/programmazione-aislink-mob\/"},"modified":"2025-04-28T10:52:18","modified_gmt":"2025-04-28T15:52:18","slug":"programmazione-aislink-mob","status":"publish","type":"page","link":"https:\/\/www.acrartex.com\/it\/programmazione-aislink-mob\/","title":{"rendered":"Programmazione AISLink MOB"},"content":{"rendered":"\n<p>In questa pagina sono disponibili i download.<\/p>\n\n<p><\/p>\n\n<p>Utilizzate il link Download qui sotto per installare il programma sul vostro computer Windows o, in alternativa, utilizzate il link Launch qui sotto per eseguire l&#8217;applicazione come pagina web sui vostri computer, tablet o telefoni.<\/p>\n\n<p>NOTA: In caso di difficolt\u00e0 nella programmazione dell&#8217;AISLink MOB, consultare la guida alla risoluzione dei problemi, accessibile dalla pagina di apertura del programma, premendo il tasto F1 nel programma software scaricabile o facendo clic su &#8220;Help Me&#8221; nel programma software basato sul Web. Il motivo pi\u00f9 comune per cui l&#8217;AISLink MOB non riesce a programmare \u00e8 la luminosit\u00e0 dello schermo. Assicurarsi che lo schermo sia impostato sulla massima luminosit\u00e0 utilizzando i tasti della tastiera del portatile o del monitor.<\/p>\n\n<p>La versione del software scaricabile o basata sul Web disponibile di seguito \u00e8 specifica per le funzioni DSC consentite nel paese da cui si accede a questa pagina Web.<\/p>\n\n<p><\/p>\n\n<h3 class=\"wp-block-heading\" id=\"h-downloadable-pc-software\">SOFTWARE SCARICABILE PER PC<a href=\"https:\/\/www.acrartex.com\/zone1-pc-software.zip\"><\/a><\/h3>\n\n<div class=\"wp-block-buttons is-layout-flex wp-block-buttons-is-layout-flex\">\n<div class=\"wp-block-button\"><a class=\"wp-block-button__link has-black-color has-text-color has-background\" href=\"https:\/\/www.dropbox.com\/s\/fo2qcyw0rx2l7ss\/zone1-pc-software.zip?dl=1\" style=\"background-color:#defa00\">Scarica il software di programmazione (Zona 1)<\/a><\/div>\n<\/div>\n\n<h3 class=\"wp-block-heading\">LANCIARE UN SOFTWARE DI PROGRAMMAZIONE WEB<\/h3>\n\n<div class=\"wp-block-buttons is-layout-flex wp-block-buttons-is-layout-flex\">\n<div class=\"wp-block-button\"><a class=\"wp-block-button__link has-black-color has-text-color has-background\" href=\"https:\/\/old.acrartex.com\/support\/configure-aislink-mob\/program\" style=\"background-color:#defa00\">Avvio del software di programmazione web (Zona 1)<\/a><\/div>\n<\/div>\n\n<p><a href=\"https:\/\/www.acrartex.com\/support\/configure-aislink-mob\/program\"><\/a><\/p>\n","protected":false},"excerpt":{"rendered":"<p>In questa pagina sono disponibili i download. Utilizzate il link Download qui sotto per installare il programma sul vostro computer Windows o, in alternativa, utilizzate il link Launch qui sotto per eseguire l&#8217;applicazione come pagina web sui vostri computer, tablet o telefoni. NOTA: In caso di difficolt\u00e0 nella programmazione dell&#8217;AISLink MOB, consultare la guida alla [&hellip;]<\/p>\n","protected":false},"author":22,"featured_media":0,"parent":0,"menu_order":0,"comment_status":"closed","ping_status":"closed","template":"","meta":{"_acf_changed":false,"om_disable_all_campaigns":false,"footnotes":""},"class_list":["post-125242","page","type-page","status-publish","hentry"],"acf":[],"_links":{"self":[{"href":"https:\/\/www.acrartex.com\/it\/wp-json\/wp\/v2\/pages\/125242","targetHints":{"allow":["GET"]}}],"collection":[{"href":"https:\/\/www.acrartex.com\/it\/wp-json\/wp\/v2\/pages"}],"about":[{"href":"https:\/\/www.acrartex.com\/it\/wp-json\/wp\/v2\/types\/page"}],"author":[{"embeddable":true,"href":"https:\/\/www.acrartex.com\/it\/wp-json\/wp\/v2\/users\/22"}],"replies":[{"embeddable":true,"href":"https:\/\/www.acrartex.com\/it\/wp-json\/wp\/v2\/comments?post=125242"}],"version-history":[{"count":1,"href":"https:\/\/www.acrartex.com\/it\/wp-json\/wp\/v2\/pages\/125242\/revisions"}],"predecessor-version":[{"id":125244,"href":"https:\/\/www.acrartex.com\/it\/wp-json\/wp\/v2\/pages\/125242\/revisions\/125244"}],"wp:attachment":[{"href":"https:\/\/www.acrartex.com\/it\/wp-json\/wp\/v2\/media?parent=125242"}],"curies":[{"name":"wp","href":"https:\/\/api.w.org\/{rel}","templated":true}]}}