{"id":125239,"date":"2021-06-08T23:12:50","date_gmt":"2021-06-09T04:12:50","guid":{"rendered":"https:\/\/www.acrartex.com\/registrazione-del-segnalatore\/"},"modified":"2025-04-28T10:52:16","modified_gmt":"2025-04-28T15:52:16","slug":"registrazione-del-segnalatore","status":"publish","type":"page","link":"https:\/\/www.acrartex.com\/it\/registrazione-del-segnalatore\/","title":{"rendered":"Registrazione del segnalatore"},"content":{"rendered":"\n<p>La registrazione dei sistemi a 406 MHz EPIRB, Personal Locator Beacon (PLB) e Emergency Locator Transmitter (ELT) \u00e8 fondamentale per massimizzarne l&#8217;efficacia in situazioni di emergenza. La registrazione garantisce che le informazioni vitali su di voi e sulla vostra imbarcazione o i vostri dati personali siano prontamente disponibili alle autorit\u00e0 di ricerca e soccorso in caso di emergenza. Questo include informazioni di contatto, caratteristiche dell&#8217;imbarcazione e contatti di emergenza, consentendo una risposta pi\u00f9 rapida e accurata. Inoltre, la registrazione aiuta a prevenire i falsi allarmi, consentendo alle autorit\u00e0 di verificare rapidamente i segnali di soccorso e di dare priorit\u00e0 alle risposte. Registrando il vostro segnalatore di emergenza, aumenterete notevolmente le probabilit\u00e0 di successo delle operazioni di soccorso e contribuirete alla sicurezza marittima in generale.<\/p>\n","protected":false},"excerpt":{"rendered":"<p>La registrazione dei sistemi a 406 MHz EPIRB, Personal Locator Beacon (PLB) e Emergency Locator Transmitter (ELT) \u00e8 fondamentale per massimizzarne l&#8217;efficacia in situazioni di emergenza. La registrazione garantisce che le informazioni vitali su di voi e sulla vostra imbarcazione o i vostri dati personali siano prontamente disponibili alle autorit\u00e0 di ricerca e soccorso in [&hellip;]<\/p>\n","protected":false},"author":8,"featured_media":0,"parent":0,"menu_order":0,"comment_status":"closed","ping_status":"closed","template":"","meta":{"_acf_changed":false,"om_disable_all_campaigns":false,"footnotes":""},"class_list":["post-125239","page","type-page","status-publish","hentry"],"acf":[],"_links":{"self":[{"href":"https:\/\/www.acrartex.com\/it\/wp-json\/wp\/v2\/pages\/125239","targetHints":{"allow":["GET"]}}],"collection":[{"href":"https:\/\/www.acrartex.com\/it\/wp-json\/wp\/v2\/pages"}],"about":[{"href":"https:\/\/www.acrartex.com\/it\/wp-json\/wp\/v2\/types\/page"}],"author":[{"embeddable":true,"href":"https:\/\/www.acrartex.com\/it\/wp-json\/wp\/v2\/users\/8"}],"replies":[{"embeddable":true,"href":"https:\/\/www.acrartex.com\/it\/wp-json\/wp\/v2\/comments?post=125239"}],"version-history":[{"count":1,"href":"https:\/\/www.acrartex.com\/it\/wp-json\/wp\/v2\/pages\/125239\/revisions"}],"predecessor-version":[{"id":125241,"href":"https:\/\/www.acrartex.com\/it\/wp-json\/wp\/v2\/pages\/125239\/revisions\/125241"}],"wp:attachment":[{"href":"https:\/\/www.acrartex.com\/it\/wp-json\/wp\/v2\/media?parent=125239"}],"curies":[{"name":"wp","href":"https:\/\/api.w.org\/{rel}","templated":true}]}}