{"id":125235,"date":"2021-02-26T09:20:08","date_gmt":"2021-02-26T14:20:08","guid":{"rendered":"https:\/\/www.acrartex.com\/qualita\/"},"modified":"2025-04-28T10:52:14","modified_gmt":"2025-04-28T15:52:14","slug":"qualita","status":"publish","type":"page","link":"https:\/\/www.acrartex.com\/it\/qualita\/","title":{"rendered":"Qualit\u00e0"},"content":{"rendered":"\n<p>In ACR\/Artex costruiamo prodotti di qualit\u00e0 sapendo che vengono utilizzati per salvare vite umane. Nel nostro lavoro, la scienza \u00e8 tutto: fornisce leggi, processi e risultati affidabili che utilizziamo per superare con successo l&#8217;imprevedibile. L&#8217;esistenza della nostra azienda si basa sul principio del miglioramento continuo. Siamo esigenti, dettagliati e precisi. Non ci sentirete mai scusarci per essere eccessivamente meticolosi e ossessionati dalla qualit\u00e0. Dedichiamo un tempo prodigioso a trovare nuovi modi per mettere alla prova i nostri prodotti, perch\u00e9 crediamo che i nostri clienti non meritino altro che il meglio assoluto. Progettiamo prodotti in grado di superare qualsiasi normativa stabilita dalle agenzie governative. In altre parole, i nostri sforzi di verifica spesso iniziano dove gli standard governativi si fermano. Per noi, qualit\u00e0 significa conoscere l&#8217;esatta composizione chimica e metallica di ogni componente di ogni nostro prodotto. Significa sviluppare test per convalidare ogni nostra affermazione. Significa rifiutare categoricamente qualsiasi rapporto di fallimento che i nostri concorrenti considerano accettabile. In poche parole, se non \u00e8 il migliore, non \u00e8 ACR\/Artex. SISTEMA DI GESTIONE DELLA QUALIT\u00c0 Tutte le attivit\u00e0 di ACR Electronics, Inc (ACR\/Artex) sono soggette alla supervisione della Federal Aviation Administration (FAA) e a verifiche periodiche ai sensi delle Federal Aviation Regulations (FAR). Il Sistema di gestione della qualit\u00e0 (SGQ) di ACR \u00e8 documentato da un Manuale della qualit\u00e0 e da procedure approvate dalla FAA. I prodotti Artex ELT sono approvati dalla FAA in base agli Ordini Tecnici Standard (TSO), alla corrispondente qualifica europea - ETSO, e ad altri enti di approvazione regionali. Per servire meglio i nostri clienti, ACR\/Artex dispone di una stazione di riparazione approvata FAR-145, soggetta ad approvazione e supervisione FAA separate. Per soddisfare i requisiti dei nostri clienti OEM, ACR\/Artex ha registrato il proprio sistema di qualit\u00e0 secondo gli standard internazionali AS9100D (Aerospace) e ISO-9001: 2015. ACRL&#8217;autorit\u00e0 di registrazione \u00e8 TUV USA, Inc. ed \u00e8 elencata nel database Online Aerospace Supplier Information System (IAQG-OASIS).<\/p>\n\n<figure class=\"wp-block-image size-large\"><a href=\"https:\/\/www.acrartex.com\/wp-content\/uploads\/2022\/03\/image.png\"><img loading=\"lazy\" decoding=\"async\" width=\"1024\" height=\"111\" src=\"https:\/\/www.acrartex.com\/wp-content\/uploads\/2022\/03\/image-1024x111.png\" alt=\"\" class=\"wp-image-28338\" srcset=\"https:\/\/www.acrartex.com\/wp-content\/uploads\/2022\/03\/image-1024x111.png 1024w, https:\/\/www.acrartex.com\/wp-content\/uploads\/2022\/03\/image-300x32.png 300w, https:\/\/www.acrartex.com\/wp-content\/uploads\/2022\/03\/image-768x83.png 768w, https:\/\/www.acrartex.com\/wp-content\/uploads\/2022\/03\/image-600x65.png 600w, https:\/\/www.acrartex.com\/wp-content\/uploads\/2022\/03\/image.png 1339w\" sizes=\"auto, (max-width: 1024px) 100vw, 1024px\" \/><\/a><\/figure>\n\n<p><strong>Certificazioni di qualit\u00e0:<\/strong><\/p>\n\n<p class=\"has-vivid-cyan-blue-color has-text-color\"><a href=\"https:\/\/www.dropbox.com\/scl\/fi\/v5ydoa395w61i3hb47e8e\/ISO-9001-and-AS9100D-Certification.pdf?rlkey=rigwfe1zbfejlavr32ovnocfi&amp;st=8vv015y7&amp;dl=1\">Certificazione ISO 9001 e AS9100D<\/a><\/p>\n\n<p class=\"has-vivid-cyan-blue-color has-text-color\"><a href=\"https:\/\/www.dropbox.com\/scl\/fi\/bj7464lwwz577bvvvuzfo\/FAA-Air-Agency-Certificate_Manufacturer-Maintenance-Facility.pdf?rlkey=ncqrwf5xvba8eystumuox5iqd&amp;dl=1\">Certificato di agenzia aerea FAA (impianto di manutenzione del produttore)<\/a><\/p>\n\n<p class=\"has-vivid-cyan-blue-color has-text-color\"><a href=\"https:\/\/www.dropbox.com\/scl\/fi\/m1mtjkp8v5tdgi4oh2fbn\/FAA-Air-Agency-Certificate_Repair-Station.pdf?rlkey=jblwgu85vrjp3xhp8590ssb17&amp;dl=1\">Certificato di agenzia aerea FAA (stazione di riparazione)<\/a><\/p>\n\n<p class=\"has-vivid-cyan-blue-color has-text-color\"><a href=\"https:\/\/www.dropbox.com\/scl\/fi\/dh8quhkwvbp0tetyiudah\/FAA_Operations-Specifications.pdf?rlkey=odkhobvjvzjzu6ddwne4xmhyo&amp;dl=1\">Specifiche operative FAA<\/a><\/p>\n\n<p class=\"has-vivid-cyan-blue-color has-text-color\"><a href=\"https:\/\/www.dropbox.com\/scl\/fi\/ssjmpyvgrgushnbb1diln\/EASA-Part-145__Approval-Renewal__pg-1-2___Expires-_01-June-2026.pdf?rlkey=v92tqo9evrpwgujiq6rbk9shy&amp;st=kg2trlrv&amp;dl=1\">Certificato di approvazione EASA Part 145<\/a><\/p>\n","protected":false},"excerpt":{"rendered":"<p>In ACR\/Artex costruiamo prodotti di qualit\u00e0 sapendo che vengono utilizzati per salvare vite umane. Nel nostro lavoro, la scienza \u00e8 tutto: fornisce leggi, processi e risultati affidabili che utilizziamo per superare con successo l&#8217;imprevedibile. L&#8217;esistenza della nostra azienda si basa sul principio del miglioramento continuo. Siamo esigenti, dettagliati e precisi. Non ci sentirete mai scusarci [&hellip;]<\/p>\n","protected":false},"author":2,"featured_media":0,"parent":0,"menu_order":0,"comment_status":"closed","ping_status":"closed","template":"","meta":{"_acf_changed":false,"om_disable_all_campaigns":false,"footnotes":""},"class_list":["post-125235","page","type-page","status-publish","hentry"],"acf":[],"_links":{"self":[{"href":"https:\/\/www.acrartex.com\/it\/wp-json\/wp\/v2\/pages\/125235","targetHints":{"allow":["GET"]}}],"collection":[{"href":"https:\/\/www.acrartex.com\/it\/wp-json\/wp\/v2\/pages"}],"about":[{"href":"https:\/\/www.acrartex.com\/it\/wp-json\/wp\/v2\/types\/page"}],"author":[{"embeddable":true,"href":"https:\/\/www.acrartex.com\/it\/wp-json\/wp\/v2\/users\/2"}],"replies":[{"embeddable":true,"href":"https:\/\/www.acrartex.com\/it\/wp-json\/wp\/v2\/comments?post=125235"}],"version-history":[{"count":1,"href":"https:\/\/www.acrartex.com\/it\/wp-json\/wp\/v2\/pages\/125235\/revisions"}],"predecessor-version":[{"id":125237,"href":"https:\/\/www.acrartex.com\/it\/wp-json\/wp\/v2\/pages\/125235\/revisions\/125237"}],"wp:attachment":[{"href":"https:\/\/www.acrartex.com\/it\/wp-json\/wp\/v2\/media?parent=125235"}],"curies":[{"name":"wp","href":"https:\/\/api.w.org\/{rel}","templated":true}]}}