{"id":167867,"date":"2026-04-30T12:38:23","date_gmt":"2026-04-30T17:38:23","guid":{"rendered":"https:\/\/www.acrartex.com\/products\/projecteur-rcl-200\/"},"modified":"2026-04-30T13:06:30","modified_gmt":"2026-04-30T18:06:30","slug":"projecteur-rcl-200","status":"publish","type":"product","link":"https:\/\/www.acrartex.com\/fr\/products\/projecteur-rcl-200\/","title":{"rendered":"Projecteur RCL-200"},"content":{"rendered":"<p class=\"ai-optimize-57 ai-optimize-introduction\"><strong>Puissance \u00e9l\u00e9gante. Performances in\u00e9gal\u00e9es. <\/strong><\/p>\n<p class=\"ai-optimize-58\"><span data-olk-copy-source=\"MessageBody\">Le projecteur marin \u00e0 LED RCL-200 allie un design \u00e9l\u00e9gant \u00e0 une robustesse \u00e0 toute \u00e9preuve pour r\u00e9pondre aux exigences des plaisanciers d&#8217;aujourd&#8217;hui. Dot\u00e9 d&#8217;un bo\u00eetier en aluminium moul\u00e9 sous pression ultra-r\u00e9sistant, ce projecteur est con\u00e7u pour affronter les environnements marins les plus difficiles tout en conservant une allure moderne et \u00e9l\u00e9gante qui s&#8217;harmonise avec tous les types d&#8217;embarcations. <\/span><\/p>\n<p class=\"ai-optimize-59\"><span data-olk-copy-source=\"MessageBody\">Dot\u00e9 de 12 LED haute intensit\u00e9, le projecteur RCL-200 produit un faisceau lumineux exceptionnel de 720&nbsp;000 candelas, garantissant une visibilit\u00e9 et une s\u00e9curit\u00e9 maximales lors de la navigation nocturne ou des op\u00e9rations de recherche et de sauvetage. Compatible avec plusieurs tensions d&#8217;alimentation (12&nbsp;V \u00e0 24&nbsp;V CC), il s&#8217;adapte \u00e0 une large gamme d&#8217;embarcations. <\/span><\/p>\n<p class=\"ai-optimize-60\"><span data-olk-copy-source=\"MessageBody\">Con\u00e7u pour offrir confort et polyvalence, le projecteur RCL-200 LED est dot\u00e9 de fonctions de contr\u00f4le avanc\u00e9es, notamment le retour automatique \u00e0 sa position initiale et la possibilit\u00e9 de piloter deux projecteurs depuis un seul poste, ou deux projecteurs depuis deux postes diff\u00e9rents. Que ce soit pour moderniser un syst\u00e8me existant ou \u00e9quiper un nouveau bateau, ce projecteur vous garantit la fiabilit\u00e9, la performance et l&#8217;\u00e9l\u00e9gance que vous attendez sur l&#8217;eau. <\/span><\/p>\n<p>&nbsp;<\/p>\n<p class=\"ai-optimize-61\"><strong>Caract\u00e9ristiques:<\/strong><\/p>\n<ul>\n<li class=\"ai-optimize-62\"><strong>\u00c9clairage puissant<\/strong> \u2013 <span data-olk-copy-source=\"MessageBody\">12 LED haute intensit\u00e9 produisent un faisceau puissant de 720 000 candelas pour une visibilit\u00e9 maximale.<\/span><\/li>\n<li class=\"ai-optimize-63\"><strong>Conception robuste et \u00e9l\u00e9gante<\/strong> \u2013 <span data-olk-copy-source=\"MessageBody\">Bo\u00eetier durable en aluminium moul\u00e9 sous pression, con\u00e7u pour r\u00e9sister aux environnements marins difficiles, avec un look \u00e9l\u00e9gant et moderne.<\/span><\/li>\n<li class=\"ai-optimize-64\"><strong>Options de contr\u00f4le intelligent<\/strong> \u2013 <span data-olk-copy-source=\"MessageBody\">Retour \u00e0 la position initiale par simple pression d&#8217;un bouton.<\/span><\/li>\n<li class=\"ai-optimize-65\"><strong>Fonctionnement flexible<\/strong> \u2013 <span data-olk-copy-source=\"MessageBody\">Contr\u00f4lez deux projecteurs depuis une seule station ou deux projecteurs depuis deux stations.<\/span><\/li>\n<li class=\"ai-optimize-66\"><strong>Compatibilit\u00e9 \u00e9tendue avec les tensions<\/strong> \u2013 <span data-olk-copy-source=\"MessageBody\">Prend en charge les syst\u00e8mes CC 12 V \u00e0 24 V pour une installation polyvalente sur une large gamme de navires.<\/span><\/li>\n<\/ul>\n<p>&nbsp;<\/p>\n","protected":false},"excerpt":{"rendered":"<p><span style=\"color: #ff0000;\"><strong>\u00c0 PARA\u00ceTRE \u00c0 L&#8217;AUTOMNE 2026<\/strong><\/span><\/p>\n<p><span data-olk-copy-source=\"MessageBody\">Le projecteur RCL-200 LED est un mod\u00e8le marin \u00e9l\u00e9gant et robuste, con\u00e7u pour la performance. Dot\u00e9 d&#8217;un bo\u00eetier en aluminium moul\u00e9 sous pression, de 12 LED haute intensit\u00e9 et d&#8217;un faisceau impressionnant de 720&nbsp;000 candelas, il offre une visibilit\u00e9 optimale lorsque vous en avez le plus besoin. Compatible avec plusieurs tensions (12&nbsp;V \u00e0 24&nbsp;V CC) et \u00e9quip\u00e9 d&#8217;options de contr\u00f4le avanc\u00e9es, il constitue la solution id\u00e9ale pour moderniser les bateaux de plaisance et les navires commerciaux de taille moyenne \u00e0 grande.  <\/span><\/p>\n","protected":false},"featured_media":167764,"template":"","meta":{"_acf_changed":false,"om_disable_all_campaigns":false},"product_brand":[],"product_cat":[5950,5944,5721,5948,5946,7163],"product_tag":[16248,16250,16252,16254,7167,7341,7174,7169,11531,7346,7170],"class_list":{"0":"post-167867","1":"product","2":"type-product","3":"status-publish","4":"has-post-thumbnail","6":"product_cat-commercial-fr","7":"product_cat-interieur","8":"product_cat-marin-fr","9":"product_cat-offshore-fr","10":"product_cat-pres-du-rivage","11":"product_cat-projecteurs","12":"product_tag-16248","13":"product_tag-16250","14":"product_tag-acr-rcl-200","15":"product_tag-led-acr-rcl-200","16":"product_tag-projecteur","17":"product_tag-projecteur-a-led","18":"product_tag-projecteur-acr","19":"product_tag-projecteur-de-bateau","20":"product_tag-projecteur-de-recherche-a-led-pour-bateau","21":"product_tag-projecteur-led-marin","22":"product_tag-projecteur-marin","24":"first","25":"outofstock","26":"taxable","27":"shipping-taxable","28":"product-type-variable"},"acf":[],"_links":{"self":[{"href":"https:\/\/www.acrartex.com\/fr\/wp-json\/wp\/v2\/product\/167867","targetHints":{"allow":["GET"]}}],"collection":[{"href":"https:\/\/www.acrartex.com\/fr\/wp-json\/wp\/v2\/product"}],"about":[{"href":"https:\/\/www.acrartex.com\/fr\/wp-json\/wp\/v2\/types\/product"}],"wp:featuredmedia":[{"embeddable":true,"href":"https:\/\/www.acrartex.com\/fr\/wp-json\/wp\/v2\/media\/167764"}],"wp:attachment":[{"href":"https:\/\/www.acrartex.com\/fr\/wp-json\/wp\/v2\/media?parent=167867"}],"wp:term":[{"taxonomy":"product_brand","embeddable":true,"href":"https:\/\/www.acrartex.com\/fr\/wp-json\/wp\/v2\/product_brand?post=167867"},{"taxonomy":"product_cat","embeddable":true,"href":"https:\/\/www.acrartex.com\/fr\/wp-json\/wp\/v2\/product_cat?post=167867"},{"taxonomy":"product_tag","embeddable":true,"href":"https:\/\/www.acrartex.com\/fr\/wp-json\/wp\/v2\/product_tag?post=167867"}],"curies":[{"name":"wp","href":"https:\/\/api.w.org\/{rel}","templated":true}]}}