{"id":166604,"date":"2025-11-12T18:18:59","date_gmt":"2025-11-12T23:18:59","guid":{"rendered":"https:\/\/www.acrartex.com\/products\/radio-vhf-sr303\/"},"modified":"2026-03-24T10:37:43","modified_gmt":"2026-03-24T15:37:43","slug":"radio-vhf-sr303","status":"publish","type":"product","link":"https:\/\/www.acrartex.com\/fr\/products\/radio-vhf-sr303\/","title":{"rendered":"Radio VHF SR303"},"content":{"rendered":"<p>Propos\u00e9e en deux formats pratiques, soit en tant que VHF d&#8217;urgence SMDSM uniquement pour les applications d&#8217;urgence, soit en tant que kit complet pour une utilisation quotidienne g\u00e9n\u00e9rale et\/ou des applications d&#8217;urgence, la radio ACR Electronics SR303 constitue une solution compl\u00e8te pour tous vos besoins en communication maritime.<\/p>\n<p>La radio VHF d&#8217;urgence SMDSM est fournie avec une batterie au lithium principale munie d&#8217;une \u00e9tiquette t\u00e9moin permettant de v\u00e9rifier son \u00e9tat. Une fois l&#8217;\u00e9tiquette retir\u00e9e, la radio s&#8217;allume automatiquement d\u00e8s que la batterie est connect\u00e9e et passe automatiquement en mode SMDSM avec les param\u00e8tres pr\u00e9d\u00e9finis suivants&nbsp;: canal&nbsp;16, volume&nbsp;8 et silencieux&nbsp;2. <\/p>\n<p>Le kit complet comprend la batterie au lithium principale d\u00e9crite, ainsi qu&#8217;une batterie rechargeable lithium-ion et une base de chargement. Les accessoires standard fournis avec l&#8217;option VHF d&#8217;urgence GMDSS autonome ou le kit complet incluent une antenne flexible en caoutchouc, un clip ceinture et une dragonne. <\/p>\n<p>Con\u00e7u pour une utilisation intuitive, le SR303 est compatible avec le port de gants de survie et dispose d&#8217;un \u00e9cran num\u00e9rique facile \u00e0 lire. L&#8217;\u00e9cran et le clavier sont r\u00e9tro\u00e9clair\u00e9s, ce qui simplifie son utilisation en faible luminosit\u00e9. Le SR303 int\u00e8gre \u00e9galement la technologie NFC (Near Field Communication), permettant d&#8217;acc\u00e9der \u00e0 la date de remplacement de la batterie et aux informations produit sur un appareil mobile.  <\/p>\n<p>La conception robuste du SR303 le rend adapt\u00e9 \u00e0 toutes les applications marines et constitue un choix id\u00e9al pour l&#8217;\u00e9quipement obligatoire et volontaire. Fort d&#8217;une solide exp\u00e9rience dans le domaine des technologies de s\u00e9curit\u00e9 maritime et d&#8217;un engagement constant envers la qualit\u00e9 et l&#8217;innovation, ACR Electronics propose avec sa radio VHF marine SMDSM SR303 des performances exceptionnelles, \u00e0 la hauteur des attentes des navigateurs du monde entier. <\/p>\n","protected":false},"excerpt":{"rendered":"<p>La radio VHF marine SMDSM SR303 d&#8217;ACR Electronics est con\u00e7ue pour une utilisation flexible, offrant aux utilisateurs des options pratiques pour faciliter les communications en mer quelles que soient les circonstances. Con\u00e7ue comme un produit SMDSM (Syst\u00e8me mondial de d\u00e9tresse et de s\u00e9curit\u00e9 en mer), cette radio VHF \u00e9tanche est enti\u00e8rement certifi\u00e9e conforme aux r\u00e9glementations de l&#8217;OMI et de la convention SOLAS et assure un soutien essentiel en mati\u00e8re de communication, aussi bien dans les situations critiques que lors des op\u00e9rations maritimes courantes. <\/p>\n","protected":false},"featured_media":166614,"template":"","meta":{"_acf_changed":false,"om_disable_all_campaigns":false},"product_brand":[],"product_cat":[5950,5721,5948],"product_tag":[9654,9655,9660,9661,9650,9656,9652,9659,9662,9649,9658,9651,9657],"class_list":{"0":"post-166604","1":"product","2":"type-product","3":"status-publish","4":"has-post-thumbnail","6":"product_cat-commercial-fr","7":"product_cat-marin-fr","8":"product_cat-offshore-fr","9":"product_tag-antenne-radio-vhf-marine","10":"product_tag-avis-sur-les-radios-vhf-marines","11":"product_tag-radio-de-survie-gmdss","12":"product_tag-radio-homologuee-gmdss","13":"product_tag-radio-marine-vhf","14":"product_tag-radio-portative-vhf","15":"product_tag-radio-vhf-fr","16":"product_tag-radio-vhf-gmdss-fr","17":"product_tag-radio-vhf-gmdss-fr-2","18":"product_tag-radio-vhf-marine-fr","19":"product_tag-radio-vhf-marine-portable","20":"product_tag-radios-vhf-marines","21":"product_tag-radios-vhf-marines-a-vendre","23":"first","24":"outofstock","25":"taxable","26":"shipping-taxable","27":"product-type-simple"},"acf":[],"_links":{"self":[{"href":"https:\/\/www.acrartex.com\/fr\/wp-json\/wp\/v2\/product\/166604","targetHints":{"allow":["GET"]}}],"collection":[{"href":"https:\/\/www.acrartex.com\/fr\/wp-json\/wp\/v2\/product"}],"about":[{"href":"https:\/\/www.acrartex.com\/fr\/wp-json\/wp\/v2\/types\/product"}],"wp:featuredmedia":[{"embeddable":true,"href":"https:\/\/www.acrartex.com\/fr\/wp-json\/wp\/v2\/media\/166614"}],"wp:attachment":[{"href":"https:\/\/www.acrartex.com\/fr\/wp-json\/wp\/v2\/media?parent=166604"}],"wp:term":[{"taxonomy":"product_brand","embeddable":true,"href":"https:\/\/www.acrartex.com\/fr\/wp-json\/wp\/v2\/product_brand?post=166604"},{"taxonomy":"product_cat","embeddable":true,"href":"https:\/\/www.acrartex.com\/fr\/wp-json\/wp\/v2\/product_cat?post=166604"},{"taxonomy":"product_tag","embeddable":true,"href":"https:\/\/www.acrartex.com\/fr\/wp-json\/wp\/v2\/product_tag?post=166604"}],"curies":[{"name":"wp","href":"https:\/\/api.w.org\/{rel}","templated":true}]}}