{"id":166526,"date":"2025-11-06T04:46:44","date_gmt":"2025-11-06T09:46:44","guid":{"rendered":"https:\/\/www.acrartex.com\/products\/forfait-bivy-go-baton-de-bivouac-donnees-illimitees\/"},"modified":"2025-11-06T04:46:44","modified_gmt":"2025-11-06T09:46:44","slug":"forfait-bivy-go-baton-de-bivouac-donnees-illimitees","status":"publish","type":"product","link":"https:\/\/www.acrartex.com\/fr\/products\/forfait-bivy-go-baton-de-bivouac-donnees-illimitees\/","title":{"rendered":"Forfait Bivy Go \u2013 B\u00e2ton de bivouac + Donn\u00e9es illimit\u00e9es"},"content":{"rendered":"<p>Restez connect\u00e9 et en s\u00e9curit\u00e9 partout dans le monde gr\u00e2ce au Bivy Stick, un appareil compact et performant qui transforme votre smartphone en communicateur satellite mondial. Aliment\u00e9 par le r\u00e9seau satellite Iridium, le Bivy Stick garantit une couverture mondiale \u00e0 100 %, m\u00eame dans les environnements les plus recul\u00e9s et les plus accident\u00e9s. <\/p>\n<p>Con\u00e7u pour les aventuriers, les explorateurs et la pr\u00e9paration aux situations d&#8217;urgence, le Bivy Stick permet la messagerie satellite bidirectionnelle, le partage de position GPS et les mises \u00e0 jour m\u00e9t\u00e9o, le tout accessible via l&#8217;application Bivy sur iOS ou Android. Sa fonction unique GroupTrack\u2122 permet d&#8217;envoyer des messages et de suivre jusqu&#8217;\u00e0 12 utilisateurs de Bivy Stick simultan\u00e9ment, facilitant ainsi la communication et la visibilit\u00e9 sur une carte partag\u00e9e pour les \u00e9quipes, les guides et les familles. <\/p>\n<p>En cas d&#8217;urgence, appuyez simplement sur le bouton SOS d\u00e9di\u00e9 pour alerter instantan\u00e9ment Global Rescue et b\u00e9n\u00e9ficier d&#8217;un acc\u00e8s 24h\/24 et 7j\/7 aux services d&#8217;intervention d&#8217;urgence, partout dans le monde. Que vous t\u00e9l\u00e9chargiez des cartes hors ligne, exploriez des sentiers inexplor\u00e9s ou contactiez vos proches, le Bivy Stick vous offre la tranquillit\u00e9 d&#8217;esprit et les moyens de communication essentiels au moment o\u00f9 vous en avez le plus besoin. <\/p>\n<p><b>R\u00f4le de l&#8217;application Bivy<\/b><\/p>\n<p>D\u00e9couvrez plus de 50&nbsp;000 aventures en plein air avec l\u2019application Bivy, votre outil tout-en-un pour explorer la nature. Que vous soyez adepte de randonn\u00e9e, de v\u00e9lo, de kayak, d\u2019escalade ou de l\u2019un des 20 types d\u2019aventures propos\u00e9s par l\u2019application, Bivy vous aide \u00e0 trouver l\u2019endroit id\u00e9al et \u00e0 vous y d\u00e9placer en toute confiance. <\/p>\n<p>Suivez votre rythme, la distance parcourue, l&#8217;altitude et bien plus encore lors de vos explorations, et enregistrez chaque trajet pour conserver un souvenir personnel de vos aventures. Gr\u00e2ce \u00e0 l&#8217;acc\u00e8s \u00e0 des cartes mondiales hors ligne d\u00e9taill\u00e9es, vous saurez toujours exactement o\u00f9 vous vous trouvez, m\u00eame sans r\u00e9seau mobile. <\/p>\n<p>Associ\u00e9e au Bivy Stick d&#8217;ACR, l&#8217;application Bivy combine navigation, suivi de voyage et communication par satellite fiable, offrant s\u00e9curit\u00e9 et tranquillit\u00e9 d&#8217;esprit \u00e0 un prix abordable \u00e0 tous, des explorateurs du week-end aux professionnels chevronn\u00e9s.<\/p>\n<p><b>Caract\u00e9ristiques et avantages :<\/b><\/p>\n<ul>\n<li><b>Messagerie bidirectionnelle fiable<\/b> : Restez connect\u00e9 m\u00eame hors de port\u00e9e du r\u00e9seau cellulaire gr\u00e2ce \u00e0 la messagerie texte bidirectionnelle via le r\u00e9seau satellite mondial Iridium\u00ae.<\/li>\n<li><b>Num\u00e9ro de t\u00e9l\u00e9phone et adresse e-mail d\u00e9di\u00e9s<\/b>&nbsp;: Envoyez vos messages avec votre propre num\u00e9ro de t\u00e9l\u00e9phone et votre adresse e-mail pour une communication fluide.<\/li>\n<li><b>Messagerie et suivi de groupe avec GroupTrack\u2122<\/b>&nbsp;: Communiquez et partagez votre position avec jusqu\u2019\u00e0 12 utilisateurs de Bivy Stick. Vos proches peuvent suivre votre parcours et participer \u00e0 des discussions de groupe via une page web partag\u00e9e. <\/li>\n<li><b>Enregistrements personnalis\u00e9s illimit\u00e9s<\/b>&nbsp;: Envoyez des messages d\u2019enregistrement GPS avec votre position exacte. Les enregistrements illimit\u00e9s sont inclus dans l\u2019abonnement.* <\/li>\n<li><b>Suivi en temps r\u00e9el et partage de position<\/b>&nbsp;: La page Web de partage de position affiche votre historique d\u2019enregistrements, l\u2019historique des messages avec les r\u00e9ponses et les itin\u00e9raires partag\u00e9s, le tout au m\u00eame endroit.<\/li>\n<li><b>Surveillance SOS 24h\/24 et 7j\/7 par Global Rescue\u2122<\/b>&nbsp;: activez les alertes d\u2019urgence via l\u2019application ou le bouton SOS de votre appareil. Communiquez directement avec les services d\u2019urgence et annulez les alertes SOS via l\u2019appareil ou l\u2019application. <\/li>\n<li><b>Outils avanc\u00e9s de navigation et d&amp;#39;aventure<\/b>&nbsp;: T\u00e9l\u00e9chargez des cartes hors ligne et explorez des milliers d&amp;#39;aventures propos\u00e9es par la communaut\u00e9, notamment des sentiers de randonn\u00e9e, des voies d&amp;#39;escalade et des cours d&amp;#39;eau.<\/li>\n<li><b>Conception robuste et \u00e9tanche<\/b> : Indice de protection IPX7<\/li>\n<li><b>Compatible GoPro<\/b> : Enti\u00e8rement compatible avec les supports GoPro et comprend un adaptateur pour accessoires GoPro pour une int\u00e9gration facile.<\/li>\n<li><b>Kit complet inclus \u2013<\/b> Comprend un c\u00e2ble de chargement USB-C, un mousqueton, une lani\u00e8re, un guide de d\u00e9marrage rapide et un adaptateur GoPro \u2013 tout ce dont vous avez besoin pour commencer.<\/li>\n<li><b>Fabriqu\u00e9 aux \u00c9tats-Unis \u2013<\/b> B\u00e9n\u00e9ficie d&#8217;une garantie constructeur d&#8217;un an pour votre tranquillit\u00e9 d&#8217;esprit.<\/li>\n<li>* <a href=\"https:\/\/bivystick.com\/plans\/\" data-cke-saved-href=\"https:\/\/www.bivy.com\/data-plans\">Abonnement mensuel requis<\/a> . Veuillez consulter le site Web du fabricant pour plus de d\u00e9tails. <\/li>\n<\/ul>\n<p>&nbsp;<\/p>\n<p>Appel d&#8217;urgence SOS activ\u00e9 dans l&#8217;application ou sur le bouton de l&#8217;appareil. Fourni par GlobalRescue\u2122. <\/p>\n<p><a href=\"https:\/\/www.acrartex.com\/wp-content\/uploads\/2021\/06\/ProductOverview.png\"><img loading=\"lazy\" decoding=\"async\" class=\"alignnone size-medium wp-image-37736\" src=\"https:\/\/www.acrartex.com\/wp-content\/uploads\/2021\/06\/ProductOverview-300x300.png\" alt=\"\" width=\"300\" height=\"300\" srcset=\"https:\/\/www.acrartex.com\/wp-content\/uploads\/2021\/06\/ProductOverview-300x300.png 300w, https:\/\/www.acrartex.com\/wp-content\/uploads\/2021\/06\/ProductOverview-1024x1024.png 1024w, https:\/\/www.acrartex.com\/wp-content\/uploads\/2021\/06\/ProductOverview-150x150.png 150w, https:\/\/www.acrartex.com\/wp-content\/uploads\/2021\/06\/ProductOverview-768x768.png 768w, https:\/\/www.acrartex.com\/wp-content\/uploads\/2021\/06\/ProductOverview-1536x1536.png 1536w, https:\/\/www.acrartex.com\/wp-content\/uploads\/2021\/06\/ProductOverview-600x600.png 600w, https:\/\/www.acrartex.com\/wp-content\/uploads\/2021\/06\/ProductOverview-100x100.png 100w, https:\/\/www.acrartex.com\/wp-content\/uploads\/2021\/06\/ProductOverview.png 1601w\" sizes=\"auto, (max-width: 300px) 100vw, 300px\" \/><\/a> <a href=\"https:\/\/www.acrartex.com\/wp-content\/uploads\/2021\/06\/2_ProductOverview-04.png\"><img loading=\"lazy\" decoding=\"async\" class=\"alignnone size-medium wp-image-37732\" src=\"https:\/\/www.acrartex.com\/wp-content\/uploads\/2021\/06\/2_ProductOverview-04-300x300.png\" alt=\"\" width=\"300\" height=\"300\" srcset=\"https:\/\/www.acrartex.com\/wp-content\/uploads\/2021\/06\/2_ProductOverview-04-300x300.png 300w, https:\/\/www.acrartex.com\/wp-content\/uploads\/2021\/06\/2_ProductOverview-04-1024x1024.png 1024w, https:\/\/www.acrartex.com\/wp-content\/uploads\/2021\/06\/2_ProductOverview-04-150x150.png 150w, https:\/\/www.acrartex.com\/wp-content\/uploads\/2021\/06\/2_ProductOverview-04-768x768.png 768w, https:\/\/www.acrartex.com\/wp-content\/uploads\/2021\/06\/2_ProductOverview-04-1536x1536.png 1536w, https:\/\/www.acrartex.com\/wp-content\/uploads\/2021\/06\/2_ProductOverview-04-2048x2048.png 2048w, https:\/\/www.acrartex.com\/wp-content\/uploads\/2021\/06\/2_ProductOverview-04-600x600.png 600w, https:\/\/www.acrartex.com\/wp-content\/uploads\/2021\/06\/2_ProductOverview-04-100x100.png 100w\" sizes=\"auto, (max-width: 300px) 100vw, 300px\" \/><\/a> <a href=\"https:\/\/www.acrartex.com\/wp-content\/uploads\/2021\/06\/SOS.png\"><img loading=\"lazy\" decoding=\"async\" class=\"alignnone size-medium wp-image-37734\" src=\"https:\/\/www.acrartex.com\/wp-content\/uploads\/2021\/06\/SOS-300x300.png\" alt=\"\" width=\"300\" height=\"300\" srcset=\"https:\/\/www.acrartex.com\/wp-content\/uploads\/2021\/06\/SOS-300x300.png 300w, https:\/\/www.acrartex.com\/wp-content\/uploads\/2021\/06\/SOS-1024x1024.png 1024w, https:\/\/www.acrartex.com\/wp-content\/uploads\/2021\/06\/SOS-150x150.png 150w, https:\/\/www.acrartex.com\/wp-content\/uploads\/2021\/06\/SOS-768x768.png 768w, https:\/\/www.acrartex.com\/wp-content\/uploads\/2021\/06\/SOS-1536x1536.png 1536w, https:\/\/www.acrartex.com\/wp-content\/uploads\/2021\/06\/SOS-600x600.png 600w, https:\/\/www.acrartex.com\/wp-content\/uploads\/2021\/06\/SOS-100x100.png 100w, https:\/\/www.acrartex.com\/wp-content\/uploads\/2021\/06\/SOS.png 1601w\" sizes=\"auto, (max-width: 300px) 100vw, 300px\" \/><\/a><a href=\"https:\/\/www.acrartex.com\/wp-content\/uploads\/2021\/06\/2_ProductOverview-06.png\"><img loading=\"lazy\" decoding=\"async\" class=\"alignnone size-medium wp-image-37733\" src=\"https:\/\/www.acrartex.com\/wp-content\/uploads\/2021\/06\/2_ProductOverview-06-300x300.png\" alt=\"\" width=\"300\" height=\"300\" srcset=\"https:\/\/www.acrartex.com\/wp-content\/uploads\/2021\/06\/2_ProductOverview-06-300x300.png 300w, https:\/\/www.acrartex.com\/wp-content\/uploads\/2021\/06\/2_ProductOverview-06-1024x1024.png 1024w, https:\/\/www.acrartex.com\/wp-content\/uploads\/2021\/06\/2_ProductOverview-06-150x150.png 150w, https:\/\/www.acrartex.com\/wp-content\/uploads\/2021\/06\/2_ProductOverview-06-768x768.png 768w, https:\/\/www.acrartex.com\/wp-content\/uploads\/2021\/06\/2_ProductOverview-06-1536x1536.png 1536w, https:\/\/www.acrartex.com\/wp-content\/uploads\/2021\/06\/2_ProductOverview-06-2048x2048.png 2048w, https:\/\/www.acrartex.com\/wp-content\/uploads\/2021\/06\/2_ProductOverview-06-600x600.png 600w, https:\/\/www.acrartex.com\/wp-content\/uploads\/2021\/06\/2_ProductOverview-06-100x100.png 100w\" sizes=\"auto, (max-width: 300px) 100vw, 300px\" \/><\/a><\/p>\n","protected":false},"excerpt":{"rendered":"<p><span class=\"TextRun SCXW244057555 BCX0\" lang=\"EN-US\" data-contrast=\"none\" xml:lang=\"EN-US\"><span class=\"NormalTextRun SCXW244057555 BCX0\">Avec le b\u00e2ton de bivouac, profitez-en<\/span><span class=\"NormalTextRun SCXW244057555 BCX0\"> <\/span><span class=\"NormalTextRun SCXW244057555 BCX0\">fiable<\/span><span class=\"NormalTextRun SCXW244057555 BCX0\"> <\/span><\/span><span class=\"TextRun SCXW244057555 BCX0\" lang=\"EN-US\" data-contrast=\"auto\"><span class=\"NormalTextRun SCXW244057555 BCX0\">Communication<\/span> <span class=\"NormalTextRun SCXW244057555 BCX0\">par<\/span><\/span> <span class=\"TextRun SCXW244057555 BCX0\" lang=\"EN-US\" data-contrast=\"none\"><span class=\"NormalTextRun SCXW244057555 BCX0\">satellite bidirectionnelle<\/span><\/span><span class=\"TextRun SCXW244057555 BCX0\" lang=\"EN-US\" data-contrast=\"none\" xml:lang=\"EN-US\"><span class=\"NormalTextRun SCXW244057555 BCX0\">,  <\/span><\/span><span class=\"TextRun SCXW244057555 BCX0\" lang=\"EN-US\" data-contrast=\"none\" xml:lang=\"EN-US\"><span class=\"NormalTextRun SCXW244057555 BCX0\">messagerie de groupe<\/span><\/span><span class=\"TextRun SCXW244057555 BCX0\" lang=\"EN-US\" data-contrast=\"none\" xml:lang=\"EN-US\"><span class=\"NormalTextRun SCXW244057555 BCX0\">,  <\/span><\/span><span class=\"TextRun SCXW244057555 BCX0\" lang=\"EN-US\" data-contrast=\"none\" xml:lang=\"EN-US\"><span class=\"NormalTextRun SCXW244057555 BCX0\">Assistance SOS 24h\/24 et 7j\/7<\/span><\/span><span class=\"TextRun SCXW244057555 BCX0\" lang=\"EN-US\" data-contrast=\"none\" xml:lang=\"EN-US\"><span class=\"NormalTextRun SCXW244057555 BCX0\">,  <\/span><\/span><span class=\"TextRun SCXW244057555 BCX0\" lang=\"EN-US\" data-contrast=\"none\" xml:lang=\"EN-US\"><span class=\"NormalTextRun SCXW244057555 BCX0\">suivi GPS<\/span><\/span><span class=\"TextRun SCXW244057555 BCX0\" lang=\"EN-US\" data-contrast=\"none\" xml:lang=\"EN-US\"><span class=\"NormalTextRun SCXW244057555 BCX0\">, et  <\/span><\/span><span class=\"TextRun SCXW244057555 BCX0\" lang=\"EN-US\" data-contrast=\"none\" xml:lang=\"EN-US\"><span class=\"NormalTextRun SCXW244057555 BCX0\">partage de position  <\/span><\/span><span class=\"TextRun SCXW244057555 BCX0\" lang=\"EN-US\" data-contrast=\"none\" xml:lang=\"EN-US\"><span class=\"NormalTextRun SCXW244057555 BCX0\">tout en un  <\/span><\/span><span class=\"TextRun SCXW244057555 BCX0\" lang=\"EN-US\" data-contrast=\"none\" xml:lang=\"EN-US\"><span class=\"NormalTextRun SCXW244057555 BCX0\">compact<\/span><\/span><span class=\"TextRun SCXW244057555 BCX0\" lang=\"EN-US\" data-contrast=\"none\" xml:lang=\"EN-US\"><span class=\"NormalTextRun SCXW244057555 BCX0\">  et  <\/span><\/span><span class=\"TextRun SCXW244057555 BCX0\" lang=\"EN-US\" data-contrast=\"none\" xml:lang=\"EN-US\"><span class=\"NormalTextRun SCXW244057555 BCX0\">l\u00e9ger<\/span><\/span><span class=\"TextRun SCXW244057555 BCX0\" lang=\"EN-US\" data-contrast=\"none\" xml:lang=\"EN-US\"><span class=\"NormalTextRun SCXW244057555 BCX0\">  appareil. Il vous donne la   <\/span><\/span><span class=\"TextRun SCXW244057555 BCX0\" lang=\"EN-US\" data-contrast=\"none\"><span class=\"NormalTextRun SCXW244057555 BCX0\">Libert\u00e9 de communication hors r\u00e9seau<\/span><\/span> <span class=\"TextRun SCXW244057555 BCX0\" lang=\"EN-US\" data-contrast=\"none\"><span class=\"NormalTextRun SCXW244057555 BCX0\">au<\/span><\/span> <span class=\"TextRun SCXW244057555 BCX0\" lang=\"EN-US\" data-contrast=\"none\"><span class=\"NormalTextRun SCXW244057555 BCX0\">prix le plus abordable du march\u00e9<\/span><\/span> <span class=\"TextRun SCXW244057555 BCX0\" lang=\"EN-US\" data-contrast=\"none\"><span class=\"NormalTextRun SCXW244057555 BCX0\">.<\/span><\/span><\/p>\n","protected":false},"featured_media":163278,"template":"","meta":{"_acf_changed":false,"om_disable_all_campaigns":false},"product_brand":[],"product_cat":[5787,5721],"product_tag":[13137,13131,13124,13130,13129],"class_list":{"0":"post-166526","1":"product","2":"type-product","3":"status-publish","4":"has-post-thumbnail","6":"product_cat-de-plein-air","7":"product_cat-marin-fr","8":"product_tag-4601-fr","9":"product_tag-application-bivy","10":"product_tag-bivy-fr","11":"product_tag-bivy-acr-fr","12":"product_tag-communication-bidirectionnelle","14":"first","15":"instock","16":"taxable","17":"shipping-taxable","18":"purchasable","19":"product-type-subscription"},"acf":[],"_links":{"self":[{"href":"https:\/\/www.acrartex.com\/fr\/wp-json\/wp\/v2\/product\/166526","targetHints":{"allow":["GET"]}}],"collection":[{"href":"https:\/\/www.acrartex.com\/fr\/wp-json\/wp\/v2\/product"}],"about":[{"href":"https:\/\/www.acrartex.com\/fr\/wp-json\/wp\/v2\/types\/product"}],"wp:featuredmedia":[{"embeddable":true,"href":"https:\/\/www.acrartex.com\/fr\/wp-json\/wp\/v2\/media\/163278"}],"wp:attachment":[{"href":"https:\/\/www.acrartex.com\/fr\/wp-json\/wp\/v2\/media?parent=166526"}],"wp:term":[{"taxonomy":"product_brand","embeddable":true,"href":"https:\/\/www.acrartex.com\/fr\/wp-json\/wp\/v2\/product_brand?post=166526"},{"taxonomy":"product_cat","embeddable":true,"href":"https:\/\/www.acrartex.com\/fr\/wp-json\/wp\/v2\/product_cat?post=166526"},{"taxonomy":"product_tag","embeddable":true,"href":"https:\/\/www.acrartex.com\/fr\/wp-json\/wp\/v2\/product_tag?post=166526"}],"curies":[{"name":"wp","href":"https:\/\/api.w.org\/{rel}","templated":true}]}}