{"id":166498,"date":"2024-06-11T08:30:35","date_gmt":"2024-06-11T13:30:35","guid":{"rendered":"https:\/\/www.acrartex.com\/products\/etiquette-dexposition-olas\/"},"modified":"2026-03-06T08:56:35","modified_gmt":"2026-03-06T13:56:35","slug":"etiquette-dexposition-olas","status":"publish","type":"product","link":"https:\/\/www.acrartex.com\/fr\/products\/etiquette-dexposition-olas\/","title":{"rendered":"\u00c9TIQUETTE D&#8217;EXPOSITION OLAS"},"content":{"rendered":"<h3>Ce qu&#8217;il fait<\/h3>\n<p><strong>Suivez votre progression avec l&#8217;application mobile OLAS<\/strong><\/p>\n<p>Dans les 8 secondes suivant un incident de chute \u00e0 la mer, l&#8217;application mobile OLAS d\u00e9tecte une rupture de la liaison avec la balise. Le ou les t\u00e9l\u00e9phones portables \u00e9mettent alors une alarme sonore puissante, signalant \u00e0 l&#8217;\u00e9quipage la pr\u00e9sence d&#8217;une personne \u00e0 la mer. OLAS assiste ensuite l&#8217;\u00e9quipage lors du remorquage, en le guidant clairement vers la position GPS de l&#8217;incident gr\u00e2ce \u00e0 des signaux visuels pr\u00e9cis et des donn\u00e9es de rel\u00e8vement. OLAS enregistre toutes les donn\u00e9es de localisation et l&#8217;heure de l&#8217;incident n\u00e9cessaires aux services de secours.   <\/p>\n<p><strong>Suivi avec l&#8217;OLAS Guardian et Core (Navires jusqu&#8217;\u00e0 15 m)<\/strong><\/p>\n<p>Connectez jusqu&#8217;\u00e0 15 \u00e9metteurs OLAS (OLAS tag ou OLAS Float-On) \u00e0 n&#8217;importe quel r\u00e9cepteur OLAS. En cas de rupture de la connexion, l&#8217;alerte MOB se d\u00e9clenche dans les 2 secondes, informant ainsi l&#8217;\u00e9quipage de l&#8217;incident. <\/p>\n<h3>avantages de l&#8217;\u00e9tiquette OLAS<\/h3>\n<ul>\n<li>Longue autonomie de la batterie (jusqu&#8217;\u00e0 4 mois)<\/li>\n<li>La solution de fixation la plus polyvalente \u2013 poignet, gilet de sauvetage, dispositif MOB avec 1 sangle<\/li>\n<li>Application gratuite pour iOS et Android<\/li>\n<li>Connectez plusieurs \u00e9tiquettes \u00e0 un t\u00e9l\u00e9phone ou une tablette.<\/li>\n<li>Connectez une seule \u00e9tiquette \u00e0 plusieurs t\u00e9l\u00e9phones\/tablettes<\/li>\n<li>Connexion \u00e0 n&#8217;importe quel r\u00e9cepteur OLAS. Retour d&#8217;information sur la batterie (via l&#8217;application mobile OLAS).<\/li>\n<li>Chaque \u00e9tiquette est fournie avec un bracelet universel en silicone dot\u00e9 d&#8217;une boucle en acier inoxydable et d&#8217;une pile CR2477 pr\u00e9install\u00e9e (rempla\u00e7able par l&#8217;utilisateur).<\/li>\n<li>Compatible avec <a href=\"https:\/\/www.acrartex.com\/fr\/products\/acr-olas-guardian\/\">le syst\u00e8me d&#8217;arr\u00eat moteur OLAS Guardian<\/a> ( <a href=\"https:\/\/uscgboating.org\/recreational-boaters\/engine-cut-off-devices.php\">nouvelle r\u00e9glementation de l&#8217;USCG<\/a> )<\/li>\n<\/ul>\n<h3><\/h3>\n<h3>Fonctionnalit\u00e9s de l&#8217;application mobile<\/h3>\n<p>Le Guardian se pilote facilement gr\u00e2ce \u00e0 l&#8217;application OLAS, t\u00e9l\u00e9chargeable gratuitement sur l&#8217;App Store pour iOS et sur le Google Play Store pour Android. L&#8217;application OLAS n\u00e9cessite un appareil fonctionnant sous iOS 11 ou Android 5.1 minimum. C&#8217;est un outil performant pour contr\u00f4ler les fonctions du Guardian et faciliter les interventions de sauvetage rapides.  <\/p>\n<p><strong>Moniteur<\/strong><\/p>\n<ul>\n<li>Surveillez tous les \u00e9metteurs OLAS qui font l&#8217;objet d&#8217;un suivi.<\/li>\n<li>Personnalisez les noms des \u00e9metteurs OLAS pour faciliter leur attribution.<\/li>\n<li>V\u00e9rifier l&#8217;\u00e9tat de la batterie des \u00e9tiquettes OLAS<\/li>\n<\/ul>\n<p><strong>Contr\u00f4le du gardien<\/strong><\/p>\n<ul>\n<li>Ajouter de nouveaux \u00e9metteurs OLAS au syst\u00e8me Guardian<\/li>\n<li>Mettez le syst\u00e8me Guardian en pause si les \u00e9metteurs quittent la zone pendant une courte p\u00e9riode.<\/li>\n<li>Ajustez le d\u00e9lai de r\u00e9action du Guardian \u00e0 un \u00e9metteur tomb\u00e9 \u00e0 la mer entre 2 et 15 secondes, ce qui vous permettra de man\u0153uvrer plus librement autour des plus grands navires.<\/li>\n<li>R\u00e9glage entre le mode interrupteur de coupure et le mode alarme externe<\/li>\n<\/ul>\n<ul>\n<li>Le mode coupe-circuit active l&#8217;interrupteur int\u00e9gr\u00e9 pendant 5 secondes, coupant le moteur, mais permettant \u00e0 l&#8217;utilisateur de le red\u00e9marrer apr\u00e8s 5 secondes.<\/li>\n<li>Le mode alarme externe active l&#8217;interrupteur int\u00e9gr\u00e9 jusqu&#8217;\u00e0 sa d\u00e9sactivation manuelle. Cela permet de connecter en s\u00e9rie des alarmes externes haute puissance. <\/li>\n<li>Mettre en pause l&#8217;\u00e9tat d&#8217;alarme<\/li>\n<\/ul>\n<p><strong>Commande de l&#8217;\u00e9metteur<\/strong><\/p>\n<ul>\n<li>R\u00e9glez facilement chaque \u00e9metteur individuellement entre la coupure du moteur (pour le capitaine), l&#8217;alarme uniquement (pour les passagers) et la pause (pour les passagers quittant temporairement le navire).<\/li>\n<li>d\u00e9clencher l&#8217;alarme externe si le porteur du Tag se trouve hors de port\u00e9e \u00e0 la fois du Guardian et de votre appareil mobile.<\/li>\n<li>R\u00e9glez le d\u00e9lai avant le d\u00e9clenchement de l&#8217;interrupteur de coupure ou de l&#8217;alarme, offrant ainsi une plus grande libert\u00e9<\/li>\n<\/ul>\n<p><strong>Alarme ext\u00e9rieure et aide au sauvetage<\/strong><\/p>\n<ul>\n<li>Alarme et vibration au volume maximal sur votre t\u00e9l\u00e9phone portable, synchronis\u00e9es avec le Guardian.<\/li>\n<li>Indication de l&#8217;\u00e9metteur qui a d\u00e9clench\u00e9 l&#8217;alarme.<\/li>\n<li>Enregistrez l&#8217;emplacement GPS o\u00f9 l&#8217;alarme a \u00e9t\u00e9 d\u00e9clench\u00e9e \u2022 Guidage clair vers l&#8217;emplacement GPS o\u00f9 l&#8217;alarme a \u00e9t\u00e9 d\u00e9clench\u00e9e.<\/li>\n<li>Affichage clair de l&#8217;heure et de la position GPS de l&#8217;endroit o\u00f9 l&#8217;alarme a \u00e9t\u00e9 d\u00e9clench\u00e9e et de la position actuelle de l&#8217;utilisateur. \u2022 Script d&#8217;urgence VHF avec saisie automatique des coordonn\u00e9es GPS et des informations personnalis\u00e9es sur le navire \u2013 Mode Solo.<\/li>\n<li>Con\u00e7u pour naviguer seul, \u00e0 port\u00e9e cellulaire 2G ou Wi-Fi en mer. Le mode solo envoie automatiquement un SMS \u00e0 un num\u00e9ro personnalis\u00e9 indiquant votre position et l&#8217;heure de l&#8217;incident. En cas d&#8217;auto-sauvetage, un SMS annule l&#8217;alerte.  <\/li>\n<\/ul>\n","protected":false},"excerpt":{"rendered":"<p>Le dispositif OLAS est un \u00e9metteur OLAS compact, facile \u00e0 fixer aux adultes, aux enfants, aux animaux domestiques et \u00e0 des objets tels que les dispositifs de sauvetage en mer. Le suivi des dispositifs s&#8217;effectue via l&#8217;application OLAS sur un appareil mobile ou via le Core, le Guardian et l&#8217;Extender. <\/p>\n<p>Quelques secondes apr\u00e8s la rupture de la connexion entre la balise et un r\u00e9cepteur OLAS, l&#8217;\u00e9quipage est alert\u00e9 par l&#8217;alarme et le voyant OLAS, tandis que l&#8217;\u00e9cran de sauvetage OLAS MOB s&#8217;active sur l&#8217;application mobile OLAS.<\/p>\n<p>Chaque \u00e9tiquette est fournie avec un bracelet universel en silicone avec boucle en acier inoxydable et une pile CR2477 pr\u00e9install\u00e9e (rempla\u00e7able par l&#8217;utilisateur).<\/p>\n<p>&nbsp;<\/p>\n<p>&nbsp;<\/p>\n","protected":false},"featured_media":163776,"template":"","meta":{"_acf_changed":false,"om_disable_all_campaigns":false},"product_brand":[],"product_cat":[5950,5944,5721,5948,5946],"product_tag":[14878,14911,14251,10078,16151,14895,16150,11306,11291,14245,14240,11941,11928],"class_list":{"0":"post-166498","1":"product","2":"type-product","3":"status-publish","4":"has-post-thumbnail","6":"product_cat-commercial-fr","7":"product_cat-interieur","8":"product_cat-marin-fr","9":"product_cat-offshore-fr","10":"product_cat-pres-du-rivage","11":"product_tag-balise-olas","12":"product_tag-bluetooth-homme-a-la-mer","13":"product_tag-chien-par-dessus-bord","14":"product_tag-emetteur","15":"product_tag-emetteur-de-foule","16":"product_tag-emetteur-olas","17":"product_tag-etiqueter","18":"product_tag-homme-a-la-mer","19":"product_tag-mob-fr","20":"product_tag-securite-nautique-des-enfants","21":"product_tag-suivi-dequipage","22":"product_tag-suivi-gps","23":"product_tag-systeme-homme-a-la-mer","24":"pa_activity-peche","25":"pa_boat-size-0-20-fr","26":"pa_boat-size-21-40-fr","27":"pa_boat-size-40-80-fr","28":"pa_boat-size-80-fr","29":"pa_boat-type-bateau-a-moteur","30":"pa_boat-type-cargo","31":"pa_boat-type-location-de-yacht","32":"pa_boat-type-peche-commerciale","33":"pa_boat-type-remorqueur","34":"pa_boat-type-sportcraft-fr","35":"pa_boat-type-voilier","36":"pa_boat-type-yacht-fr","38":"first","39":"instock","40":"taxable","41":"shipping-taxable","42":"purchasable","43":"product-type-variable"},"acf":[],"_links":{"self":[{"href":"https:\/\/www.acrartex.com\/fr\/wp-json\/wp\/v2\/product\/166498","targetHints":{"allow":["GET"]}}],"collection":[{"href":"https:\/\/www.acrartex.com\/fr\/wp-json\/wp\/v2\/product"}],"about":[{"href":"https:\/\/www.acrartex.com\/fr\/wp-json\/wp\/v2\/types\/product"}],"wp:featuredmedia":[{"embeddable":true,"href":"https:\/\/www.acrartex.com\/fr\/wp-json\/wp\/v2\/media\/163776"}],"wp:attachment":[{"href":"https:\/\/www.acrartex.com\/fr\/wp-json\/wp\/v2\/media?parent=166498"}],"wp:term":[{"taxonomy":"product_brand","embeddable":true,"href":"https:\/\/www.acrartex.com\/fr\/wp-json\/wp\/v2\/product_brand?post=166498"},{"taxonomy":"product_cat","embeddable":true,"href":"https:\/\/www.acrartex.com\/fr\/wp-json\/wp\/v2\/product_cat?post=166498"},{"taxonomy":"product_tag","embeddable":true,"href":"https:\/\/www.acrartex.com\/fr\/wp-json\/wp\/v2\/product_tag?post=166498"}],"curies":[{"name":"wp","href":"https:\/\/api.w.org\/{rel}","templated":true}]}}