{"id":166494,"date":"2024-06-11T10:31:17","date_gmt":"2024-06-11T15:31:17","guid":{"rendered":"https:\/\/www.acrartex.com\/products\/torche-flottante-exposure-non-olas\/"},"modified":"2024-06-11T10:31:17","modified_gmt":"2024-06-11T15:31:17","slug":"torche-flottante-exposure-non-olas","status":"publish","type":"product","link":"https:\/\/www.acrartex.com\/fr\/products\/torche-flottante-exposure-non-olas\/","title":{"rendered":"Torche flottante EXPOSURE (non OLAS)"},"content":{"rendered":"<p data-sleek-node-id=\"NyjVtB\">La Float-On est une lampe torche de poche \u00e9tanche et flottante qui int\u00e8gre la technologie MOB d&#8217;Exposure. Un accessoire de s\u00e9curit\u00e9 multifonctionnel et une lampe torche pour les plaisanciers, qu&#8217;ils soient novices ou exp\u00e9riment\u00e9s. <br data-sleek-node-id=\"ehDiFc\"><br data-sleek-node-id=\"323HQV\">En cas de chute \u00e0 la mer, ou si une personne tombe \u00e0 l&#8217;eau le porte, il flotte. La technologie MOB d\u00e9tecte 6 secondes de contact avec l&#8217;eau et active le gyrophare, qui clignote une fois par seconde pendant 24 heures maximum et est visible jusqu&#8217;\u00e0 3 milles nautiques. Les bornes de connexion \u00e0 l&#8217;eau, s\u00e9par\u00e9es et immerg\u00e9es, garantissent que la technologie MOB n&#8217;est active que sous l&#8217;eau.  <\/p>\n<p>Tenant dans la paume de la main, un bouton permet de la rep\u00e9rer facilement dans l&#8217;obscurit\u00e9. Sa lentille est efficace comme lampe torche \u00e0 longue port\u00e9e et diffuse \u00e9galement une lumi\u00e8re lat\u00e9rale pour une visibilit\u00e9 optimale lorsqu&#8217;elle est utilis\u00e9e comme feu de position ou stroboscopique. La Float-On se range facilement sur tout \u00e9quipement de s\u00e9curit\u00e9 existant ou dans une poche de gilet de sauvetage.  <\/p>\n<p><strong>Veuillez noter que la technologie OLAS n&#8217;est PAS int\u00e9gr\u00e9e \u00e0 ce produit. Cliquez ici pour d\u00e9couvrir le dispositif OLAS Float-On. <\/strong><\/p>\n<p style=\"margin: 0in 0in 0.0001pt;\"><span style=\"font-size: 16px;\"><span style=\"line-height: 150%;\"><strong>Dans la bo\u00eete :<\/strong> Float-On, c\u00e2ble de charge micro USB, cordon r\u00e9fl\u00e9chissant pour le cou, guide d&#8217;utilisation.<\/span><\/span><\/p>\n<p>&nbsp;<\/p>\n<p style=\"margin: 0in 0in 0.0001pt;\"><span style=\"font-size: 16px;\"><span style=\"line-height: 150%;\"> <strong>Caract\u00e9ristiques:<\/strong><\/span><\/span><\/p>\n<ul>\n<li style=\"margin: 0in 0in 0.0001pt;\"><span style=\"font-size: 16px;\">\u00c9tanche<\/span><\/li>\n<li style=\"margin: 0in 0in 0.0001pt;\"><span style=\"font-size: 16px;\">Flottable<\/span><\/li>\n<li style=\"margin: 0in 0in 0.0001pt;\"><span style=\"font-size: 16px;\">Stroboscope activ\u00e9 par l&#8217;eau<\/span><\/li>\n<li style=\"margin: 0in 0in 0.0001pt;\"><span style=\"font-size: 16px;\">Lampe de poche \u00e0 LED<\/span><\/li>\n<li style=\"margin: 0in 0in 0.0001pt;\"><span style=\"font-size: 16px;\">Indicateur de dur\u00e9e de vie de la batterie<\/span><\/li>\n<li style=\"margin: 0in 0in 0.0001pt;\"><span style=\"font-size: 16px;\">Charge rapide<\/span><\/li>\n<li style=\"margin: 0in 0in 0.0001pt;\"><span style=\"font-size: 16px;\">Rechargeable par USB<\/span><\/li>\n<\/ul>\n","protected":false},"excerpt":{"rendered":"<p>La Float-On est une lampe torche de poche \u00e9tanche et flottante qui int\u00e8gre la technologie MOB d&#8217;Exposure. Un accessoire de s\u00e9curit\u00e9 multifonctionnel et une lampe torche pour les plaisanciers, qu&#8217;ils soient novices ou exp\u00e9riment\u00e9s. <\/p>\n<p>En cas de chute \u00e0 la mer, ou si une personne tombe \u00e0 l&#8217;eau le porte, il flotte. La technologie MOB d\u00e9tecte 6 secondes de contact avec l&#8217;eau et active le gyrophare, qui clignote une fois par seconde pendant 24 heures maximum et est visible jusqu&#8217;\u00e0 3 milles nautiques. Les bornes de connexion \u00e0 l&#8217;eau, s\u00e9par\u00e9es et immerg\u00e9es, garantissent que la technologie MOB n&#8217;est active que sous l&#8217;eau.  <\/p>\n<p style=\"margin: 0in 0in 0.0001pt;\"><a href=\"https:\/\/www.dropbox.com\/s\/fk04stqsp2hgk5f\/Prop%2065%20-%20DEHP.pdf?dl=0\">AVERTISSEMENT : PROPOSITION 65<\/a><\/p>\n<p>&nbsp;<\/p>\n<p>&nbsp;<\/p>\n","protected":false},"featured_media":163903,"template":"","meta":{"_acf_changed":false,"om_disable_all_campaigns":false},"product_brand":[],"product_cat":[5950,5787,5944,5721,5948,5946,5952,5954,5958],"product_tag":[16138,16135,16141,16140,16144,16136],"class_list":{"0":"post-166494","1":"product","2":"type-product","3":"status-publish","4":"has-post-thumbnail","6":"product_cat-commercial-fr","7":"product_cat-de-plein-air","8":"product_cat-interieur","9":"product_cat-marin-fr","10":"product_cat-offshore-fr","11":"product_cat-pres-du-rivage","12":"product_cat-randonnee-escalade-camp","13":"product_cat-sport-daction-tout-terrain","14":"product_cat-sports-de-pagaie-peche","15":"product_tag-exposition-flottante","16":"product_tag-lampe-torche-dexposition","17":"product_tag-stroboscope-active-par-leau","18":"product_tag-stroboscope-flottant","19":"product_tag-stroboscope-flottant-active-par-leau","20":"product_tag-torche-flottante-dexposition","21":"pa_boat-type-sportcraft-fr","22":"pa_product-accessoires-de-securite","23":"pa_terrain-rivieres-zones-humides-lacs","25":"first","26":"instock","27":"taxable","28":"shipping-taxable","29":"purchasable","30":"product-type-simple"},"acf":[],"_links":{"self":[{"href":"https:\/\/www.acrartex.com\/fr\/wp-json\/wp\/v2\/product\/166494","targetHints":{"allow":["GET"]}}],"collection":[{"href":"https:\/\/www.acrartex.com\/fr\/wp-json\/wp\/v2\/product"}],"about":[{"href":"https:\/\/www.acrartex.com\/fr\/wp-json\/wp\/v2\/types\/product"}],"wp:featuredmedia":[{"embeddable":true,"href":"https:\/\/www.acrartex.com\/fr\/wp-json\/wp\/v2\/media\/163903"}],"wp:attachment":[{"href":"https:\/\/www.acrartex.com\/fr\/wp-json\/wp\/v2\/media?parent=166494"}],"wp:term":[{"taxonomy":"product_brand","embeddable":true,"href":"https:\/\/www.acrartex.com\/fr\/wp-json\/wp\/v2\/product_brand?post=166494"},{"taxonomy":"product_cat","embeddable":true,"href":"https:\/\/www.acrartex.com\/fr\/wp-json\/wp\/v2\/product_cat?post=166494"},{"taxonomy":"product_tag","embeddable":true,"href":"https:\/\/www.acrartex.com\/fr\/wp-json\/wp\/v2\/product_tag?post=166494"}],"curies":[{"name":"wp","href":"https:\/\/api.w.org\/{rel}","templated":true}]}}