{"id":166468,"date":"2024-06-11T14:10:58","date_gmt":"2024-06-11T19:10:58","guid":{"rendered":"https:\/\/www.acrartex.com\/products\/prolongateur-dexposition-olas\/"},"modified":"2026-03-06T08:49:40","modified_gmt":"2026-03-06T13:49:40","slug":"prolongateur-dexposition-olas","status":"publish","type":"product","link":"https:\/\/www.acrartex.com\/fr\/products\/prolongateur-dexposition-olas\/","title":{"rendered":"PROLONGATEUR D&#8217;EXPOSITION OLAS"},"content":{"rendered":"<h3>Avantages de l&#8217;extenseur<\/h3>\n<h3 class=\"title\"><strong>Installation rapide et facile, sans c\u00e2blage n\u00e9cessaire<\/strong><\/h3>\n<ul>\n<li>Mettez votre N2K, Guardian ou Core en mode appariement et l&#8217;Extender se connecte automatiquement et reste appari\u00e9.<\/li>\n<li>Utilisez le voyant LED de l&#8217;interrupteur pour positionner l&#8217;extenseur de mani\u00e8re optimale sur le bateau. Gr\u00e2ce \u00e0 sa batterie rechargeable, vous pouvez d\u00e9placer l&#8217;extenseur sur le bateau. Lorsque le voyant LED de l&#8217;interrupteur devient rouge fixe, la connexion est interrompue. Revenez \u00e0 une position o\u00f9 l&#8217;extenseur est reconnect\u00e9 et fixez-le.  <\/li>\n<\/ul>\n<h3 class=\"title\"><strong>Portable et basse consommation (USB 5V)<\/strong><\/h3>\n<ul>\n<li>L&#8217;Extender peut fonctionner avec sa batterie interne rechargeable jusqu&#8217;\u00e0 80 heures ou, pour une solution permanente, il peut \u00eatre connect\u00e9 \u00e0 une alimentation 5V avec son c\u00e2ble USB.<\/li>\n<\/ul>\n<h3 class=\"title\"><strong>Connexion automatique de l&#8217;\u00e9metteur<\/strong><\/h3>\n<ul>\n<li>Mettez votre N2K, Guardian ou Core en mode appariement et l&#8217;Extender se connecte automatiquement et reste appari\u00e9.<\/li>\n<\/ul>\n<h3 class=\"title\"><strong>Extension du syst\u00e8me OLAS<\/strong><\/h3>\n<ul>\n<li>Augmente la port\u00e9e des syst\u00e8mes de base N2K, Guardian et Core jusqu&#8217;\u00e0 15 m\u00e8tres. Remarque&nbsp;: un r\u00e9p\u00e9teur augmente la port\u00e9e de 7,5 m\u00e8tres et deux r\u00e9p\u00e9teurs peuvent \u00eatre utilis\u00e9s pour \u00e9tendre la port\u00e9e du syst\u00e8me de 15 m\u00e8tres au total. <\/li>\n<\/ul>\n<p>&nbsp;<\/p>\n<p>&nbsp;<\/p>\n","protected":false},"excerpt":{"rendered":"<p>L&#8217;OLAS Extender est un r\u00e9p\u00e9teur sans fil compact et portable compatible avec les syst\u00e8mes d&#8217;alarme et d&#8217;arr\u00eat d&#8217;urgence sans fil OLAS N2K NMEA 2000 et OLAS Guardian MOB, ainsi qu&#8217;avec le syst\u00e8me d&#8217;alarme et d&#8217;arr\u00eat d&#8217;urgence sans fil OLAS Core MOB. Alors que les balises OLAS Tag, T2 et OLAS Float-On, utilis\u00e9es seules avec l&#8217;application mobile, permettent une couverture pour les navires jusqu&#8217;\u00e0 12 m\u00e8tres (40 pieds), les mod\u00e8les N2K, Guardian et Core offrent une couverture jusqu&#8217;\u00e0 15 m\u00e8tres (50 pieds). L&#8217;Extender peut \u00eatre utilis\u00e9 avec les mod\u00e8les Core, Guardian ou N2K pour \u00e9tendre la couverture aux navires jusqu&#8217;\u00e0 30 m\u00e8tres (100 pieds) de long. <\/p>\n<p>&nbsp;<\/p>\n","protected":false},"featured_media":163631,"template":"","meta":{"_acf_changed":false,"om_disable_all_campaigns":false},"product_brand":[],"product_cat":[5950,5944,5721,5948,5946],"product_tag":[16087,11306,11291,16088,16089,16086,11941,11928],"class_list":{"0":"post-166468","1":"product","2":"type-product","3":"status-publish","4":"has-post-thumbnail","6":"product_cat-commercial-fr","7":"product_cat-interieur","8":"product_cat-marin-fr","9":"product_cat-offshore-fr","10":"product_cat-pres-du-rivage","11":"product_tag-extenseur","12":"product_tag-homme-a-la-mer","13":"product_tag-mob-fr","14":"product_tag-repeteur-sans-fil","15":"product_tag-repeteur-sans-fil-2","16":"product_tag-repetiteur","17":"product_tag-suivi-gps","18":"product_tag-systeme-homme-a-la-mer","19":"pa_boat-type-bateau-a-moteur","20":"pa_terrain-rivieres-zones-humides-lacs","22":"first","23":"instock","24":"taxable","25":"shipping-taxable","26":"purchasable","27":"product-type-simple"},"acf":[],"_links":{"self":[{"href":"https:\/\/www.acrartex.com\/fr\/wp-json\/wp\/v2\/product\/166468","targetHints":{"allow":["GET"]}}],"collection":[{"href":"https:\/\/www.acrartex.com\/fr\/wp-json\/wp\/v2\/product"}],"about":[{"href":"https:\/\/www.acrartex.com\/fr\/wp-json\/wp\/v2\/types\/product"}],"wp:featuredmedia":[{"embeddable":true,"href":"https:\/\/www.acrartex.com\/fr\/wp-json\/wp\/v2\/media\/163631"}],"wp:attachment":[{"href":"https:\/\/www.acrartex.com\/fr\/wp-json\/wp\/v2\/media?parent=166468"}],"wp:term":[{"taxonomy":"product_brand","embeddable":true,"href":"https:\/\/www.acrartex.com\/fr\/wp-json\/wp\/v2\/product_brand?post=166468"},{"taxonomy":"product_cat","embeddable":true,"href":"https:\/\/www.acrartex.com\/fr\/wp-json\/wp\/v2\/product_cat?post=166468"},{"taxonomy":"product_tag","embeddable":true,"href":"https:\/\/www.acrartex.com\/fr\/wp-json\/wp\/v2\/product_tag?post=166468"}],"curies":[{"name":"wp","href":"https:\/\/api.w.org\/{rel}","templated":true}]}}